{"id":150,"date":"2025-11-04T23:00:52","date_gmt":"2025-11-04T23:00:52","guid":{"rendered":"https:\/\/energypelletllc.com.ua\/?post_type=product&#038;p=150"},"modified":"2026-03-16T10:42:39","modified_gmt":"2026-03-16T10:42:39","slug":"cam-peletleri","status":"publish","type":"product","link":"https:\/\/energypelletllc.com.ua\/tr\/product\/cam-peletleri\/","title":{"rendered":"Premium 100% \u00c7am Peletleri"},"content":{"rendered":"<h1>Premium 100% \u00c7am Peletleri<\/h1>\n<div class=\"elementor-element elementor-element-ce8ed20 elementor-widget elementor-widget-text-editor\" data-id=\"ce8ed20\" data-element_type=\"widget\" data-widget_type=\"text-editor.default\">\n<div class=\"elementor-widget-container\">\n<p>Comport 100% \u00c7am Peletleri Tamamen \u00e7am a\u011fac\u0131ndan \u00fcretilen y\u00fcksek kaliteli odun peleti\u00a0<strong>100% \u00e7am odunu tala\u015f\u0131<\/strong>. M\u00fckemmel performans\u0131 ve a\u015fa\u011f\u0131dakilere uygunlu\u011fu\u00a0<strong>quality<\/strong>\u00a0standard\u0131, onu t\u00fcm pelet \u015f\u00f6mine, soba ve kazan sahipleri i\u00e7in benzersiz bir se\u00e7im haline getirmektedir.<\/p>\n<\/div>\n<\/div>\n<div class=\"elementor-element elementor-element-3eebd55 elementor-widget elementor-widget-heading\" data-id=\"3eebd55\" data-element_type=\"widget\" data-widget_type=\"heading.default\">\n<div class=\"elementor-widget-container\">\n<h2 class=\"elementor-heading-title elementor-size-default\">Paketleme ve nakliye:<\/h2>\n<\/div>\n<\/div>\n<div class=\"elementor-element elementor-element-0f0aa5f elementor-widget elementor-widget-text-editor\" data-id=\"0f0aa5f\" data-element_type=\"widget\" data-widget_type=\"text-editor.default\">\n<div class=\"elementor-widget-container\">\n<p>Pelet paketlenmi\u015ftir\u00a0<strong>15 kg PE torbalar<\/strong>, ah\u015fap paletler \u00fczerine istiflenmi\u015f<br \/>\n<strong>(66 torba = 1 palet)<\/strong>.<\/p>\n<p>\u00dcr\u00fcnlerimizi Avrupa standartlar\u0131na uygun olarak teslim ediyoruz.<br \/>\nSipari\u015f ba\u015f\u0131na maksimum miktar -\u00a0<strong>24 palet (tam kamyon y\u00fck\u00fc)<\/strong>.<\/p>\n<\/div>\n<\/div>","protected":false},"excerpt":{"rendered":"<p>Premium 100% \u00c7am Peletleri Is\u0131tma i\u00e7in \u00f6zel olarak \u00fcretilmi\u015ftir. Biyolojik olarak g\u00fcvenlidir ve pelet sobalar\u0131nda iyi yanar.<\/p>\n<p>- Kalite standartlar\u0131 6 mm veya 8 mm Din+ premium pelet<\/p>\n<p>Is\u0131tma peletleri a\u015fa\u011f\u0131daki ambalajlarda mevcuttur:<br \/>\n- Palet \u00fczerinde 65 x 15 kg torba, toplam (975 kg)<br \/>\n- Yar\u0131 r\u00f6mork \u00fczerinde 24 palet<br \/>\n- 40 FT kamyon = 27 ton<\/p>","protected":false},"featured_media":276,"comment_status":"open","ping_status":"closed","template":"","meta":{"_joinchat":[]},"product_brand":[],"product_cat":[137],"product_tag":[44,46,50,43,30,51,47,40,48,39,41,45,49],"class_list":{"0":"post-150","1":"product","2":"type-product","3":"status-publish","4":"has-post-thumbnail","6":"product_cat-wood-pellets","7":"product_tag-15kg-pellet-bags","8":"product_tag-affordable-pellets","9":"product_tag-best-wood-pellets-for-stoves","10":"product_tag-bulk-wood-pellets","11":"product_tag-clean-burning-pellets","12":"product_tag-eco-heating-fuel-for-homes","13":"product_tag-fast-delivery","14":"product_tag-high-heat-output","15":"product_tag-local-pellet-supplier","16":"product_tag-low-ash-content","17":"product_tag-moisture-free-pellets","18":"product_tag-pallet-of-pellets","19":"product_tag-premium-fuel-pellets","21":"first","22":"instock","23":"shipping-taxable","24":"product-type-external"},"_links":{"self":[{"href":"https:\/\/energypelletllc.com.ua\/tr\/wp-json\/wp\/v2\/product\/150","targetHints":{"allow":["GET"]}}],"collection":[{"href":"https:\/\/energypelletllc.com.ua\/tr\/wp-json\/wp\/v2\/product"}],"about":[{"href":"https:\/\/energypelletllc.com.ua\/tr\/wp-json\/wp\/v2\/types\/product"}],"replies":[{"embeddable":true,"href":"https:\/\/energypelletllc.com.ua\/tr\/wp-json\/wp\/v2\/comments?post=150"}],"wp:featuredmedia":[{"embeddable":true,"href":"https:\/\/energypelletllc.com.ua\/tr\/wp-json\/wp\/v2\/media\/276"}],"wp:attachment":[{"href":"https:\/\/energypelletllc.com.ua\/tr\/wp-json\/wp\/v2\/media?parent=150"}],"wp:term":[{"taxonomy":"product_brand","embeddable":true,"href":"https:\/\/energypelletllc.com.ua\/tr\/wp-json\/wp\/v2\/product_brand?post=150"},{"taxonomy":"product_cat","embeddable":true,"href":"https:\/\/energypelletllc.com.ua\/tr\/wp-json\/wp\/v2\/product_cat?post=150"},{"taxonomy":"product_tag","embeddable":true,"href":"https:\/\/energypelletllc.com.ua\/tr\/wp-json\/wp\/v2\/product_tag?post=150"}],"curies":[{"name":"wp","href":"https:\/\/api.w.org\/{rel}","templated":true}]}}