{"id":128,"date":"2025-11-04T22:22:33","date_gmt":"2025-11-04T22:22:33","guid":{"rendered":"https:\/\/energypelletllc.com.ua\/?page_id=128"},"modified":"2026-05-05T07:24:41","modified_gmt":"2026-05-05T07:24:41","slug":"sss","status":"publish","type":"page","link":"https:\/\/energypelletllc.com.ua\/tr\/sss\/","title":{"rendered":"SSS"},"content":{"rendered":"<h2 data-start=\"297\" data-end=\"338\"><strong data-start=\"300\" data-end=\"336\">S\u0131k\u00e7a Sorulan Sorular (SSS)<\/strong><\/h2>\n<h3 data-start=\"340\" data-end=\"396\"><strong data-start=\"344\" data-end=\"394\">1. LLC Energy Pellet hangi \u00fcr\u00fcnleri sunuyor?<\/strong><\/h3>\n<p data-start=\"397\" data-end=\"649\">\u00dcretim ve ihracat konusunda uzman\u0131z <strong data-start=\"443\" data-end=\"472\">y\u00fcksek kaliteli odun peletleri<\/strong> ve <strong data-start=\"477\" data-end=\"489\">yakacak odun<\/strong>. Peletlerimiz 100% do\u011fal sert a\u011fa\u00e7 veya yumu\u015fak a\u011fa\u00e7tan yap\u0131l\u0131rken, yakacak odunlar\u0131m\u0131z m\u00fckemmel yanma performans\u0131 sa\u011flamak i\u00e7in f\u0131r\u0131nlanm\u0131\u015f veya do\u011fal olarak terbiye edilmi\u015ftir.<\/p>\n<hr data-start=\"651\" data-end=\"654\" \/>\n<h3 data-start=\"656\" data-end=\"706\"><strong data-start=\"660\" data-end=\"704\">2. \u00dcr\u00fcnleriniz nerede \u00fcretiliyor?<\/strong><\/h3>\n<p data-start=\"707\" data-end=\"864\">T\u00fcm \u00fcr\u00fcnlerimiz T\u00fcrkiye'de \u00fcretilmektedir. <strong data-start=\"740\" data-end=\"751\">Ukrayna<\/strong>, Modern \u00fcretim tesisleri ve s\u00fcrd\u00fcr\u00fclebilir \u015fekilde y\u00f6netilen ormanlardan sorumlu bir \u015fekilde tedarik edilen hammaddeler kullanarak.<\/p>\n<hr data-start=\"866\" data-end=\"869\" \/>\n<h3 data-start=\"871\" data-end=\"916\"><strong data-start=\"875\" data-end=\"914\">3. Odun peletleri nelerden yap\u0131l\u0131r?<\/strong><\/h3>\n<p data-start=\"917\" data-end=\"1139\">Odun peletlerimiz \u015funlardan yap\u0131l\u0131r <strong data-start=\"948\" data-end=\"988\">s\u0131k\u0131\u015ft\u0131r\u0131lm\u0131\u015f tala\u015f ve odun tala\u015f\u0131<\/strong> - ah\u015fap end\u00fcstrisinin yan \u00fcr\u00fcnleridir. Tamamen do\u011fald\u0131rlar ve <strong data-start=\"1059\" data-end=\"1095\">kimyasal ba\u011flay\u0131c\u0131 veya katk\u0131 maddesi i\u00e7ermez<\/strong>, temiz ve verimli yanma sa\u011flar.<\/p>\n<hr data-start=\"1141\" data-end=\"1144\" \/>\n<h3 data-start=\"1146\" data-end=\"1200\"><strong data-start=\"1150\" data-end=\"1198\">4. Peletleriniz hangi sertifikalara sahip?<\/strong><\/h3>\n<p data-start=\"1201\" data-end=\"1404\"><strong data-start=\"1201\" data-end=\"1222\">LLC Enerji Peleti <\/strong>\u00a0produces pellets that comply with standards\u00a0 ensuring the highest quality in terms of energy value, ash content, and moisture level.<\/p>\n<hr data-start=\"1406\" data-end=\"1409\" \/>\n<h3 data-start=\"1411\" data-end=\"1459\"><strong data-start=\"1415\" data-end=\"1457\">5. Odun peletleriniz nas\u0131l paketleniyor?<\/strong><\/h3>\n<p data-start=\"1460\" data-end=\"1531\">Farkl\u0131 m\u00fc\u015fteri ihtiya\u00e7lar\u0131na uygun \u00e7ok say\u0131da ambalaj se\u00e7ene\u011fi sunuyoruz:<\/p>\n<ul data-start=\"1532\" data-end=\"1707\">\n<li data-start=\"1532\" data-end=\"1573\">\n<p data-start=\"1534\" data-end=\"1573\"><strong data-start=\"1534\" data-end=\"1548\">15 kg'l\u0131k torbalar<\/strong> (evler i\u00e7in ideal)<\/p>\n<\/li>\n<li data-start=\"1574\" data-end=\"1633\">\n<p data-start=\"1576\" data-end=\"1633\"><strong data-start=\"1576\" data-end=\"1597\">1.000 kg'l\u0131k b\u00fcy\u00fck torbalar<\/strong> (end\u00fcstriyel veya toptan kullan\u0131m i\u00e7in)<\/p>\n<\/li>\n<li data-start=\"1634\" data-end=\"1707\">\n<p data-start=\"1636\" data-end=\"1707\"><strong data-start=\"1636\" data-end=\"1655\">Toplu teslimatlar<\/strong> (b\u00fcy\u00fck \u00f6l\u00e7ekli \u0131s\u0131tma sistemleri veya enerji santralleri i\u00e7in)<\/p>\n<\/li>\n<\/ul>\n<hr data-start=\"1709\" data-end=\"1712\" \/>\n<h3 data-start=\"1714\" data-end=\"1768\"><strong data-start=\"1718\" data-end=\"1766\">6. Minimum sipari\u015f miktar\u0131 (MOQ) nedir?<\/strong><\/h3>\n<p data-start=\"1769\" data-end=\"1853\">Minimum sipari\u015fimiz \u00fcr\u00fcn t\u00fcr\u00fcne ve ambalaj\u0131na ba\u011fl\u0131d\u0131r. Genel olarak, kabul ediyoruz:<\/p>\n<ul data-start=\"1854\" data-end=\"2016\">\n<li data-start=\"1854\" data-end=\"2016\">\n<p data-start=\"1856\" data-end=\"2016\"><strong data-start=\"1856\" data-end=\"1897\">1 tam kamyon y\u00fck\u00fc (yakla\u015f\u0131k 22-24 ton)<\/strong> Pelet veya yakacak odun i\u00e7in.<br data-start=\"1922\" data-end=\"1925\" \/>Daha k\u00fc\u00e7\u00fck sipari\u015fler veya kar\u0131\u015f\u0131k y\u00fckler i\u00e7in, l\u00fctfen \u00f6zel d\u00fczenlemeler i\u00e7in sat\u0131\u015f ekibimizle ileti\u015fime ge\u00e7in.<\/p>\n<\/li>\n<\/ul>\n<hr data-start=\"2018\" data-end=\"2021\" \/>\n<h3 data-start=\"2023\" data-end=\"2064\"><strong data-start=\"2027\" data-end=\"2062\">7. \u00d6deme ko\u015fullar\u0131n\u0131z nelerdir?<\/strong><\/h3>\n<p data-start=\"2065\" data-end=\"2091\">\u00d6deme se\u00e7enekleri \u015funlard\u0131r:<\/p>\n<ul data-start=\"2092\" data-end=\"2279\">\n<li data-start=\"2092\" data-end=\"2141\">\n<p data-start=\"2094\" data-end=\"2141\"><strong data-start=\"2094\" data-end=\"2113\">Pe\u015fin \u00f6deme<\/strong> ilk kez gelen m\u00fc\u015fteriler i\u00e7in.<\/p>\n<\/li>\n<li data-start=\"2142\" data-end=\"2214\">\n<p data-start=\"2144\" data-end=\"2214\"><strong data-start=\"2144\" data-end=\"2192\">Sevkiyat \u00f6ncesi k\u0131smi \u00f6n \u00f6deme \/ bakiye<\/strong> s\u00fcrekli m\u00fc\u015fteriler i\u00e7in.<\/p>\n<\/li>\n<\/ul>\n<p data-start=\"2281\" data-end=\"2325\">\u00d6demeleri \u015fu \u015fekilde kabul ediyoruz <strong data-start=\"2303\" data-end=\"2310\">AVRO<\/strong> ve <strong data-start=\"2315\" data-end=\"2322\">ABD DOLARI<\/strong>.<\/p>\n<hr data-start=\"2327\" data-end=\"2330\" \/>\n<h3 data-start=\"2332\" data-end=\"2381\"><strong data-start=\"2336\" data-end=\"2379\">8. Uluslararas\u0131 nakliye hizmeti sunuyor musunuz?<\/strong><\/h3>\n<p data-start=\"2382\" data-end=\"2549\">Evet. T\u00fcm d\u00fcnyaya ihracat yap\u0131yoruz <strong data-start=\"2408\" data-end=\"2418\">Avrupa<\/strong> ve di\u011fer b\u00f6lgeler. Teslimatlar \u015fu \u015fekilde d\u00fczenlenebilir <strong data-start=\"2468\" data-end=\"2501\">kamyon, deniz konteyneri veya demiryolu<\/strong>, Konumunuza ve sipari\u015f hacminize ba\u011fl\u0131 olarak.<\/p>\n<hr data-start=\"2551\" data-end=\"2554\" \/>\n<h3 data-start=\"2556\" data-end=\"2597\"><strong data-start=\"2560\" data-end=\"2595\">9. Teslimat ne kadar s\u00fcrer?<\/strong><\/h3>\n<p data-start=\"2598\" data-end=\"2619\">Tipik teslim s\u00fcreleri:<\/p>\n<ul data-start=\"2620\" data-end=\"2848\">\n<li data-start=\"2620\" data-end=\"2689\">\n<p data-start=\"2622\" data-end=\"2689\"><strong data-start=\"2622\" data-end=\"2642\">Standart sipari\u015fler:<\/strong> Y\u00fckleme ve sevkiyat i\u00e7in 5-10 i\u015f g\u00fcn\u00fc.<\/p>\n<\/li>\n<li data-start=\"2690\" data-end=\"2848\">\n<p data-start=\"2692\" data-end=\"2848\"><strong data-start=\"2692\" data-end=\"2719\">B\u00fcy\u00fck veya \u00f6zel sipari\u015fler:<\/strong> \u00dcretim ve nakliye durumuna ba\u011fl\u0131 olarak 2-3 hafta.<br data-start=\"2782\" data-end=\"2785\" \/>Her zaman h\u0131zl\u0131, g\u00fcvenilir ve zaman\u0131nda teslimat sa\u011flamay\u0131 hedefliyoruz.<\/p>\n<\/li>\n<\/ul>\n<hr data-start=\"2850\" data-end=\"2853\" \/>\n<h3 data-start=\"2855\" data-end=\"2912\"><strong data-start=\"2859\" data-end=\"2910\">10. \u00dcr\u00fcnleriniz \u00e7evre dostu mu?<\/strong><\/h3>\n<p data-start=\"2913\" data-end=\"3116\">Kesinlikle. Peletlerimiz ve yakacak odunlar\u0131m\u0131z <strong data-start=\"2964\" data-end=\"2991\">yenilenebilir hammaddeler<\/strong> ve <strong data-start=\"3000\" data-end=\"3018\">karbon-n\u00f6tr<\/strong>. S\u00fcrd\u00fcr\u00fclebilir ormanc\u0131l\u0131k uygulamalar\u0131n\u0131 s\u0131k\u0131 bir \u015fekilde takip ediyor ve s\u0131f\u0131r at\u0131k \u00fcretim politikas\u0131n\u0131 s\u00fcrd\u00fcr\u00fcyoruz.<\/p>\n<hr data-start=\"3118\" data-end=\"3121\" \/>\n<h3 data-start=\"3123\" data-end=\"3188\"><strong data-start=\"3127\" data-end=\"3186\">11. Toplu sipari\u015f vermeden \u00f6nce numune talep edebilir miyim?<\/strong><\/h3>\n<p data-start=\"3189\" data-end=\"3380\">Evet, sa\u011flayabiliriz <strong data-start=\"3209\" data-end=\"3228\">\u00fcr\u00fcn \u00f6rnekleri\u0307<\/strong> talep \u00fczerine. Numuneler, m\u00fc\u015fterilerin daha b\u00fcy\u00fck bir sevkiyat\u0131 onaylamadan \u00f6nce \u00fcr\u00fcn kalitesini test etmelerini sa\u011flar. Var\u0131\u015f yerine ba\u011fl\u0131 olarak nakliye \u00fccretleri uygulanabilir.<\/p>\n<hr data-start=\"3382\" data-end=\"3385\" \/>\n<h3 data-start=\"3387\" data-end=\"3453\"><strong data-start=\"3391\" data-end=\"3451\">12. \u00d6zel etiketleme veya \u00f6zel paketleme sa\u011fl\u0131yor musunuz?<\/strong><\/h3>\n<p data-start=\"3454\" data-end=\"3635\">Evet. Biz teklif ediyoruz <strong data-start=\"3468\" data-end=\"3492\">\u00f6zelle\u015ftirilmi\u015f ambalaj<\/strong> ve <strong data-start=\"3497\" data-end=\"3522\">\u00f6zel eti\u0307ket se\u00e7enekleri\u0307<\/strong> distrib\u00fct\u00f6rler ve perakende markalar\u0131 i\u00e7in. Ekibimiz marka kimli\u011finizi yans\u0131tan ambalajlar tasarlayabilir ve basabilir.<\/p>\n<hr data-start=\"3637\" data-end=\"3640\" \/>\n<h3 data-start=\"3642\" data-end=\"3701\"><strong data-start=\"3646\" data-end=\"3699\">13. Odun peletleri ve yakacak odunlar\u0131 nas\u0131l saklamal\u0131y\u0131m?<\/strong><\/h3>\n<ul data-start=\"3702\" data-end=\"3872\">\n<li data-start=\"3702\" data-end=\"3775\">\n<p data-start=\"3704\" data-end=\"3775\"><strong data-start=\"3704\" data-end=\"3716\">Peletler:<\/strong> Kuru, iyi havaland\u0131r\u0131lm\u0131\u015f ve nemden uzak bir yerde saklay\u0131n.<\/p>\n<\/li>\n<li data-start=\"3776\" data-end=\"3872\">\n<p data-start=\"3778\" data-end=\"3872\"><strong data-start=\"3778\" data-end=\"3791\">Yakacak odun:<\/strong> Kurulu\u011fu ve yanma kalitesini korumak i\u00e7in kapal\u0131, havadar bir alanda istiflenmi\u015f halde tutun.<\/p>\n<\/li>\n<\/ul>\n<hr data-start=\"3874\" data-end=\"3877\" \/>\n<h3 data-start=\"3879\" data-end=\"3918\"><strong data-start=\"3883\" data-end=\"3916\">14. Nas\u0131l sipari\u015f verebilirim?<\/strong><\/h3>\n<p data-start=\"3919\" data-end=\"4147\">Sat\u0131\u015f ekibimizle ileti\u015fime ge\u00e7meniz yeterlidir:<br data-start=\"3953\" data-end=\"3956\" \/>\ud83d\udce7 <strong>sales@energypelletllc.com.ua<\/strong><br data-start=\"3987\" data-end=\"3990\" \/>\ud83d\udcde <strong>+380947100558<\/strong><br data-start=\"4015\" data-end=\"4018\" \/>veya bizim arac\u0131l\u0131\u011f\u0131yla bir soru\u015fturma g\u00f6nderin <strong data-start=\"4051\" data-end=\"4075\">web si\u0307tesi\u0307 i\u0307leti\u0307\u015fi\u0307m formu<\/strong>. \u00dcr\u00fcn t\u00fcr\u00fcn\u00fc, miktar\u0131n\u0131, ambalaj\u0131n\u0131 ve teslimat yerini ekleyin.<\/p>\n<hr data-start=\"4149\" data-end=\"4152\" \/>\n<h3 data-start=\"4154\" data-end=\"4197\"><strong data-start=\"4158\" data-end=\"4195\">15. Neden LLC Energy Pellet'i se\u00e7melisiniz?<\/strong><\/h3>\n<p data-start=\"4198\" data-end=\"4384\">\u2705 Certified quality Pellets<br data-start=\"4236\" data-end=\"4239\" \/>\u2705 S\u00fcrd\u00fcr\u00fclebilir kaynak kullan\u0131m\u0131 ve \u00e7evre dostu \u00fcretim<br data-start=\"4289\" data-end=\"4292\" \/>\u2705 Rekabet\u00e7i fiyatland\u0131rma ve g\u00fcvenilir tedarik<br data-start=\"4333\" data-end=\"4336\" \/>\u2705 H\u0131zl\u0131 teslimat ve m\u00fckemmel m\u00fc\u015fteri hizmetleri<\/p>","protected":false},"excerpt":{"rendered":"<p>Frequently Asked Questions (FAQ) 1. What products does LLC Energy Pellet\u00a0 offer? We specialize in the production and export of high-quality wood pellets and firewood. Our pellets are made from 100% natural hardwood or softwood, while our firewood is kiln-dried or naturally seasoned to ensure excellent burning performance. 2. Where are your products manufactured? All [&#8230;]\n","protected":false},"author":1,"featured_media":0,"parent":0,"menu_order":0,"comment_status":"closed","ping_status":"closed","template":"","meta":{"_joinchat":[],"footnotes":""},"class_list":["post-128","page","type-page","status-publish","hentry"],"_hostinger_reach_plugin_has_subscription_block":false,"_hostinger_reach_plugin_is_elementor":false,"_links":{"self":[{"href":"https:\/\/energypelletllc.com.ua\/tr\/wp-json\/wp\/v2\/pages\/128","targetHints":{"allow":["GET"]}}],"collection":[{"href":"https:\/\/energypelletllc.com.ua\/tr\/wp-json\/wp\/v2\/pages"}],"about":[{"href":"https:\/\/energypelletllc.com.ua\/tr\/wp-json\/wp\/v2\/types\/page"}],"author":[{"embeddable":true,"href":"https:\/\/energypelletllc.com.ua\/tr\/wp-json\/wp\/v2\/users\/1"}],"replies":[{"embeddable":true,"href":"https:\/\/energypelletllc.com.ua\/tr\/wp-json\/wp\/v2\/comments?post=128"}],"version-history":[{"count":8,"href":"https:\/\/energypelletllc.com.ua\/tr\/wp-json\/wp\/v2\/pages\/128\/revisions"}],"predecessor-version":[{"id":416,"href":"https:\/\/energypelletllc.com.ua\/tr\/wp-json\/wp\/v2\/pages\/128\/revisions\/416"}],"wp:attachment":[{"href":"https:\/\/energypelletllc.com.ua\/tr\/wp-json\/wp\/v2\/media?parent=128"}],"curies":[{"name":"wp","href":"https:\/\/api.w.org\/{rel}","templated":true}]}}