{"id":124,"date":"2025-11-04T22:18:36","date_gmt":"2025-11-04T22:18:36","guid":{"rendered":"https:\/\/energypelletllc.com.ua\/?page_id=124"},"modified":"2026-05-05T07:25:39","modified_gmt":"2026-05-05T07:25:39","slug":"si%cc%87pari%cc%87s-tesli%cc%87mati","status":"publish","type":"page","link":"https:\/\/energypelletllc.com.ua\/tr\/si%cc%87pari%cc%87s-tesli%cc%87mati\/","title":{"rendered":"Sipari\u015f &amp; Teslimat"},"content":{"rendered":"<h2 data-start=\"153\" data-end=\"176\"><strong data-start=\"156\" data-end=\"176\">Sipari\u015f &amp; Teslimat<\/strong><\/h2>\n<p data-start=\"178\" data-end=\"550\">At <strong data-start=\"181\" data-end=\"202\">LLC <\/strong><strong data-start=\"181\" data-end=\"202\">Enerji Peleti <\/strong>, sipari\u015f verme ve teslim alma s\u00fcrecini <strong data-start=\"254\" data-end=\"270\">odun peletleri<\/strong> ve <strong data-start=\"275\" data-end=\"287\">yakacak odun<\/strong> basit, \u015feffaf ve verimli. \u0130ster end\u00fcstriyel kullan\u0131m i\u00e7in ister perakende da\u011f\u0131t\u0131m i\u00e7in toplu al\u0131m yap\u0131yor olun, lojistik ekibimiz Ukrayna'daki \u00fcretim tesislerimizden Avrupa'n\u0131n herhangi bir yerindeki veya \u00f6tesindeki konumunuza sorunsuz ve zaman\u0131nda teslimat sa\u011flar.<\/p>\n<h3 data-start=\"552\" data-end=\"572\"><strong data-start=\"556\" data-end=\"572\">Nas\u0131l Sipari\u015f Verilir<\/strong><\/h3>\n<ol data-start=\"574\" data-end=\"1551\">\n<li data-start=\"574\" data-end=\"772\">\n<p data-start=\"577\" data-end=\"772\"><strong data-start=\"577\" data-end=\"598\">Talep G\u00f6nderin<\/strong><br data-start=\"598\" data-end=\"601\" \/>\u00dcr\u00fcn gereksinimlerinizi (pelet veya yakacak odun t\u00fcr\u00fc, miktar\u0131, ambalaj tercihi ve var\u0131\u015f liman\u0131 veya adresi) e-posta veya \u00e7evrimi\u00e7i formumuz arac\u0131l\u0131\u011f\u0131yla bize iletin.<\/p>\n<\/li>\n<li data-start=\"774\" data-end=\"948\">\n<p data-start=\"777\" data-end=\"948\"><strong data-start=\"777\" data-end=\"796\">Teklif Al\u0131n<\/strong><br data-start=\"796\" data-end=\"799\" \/>Sat\u0131\u015f ekibimiz derhal \u00fcr\u00fcn \u00f6zellikleri, fiyatland\u0131rma, \u00f6deme ko\u015fullar\u0131 ve tahmini teslimat s\u00fcresini i\u00e7eren ayr\u0131nt\u0131l\u0131 bir teklif sunacakt\u0131r.<\/p>\n<\/li>\n<li data-start=\"950\" data-end=\"1161\">\n<p data-start=\"953\" data-end=\"1161\"><strong data-start=\"953\" data-end=\"975\">Sipari\u015finizi Onaylay\u0131n<\/strong><br data-start=\"975\" data-end=\"978\" \/>T\u00fcm detaylar \u00fczerinde anla\u015fmaya var\u0131ld\u0131\u011f\u0131nda, size bir <strong data-start=\"1032\" data-end=\"1052\">Proforma Fatura<\/strong> onay i\u00e7in. \u00dcretim ve sevkiyat, \u00f6deme yap\u0131ld\u0131ktan hemen sonra veya s\u00f6zle\u015fme \u015fartlar\u0131na g\u00f6re planlan\u0131r.<\/p>\n<\/li>\n<li data-start=\"1163\" data-end=\"1347\">\n<p data-start=\"1166\" data-end=\"1347\"><strong data-start=\"1166\" data-end=\"1198\">\u00dcretim ve Kalite Kontrol<\/strong><br data-start=\"1198\" data-end=\"1201\" \/>T\u00fcm \u00fcr\u00fcnler y\u00fcklemeden \u00f6nce s\u0131k\u0131 bir kalite kontrol\u00fcnden ge\u00e7irilerek <b>all qualities <\/b>or customer-specific requirements.<\/p>\n<\/li>\n<li data-start=\"1349\" data-end=\"1551\">\n<p data-start=\"1352\" data-end=\"1551\"><strong data-start=\"1352\" data-end=\"1375\">Teslimat ve Takip<\/strong><br data-start=\"1375\" data-end=\"1378\" \/>G\u00fcvenli ve zaman\u0131nda teslimat\u0131 garanti etmek i\u00e7in lojistik ve dok\u00fcmantasyonu biz hallederiz. Nakliye takibi ve g\u00fcmr\u00fck belgeleri de dahil olmak \u00fczere t\u00fcm nakliye ayr\u0131nt\u0131lar\u0131n\u0131 alacaks\u0131n\u0131z.<\/p>\n<\/li>\n<\/ol>\n<hr data-start=\"1553\" data-end=\"1556\" \/>\n<h3 data-start=\"1558\" data-end=\"1582\"><strong data-start=\"1562\" data-end=\"1582\">Teslimat Se\u00e7enekleri<\/strong><\/h3>\n<p data-start=\"1584\" data-end=\"1676\">Bulundu\u011funuz yere ve sipari\u015f boyutunuza ba\u011fl\u0131 olarak esnek ve g\u00fcvenilir nakliye se\u00e7enekleri sunuyoruz:<\/p>\n<ul data-start=\"1678\" data-end=\"2063\">\n<li data-start=\"1678\" data-end=\"1814\">\n<p data-start=\"1680\" data-end=\"1814\">\ud83d\ude9b <strong data-start=\"1683\" data-end=\"1711\">Karayolu ile (Kamyon Teslimat\u0131)<\/strong> - Avrupa'daki m\u00fc\u015fteriler i\u00e7in idealdir. Hem d\u00f6kme hem de paletli sevkiyatlar i\u00e7in h\u0131zl\u0131 ve uygun maliyetli.<\/p>\n<\/li>\n<li data-start=\"1815\" data-end=\"1969\">\n<p data-start=\"1817\" data-end=\"1969\">\ud83d\udea2 <strong data-start=\"1820\" data-end=\"1851\">Deniz Yoluyla (Konteyner Ta\u015f\u0131mac\u0131l\u0131\u011f\u0131)<\/strong> - Uluslararas\u0131 sipari\u015fler ve b\u00fcy\u00fck hacimler i\u00e7in m\u00fckemmeldir. Ukrayna ve kom\u015fu \u00fclkelerdeki b\u00fcy\u00fck limanlar \u00fczerinden g\u00f6nderiyoruz.<\/p>\n<\/li>\n<li data-start=\"1970\" data-end=\"2063\">\n<p data-start=\"1972\" data-end=\"2063\">\ud83d\ude82 <strong data-start=\"1975\" data-end=\"1986\">Demiryolu ile<\/strong> - Avrupa'daki b\u00fcy\u00fck end\u00fcstriyel m\u00fc\u015fteriler ve distrib\u00fct\u00f6rler i\u00e7in verimlidir.<\/p>\n<\/li>\n<\/ul>\n<p data-start=\"2065\" data-end=\"2331\">T\u00fcm sevkiyatlar, nakliye s\u0131ras\u0131nda \u00fcr\u00fcn kalitesini korumak i\u00e7in dikkatlice paketlenir - peletler genellikle <strong data-start=\"2180\" data-end=\"2193\">15 kg'l\u0131k torbalar<\/strong>, <strong data-start=\"2195\" data-end=\"2216\">b\u00fcy\u00fck torbalar (1000kg)<\/strong>, veya <strong data-start=\"2221\" data-end=\"2235\">d\u00f6kme y\u00fckler<\/strong>, yakacak odun ise <strong data-start=\"2267\" data-end=\"2295\">a\u011flar, kasalar veya paletler<\/strong> m\u00fc\u015fteri tercihine ba\u011fl\u0131 olarak.<\/p>\n<hr data-start=\"2333\" data-end=\"2336\" \/>\n<h3 data-start=\"2338\" data-end=\"2356\"><strong data-start=\"2342\" data-end=\"2356\">Kur\u015fun Zamanlar\u0131<\/strong><\/h3>\n<ul data-start=\"2358\" data-end=\"2552\">\n<li data-start=\"2358\" data-end=\"2430\">\n<p data-start=\"2360\" data-end=\"2430\"><strong data-start=\"2360\" data-end=\"2380\">Standart sipari\u015fler:<\/strong> Haz\u0131rl\u0131k ve y\u00fckleme i\u00e7in 5-10 i\u015f g\u00fcn\u00fc.<\/p>\n<\/li>\n<li data-start=\"2431\" data-end=\"2552\">\n<p data-start=\"2433\" data-end=\"2552\"><strong data-start=\"2433\" data-end=\"2478\">\u00d6zel paketleme veya b\u00fcy\u00fck miktarlar:<\/strong> \u00dcretim program\u0131na ve nakliye durumuna ba\u011fl\u0131 olarak 2-3 hafta.<\/p>\n<\/li>\n<\/ul>\n<p data-start=\"2554\" data-end=\"2688\">Lojistik ekibimiz, gecikmeleri en aza indirmek ve y\u0131l boyunca g\u00fcvenilir tedarik sa\u011flamak i\u00e7in s\u0131n\u0131r ve liman ko\u015fullar\u0131n\u0131 s\u00fcrekli olarak izler.<\/p>\n<hr data-start=\"2690\" data-end=\"2693\" \/>\n<h3 data-start=\"2695\" data-end=\"2716\"><strong data-start=\"2699\" data-end=\"2716\">\u00d6deme Ko\u015fullar\u0131<\/strong><\/h3>\n<p data-start=\"2718\" data-end=\"2799\">Sipari\u015f hacmine ve m\u00fc\u015fteri ortakl\u0131\u011f\u0131na ba\u011fl\u0131 olarak esnek \u00f6deme se\u00e7enekleri sunuyoruz:<\/p>\n<ul data-start=\"2801\" data-end=\"2987\">\n<li data-start=\"2801\" data-end=\"2849\">\n<p data-start=\"2803\" data-end=\"2849\"><strong data-start=\"2803\" data-end=\"2822\">Pe\u015fin \u00f6deme<\/strong> ilk kez gelen m\u00fc\u015fteriler i\u00e7in<\/p>\n<\/li>\n<li data-start=\"2850\" data-end=\"2917\">\n<p data-start=\"2852\" data-end=\"2917\"><strong data-start=\"2852\" data-end=\"2896\">K\u0131smi \u00f6n \u00f6deme \/ sevkiyatta bakiye<\/strong> tekrar eden m\u00fc\u015fteriler i\u00e7in<\/p>\n<\/li>\n<\/ul>\n<p data-start=\"2989\" data-end=\"3051\">T\u00fcm i\u015flemler g\u00fcvenli bir \u015fekilde <strong data-start=\"3030\" data-end=\"3037\">AVRO<\/strong> veya <strong data-start=\"3041\" data-end=\"3048\">ABD DOLARI<\/strong>.<\/p>\n<hr data-start=\"3053\" data-end=\"3056\" \/>\n<h3 data-start=\"3058\" data-end=\"3082\"><strong data-start=\"3062\" data-end=\"3082\">M\u00fc\u015fteri Deste\u011fi<\/strong><\/h3>\n<p data-start=\"3084\" data-end=\"3309\">\u0130lk sorunuzdan mallar\u0131n\u0131z\u0131n var\u0131\u015f\u0131na kadar ekibimiz her ad\u0131mda tam destek sa\u011flar. Tam memnuniyetinizi sa\u011flamak i\u00e7in g\u00fcmr\u00fck belgeleri, nakliye d\u00fczenlemeleri ve sat\u0131\u015f sonras\u0131 hizmet konusunda yard\u0131mc\u0131 oluyoruz.<\/p>\n<p data-start=\"3311\" data-end=\"3416\">Sorular\u0131n\u0131z ve sipari\u015fleriniz i\u00e7in l\u00fctfen ileti\u015fime ge\u00e7in:<br data-start=\"3352\" data-end=\"3355\" \/>\ud83d\udce7 <strong>sales@energypelletllc.com.ua<\/strong><br data-start=\"3386\" data-end=\"3389\" \/>\ud83d\udcde <strong>+380947100558<\/strong><\/p>","protected":false},"excerpt":{"rendered":"<p>Order &amp; Delivery At LLC Energy Pellet , we make the process of ordering and receiving our wood pellets and firewood simple, transparent, and efficient. Whether you are purchasing in bulk for industrial use or for retail distribution, our logistics team ensures smooth and timely delivery from our production facilities in Ukraine to your location [&#8230;]\n","protected":false},"author":1,"featured_media":0,"parent":0,"menu_order":0,"comment_status":"closed","ping_status":"closed","template":"","meta":{"_joinchat":[],"footnotes":""},"class_list":["post-124","page","type-page","status-publish","hentry"],"_hostinger_reach_plugin_has_subscription_block":false,"_hostinger_reach_plugin_is_elementor":false,"_links":{"self":[{"href":"https:\/\/energypelletllc.com.ua\/tr\/wp-json\/wp\/v2\/pages\/124","targetHints":{"allow":["GET"]}}],"collection":[{"href":"https:\/\/energypelletllc.com.ua\/tr\/wp-json\/wp\/v2\/pages"}],"about":[{"href":"https:\/\/energypelletllc.com.ua\/tr\/wp-json\/wp\/v2\/types\/page"}],"author":[{"embeddable":true,"href":"https:\/\/energypelletllc.com.ua\/tr\/wp-json\/wp\/v2\/users\/1"}],"replies":[{"embeddable":true,"href":"https:\/\/energypelletllc.com.ua\/tr\/wp-json\/wp\/v2\/comments?post=124"}],"version-history":[{"count":8,"href":"https:\/\/energypelletllc.com.ua\/tr\/wp-json\/wp\/v2\/pages\/124\/revisions"}],"predecessor-version":[{"id":417,"href":"https:\/\/energypelletllc.com.ua\/tr\/wp-json\/wp\/v2\/pages\/124\/revisions\/417"}],"wp:attachment":[{"href":"https:\/\/energypelletllc.com.ua\/tr\/wp-json\/wp\/v2\/media?parent=124"}],"curies":[{"name":"wp","href":"https:\/\/api.w.org\/{rel}","templated":true}]}}