{"id":290,"date":"2026-02-20T17:20:43","date_gmt":"2026-02-20T17:20:43","guid":{"rendered":"https:\/\/energypelletllc.com.ua\/?post_type=product&#038;p=290"},"modified":"2026-03-11T07:58:51","modified_gmt":"2026-03-11T07:58:51","slug":"hyvlad-brada-ugnstorkad-furu-1m3","status":"publish","type":"product","link":"https:\/\/energypelletllc.com.ua\/sv\/produkt\/hyvlad-brada-ugnstorkad-furu-1m3\/","title":{"rendered":"Hyvlad br\u00e4da ugnstorkad furu 1m3"},"content":{"rendered":"<h4>Hyvlad br\u00e4da ugnstorkad furu 1m3<\/h4>\n<p>Implementeringen av timmer \u00e4r v\u00e5rt huvudsakliga verksamhetsomr\u00e5de. Just nu, utan minsta sv\u00e5righet, kan du\u00a0<strong>k\u00f6pa en hyvlad br\u00e4da<\/strong>\u00a0<strong>torkad i ugn<\/strong>\u00a0fr\u00e5n oss till de b\u00e4sta priserna. Vi s\u00e4ljer endast virke av h\u00f6gsta kvalitet, till priser som \u00e4r mycket l\u00e4gre \u00e4n andra tillverkare i Ukraina.<\/p>\n<p>Hyvlad br\u00e4da ugnstorkad 8-10% har en h\u00f6g bearbetningsgrad och anv\u00e4nds oftast i konstruktion. Vi f\u00e5r den kantade br\u00e4dan som ett resultat av s\u00e5gning av tallstockar. Vi utf\u00f6r sk\u00e4rningen p\u00e5 moderna bredbands- och cirkels\u00e5gverk av europeisk produktion. Vid utg\u00e5ngen \u00e4r br\u00e4dan platt, utan v\u00e5g, har inga brister. Det \u00e4r v\u00e4rt att notera att det \u00e4r om\u00f6jligt att uppn\u00e5 ett s\u00e5dant idealiskt resultat p\u00e5 inhemska s\u00e5gverk.<\/p>\n<p>Produkten tillverkas med en tjocklek p\u00e5 20 till 200 mm och en bredd p\u00e5 20 till 200 mm, en l\u00e4ngd p\u00e5 4 m. Under konstruktionen v\u00e4ljer du de optimala dimensionerna s\u00e5 att det hyvlade torkade virket passar parametrarna f\u00f6r den struktur som byggs, strukturen och samtidigt ger den n\u00f6dv\u00e4ndig styrka och tillf\u00f6rlitlighet.<\/p>\n<p>F\u00f6rutom att den hyvlade, torkade br\u00e4dan varierar i storlek, \u00e4r den ocks\u00e5 uppdelad efter sj\u00e4lva tr\u00e4slaget. H\u00e4nsyn tas till b\u00e5de ytrenhet och kvalitet, dvs. antalet bearbetningsprocesser som tr\u00e4slaget har genomg\u00e5tt.<\/p>\n<h4>Kalkylator f\u00f6r timmer<\/h4>\n<p>Tabellen f\u00f6r ber\u00e4kning av timmer: hur m\u00e5nga br\u00e4dor och timmer i 1 meter kubik, br\u00e4dans yta och volym i tv\u00e4rsnitt:<\/p>\n<table border=\"1\" width=\"454\" cellspacing=\"0\" cellpadding=\"0\">\n<colgroup>\n<col span=\"3\" width=\"64\" \/>\n<col width=\"88\" \/>\n<col width=\"110\" \/>\n<col width=\"64\" \/><\/colgroup>\n<tbody>\n<tr>\n<td width=\"64\" height=\"20\"><b>Tjocklek<\/b><\/td>\n<td width=\"64\"><b>Bredd<\/b><\/td>\n<td width=\"64\"><b>L\u00e4ngd<\/b><\/td>\n<td width=\"88\"><b>Volym, m3<\/b><\/td>\n<td width=\"110\"><b>Area, m2<\/b><\/td>\n<td width=\"64\"><b>bit i 1m3<\/b><\/td>\n<\/tr>\n<tr>\n<td align=\"right\" height=\"20\">200<\/td>\n<td align=\"right\">200<\/td>\n<td align=\"right\">4000<\/td>\n<td class=\"xl67\" align=\"right\">0,160<\/td>\n<td class=\"xl66\" align=\"right\">0,80<\/td>\n<td class=\"xl65\" align=\"right\">6,3<\/td>\n<\/tr>\n<tr>\n<td align=\"right\" height=\"20\">175<\/td>\n<td align=\"right\">175<\/td>\n<td align=\"right\">4000<\/td>\n<td class=\"xl67\" align=\"right\">0,123<\/td>\n<td class=\"xl66\" align=\"right\">0,70<\/td>\n<td class=\"xl65\" align=\"right\">8,2<\/td>\n<\/tr>\n<tr>\n<td align=\"right\" height=\"20\">150<\/td>\n<td align=\"right\">150<\/td>\n<td align=\"right\">4000<\/td>\n<td class=\"xl67\" align=\"right\">0,090<\/td>\n<td class=\"xl66\" align=\"right\">0,60<\/td>\n<td class=\"xl65\" align=\"right\">11,1<\/td>\n<\/tr>\n<tr>\n<td align=\"right\" height=\"20\">125<\/td>\n<td align=\"right\">125<\/td>\n<td align=\"right\">4000<\/td>\n<td class=\"xl67\" align=\"right\">0,063<\/td>\n<td class=\"xl66\" align=\"right\">0,50<\/td>\n<td class=\"xl65\" align=\"right\">16,0<\/td>\n<\/tr>\n<tr>\n<td align=\"right\" height=\"20\">100<\/td>\n<td align=\"right\">250<\/td>\n<td align=\"right\">4000<\/td>\n<td class=\"xl67\" align=\"right\">0,100<\/td>\n<td class=\"xl66\" align=\"right\">1,00<\/td>\n<td class=\"xl65\" align=\"right\">10,0<\/td>\n<\/tr>\n<tr>\n<td align=\"right\" height=\"20\">100<\/td>\n<td align=\"right\">200<\/td>\n<td align=\"right\">4000<\/td>\n<td class=\"xl67\" align=\"right\">0,080<\/td>\n<td class=\"xl66\" align=\"right\">0,80<\/td>\n<td class=\"xl65\" align=\"right\">12,5<\/td>\n<\/tr>\n<tr>\n<td align=\"right\" height=\"20\">100<\/td>\n<td align=\"right\">150<\/td>\n<td align=\"right\">4000<\/td>\n<td class=\"xl67\" align=\"right\">0,060<\/td>\n<td class=\"xl66\" align=\"right\">0,60<\/td>\n<td class=\"xl65\" align=\"right\">16,7<\/td>\n<\/tr>\n<tr>\n<td align=\"right\" height=\"20\">100<\/td>\n<td align=\"right\">100<\/td>\n<td align=\"right\">4000<\/td>\n<td class=\"xl67\" align=\"right\">0,040<\/td>\n<td class=\"xl66\" align=\"right\">0,40<\/td>\n<td class=\"xl65\" align=\"right\">25,0<\/td>\n<\/tr>\n<tr>\n<td align=\"right\" height=\"20\">75<\/td>\n<td align=\"right\">250<\/td>\n<td align=\"right\">4000<\/td>\n<td class=\"xl67\" align=\"right\">0,075<\/td>\n<td class=\"xl66\" align=\"right\">1,00<\/td>\n<td class=\"xl65\" align=\"right\">13,3<\/td>\n<\/tr>\n<tr>\n<td align=\"right\" height=\"20\">75<\/td>\n<td align=\"right\">225<\/td>\n<td align=\"right\">4000<\/td>\n<td class=\"xl67\" align=\"right\">0,068<\/td>\n<td class=\"xl66\" align=\"right\">0,90<\/td>\n<td class=\"xl65\" align=\"right\">14,8<\/td>\n<\/tr>\n<tr>\n<td align=\"right\" height=\"20\">75<\/td>\n<td align=\"right\">200<\/td>\n<td align=\"right\">4000<\/td>\n<td class=\"xl67\" align=\"right\">0,060<\/td>\n<td class=\"xl66\" align=\"right\">0,80<\/td>\n<td class=\"xl65\" align=\"right\">16,7<\/td>\n<\/tr>\n<tr>\n<td align=\"right\" height=\"20\">75<\/td>\n<td align=\"right\">175<\/td>\n<td align=\"right\">4000<\/td>\n<td class=\"xl67\" align=\"right\">0,053<\/td>\n<td class=\"xl66\" align=\"right\">0,70<\/td>\n<td class=\"xl65\" align=\"right\">19,0<\/td>\n<\/tr>\n<tr>\n<td align=\"right\" height=\"20\">75<\/td>\n<td align=\"right\">150<\/td>\n<td align=\"right\">4000<\/td>\n<td class=\"xl67\" align=\"right\">0,045<\/td>\n<td class=\"xl66\" align=\"right\">0,60<\/td>\n<td class=\"xl65\" align=\"right\">22,2<\/td>\n<\/tr>\n<tr>\n<td align=\"right\" height=\"20\">75<\/td>\n<td align=\"right\">125<\/td>\n<td align=\"right\">4000<\/td>\n<td class=\"xl67\" align=\"right\">0,038<\/td>\n<td class=\"xl66\" align=\"right\">0,50<\/td>\n<td class=\"xl65\" align=\"right\">26,7<\/td>\n<\/tr>\n<tr>\n<td align=\"right\" height=\"20\">75<\/td>\n<td align=\"right\">100<\/td>\n<td align=\"right\">4000<\/td>\n<td class=\"xl67\" align=\"right\">0,030<\/td>\n<td class=\"xl66\" align=\"right\">0,40<\/td>\n<td class=\"xl65\" align=\"right\">33,3<\/td>\n<\/tr>\n<tr>\n<td align=\"right\" height=\"20\">75<\/td>\n<td align=\"right\">75<\/td>\n<td align=\"right\">4000<\/td>\n<td class=\"xl67\" align=\"right\">0,023<\/td>\n<td class=\"xl66\" align=\"right\">0,30<\/td>\n<td class=\"xl65\" align=\"right\">44,4<\/td>\n<\/tr>\n<tr>\n<td align=\"right\" height=\"20\">50<\/td>\n<td align=\"right\">50<\/td>\n<td align=\"right\">4000<\/td>\n<td class=\"xl67\" align=\"right\">0,010<\/td>\n<td class=\"xl66\" align=\"right\">0,20<\/td>\n<td class=\"xl65\" align=\"right\">100,0<\/td>\n<\/tr>\n<tr>\n<td align=\"right\" height=\"20\">50<\/td>\n<td align=\"right\">75<\/td>\n<td align=\"right\">4000<\/td>\n<td class=\"xl67\" align=\"right\">0,015<\/td>\n<td class=\"xl66\" align=\"right\">0,30<\/td>\n<td class=\"xl65\" align=\"right\">66,7<\/td>\n<\/tr>\n<tr>\n<td align=\"right\" height=\"20\">50<\/td>\n<td align=\"right\">90<\/td>\n<td align=\"right\">4000<\/td>\n<td class=\"xl67\" align=\"right\">0,018<\/td>\n<td class=\"xl66\" align=\"right\">0,36<\/td>\n<td class=\"xl65\" align=\"right\">55,6<\/td>\n<\/tr>\n<tr>\n<td align=\"right\" height=\"20\">50<\/td>\n<td align=\"right\">100<\/td>\n<td align=\"right\">4000<\/td>\n<td class=\"xl67\" align=\"right\">0,020<\/td>\n<td class=\"xl66\" align=\"right\">0,40<\/td>\n<td class=\"xl65\" align=\"right\">50,0<\/td>\n<\/tr>\n<tr>\n<td align=\"right\" height=\"20\">50<\/td>\n<td align=\"right\">115<\/td>\n<td align=\"right\">4000<\/td>\n<td class=\"xl67\" align=\"right\">0,023<\/td>\n<td class=\"xl66\" align=\"right\">0,46<\/td>\n<td class=\"xl65\" align=\"right\">43,5<\/td>\n<\/tr>\n<tr>\n<td align=\"right\" height=\"20\">50<\/td>\n<td align=\"right\">125<\/td>\n<td align=\"right\">4000<\/td>\n<td class=\"xl67\" align=\"right\">0,025<\/td>\n<td class=\"xl66\" align=\"right\">0,50<\/td>\n<td class=\"xl65\" align=\"right\">40,0<\/td>\n<\/tr>\n<tr>\n<td align=\"right\" height=\"20\">50<\/td>\n<td align=\"right\">135<\/td>\n<td align=\"right\">4000<\/td>\n<td class=\"xl67\" align=\"right\">0,027<\/td>\n<td class=\"xl66\" align=\"right\">0,54<\/td>\n<td class=\"xl65\" align=\"right\">37,0<\/td>\n<\/tr>\n<tr>\n<td align=\"right\" height=\"20\">50<\/td>\n<td align=\"right\">150<\/td>\n<td align=\"right\">4000<\/td>\n<td class=\"xl67\" align=\"right\">0,030<\/td>\n<td class=\"xl66\" align=\"right\">0,60<\/td>\n<td class=\"xl65\" align=\"right\">33,3<\/td>\n<\/tr>\n<tr>\n<td align=\"right\" height=\"20\">50<\/td>\n<td align=\"right\">175<\/td>\n<td align=\"right\">4000<\/td>\n<td class=\"xl67\" align=\"right\">0,035<\/td>\n<td class=\"xl66\" align=\"right\">0,70<\/td>\n<td class=\"xl65\" align=\"right\">28,6<\/td>\n<\/tr>\n<tr>\n<td align=\"right\" height=\"20\">50<\/td>\n<td align=\"right\">200<\/td>\n<td align=\"right\">4000<\/td>\n<td class=\"xl67\" align=\"right\">0,040<\/td>\n<td class=\"xl66\" align=\"right\">0,80<\/td>\n<td class=\"xl65\" align=\"right\">25,0<\/td>\n<\/tr>\n<tr>\n<td align=\"right\" height=\"20\">50<\/td>\n<td align=\"right\">225<\/td>\n<td align=\"right\">4000<\/td>\n<td class=\"xl67\" align=\"right\">0,045<\/td>\n<td class=\"xl66\" align=\"right\">0,90<\/td>\n<td class=\"xl65\" align=\"right\">22,2<\/td>\n<\/tr>\n<tr>\n<td align=\"right\" height=\"20\">50<\/td>\n<td align=\"right\">250<\/td>\n<td align=\"right\">4000<\/td>\n<td class=\"xl67\" align=\"right\">0,050<\/td>\n<td class=\"xl66\" align=\"right\">1,00<\/td>\n<td class=\"xl65\" align=\"right\">20,0<\/td>\n<\/tr>\n<tr>\n<td align=\"right\" height=\"20\">40<\/td>\n<td align=\"right\">40<\/td>\n<td align=\"right\">4000<\/td>\n<td class=\"xl67\" align=\"right\">0,006<\/td>\n<td class=\"xl66\" align=\"right\">0,16<\/td>\n<td class=\"xl65\" align=\"right\">156,3<\/td>\n<\/tr>\n<tr>\n<td align=\"right\" height=\"20\">40<\/td>\n<td align=\"right\">50<\/td>\n<td align=\"right\">4000<\/td>\n<td class=\"xl67\" align=\"right\">0,008<\/td>\n<td class=\"xl66\" align=\"right\">0,20<\/td>\n<td class=\"xl65\" align=\"right\">125,0<\/td>\n<\/tr>\n<tr>\n<td align=\"right\" height=\"20\">40<\/td>\n<td align=\"right\">75<\/td>\n<td align=\"right\">4000<\/td>\n<td class=\"xl67\" align=\"right\">0,012<\/td>\n<td class=\"xl66\" align=\"right\">0,30<\/td>\n<td class=\"xl65\" align=\"right\">83,3<\/td>\n<\/tr>\n<tr>\n<td align=\"right\" height=\"20\">40<\/td>\n<td align=\"right\">100<\/td>\n<td align=\"right\">4000<\/td>\n<td class=\"xl67\" align=\"right\">0,016<\/td>\n<td class=\"xl66\" align=\"right\">0,40<\/td>\n<td class=\"xl65\" align=\"right\">62,5<\/td>\n<\/tr>\n<tr>\n<td align=\"right\" height=\"20\">40<\/td>\n<td align=\"right\">125<\/td>\n<td align=\"right\">4000<\/td>\n<td class=\"xl67\" align=\"right\">0,020<\/td>\n<td class=\"xl66\" align=\"right\">0,50<\/td>\n<td class=\"xl65\" align=\"right\">50,0<\/td>\n<\/tr>\n<tr>\n<td align=\"right\" height=\"20\">40<\/td>\n<td align=\"right\">150<\/td>\n<td align=\"right\">4000<\/td>\n<td class=\"xl67\" align=\"right\">0,024<\/td>\n<td class=\"xl66\" align=\"right\">0,60<\/td>\n<td class=\"xl65\" align=\"right\">41,7<\/td>\n<\/tr>\n<tr>\n<td align=\"right\" height=\"20\">40<\/td>\n<td align=\"right\">175<\/td>\n<td align=\"right\">4000<\/td>\n<td class=\"xl67\" align=\"right\">0,028<\/td>\n<td class=\"xl66\" align=\"right\">0,70<\/td>\n<td class=\"xl65\" align=\"right\">35,7<\/td>\n<\/tr>\n<tr>\n<td align=\"right\" height=\"20\">40<\/td>\n<td align=\"right\">200<\/td>\n<td align=\"right\">4000<\/td>\n<td class=\"xl67\" align=\"right\">0,032<\/td>\n<td class=\"xl66\" align=\"right\">0,80<\/td>\n<td class=\"xl65\" align=\"right\">31,3<\/td>\n<\/tr>\n<tr>\n<td align=\"right\" height=\"20\">40<\/td>\n<td align=\"right\">225<\/td>\n<td align=\"right\">4000<\/td>\n<td class=\"xl67\" align=\"right\">0,036<\/td>\n<td class=\"xl66\" align=\"right\">0,90<\/td>\n<td class=\"xl65\" align=\"right\">27,8<\/td>\n<\/tr>\n<tr>\n<td align=\"right\" height=\"20\">40<\/td>\n<td align=\"right\">250<\/td>\n<td align=\"right\">4000<\/td>\n<td class=\"xl67\" align=\"right\">0,040<\/td>\n<td class=\"xl66\" align=\"right\">1,00<\/td>\n<td class=\"xl65\" align=\"right\">25,0<\/td>\n<\/tr>\n<tr>\n<td align=\"right\" height=\"20\">30<\/td>\n<td align=\"right\">30<\/td>\n<td align=\"right\">4000<\/td>\n<td class=\"xl67\" align=\"right\">0,004<\/td>\n<td class=\"xl66\" align=\"right\">0,12<\/td>\n<td class=\"xl65\" align=\"right\">277,8<\/td>\n<\/tr>\n<tr>\n<td align=\"right\" height=\"20\">30<\/td>\n<td align=\"right\">50<\/td>\n<td align=\"right\">4000<\/td>\n<td class=\"xl67\" align=\"right\">0,006<\/td>\n<td class=\"xl66\" align=\"right\">0,20<\/td>\n<td class=\"xl65\" align=\"right\">166,7<\/td>\n<\/tr>\n<tr>\n<td align=\"right\" height=\"20\">30<\/td>\n<td align=\"right\">75<\/td>\n<td align=\"right\">4000<\/td>\n<td class=\"xl67\" align=\"right\">0,009<\/td>\n<td class=\"xl66\" align=\"right\">0,30<\/td>\n<td class=\"xl65\" align=\"right\">111,1<\/td>\n<\/tr>\n<tr>\n<td align=\"right\" height=\"20\">30<\/td>\n<td align=\"right\">100<\/td>\n<td align=\"right\">4000<\/td>\n<td class=\"xl67\" align=\"right\">0,012<\/td>\n<td class=\"xl66\" align=\"right\">0,40<\/td>\n<td class=\"xl65\" align=\"right\">83,3<\/td>\n<\/tr>\n<tr>\n<td align=\"right\" height=\"20\">30<\/td>\n<td align=\"right\">125<\/td>\n<td align=\"right\">4000<\/td>\n<td class=\"xl67\" align=\"right\">0,015<\/td>\n<td class=\"xl66\" align=\"right\">0,50<\/td>\n<td class=\"xl65\" align=\"right\">66,7<\/td>\n<\/tr>\n<tr>\n<td align=\"right\" height=\"20\">30<\/td>\n<td align=\"right\">150<\/td>\n<td align=\"right\">4000<\/td>\n<td class=\"xl67\" align=\"right\">0,018<\/td>\n<td class=\"xl66\" align=\"right\">0,60<\/td>\n<td class=\"xl65\" align=\"right\">55,6<\/td>\n<\/tr>\n<tr>\n<td align=\"right\" height=\"20\">30<\/td>\n<td align=\"right\">175<\/td>\n<td align=\"right\">4000<\/td>\n<td class=\"xl67\" align=\"right\">0,021<\/td>\n<td class=\"xl66\" align=\"right\">0,70<\/td>\n<td class=\"xl65\" align=\"right\">47,6<\/td>\n<\/tr>\n<tr>\n<td align=\"right\" height=\"20\">30<\/td>\n<td align=\"right\">200<\/td>\n<td align=\"right\">4000<\/td>\n<td class=\"xl67\" align=\"right\">0,024<\/td>\n<td class=\"xl66\" align=\"right\">0,80<\/td>\n<td class=\"xl65\" align=\"right\">41,7<\/td>\n<\/tr>\n<tr>\n<td align=\"right\" height=\"20\">30<\/td>\n<td align=\"right\">225<\/td>\n<td align=\"right\">4000<\/td>\n<td class=\"xl67\" align=\"right\">0,027<\/td>\n<td class=\"xl66\" align=\"right\">0,90<\/td>\n<td class=\"xl65\" align=\"right\">37,0<\/td>\n<\/tr>\n<tr>\n<td align=\"right\" height=\"20\">30<\/td>\n<td align=\"right\">250<\/td>\n<td align=\"right\">4000<\/td>\n<td class=\"xl67\" align=\"right\">0,030<\/td>\n<td class=\"xl66\" align=\"right\">1,00<\/td>\n<td class=\"xl65\" align=\"right\">33,3<\/td>\n<\/tr>\n<tr>\n<td align=\"right\" height=\"20\">25<\/td>\n<td align=\"right\">50<\/td>\n<td align=\"right\">4000<\/td>\n<td class=\"xl67\" align=\"right\">0,005<\/td>\n<td class=\"xl66\" align=\"right\">0,20<\/td>\n<td class=\"xl65\" align=\"right\">200,0<\/td>\n<\/tr>\n<tr>\n<td align=\"right\" height=\"20\">25<\/td>\n<td align=\"right\">75<\/td>\n<td align=\"right\">4000<\/td>\n<td class=\"xl67\" align=\"right\">0,008<\/td>\n<td class=\"xl66\" align=\"right\">0,30<\/td>\n<td class=\"xl65\" align=\"right\">133,3<\/td>\n<\/tr>\n<tr>\n<td align=\"right\" height=\"20\">25<\/td>\n<td align=\"right\">100<\/td>\n<td align=\"right\">4000<\/td>\n<td class=\"xl67\" align=\"right\">0,010<\/td>\n<td class=\"xl66\" align=\"right\">0,40<\/td>\n<td class=\"xl65\" align=\"right\">100,0<\/td>\n<\/tr>\n<tr>\n<td align=\"right\" height=\"20\">25<\/td>\n<td align=\"right\">125<\/td>\n<td align=\"right\">4000<\/td>\n<td class=\"xl67\" align=\"right\">0,013<\/td>\n<td class=\"xl66\" align=\"right\">0,50<\/td>\n<td class=\"xl65\" align=\"right\">80,0<\/td>\n<\/tr>\n<tr>\n<td align=\"right\" height=\"20\">25<\/td>\n<td align=\"right\">150<\/td>\n<td align=\"right\">4000<\/td>\n<td class=\"xl67\" align=\"right\">0,015<\/td>\n<td class=\"xl66\" align=\"right\">0,60<\/td>\n<td class=\"xl65\" align=\"right\">66,7<\/td>\n<\/tr>\n<tr>\n<td align=\"right\" height=\"20\">25<\/td>\n<td align=\"right\">175<\/td>\n<td align=\"right\">4000<\/td>\n<td class=\"xl67\" align=\"right\">0,018<\/td>\n<td class=\"xl66\" align=\"right\">0,70<\/td>\n<td class=\"xl65\" align=\"right\">57,1<\/td>\n<\/tr>\n<tr>\n<td align=\"right\" height=\"20\">25<\/td>\n<td align=\"right\">200<\/td>\n<td align=\"right\">4000<\/td>\n<td class=\"xl67\" align=\"right\">0,020<\/td>\n<td class=\"xl66\" align=\"right\">0,80<\/td>\n<td class=\"xl65\" align=\"right\">50,0<\/td>\n<\/tr>\n<tr>\n<td align=\"right\" height=\"20\">25<\/td>\n<td align=\"right\">225<\/td>\n<td align=\"right\">4000<\/td>\n<td class=\"xl67\" align=\"right\">0,023<\/td>\n<td class=\"xl66\" align=\"right\">0,90<\/td>\n<td class=\"xl65\" align=\"right\">44,4<\/td>\n<\/tr>\n<tr>\n<td align=\"right\" height=\"20\">25<\/td>\n<td align=\"right\">250<\/td>\n<td align=\"right\">4000<\/td>\n<td class=\"xl67\" align=\"right\">0,025<\/td>\n<td class=\"xl66\" align=\"right\">1,00<\/td>\n<td class=\"xl65\" align=\"right\">40,0<\/td>\n<\/tr>\n<tr>\n<td align=\"right\" height=\"20\">20<\/td>\n<td align=\"right\">75<\/td>\n<td align=\"right\">4000<\/td>\n<td class=\"xl67\" align=\"right\">0,006<\/td>\n<td class=\"xl66\" align=\"right\">0,30<\/td>\n<td class=\"xl65\" align=\"right\">166,7<\/td>\n<\/tr>\n<tr>\n<td align=\"right\" height=\"20\">20<\/td>\n<td align=\"right\">100<\/td>\n<td align=\"right\">4000<\/td>\n<td class=\"xl67\" align=\"right\">0,008<\/td>\n<td class=\"xl66\" align=\"right\">0,40<\/td>\n<td class=\"xl65\" align=\"right\">125,0<\/td>\n<\/tr>\n<tr>\n<td align=\"right\" height=\"20\">20<\/td>\n<td align=\"right\">125<\/td>\n<td align=\"right\">4000<\/td>\n<td class=\"xl67\" align=\"right\">0,010<\/td>\n<td class=\"xl66\" align=\"right\">0,50<\/td>\n<td class=\"xl65\" align=\"right\">100,0<\/td>\n<\/tr>\n<tr>\n<td align=\"right\" height=\"20\">20<\/td>\n<td align=\"right\">150<\/td>\n<td align=\"right\">4000<\/td>\n<td class=\"xl67\" align=\"right\">0,012<\/td>\n<td class=\"xl66\" align=\"right\">0,60<\/td>\n<td class=\"xl65\" align=\"right\">83,3<\/td>\n<\/tr>\n<tr>\n<td align=\"right\" height=\"20\">15<\/td>\n<td align=\"right\">75<\/td>\n<td align=\"right\">4000<\/td>\n<td class=\"xl67\" align=\"right\">0,005<\/td>\n<td class=\"xl66\" align=\"right\">0,30<\/td>\n<td class=\"xl65\" align=\"right\">222,2<\/td>\n<\/tr>\n<tr>\n<td align=\"right\" height=\"20\">15<\/td>\n<td align=\"right\">100<\/td>\n<td align=\"right\">4000<\/td>\n<td class=\"xl67\" align=\"right\">0,006<\/td>\n<td class=\"xl66\" align=\"right\">0,40<\/td>\n<td class=\"xl65\" align=\"right\">166,7<\/td>\n<\/tr>\n<tr>\n<td align=\"right\" height=\"20\">15<\/td>\n<td align=\"right\">125<\/td>\n<td align=\"right\">4000<\/td>\n<td class=\"xl67\" align=\"right\">0,008<\/td>\n<td class=\"xl66\" align=\"right\">0,50<\/td>\n<td class=\"xl65\" align=\"right\">133,3<\/td>\n<\/tr>\n<tr>\n<td align=\"right\" height=\"20\">15<\/td>\n<td align=\"right\">150<\/td>\n<td align=\"right\">4000<\/td>\n<td class=\"xl67\" align=\"right\">0,009<\/td>\n<td class=\"xl66\" align=\"right\">0,60<\/td>\n<td class=\"xl65\" align=\"right\">111,1<\/td>\n<\/tr>\n<\/tbody>\n<\/table>\n<h4><\/h4>\n<h4>V\u00e5r virkesmarknad p\u00e5 n\u00e4tet garanterar ett fynd<\/h4>\n<p>Det finns inget behov av att ta risker och lita p\u00e5 op\u00e5litliga, op\u00e5litliga s\u00e4ljare av virke. Det \u00e4r l\u00e4tt att betala en stor summa och f\u00e5 en produkt av l\u00e5g kvalitet. Om du planerar att k\u00f6pa kantade br\u00e4dor, lita p\u00e5 v\u00e5r stormarknad. Det \u00e4r hos oss till f\u00f6rs\u00e4ljning nyklippt kantad (tall) br\u00e4da av h\u00f6g kvalitet till ett l\u00e5gt pris.<\/p>\n<h4>Best\u00e4mmer du dig inte f\u00f6r ett k\u00f6p?<\/h4>\n<p>Kolla in f\u00f6rdelarna med v\u00e5r timmermarknad och alla tvivel kommer att f\u00f6rsvinna:<\/p>\n<p>1. Planed kiln dried pine board for sale directly from the Ukrainian woodworking enterprise energypelletllc.com.ua. European equipment has been installed at the plant:<\/p>\n<p>- Bredbandss\u00e5gverk Wood-Mizer WB2000 Industriellt s\u00e5gverk (Titan).<\/p>\n<p>- Cirkels\u00e5gar Wood-Mizer EG800.<\/p>\n<p>- Fyrsidiga maskinen Wood-Mizer MP 360.<\/p>\n<p>2. Du kan inte best\u00e4mma storleken, volymen p\u00e5 det n\u00f6dv\u00e4ndiga virket? V\u00e5ra experter hj\u00e4lper dig att ber\u00e4kna, till exempel hur m\u00e5nga br\u00e4dor i en kub och hur m\u00e5nga kuber du beh\u00f6ver. Du kan alltid r\u00e4kna med hj\u00e4lp av en specialist.<\/p>\n<p>3. V\u00e5r stormarknad erbjuder flera leveransmetoder efter eget val. Om du vill kan du anv\u00e4nda tj\u00e4nsterna fr\u00e5n en ukrainsk transport\u00f6r eller best\u00e4lla leverans med transport av v\u00e5rt f\u00f6retag. Leveransen utf\u00f6rs s\u00e5 snart som m\u00f6jligt p\u00e5 Ukrainas territorium.<\/p>\n<p>4. K\u00f6p av oss en hyvlad br\u00e4da torkad furu 4 meter l\u00e5ng. S\u00e4kert kommer du att beh\u00f6va annat kantat virke. Bland det stora sortimentet p\u00e5 v\u00e5r hemsida kommer du definitivt att hitta r\u00e4tt produkt.<\/p>","protected":false},"excerpt":{"rendered":"<p>Hyvlad br\u00e4da ugnstorkad furu 1m3<\/p>\n<table style=\"height: 181px;\" width=\"498\">\n<thead>\n<tr>\n<th><strong>Specifikation<\/strong><\/th>\n<th><strong>Detaljer<\/strong><\/th>\n<\/tr>\n<\/thead>\n<tbody>\n<tr>\n<td>Typ av profilsk\u00e4rning<\/td>\n<td>Rektangul\u00e4r<\/td>\n<\/tr>\n<tr>\n<td>Betyg<\/td>\n<td>A, B, C<\/td>\n<\/tr>\n<tr>\n<td>Kvalitet<\/td>\n<td>Torrtorkad i ugn<\/td>\n<\/tr>\n<tr>\n<td>Typ<\/td>\n<td>Hela<\/td>\n<\/tr>\n<tr>\n<td>Luftfuktighet<\/td>\n<td>10-12%<\/td>\n<\/tr>\n<tr>\n<td>Antal f\u00f6rpackningar<\/td>\n<td>Utan f\u00f6rpackning<\/td>\n<\/tr>\n<\/tbody>\n<\/table>","protected":false},"featured_media":291,"comment_status":"open","ping_status":"closed","template":"","meta":{"_joinchat":[]},"product_brand":[],"product_cat":[129],"product_tag":[],"class_list":{"0":"post-290","1":"product","2":"type-product","3":"status-publish","4":"has-post-thumbnail","6":"product_cat-lumber","8":"first","9":"instock","10":"shipping-taxable","11":"product-type-external"},"_links":{"self":[{"href":"https:\/\/energypelletllc.com.ua\/sv\/wp-json\/wp\/v2\/product\/290","targetHints":{"allow":["GET"]}}],"collection":[{"href":"https:\/\/energypelletllc.com.ua\/sv\/wp-json\/wp\/v2\/product"}],"about":[{"href":"https:\/\/energypelletllc.com.ua\/sv\/wp-json\/wp\/v2\/types\/product"}],"replies":[{"embeddable":true,"href":"https:\/\/energypelletllc.com.ua\/sv\/wp-json\/wp\/v2\/comments?post=290"}],"wp:featuredmedia":[{"embeddable":true,"href":"https:\/\/energypelletllc.com.ua\/sv\/wp-json\/wp\/v2\/media\/291"}],"wp:attachment":[{"href":"https:\/\/energypelletllc.com.ua\/sv\/wp-json\/wp\/v2\/media?parent=290"}],"wp:term":[{"taxonomy":"product_brand","embeddable":true,"href":"https:\/\/energypelletllc.com.ua\/sv\/wp-json\/wp\/v2\/product_brand?post=290"},{"taxonomy":"product_cat","embeddable":true,"href":"https:\/\/energypelletllc.com.ua\/sv\/wp-json\/wp\/v2\/product_cat?post=290"},{"taxonomy":"product_tag","embeddable":true,"href":"https:\/\/energypelletllc.com.ua\/sv\/wp-json\/wp\/v2\/product_tag?post=290"}],"curies":[{"name":"wp","href":"https:\/\/api.w.org\/{rel}","templated":true}]}}