{"id":285,"date":"2026-02-20T17:14:23","date_gmt":"2026-02-20T17:14:23","guid":{"rendered":"https:\/\/energypelletllc.com.ua\/?post_type=product&#038;p=285"},"modified":"2026-03-06T06:47:01","modified_gmt":"2026-03-06T06:47:01","slug":"fresh-sawn-edged-beam-pine-6-meters-1-m3","status":"publish","type":"product","link":"https:\/\/energypelletllc.com.ua\/sv\/produkt\/fresh-sawn-edged-beam-pine-6-meters-1-m3\/","title":{"rendered":"F\u00e4rsks\u00e5gad kantlistad balk furu 6 meter 1 m3"},"content":{"rendered":"<p>F\u00e4rsks\u00e5gad kantlistad balk furu 6 meter 1 m3<\/p>\n<p><strong>Fresh sawn edged beam\u00a0pine<\/strong> is produced with a thickness of 100 to 200 mm, a width of 50 to 200 mm and a length of 6 m. Minimal order 1 m3. Delivery from Ukraine. Customized cross-section possible.<\/p>\n<p>Tillg\u00e4ngliga storlekar\/sektioner:<\/p>\n<ul>\n<li>50\u0445100 mm and length 6000\u00a0mm<\/li>\n<li>75\u0445100\/125\/150 mm\u00a0and length 6000\u00a0mm<\/li>\n<li>100\u0445100\/150\/200 mm\u00a0and length 6000\u00a0mm<\/li>\n<li>125 x 125 mm och l\u00e4ngd 6000 mm<\/li>\n<li>150 x 150 mm och l\u00e4ngd 6000 mm<\/li>\n<li>175 x 175 mm och l\u00e4ngd 6000 mm<\/li>\n<li>200 x 200 mm och l\u00e4ngd 6000 mm<\/li>\n<\/ul>","protected":false},"excerpt":{"rendered":"<p>F\u00e4rsks\u00e5gad kantlistad balk furu 6 meter 1 m3<\/p>\n<p><strong>Fresh sawn edged beam\u00a0pine<\/strong>\u00a0is produced with a thickness of\u00a0100 to\u00a0200 mm, a width of\u00a050 to 200 mm and a length of\u00a06 m. Minimal order 1 m3. Delivery in Ukraine. Customized cross-section possible.<\/p>\n<p>Tillg\u00e4ngliga storlekar\/sektioner:<\/p>\n<ul>\n<li>50\u0445100 mm and length 6000\u00a0mm<\/li>\n<li>75\u0445100\/125\/150 mm\u00a0and length 6000\u00a0mm<\/li>\n<li>100\u0445100\/150\/200 mm\u00a0and length 6000\u00a0mm<\/li>\n<li>125 x 125 mm och l\u00e4ngd 6000 mm<\/li>\n<li>150 x 150 mm och l\u00e4ngd 6000 mm<\/li>\n<li>175 x 175 mm och l\u00e4ngd 6000 mm<\/li>\n<li>200 x 200 mm och l\u00e4ngd 6000 mm<\/li>\n<\/ul>","protected":false},"featured_media":286,"comment_status":"open","ping_status":"closed","template":"","meta":{"_joinchat":[]},"product_brand":[],"product_cat":[129],"product_tag":[135],"class_list":{"0":"post-285","1":"product","2":"type-product","3":"status-publish","4":"has-post-thumbnail","6":"product_cat-lumber","7":"product_tag-fresh-sawn-edged-beam-pine-6-meters-1-m3","9":"first","10":"instock","11":"shipping-taxable","12":"product-type-external"},"_links":{"self":[{"href":"https:\/\/energypelletllc.com.ua\/sv\/wp-json\/wp\/v2\/product\/285","targetHints":{"allow":["GET"]}}],"collection":[{"href":"https:\/\/energypelletllc.com.ua\/sv\/wp-json\/wp\/v2\/product"}],"about":[{"href":"https:\/\/energypelletllc.com.ua\/sv\/wp-json\/wp\/v2\/types\/product"}],"replies":[{"embeddable":true,"href":"https:\/\/energypelletllc.com.ua\/sv\/wp-json\/wp\/v2\/comments?post=285"}],"wp:featuredmedia":[{"embeddable":true,"href":"https:\/\/energypelletllc.com.ua\/sv\/wp-json\/wp\/v2\/media\/286"}],"wp:attachment":[{"href":"https:\/\/energypelletllc.com.ua\/sv\/wp-json\/wp\/v2\/media?parent=285"}],"wp:term":[{"taxonomy":"product_brand","embeddable":true,"href":"https:\/\/energypelletllc.com.ua\/sv\/wp-json\/wp\/v2\/product_brand?post=285"},{"taxonomy":"product_cat","embeddable":true,"href":"https:\/\/energypelletllc.com.ua\/sv\/wp-json\/wp\/v2\/product_cat?post=285"},{"taxonomy":"product_tag","embeddable":true,"href":"https:\/\/energypelletllc.com.ua\/sv\/wp-json\/wp\/v2\/product_tag?post=285"}],"curies":[{"name":"wp","href":"https:\/\/api.w.org\/{rel}","templated":true}]}}