{"id":282,"date":"2026-02-20T17:08:09","date_gmt":"2026-02-20T17:08:09","guid":{"rendered":"https:\/\/energypelletllc.com.ua\/?post_type=product&#038;p=282"},"modified":"2026-03-06T13:42:17","modified_gmt":"2026-03-06T13:42:17","slug":"farsk-sagad-kantad-brada-furu-2-meter-1-m3","status":"publish","type":"product","link":"https:\/\/energypelletllc.com.ua\/sv\/produkt\/farsk-sagad-kantad-brada-furu-2-meter-1-m3\/","title":{"rendered":"F\u00e4rsks\u00e5gad kantad br\u00e4da furu 2 meter 1m3"},"content":{"rendered":"<h4>F\u00e4rsks\u00e5gad kantad br\u00e4da furu 2 meter 1m3<\/h4>\n<p>Genomf\u00f6randet av timmer \u00e4r huvudomr\u00e5det f\u00f6r v\u00e5r verksamhet. Hos oss, utan minsta sv\u00e5righet, just nu kan du\u00a0<strong>k\u00f6pa en kantad br\u00e4da<\/strong>\u00a0till de b\u00e4sta priserna. Vi erbjuder endast timmer av h\u00f6gsta kvalitet till salu. Kostnaden f\u00f6r denna produkt \u00e4r mycket l\u00e4gre \u00e4n f\u00f6r andra ukrainska tillverkare.<\/p>\n<p>Nyklippt kantad br\u00e4da har en h\u00f6g grad av bearbetning. Det anv\u00e4nds oftast i bygg-, reparations- och restaureringsarbeten. Vi f\u00e5r en kantad br\u00e4da som ett resultat av att sk\u00e4ra ett tallrundvirke. Vi utf\u00f6r ett snitt p\u00e5 shirokolentochny och skivkrafts\u00e5gb\u00e4nkar f\u00f6r importproduktion. Vid utg\u00e5ngen f\u00e5r vi en br\u00e4da med en plan yta, utan v\u00e5g, utan defekter, med r\u00e4tt form. Inhemska tr\u00e4bearbetningsmaskiner kan inte producera samma idealiska resultat.<\/p>\n<p>Produkten tillverkas med en tjocklek p\u00e5 15 till 150 mm och en bredd p\u00e5 30 till 200 mm, en l\u00e4ngd p\u00e5 2 m. Om du planerar att bygga eller planera andra typer av arbete med tr\u00e4, m\u00e5ste du f\u00f6rst v\u00e4lja de optimala dimensionerna f\u00f6r att s\u00e4kerst\u00e4lla att det kantade virket passar parametrarna f\u00f6r den framtida byggnaden eller produkterna, och samtidigt garanterad styrka, h\u00e5llbarhet, tillf\u00f6rlitlighet.<\/p>\n<p>Nys\u00e5gade kantade br\u00e4dor varierar i storlek, \u00e4ven det specificerade virket \u00e4r segmenterat efter sj\u00e4lva tr\u00e4slaget. Ytans renhet och kvantiteten, kvaliteten p\u00e5 de bearbetningsprocesser som tr\u00e4darten genomgick beaktas.<\/p>\n<p>S\u00e5gat material \u00f6verensst\u00e4mmer med GOST (DSTU) 8486-86.<\/p>\n<h4>Kalkylator f\u00f6r timmer<\/h4>\n<p>Tabellen f\u00f6r ber\u00e4kning av timmer: hur m\u00e5nga br\u00e4dor och timmer i 1 meter kubik, br\u00e4dans yta och volym i tv\u00e4rsnitt:<\/p>\n<table border=\"1\" width=\"454\" cellspacing=\"0\" cellpadding=\"0\">\n<colgroup>\n<col span=\"3\" width=\"64\" \/>\n<col width=\"88\" \/>\n<col width=\"110\" \/>\n<col width=\"64\" \/><\/colgroup>\n<tbody>\n<tr>\n<td width=\"64\" height=\"20\"><b>Tjocklek<\/b><\/td>\n<td width=\"64\"><b>Bredd<\/b><\/td>\n<td width=\"64\"><b>L\u00e4ngd<\/b><\/td>\n<td width=\"88\"><b>Volym, m3<\/b><\/td>\n<td width=\"110\"><b>Area, m2<\/b><\/td>\n<td width=\"64\"><b>bit i 1m3<\/b><\/td>\n<\/tr>\n<tr>\n<td align=\"right\" height=\"20\">200<\/td>\n<td align=\"right\">200<\/td>\n<td align=\"right\">2000<\/td>\n<td class=\"xl67\" align=\"right\">0,080<\/td>\n<td class=\"xl66\" align=\"right\">0,40<\/td>\n<td class=\"xl65\" align=\"right\">12,5<\/td>\n<\/tr>\n<tr>\n<td align=\"right\" height=\"20\">175<\/td>\n<td align=\"right\">175<\/td>\n<td align=\"right\">2000<\/td>\n<td class=\"xl67\" align=\"right\">0,061<\/td>\n<td class=\"xl66\" align=\"right\">0,35<\/td>\n<td class=\"xl65\" align=\"right\">16,3<\/td>\n<\/tr>\n<tr>\n<td align=\"right\" height=\"20\">150<\/td>\n<td align=\"right\">150<\/td>\n<td align=\"right\">2000<\/td>\n<td class=\"xl67\" align=\"right\">0,045<\/td>\n<td class=\"xl66\" align=\"right\">0,30<\/td>\n<td class=\"xl65\" align=\"right\">22,2<\/td>\n<\/tr>\n<tr>\n<td align=\"right\" height=\"20\">125<\/td>\n<td align=\"right\">125<\/td>\n<td align=\"right\">2000<\/td>\n<td class=\"xl67\" align=\"right\">0,031<\/td>\n<td class=\"xl66\" align=\"right\">0,25<\/td>\n<td class=\"xl65\" align=\"right\">32,0<\/td>\n<\/tr>\n<tr>\n<td align=\"right\" height=\"20\">100<\/td>\n<td align=\"right\">250<\/td>\n<td align=\"right\">2000<\/td>\n<td class=\"xl67\" align=\"right\">0,050<\/td>\n<td class=\"xl66\" align=\"right\">0,50<\/td>\n<td class=\"xl65\" align=\"right\">20,0<\/td>\n<\/tr>\n<tr>\n<td align=\"right\" height=\"20\">100<\/td>\n<td align=\"right\">200<\/td>\n<td align=\"right\">2000<\/td>\n<td class=\"xl67\" align=\"right\">0,040<\/td>\n<td class=\"xl66\" align=\"right\">0,40<\/td>\n<td class=\"xl65\" align=\"right\">25,0<\/td>\n<\/tr>\n<tr>\n<td align=\"right\" height=\"20\">100<\/td>\n<td align=\"right\">150<\/td>\n<td align=\"right\">2000<\/td>\n<td class=\"xl67\" align=\"right\">0,030<\/td>\n<td class=\"xl66\" align=\"right\">0,30<\/td>\n<td class=\"xl65\" align=\"right\">33,3<\/td>\n<\/tr>\n<tr>\n<td align=\"right\" height=\"20\">100<\/td>\n<td align=\"right\">100<\/td>\n<td align=\"right\">2000<\/td>\n<td class=\"xl67\" align=\"right\">0,020<\/td>\n<td class=\"xl66\" align=\"right\">0,20<\/td>\n<td class=\"xl65\" align=\"right\">50,0<\/td>\n<\/tr>\n<tr>\n<td align=\"right\" height=\"20\">75<\/td>\n<td align=\"right\">250<\/td>\n<td align=\"right\">2000<\/td>\n<td class=\"xl67\" align=\"right\">0,038<\/td>\n<td class=\"xl66\" align=\"right\">0,50<\/td>\n<td class=\"xl65\" align=\"right\">26,7<\/td>\n<\/tr>\n<tr>\n<td align=\"right\" height=\"20\">75<\/td>\n<td align=\"right\">225<\/td>\n<td align=\"right\">2000<\/td>\n<td class=\"xl67\" align=\"right\">0,034<\/td>\n<td class=\"xl66\" align=\"right\">0,45<\/td>\n<td class=\"xl65\" align=\"right\">29,6<\/td>\n<\/tr>\n<tr>\n<td align=\"right\" height=\"20\">75<\/td>\n<td align=\"right\">200<\/td>\n<td align=\"right\">2000<\/td>\n<td class=\"xl67\" align=\"right\">0,030<\/td>\n<td class=\"xl66\" align=\"right\">0,40<\/td>\n<td class=\"xl65\" align=\"right\">33,3<\/td>\n<\/tr>\n<tr>\n<td align=\"right\" height=\"20\">75<\/td>\n<td align=\"right\">175<\/td>\n<td align=\"right\">2000<\/td>\n<td class=\"xl67\" align=\"right\">0,026<\/td>\n<td class=\"xl66\" align=\"right\">0,35<\/td>\n<td class=\"xl65\" align=\"right\">38,1<\/td>\n<\/tr>\n<tr>\n<td align=\"right\" height=\"20\">75<\/td>\n<td align=\"right\">150<\/td>\n<td align=\"right\">2000<\/td>\n<td class=\"xl67\" align=\"right\">0,023<\/td>\n<td class=\"xl66\" align=\"right\">0,30<\/td>\n<td class=\"xl65\" align=\"right\">44,4<\/td>\n<\/tr>\n<tr>\n<td align=\"right\" height=\"20\">75<\/td>\n<td align=\"right\">125<\/td>\n<td align=\"right\">2000<\/td>\n<td class=\"xl67\" align=\"right\">0,019<\/td>\n<td class=\"xl66\" align=\"right\">0,25<\/td>\n<td class=\"xl65\" align=\"right\">53,3<\/td>\n<\/tr>\n<tr>\n<td align=\"right\" height=\"20\">75<\/td>\n<td align=\"right\">100<\/td>\n<td align=\"right\">2000<\/td>\n<td class=\"xl67\" align=\"right\">0,015<\/td>\n<td class=\"xl66\" align=\"right\">0,20<\/td>\n<td class=\"xl65\" align=\"right\">66,7<\/td>\n<\/tr>\n<tr>\n<td align=\"right\" height=\"20\">75<\/td>\n<td align=\"right\">75<\/td>\n<td align=\"right\">2000<\/td>\n<td class=\"xl67\" align=\"right\">0,011<\/td>\n<td class=\"xl66\" align=\"right\">0,15<\/td>\n<td class=\"xl65\" align=\"right\">88,9<\/td>\n<\/tr>\n<tr>\n<td align=\"right\" height=\"20\">50<\/td>\n<td align=\"right\">50<\/td>\n<td align=\"right\">2000<\/td>\n<td class=\"xl67\" align=\"right\">0,005<\/td>\n<td class=\"xl66\" align=\"right\">0,10<\/td>\n<td class=\"xl65\" align=\"right\">200,0<\/td>\n<\/tr>\n<tr>\n<td align=\"right\" height=\"20\">50<\/td>\n<td align=\"right\">75<\/td>\n<td align=\"right\">2000<\/td>\n<td class=\"xl67\" align=\"right\">0,008<\/td>\n<td class=\"xl66\" align=\"right\">0,15<\/td>\n<td class=\"xl65\" align=\"right\">133,3<\/td>\n<\/tr>\n<tr>\n<td align=\"right\" height=\"20\">50<\/td>\n<td align=\"right\">90<\/td>\n<td align=\"right\">2000<\/td>\n<td class=\"xl67\" align=\"right\">0,009<\/td>\n<td class=\"xl66\" align=\"right\">0,18<\/td>\n<td class=\"xl65\" align=\"right\">111,1<\/td>\n<\/tr>\n<tr>\n<td align=\"right\" height=\"20\">50<\/td>\n<td align=\"right\">100<\/td>\n<td align=\"right\">2000<\/td>\n<td class=\"xl67\" align=\"right\">0,010<\/td>\n<td class=\"xl66\" align=\"right\">0,20<\/td>\n<td class=\"xl65\" align=\"right\">100,0<\/td>\n<\/tr>\n<tr>\n<td align=\"right\" height=\"20\">50<\/td>\n<td align=\"right\">115<\/td>\n<td align=\"right\">2000<\/td>\n<td class=\"xl67\" align=\"right\">0,012<\/td>\n<td class=\"xl66\" align=\"right\">0,23<\/td>\n<td class=\"xl65\" align=\"right\">87,0<\/td>\n<\/tr>\n<tr>\n<td align=\"right\" height=\"20\">50<\/td>\n<td align=\"right\">125<\/td>\n<td align=\"right\">2000<\/td>\n<td class=\"xl67\" align=\"right\">0,013<\/td>\n<td class=\"xl66\" align=\"right\">0,25<\/td>\n<td class=\"xl65\" align=\"right\">80,0<\/td>\n<\/tr>\n<tr>\n<td align=\"right\" height=\"20\">50<\/td>\n<td align=\"right\">135<\/td>\n<td align=\"right\">2000<\/td>\n<td class=\"xl67\" align=\"right\">0,014<\/td>\n<td class=\"xl66\" align=\"right\">0,27<\/td>\n<td class=\"xl65\" align=\"right\">74,1<\/td>\n<\/tr>\n<tr>\n<td align=\"right\" height=\"20\">50<\/td>\n<td align=\"right\">150<\/td>\n<td align=\"right\">2000<\/td>\n<td class=\"xl67\" align=\"right\">0,015<\/td>\n<td class=\"xl66\" align=\"right\">0,30<\/td>\n<td class=\"xl65\" align=\"right\">66,7<\/td>\n<\/tr>\n<tr>\n<td align=\"right\" height=\"20\">50<\/td>\n<td align=\"right\">175<\/td>\n<td align=\"right\">2000<\/td>\n<td class=\"xl67\" align=\"right\">0,018<\/td>\n<td class=\"xl66\" align=\"right\">0,35<\/td>\n<td class=\"xl65\" align=\"right\">57,1<\/td>\n<\/tr>\n<tr>\n<td align=\"right\" height=\"20\">50<\/td>\n<td align=\"right\">200<\/td>\n<td align=\"right\">2000<\/td>\n<td class=\"xl67\" align=\"right\">0,020<\/td>\n<td class=\"xl66\" align=\"right\">0,40<\/td>\n<td class=\"xl65\" align=\"right\">50,0<\/td>\n<\/tr>\n<tr>\n<td align=\"right\" height=\"20\">50<\/td>\n<td align=\"right\">225<\/td>\n<td align=\"right\">2000<\/td>\n<td class=\"xl67\" align=\"right\">0,023<\/td>\n<td class=\"xl66\" align=\"right\">0,45<\/td>\n<td class=\"xl65\" align=\"right\">44,4<\/td>\n<\/tr>\n<tr>\n<td align=\"right\" height=\"20\">50<\/td>\n<td align=\"right\">250<\/td>\n<td align=\"right\">2000<\/td>\n<td class=\"xl67\" align=\"right\">0,025<\/td>\n<td class=\"xl66\" align=\"right\">0,50<\/td>\n<td class=\"xl65\" align=\"right\">40,0<\/td>\n<\/tr>\n<tr>\n<td align=\"right\" height=\"20\">40<\/td>\n<td align=\"right\">40<\/td>\n<td align=\"right\">2000<\/td>\n<td class=\"xl67\" align=\"right\">0,003<\/td>\n<td class=\"xl66\" align=\"right\">0,08<\/td>\n<td class=\"xl65\" align=\"right\">312,5<\/td>\n<\/tr>\n<tr>\n<td align=\"right\" height=\"20\">40<\/td>\n<td align=\"right\">50<\/td>\n<td align=\"right\">2000<\/td>\n<td class=\"xl67\" align=\"right\">0,004<\/td>\n<td class=\"xl66\" align=\"right\">0,10<\/td>\n<td class=\"xl65\" align=\"right\">250,0<\/td>\n<\/tr>\n<tr>\n<td align=\"right\" height=\"20\">40<\/td>\n<td align=\"right\">75<\/td>\n<td align=\"right\">2000<\/td>\n<td class=\"xl67\" align=\"right\">0,006<\/td>\n<td class=\"xl66\" align=\"right\">0,15<\/td>\n<td class=\"xl65\" align=\"right\">166,7<\/td>\n<\/tr>\n<tr>\n<td align=\"right\" height=\"20\">40<\/td>\n<td align=\"right\">100<\/td>\n<td align=\"right\">2000<\/td>\n<td class=\"xl67\" align=\"right\">0,008<\/td>\n<td class=\"xl66\" align=\"right\">0,20<\/td>\n<td class=\"xl65\" align=\"right\">125,0<\/td>\n<\/tr>\n<tr>\n<td align=\"right\" height=\"20\">40<\/td>\n<td align=\"right\">125<\/td>\n<td align=\"right\">2000<\/td>\n<td class=\"xl67\" align=\"right\">0,010<\/td>\n<td class=\"xl66\" align=\"right\">0,25<\/td>\n<td class=\"xl65\" align=\"right\">100,0<\/td>\n<\/tr>\n<tr>\n<td align=\"right\" height=\"20\">40<\/td>\n<td align=\"right\">150<\/td>\n<td align=\"right\">2000<\/td>\n<td class=\"xl67\" align=\"right\">0,012<\/td>\n<td class=\"xl66\" align=\"right\">0,30<\/td>\n<td class=\"xl65\" align=\"right\">83,3<\/td>\n<\/tr>\n<tr>\n<td align=\"right\" height=\"20\">40<\/td>\n<td align=\"right\">175<\/td>\n<td align=\"right\">2000<\/td>\n<td class=\"xl67\" align=\"right\">0,014<\/td>\n<td class=\"xl66\" align=\"right\">0,35<\/td>\n<td class=\"xl65\" align=\"right\">71,4<\/td>\n<\/tr>\n<tr>\n<td align=\"right\" height=\"20\">40<\/td>\n<td align=\"right\">200<\/td>\n<td align=\"right\">2000<\/td>\n<td class=\"xl67\" align=\"right\">0,016<\/td>\n<td class=\"xl66\" align=\"right\">0,40<\/td>\n<td class=\"xl65\" align=\"right\">62,5<\/td>\n<\/tr>\n<tr>\n<td align=\"right\" height=\"20\">40<\/td>\n<td align=\"right\">225<\/td>\n<td align=\"right\">2000<\/td>\n<td class=\"xl67\" align=\"right\">0,018<\/td>\n<td class=\"xl66\" align=\"right\">0,45<\/td>\n<td class=\"xl65\" align=\"right\">55,6<\/td>\n<\/tr>\n<tr>\n<td align=\"right\" height=\"20\">40<\/td>\n<td align=\"right\">250<\/td>\n<td align=\"right\">2000<\/td>\n<td class=\"xl67\" align=\"right\">0,020<\/td>\n<td class=\"xl66\" align=\"right\">0,50<\/td>\n<td class=\"xl65\" align=\"right\">50,0<\/td>\n<\/tr>\n<tr>\n<td align=\"right\" height=\"20\">30<\/td>\n<td align=\"right\">30<\/td>\n<td align=\"right\">2000<\/td>\n<td class=\"xl67\" align=\"right\">0,002<\/td>\n<td class=\"xl66\" align=\"right\">0,06<\/td>\n<td class=\"xl65\" align=\"right\">555,6<\/td>\n<\/tr>\n<tr>\n<td align=\"right\" height=\"20\">30<\/td>\n<td align=\"right\">50<\/td>\n<td align=\"right\">2000<\/td>\n<td class=\"xl67\" align=\"right\">0,003<\/td>\n<td class=\"xl66\" align=\"right\">0,10<\/td>\n<td class=\"xl65\" align=\"right\">333,3<\/td>\n<\/tr>\n<tr>\n<td align=\"right\" height=\"20\">30<\/td>\n<td align=\"right\">75<\/td>\n<td align=\"right\">2000<\/td>\n<td class=\"xl67\" align=\"right\">0,005<\/td>\n<td class=\"xl66\" align=\"right\">0,15<\/td>\n<td class=\"xl65\" align=\"right\">222,2<\/td>\n<\/tr>\n<tr>\n<td align=\"right\" height=\"20\">30<\/td>\n<td align=\"right\">100<\/td>\n<td align=\"right\">2000<\/td>\n<td class=\"xl67\" align=\"right\">0,006<\/td>\n<td class=\"xl66\" align=\"right\">0,20<\/td>\n<td class=\"xl65\" align=\"right\">166,7<\/td>\n<\/tr>\n<tr>\n<td align=\"right\" height=\"20\">30<\/td>\n<td align=\"right\">125<\/td>\n<td align=\"right\">2000<\/td>\n<td class=\"xl67\" align=\"right\">0,008<\/td>\n<td class=\"xl66\" align=\"right\">0,25<\/td>\n<td class=\"xl65\" align=\"right\">133,3<\/td>\n<\/tr>\n<tr>\n<td align=\"right\" height=\"20\">30<\/td>\n<td align=\"right\">150<\/td>\n<td align=\"right\">2000<\/td>\n<td class=\"xl67\" align=\"right\">0,009<\/td>\n<td class=\"xl66\" align=\"right\">0,30<\/td>\n<td class=\"xl65\" align=\"right\">111,1<\/td>\n<\/tr>\n<tr>\n<td align=\"right\" height=\"20\">30<\/td>\n<td align=\"right\">175<\/td>\n<td align=\"right\">2000<\/td>\n<td class=\"xl67\" align=\"right\">0,011<\/td>\n<td class=\"xl66\" align=\"right\">0,35<\/td>\n<td class=\"xl65\" align=\"right\">95,2<\/td>\n<\/tr>\n<tr>\n<td align=\"right\" height=\"20\">30<\/td>\n<td align=\"right\">200<\/td>\n<td align=\"right\">2000<\/td>\n<td class=\"xl67\" align=\"right\">0,012<\/td>\n<td class=\"xl66\" align=\"right\">0,40<\/td>\n<td class=\"xl65\" align=\"right\">83,3<\/td>\n<\/tr>\n<tr>\n<td align=\"right\" height=\"20\">30<\/td>\n<td align=\"right\">225<\/td>\n<td align=\"right\">2000<\/td>\n<td class=\"xl67\" align=\"right\">0,014<\/td>\n<td class=\"xl66\" align=\"right\">0,45<\/td>\n<td class=\"xl65\" align=\"right\">74,1<\/td>\n<\/tr>\n<tr>\n<td align=\"right\" height=\"20\">30<\/td>\n<td align=\"right\">250<\/td>\n<td align=\"right\">2000<\/td>\n<td class=\"xl67\" align=\"right\">0,015<\/td>\n<td class=\"xl66\" align=\"right\">0,50<\/td>\n<td class=\"xl65\" align=\"right\">66,7<\/td>\n<\/tr>\n<tr>\n<td align=\"right\" height=\"20\">25<\/td>\n<td align=\"right\">50<\/td>\n<td align=\"right\">2000<\/td>\n<td class=\"xl67\" align=\"right\">0,003<\/td>\n<td class=\"xl66\" align=\"right\">0,10<\/td>\n<td class=\"xl65\" align=\"right\">400,0<\/td>\n<\/tr>\n<tr>\n<td align=\"right\" height=\"20\">25<\/td>\n<td align=\"right\">75<\/td>\n<td align=\"right\">2000<\/td>\n<td class=\"xl67\" align=\"right\">0,004<\/td>\n<td class=\"xl66\" align=\"right\">0,15<\/td>\n<td class=\"xl65\" align=\"right\">266,7<\/td>\n<\/tr>\n<tr>\n<td align=\"right\" height=\"20\">25<\/td>\n<td align=\"right\">100<\/td>\n<td align=\"right\">2000<\/td>\n<td class=\"xl67\" align=\"right\">0,005<\/td>\n<td class=\"xl66\" align=\"right\">0,20<\/td>\n<td class=\"xl65\" align=\"right\">200,0<\/td>\n<\/tr>\n<tr>\n<td align=\"right\" height=\"20\">25<\/td>\n<td align=\"right\">125<\/td>\n<td align=\"right\">2000<\/td>\n<td class=\"xl67\" align=\"right\">0,006<\/td>\n<td class=\"xl66\" align=\"right\">0,25<\/td>\n<td class=\"xl65\" align=\"right\">160,0<\/td>\n<\/tr>\n<tr>\n<td align=\"right\" height=\"20\">25<\/td>\n<td align=\"right\">150<\/td>\n<td align=\"right\">2000<\/td>\n<td class=\"xl67\" align=\"right\">0,008<\/td>\n<td class=\"xl66\" align=\"right\">0,30<\/td>\n<td class=\"xl65\" align=\"right\">133,3<\/td>\n<\/tr>\n<tr>\n<td align=\"right\" height=\"20\">25<\/td>\n<td align=\"right\">175<\/td>\n<td align=\"right\">2000<\/td>\n<td class=\"xl67\" align=\"right\">0,009<\/td>\n<td class=\"xl66\" align=\"right\">0,35<\/td>\n<td class=\"xl65\" align=\"right\">114,3<\/td>\n<\/tr>\n<tr>\n<td align=\"right\" height=\"20\">25<\/td>\n<td align=\"right\">200<\/td>\n<td align=\"right\">2000<\/td>\n<td class=\"xl67\" align=\"right\">0,010<\/td>\n<td class=\"xl66\" align=\"right\">0,40<\/td>\n<td class=\"xl65\" align=\"right\">100,0<\/td>\n<\/tr>\n<tr>\n<td align=\"right\" height=\"20\">25<\/td>\n<td align=\"right\">225<\/td>\n<td align=\"right\">2000<\/td>\n<td class=\"xl67\" align=\"right\">0,011<\/td>\n<td class=\"xl66\" align=\"right\">0,45<\/td>\n<td class=\"xl65\" align=\"right\">88,9<\/td>\n<\/tr>\n<tr>\n<td align=\"right\" height=\"20\">25<\/td>\n<td align=\"right\">250<\/td>\n<td align=\"right\">2000<\/td>\n<td class=\"xl67\" align=\"right\">0,013<\/td>\n<td class=\"xl66\" align=\"right\">0,50<\/td>\n<td class=\"xl65\" align=\"right\">80,0<\/td>\n<\/tr>\n<tr>\n<td align=\"right\" height=\"20\">20<\/td>\n<td align=\"right\">75<\/td>\n<td align=\"right\">2000<\/td>\n<td class=\"xl67\" align=\"right\">0,003<\/td>\n<td class=\"xl66\" align=\"right\">0,15<\/td>\n<td class=\"xl65\" align=\"right\">333,3<\/td>\n<\/tr>\n<tr>\n<td align=\"right\" height=\"20\">20<\/td>\n<td align=\"right\">100<\/td>\n<td align=\"right\">2000<\/td>\n<td class=\"xl67\" align=\"right\">0,004<\/td>\n<td class=\"xl66\" align=\"right\">0,20<\/td>\n<td class=\"xl65\" align=\"right\">250,0<\/td>\n<\/tr>\n<tr>\n<td align=\"right\" height=\"20\">20<\/td>\n<td align=\"right\">125<\/td>\n<td align=\"right\">2000<\/td>\n<td class=\"xl67\" align=\"right\">0,005<\/td>\n<td class=\"xl66\" align=\"right\">0,25<\/td>\n<td class=\"xl65\" align=\"right\">200,0<\/td>\n<\/tr>\n<tr>\n<td align=\"right\" height=\"20\">20<\/td>\n<td align=\"right\">150<\/td>\n<td align=\"right\">2000<\/td>\n<td class=\"xl67\" align=\"right\">0,006<\/td>\n<td class=\"xl66\" align=\"right\">0,30<\/td>\n<td class=\"xl65\" align=\"right\">166,7<\/td>\n<\/tr>\n<tr>\n<td align=\"right\" height=\"20\">15<\/td>\n<td align=\"right\">75<\/td>\n<td align=\"right\">2000<\/td>\n<td class=\"xl67\" align=\"right\">0,002<\/td>\n<td class=\"xl66\" align=\"right\">0,15<\/td>\n<td class=\"xl65\" align=\"right\">444,4<\/td>\n<\/tr>\n<tr>\n<td align=\"right\" height=\"20\">15<\/td>\n<td align=\"right\">100<\/td>\n<td align=\"right\">2000<\/td>\n<td class=\"xl67\" align=\"right\">0,003<\/td>\n<td class=\"xl66\" align=\"right\">0,20<\/td>\n<td class=\"xl65\" align=\"right\">333,3<\/td>\n<\/tr>\n<tr>\n<td align=\"right\" height=\"20\">15<\/td>\n<td align=\"right\">125<\/td>\n<td align=\"right\">2000<\/td>\n<td class=\"xl67\" align=\"right\">0,004<\/td>\n<td class=\"xl66\" align=\"right\">0,25<\/td>\n<td class=\"xl65\" align=\"right\">266,7<\/td>\n<\/tr>\n<tr>\n<td align=\"right\" height=\"20\">15<\/td>\n<td align=\"right\">150<\/td>\n<td align=\"right\">2000<\/td>\n<td class=\"xl67\" align=\"right\">0,005<\/td>\n<td class=\"xl66\" align=\"right\">0,30<\/td>\n<td class=\"xl65\" align=\"right\">222,2<\/td>\n<\/tr>\n<\/tbody>\n<\/table>\n<p>&nbsp;<\/p>\n<ul>\n<li><\/li>\n<\/ul>","protected":false},"excerpt":{"rendered":"<p>F\u00e4rsks\u00e5gad kantad br\u00e4da furu 2 meter 1m3<\/p>\n<p><strong>F\u00e4rsks\u00e5gad kantad br\u00e4da av furu<\/strong>\u00a0tillverkas med en tjocklek av 15 till 250 mm, en bredd av 30 till 250 mm och en l\u00e4ngd av 2 m. Minsta best\u00e4llning 1 m3. Leverans i Ukraina. M\u00f6jlighet till anpassat tv\u00e4rsnitt.<\/p>\n<p>Tillg\u00e4ngliga storlekar\/sektioner:<\/p>\n<ul>\n<li>15\u044575\/100\/125\/150 mm och l\u00e4ngd 2000 mm<\/li>\n<li>20\u044575\/100\/125\/150 mm och l\u00e4ngd 2000 mm<\/li>\n<li>25\u044550\/75\/100\/125\/150\/175\/200\/225\/250 mm och l\u00e4ngd 2000 mm<\/li>\n<li>30\u044530\/50\/75\/100\/125\/150\/175\/200\/225\/250 mm och l\u00e4ngd 2000 mm<\/li>\n<li>40 x 40\/50\/75\/100\/125\/150\/175\/200\/225\/250 mm och l\u00e4ngd 2000 mm<\/li>\n<li>50\u044550\/75\/100\/125\/150\/175\/200\/225\/250 mm och l\u00e4ngd 2000 mm<\/li>\n<li>75\u044575\/100\/125\/150\/175\/200\/225\/250 mm och l\u00e4ngd 2000 mm<\/li>\n<li>100 x 100\/150\/200\/250 mm och l\u00e4ngd 2000 mm<\/li>\n<li>125 x 125 mm och l\u00e4ngd 2000 mm<\/li>\n<li>150 x 150 mm och l\u00e4ngd 2000 mm<\/li>\n<li>175 x 175 mm och l\u00e4ngd 2000 mm<\/li>\n<li>200 x 200 mm och l\u00e4ngd 2000 mm<\/li>\n<\/ul>","protected":false},"featured_media":281,"comment_status":"open","ping_status":"closed","template":"","meta":{"_joinchat":[]},"product_brand":[],"product_cat":[129],"product_tag":[132],"class_list":{"0":"post-282","1":"product","2":"type-product","3":"status-publish","4":"has-post-thumbnail","6":"product_cat-lumber","7":"product_tag-fresh-sawn-edged-board-pine-2-meters-1-m3","9":"first","10":"instock","11":"shipping-taxable","12":"product-type-external"},"_links":{"self":[{"href":"https:\/\/energypelletllc.com.ua\/sv\/wp-json\/wp\/v2\/product\/282","targetHints":{"allow":["GET"]}}],"collection":[{"href":"https:\/\/energypelletllc.com.ua\/sv\/wp-json\/wp\/v2\/product"}],"about":[{"href":"https:\/\/energypelletllc.com.ua\/sv\/wp-json\/wp\/v2\/types\/product"}],"replies":[{"embeddable":true,"href":"https:\/\/energypelletllc.com.ua\/sv\/wp-json\/wp\/v2\/comments?post=282"}],"wp:featuredmedia":[{"embeddable":true,"href":"https:\/\/energypelletllc.com.ua\/sv\/wp-json\/wp\/v2\/media\/281"}],"wp:attachment":[{"href":"https:\/\/energypelletllc.com.ua\/sv\/wp-json\/wp\/v2\/media?parent=282"}],"wp:term":[{"taxonomy":"product_brand","embeddable":true,"href":"https:\/\/energypelletllc.com.ua\/sv\/wp-json\/wp\/v2\/product_brand?post=282"},{"taxonomy":"product_cat","embeddable":true,"href":"https:\/\/energypelletllc.com.ua\/sv\/wp-json\/wp\/v2\/product_cat?post=282"},{"taxonomy":"product_tag","embeddable":true,"href":"https:\/\/energypelletllc.com.ua\/sv\/wp-json\/wp\/v2\/product_tag?post=282"}],"curies":[{"name":"wp","href":"https:\/\/api.w.org\/{rel}","templated":true}]}}