{"id":280,"date":"2026-02-20T17:06:13","date_gmt":"2026-02-20T17:06:13","guid":{"rendered":"https:\/\/energypelletllc.com.ua\/?post_type=product&#038;p=280"},"modified":"2026-03-08T08:28:27","modified_gmt":"2026-03-08T08:28:27","slug":"nysagad-kantad-brada-furu-4-meter-1m3","status":"publish","type":"product","link":"https:\/\/energypelletllc.com.ua\/sv\/produkt\/nysagad-kantad-brada-furu-4-meter-1m3\/","title":{"rendered":"F\u00e4rsks\u00e5gad kantad br\u00e4da furu 4 meter, 1m3"},"content":{"rendered":"<p>F\u00e4rsks\u00e5gad kantad br\u00e4da furu 4 meter, 1m3<\/p>\n<p><strong>F\u00e4rsks\u00e5gad kantad br\u00e4da av furu<\/strong>\u00a0tillverkas med en tjocklek p\u00e5 15 till 200 mm, en bredd p\u00e5 30 till 200 mm och en l\u00e4ngd p\u00e5 4 m. Minsta order 1 m3<\/p>\n<p>Tillg\u00e4ngliga storlekar\/sektioner:<\/p>\n<ul>\n<li>15\u044575\/100\/125\/150 mm och l\u00e4ngd 4000 mm<\/li>\n<li>20\u044575\/100\/125\/150 mm och l\u00e4ngd 4000 mm<\/li>\n<li>25\u044550\/75\/100\/125\/150\/175\/200\/225\/250 mm och l\u00e4ngd 4000 mm<\/li>\n<li>30 x 30\/50\/75\/100\/125\/150\/175\/200\/225\/250 mm och l\u00e4ngd 4000 mm<\/li>\n<li>40 x 40\/50\/75\/100\/125\/150\/175\/200\/225\/250 mm och l\u00e4ngd 4000 mm<\/li>\n<li>50\u044550\/75\/100\/125\/150\/175\/200\/225\/250 mm och l\u00e4ngd 4000 mm<\/li>\n<li>75\u044575\/100\/125\/150\/175\/200\/225\/250 mm och l\u00e4ngd 4000 mm<\/li>\n<li>100 x 100\/150\/200\/250 mm och l\u00e4ngd 4000 mm<\/li>\n<li>125 x 125 mm och l\u00e4ngd 4000 mm<\/li>\n<li>150 x 150 mm och l\u00e4ngd 4000 mm<\/li>\n<li>175 x 175 mm och l\u00e4ngd 4000 mm<\/li>\n<li>200 x 200 mm och l\u00e4ngd 4000 mm<\/li>\n<\/ul>","protected":false},"excerpt":{"rendered":"<p>F\u00e4rsks\u00e5gad kantad br\u00e4da furu 4 meter, 1m3<\/p>\n<h4>F\u00e4rsks\u00e5gad kantad br\u00e4da av furu<\/h4>\n<p>Implementeringen av timmer \u00e4r v\u00e5rt huvudsakliga verksamhetsomr\u00e5de. Just nu, utan minsta sv\u00e5righet, kan du\u00a0<strong>k\u00f6pa en kantad br\u00e4da<\/strong>\u00a0fr\u00e5n oss till de b\u00e4sta priserna. Vi s\u00e4ljer endast virke av h\u00f6gsta kvalitet, till priser som \u00e4r mycket l\u00e4gre \u00e4n andra tillverkare i Ukraina.<\/p>","protected":false},"featured_media":281,"comment_status":"open","ping_status":"closed","template":"","meta":{"_joinchat":[]},"product_brand":[],"product_cat":[129],"product_tag":[130,131],"class_list":{"0":"post-280","1":"product","2":"type-product","3":"status-publish","4":"has-post-thumbnail","6":"product_cat-lumber","7":"product_tag-fresh-sawn-edged-board-pine-4-meters","8":"product_tag-fresh-sawn-edged-board-pine-4-meters-1m3","10":"first","11":"instock","12":"shipping-taxable","13":"product-type-external"},"_links":{"self":[{"href":"https:\/\/energypelletllc.com.ua\/sv\/wp-json\/wp\/v2\/product\/280","targetHints":{"allow":["GET"]}}],"collection":[{"href":"https:\/\/energypelletllc.com.ua\/sv\/wp-json\/wp\/v2\/product"}],"about":[{"href":"https:\/\/energypelletllc.com.ua\/sv\/wp-json\/wp\/v2\/types\/product"}],"replies":[{"embeddable":true,"href":"https:\/\/energypelletllc.com.ua\/sv\/wp-json\/wp\/v2\/comments?post=280"}],"wp:featuredmedia":[{"embeddable":true,"href":"https:\/\/energypelletllc.com.ua\/sv\/wp-json\/wp\/v2\/media\/281"}],"wp:attachment":[{"href":"https:\/\/energypelletllc.com.ua\/sv\/wp-json\/wp\/v2\/media?parent=280"}],"wp:term":[{"taxonomy":"product_brand","embeddable":true,"href":"https:\/\/energypelletllc.com.ua\/sv\/wp-json\/wp\/v2\/product_brand?post=280"},{"taxonomy":"product_cat","embeddable":true,"href":"https:\/\/energypelletllc.com.ua\/sv\/wp-json\/wp\/v2\/product_cat?post=280"},{"taxonomy":"product_tag","embeddable":true,"href":"https:\/\/energypelletllc.com.ua\/sv\/wp-json\/wp\/v2\/product_tag?post=280"}],"curies":[{"name":"wp","href":"https:\/\/api.w.org\/{rel}","templated":true}]}}