{"id":245,"date":"2025-11-22T07:08:35","date_gmt":"2025-11-22T07:08:35","guid":{"rendered":"https:\/\/energypelletllc.com.ua\/?post_type=product&#038;p=245"},"modified":"2026-04-03T09:46:36","modified_gmt":"2026-04-03T09:46:36","slug":"100-silverpellets-fir-en-plus-a1-15-kg","status":"publish","type":"product","link":"https:\/\/energypelletllc.com.ua\/sv\/produkt\/100-silverpellets-fir-en-plus-a1-15-kg\/","title":{"rendered":"100% Silver Pellets Gran 15 kg"},"content":{"rendered":"<h2 data-start=\"363\" data-end=\"436\">Tr\u00e4pellets - Silvergran (6mm) - 15 kg s\u00e4ckar<\/h2>\n<p data-start=\"438\" data-end=\"901\">Virgin Wood Pellets Silver Fir \u00e4r ett premium, koldioxidneutralt biobr\u00e4nsle som \u00e4r utformat f\u00f6r effektiv och h\u00e5llbar v\u00e4rmeproduktion. Dessa pellets tillverkas av Strobile Energy och \u00e4r uteslutande tillverkade av 100% sp\u00e5n fr\u00e5n silvergran som kommer fr\u00e5n FSC-certifierade karpatiska skogar. De har inga kemiska tillsatser och en naturligt vit f\u00e4rg och erbjuder ren f\u00f6rbr\u00e4nning, l\u00e5g askhalt och ett h\u00f6gt v\u00e4rmev\u00e4rde, vilket g\u00f6r dem till ett utm\u00e4rkt alternativ till naturgas.<\/p>\n<h3 data-start=\"903\" data-end=\"923\">Viktiga funktioner<\/h3>\n<ul data-start=\"924\" data-end=\"1178\">\n<li data-start=\"924\" data-end=\"946\">\n<p data-start=\"926\" data-end=\"946\">Diameter: 6 mm<\/p>\n<\/li>\n<li data-start=\"947\" data-end=\"985\">\n<p data-start=\"949\" data-end=\"985\">Kvalitetsklass: A<\/p>\n<\/li>\n<li data-start=\"986\" data-end=\"1014\">\n<p data-start=\"988\" data-end=\"1014\">F\u00e4rg: Naturvit<\/p>\n<\/li>\n<li data-start=\"1015\" data-end=\"1045\">\n<p data-start=\"1017\" data-end=\"1045\">F\u00f6rpackning: 15 kg s\u00e4ckar<\/p>\n<\/li>\n<li data-start=\"1046\" data-end=\"1104\">\n<p data-start=\"1048\" data-end=\"1104\">Sammans\u00e4ttning: 100% ren silvergransp\u00e5n + vatten<\/p>\n<\/li>\n<li data-start=\"1105\" data-end=\"1178\">\n<p data-start=\"1107\" data-end=\"1178\">Anv\u00e4ndning: L\u00e4mplig f\u00f6r pelletskaminer och pannor med olika kapacitet<\/p>\n<\/li>\n<\/ul>\n<hr data-start=\"1180\" data-end=\"1183\" \/>\n<h2 data-start=\"1185\" data-end=\"1252\">Leverans- och avh\u00e4mtningsalternativ f\u00f6r Virgin Wood Pellets Silver Fir<\/h2>\n<h3 data-start=\"1254\" data-end=\"1288\">Platser f\u00f6r lagerh\u00e4mtning<\/h3>\n<ul data-start=\"1289\" data-end=\"1403\">\n<li data-start=\"1289\" data-end=\"1335\">\n<p data-start=\"1291\" data-end=\"1335\">Ukraina: Vizhnitsa (Chernivtsi oblast)<\/p>\n<\/li>\n<li data-start=\"1336\" data-end=\"1365\">\n<p data-start=\"1338\" data-end=\"1365\">Italien: Veronella (VR)<\/p>\n<\/li>\n<li data-start=\"1366\" data-end=\"1403\">\n<p data-start=\"1368\" data-end=\"1403\">Thessaloniki - Grekland Thessaloniki - Sindos<\/p>\n<\/li>\n<\/ul>\n<p data-start=\"1405\" data-end=\"1473\">V\u00e4lj \u00f6nskat lager f\u00f6r sj\u00e4lvh\u00e4mtning eller ordna med leverans.<\/p>\n<h3 data-start=\"1475\" data-end=\"1514\">Leverans med lastbil \u00f6ver hela EU<\/h3>\n<p data-start=\"1515\" data-end=\"1639\">De flesta best\u00e4llningar skickas med lastbil. Beroende p\u00e5 fordonstyp (standard, jumbo, kyld etc.) kan nyttolasten variera.<\/p>\n<ul data-start=\"1641\" data-end=\"1772\">\n<li data-start=\"1641\" data-end=\"1674\">\n<p data-start=\"1643\" data-end=\"1674\">Minsta best\u00e4llning: 20 pallar<\/p>\n<\/li>\n<li data-start=\"1675\" data-end=\"1715\">\n<p data-start=\"1677\" data-end=\"1715\">Pallinneh\u00e5ll: 70 s\u00e4ckar \u00d7 15 kg<\/p>\n<\/li>\n<li data-start=\"1716\" data-end=\"1772\">\n<p data-start=\"1718\" data-end=\"1772\">Total nettovikt per minsta s\u00e4ndning: 21,00 t<\/p>\n<\/li>\n<\/ul>\n<p data-start=\"1774\" data-end=\"1830\">F\u00f6r att kunna planera leveransen beh\u00f6ver vi din fullst\u00e4ndiga leveransadress.<\/p>\n<h3 data-start=\"1832\" data-end=\"1883\">L\u00e4nder med den mest ekonomiska leveransen<\/h3>\n<p data-start=\"1884\" data-end=\"2075\">Tack vare v\u00e5ra strategiska produktions- och lagerplatser kan vi erbjuda mycket konkurrenskraftiga leveranspriser till:<br data-start=\"1990\" data-end=\"1993\" \/>Grekland, Rum\u00e4nien, Bulgarien, Italien, Slovenien, Slovakien, Tjeckien, Ungern.<\/p>\n<p data-start=\"2077\" data-end=\"2135\">Vi levererar till ett brett spektrum av kunder \u00e5ret runt, inklusive:<\/p>\n<ul data-start=\"2136\" data-end=\"2238\">\n<li data-start=\"2136\" data-end=\"2158\">\n<p data-start=\"2138\" data-end=\"2158\">Privata hush\u00e5ll<\/p>\n<\/li>\n<li data-start=\"2159\" data-end=\"2176\">\n<p data-start=\"2161\" data-end=\"2176\">Ink\u00f6psgrupper<\/p>\n<\/li>\n<li data-start=\"2177\" data-end=\"2190\">\n<p data-start=\"2179\" data-end=\"2190\">\u00c5terf\u00f6rs\u00e4ljare<\/p>\n<\/li>\n<li data-start=\"2191\" data-end=\"2213\">\n<p data-start=\"2193\" data-end=\"2213\">Lokala distribut\u00f6rer<\/p>\n<\/li>\n<li data-start=\"2214\" data-end=\"2238\">\n<p data-start=\"2216\" data-end=\"2238\">Kommersiella konsumenter<\/p>\n<\/li>\n<\/ul>\n<h3 data-start=\"2240\" data-end=\"2264\">S\u00e4songsbaserad priss\u00e4ttning<\/h3>\n<p data-start=\"2265\" data-end=\"2311\">Pelletspriserna fluktuerar under \u00e5ret:<\/p>\n<ul data-start=\"2312\" data-end=\"2419\">\n<li data-start=\"2312\" data-end=\"2338\">\n<p data-start=\"2314\" data-end=\"2338\">B\u00e4sta priser: Mars<\/p>\n<\/li>\n<li data-start=\"2339\" data-end=\"2380\">\n<p data-start=\"2341\" data-end=\"2380\">Gradvis \u00f6kning: April-september<\/p>\n<\/li>\n<li data-start=\"2381\" data-end=\"2419\">\n<p data-start=\"2383\" data-end=\"2419\">H\u00f6gs\u00e4song: november-februari<\/p>\n<\/li>\n<\/ul>\n<p data-start=\"2421\" data-end=\"2598\">Vi rekommenderar starkt att du fyller p\u00e5 lagret under v\u00e5ren f\u00f6r att s\u00e4kra de l\u00e4gsta priserna. Lokala leverant\u00f6rer kan ocks\u00e5 optimera vinsten genom att k\u00f6pa lager utanf\u00f6r vinterperioden med h\u00f6g efterfr\u00e5gan.<\/p>\n<p data-start=\"2600\" data-end=\"2677\">F\u00f6r att f\u00e5 tidiga prisuppdateringar, dela din e-postadress eller ditt telefonnummer med oss.<\/p>\n<hr data-start=\"2679\" data-end=\"2682\" \/>\n<h2 data-start=\"2684\" data-end=\"2739\">Ursprung och produktion av Silver Fir Virgin Pellets<\/h2>\n<p data-start=\"2741\" data-end=\"2785\">Region: Bukovina, Karpaterna<\/p>\n<p data-start=\"2787\" data-end=\"3066\">V\u00e5ra produktionsanl\u00e4ggningar f\u00f6r pellets ligger h\u00f6gt upp i Karpaterna, d\u00e4r r\u00e5varorna - rena, avbarkade sp\u00e5n av silvergran (gran) - samlas in i skogarna p\u00e5 h\u00f6glandet. Varje sats genomg\u00e5r en strikt kvalitetsinspektion av europeiska specialister och erfarna ukrainska ingenj\u00f6rer.<\/p>\n<h3 data-start=\"3068\" data-end=\"3097\">Produktionens h\u00f6jdpunkter<\/h3>\n<ul data-start=\"3098\" data-end=\"3456\">\n<li data-start=\"3098\" data-end=\"3165\">\n<p data-start=\"3100\" data-end=\"3165\">Endast sp\u00e5n av sn\u00f6vit gran (Picea abies) bearbetas<\/p>\n<\/li>\n<li data-start=\"3166\" data-end=\"3217\">\n<p data-start=\"3168\" data-end=\"3217\">Inga tillsatser eller bindemedel - ren jungfrulig biomassa<\/p>\n<\/li>\n<li data-start=\"3218\" data-end=\"3251\">\n<p data-start=\"3220\" data-end=\"3251\">Extremt l\u00e5g askhalt<\/p>\n<\/li>\n<li data-start=\"3252\" data-end=\"3284\">\n<p data-start=\"3254\" data-end=\"3284\">H\u00f6gt nettov\u00e4rmev\u00e4rde<\/p>\n<\/li>\n<li data-start=\"3285\" data-end=\"3351\">\n<p data-start=\"3287\" data-end=\"3351\">Begr\u00e4nsad produktion p\u00e5 grund av bristen p\u00e5 premiumr\u00e5varor<\/p>\n<\/li>\n<li data-start=\"3352\" data-end=\"3456\">\n<p data-start=\"3354\" data-end=\"3456\">R\u00e5varor fr\u00e5n FSC-certifierade skogsbruk som st\u00f6der en h\u00e5llbar f\u00f6rvaltning av ekosystemen<\/p>\n<\/li>\n<\/ul>\n<p data-start=\"3458\" data-end=\"3564\">Vi anv\u00e4nder endast tr\u00e4avfall som inte kan \u00e5teranv\u00e4ndas i andra industrier, vilket s\u00e4kerst\u00e4ller full h\u00e5llbarhet.<\/p>","protected":false},"excerpt":{"rendered":"<p>100% Silver Pellets Gran 15 kg<\/p>\n<p>K\u00e4nnetecken:<br \/>\nTr\u00e4: 100% FIR<br \/>\nDiameter: 6 mm<br \/>\nLuftfuktighet: \u2264 10%<br \/>\nBr\u00e4nnv\u00e4rde: 4,6 kWh\/kg<br \/>\nAskhalt: \u2264 0,5%<br \/>\nMekanisk h\u00e5llbarhet: = 98,8%<br \/>\nTillverkad i Ukraina<\/p>","protected":false},"featured_media":246,"comment_status":"open","ping_status":"closed","template":"","meta":{"_joinchat":[]},"product_brand":[],"product_cat":[137],"product_tag":[114,105,110,113,108,116,109,111,117,107,115,106,25,112,118],"class_list":{"0":"post-245","1":"product","2":"type-product","3":"status-publish","4":"has-post-thumbnail","6":"product_cat-wood-pellets","7":"product_tag-100-silver-fir-pellets-for-sale","8":"product_tag-100-silver-pellets-fir","9":"product_tag-clean-burning-fir-pellets","10":"product_tag-eco-friendly-heating-pellets","11":"product_tag-fir-heating-pellets","12":"product_tag-high-efficiency-fir-heating-pellets","13":"product_tag-high-quality-wood-pellets","14":"product_tag-low-ash-fir-pellets","15":"product_tag-low-moisture-silver-fir-pellets","16":"product_tag-premium-fir-pellets","17":"product_tag-premium-softwood-pellets-for-stoves","18":"product_tag-silver-fir-wood-pellets","19":"product_tag-softwood-pellets","20":"product_tag-sustainable-wood-pellets","21":"product_tag-top-quality-pellets-for-pellet-stoves","23":"first","24":"instock","25":"shipping-taxable","26":"product-type-external"},"_links":{"self":[{"href":"https:\/\/energypelletllc.com.ua\/sv\/wp-json\/wp\/v2\/product\/245","targetHints":{"allow":["GET"]}}],"collection":[{"href":"https:\/\/energypelletllc.com.ua\/sv\/wp-json\/wp\/v2\/product"}],"about":[{"href":"https:\/\/energypelletllc.com.ua\/sv\/wp-json\/wp\/v2\/types\/product"}],"replies":[{"embeddable":true,"href":"https:\/\/energypelletllc.com.ua\/sv\/wp-json\/wp\/v2\/comments?post=245"}],"wp:featuredmedia":[{"embeddable":true,"href":"https:\/\/energypelletllc.com.ua\/sv\/wp-json\/wp\/v2\/media\/246"}],"wp:attachment":[{"href":"https:\/\/energypelletllc.com.ua\/sv\/wp-json\/wp\/v2\/media?parent=245"}],"wp:term":[{"taxonomy":"product_brand","embeddable":true,"href":"https:\/\/energypelletllc.com.ua\/sv\/wp-json\/wp\/v2\/product_brand?post=245"},{"taxonomy":"product_cat","embeddable":true,"href":"https:\/\/energypelletllc.com.ua\/sv\/wp-json\/wp\/v2\/product_cat?post=245"},{"taxonomy":"product_tag","embeddable":true,"href":"https:\/\/energypelletllc.com.ua\/sv\/wp-json\/wp\/v2\/product_tag?post=245"}],"curies":[{"name":"wp","href":"https:\/\/api.w.org\/{rel}","templated":true}]}}