{"id":124,"date":"2025-11-04T22:18:36","date_gmt":"2025-11-04T22:18:36","guid":{"rendered":"https:\/\/energypelletllc.com.ua\/?page_id=124"},"modified":"2026-05-05T07:25:39","modified_gmt":"2026-05-05T07:25:39","slug":"bestall-leverans","status":"publish","type":"page","link":"https:\/\/energypelletllc.com.ua\/sv\/bestall-leverans\/","title":{"rendered":"Best\u00e4llning &amp; leverans"},"content":{"rendered":"<h2 data-start=\"153\" data-end=\"176\"><strong data-start=\"156\" data-end=\"176\">Best\u00e4llning &amp; leverans<\/strong><\/h2>\n<p data-start=\"178\" data-end=\"550\">Vid <strong data-start=\"181\" data-end=\"202\">LLC <\/strong><strong data-start=\"181\" data-end=\"202\">Energi Pellet <\/strong>, g\u00f6r vi processen att best\u00e4lla och ta emot v\u00e5ra produkter s\u00e5 enkel som m\u00f6jligt. <strong data-start=\"254\" data-end=\"270\">tr\u00e4pellets<\/strong> och <strong data-start=\"275\" data-end=\"287\">ved<\/strong> enkelt, transparent och effektivt. Oavsett om du k\u00f6per i bulk f\u00f6r industriell anv\u00e4ndning eller f\u00f6r distribution till detaljhandeln, s\u00e4kerst\u00e4ller v\u00e5rt logistikteam smidig och snabb leverans fr\u00e5n v\u00e5ra produktionsanl\u00e4ggningar i Ukraina till din plats var som helst i Europa eller utanf\u00f6r.<\/p>\n<h3 data-start=\"552\" data-end=\"572\"><strong data-start=\"556\" data-end=\"572\">Hur man best\u00e4ller<\/strong><\/h3>\n<ol data-start=\"574\" data-end=\"1551\">\n<li data-start=\"574\" data-end=\"772\">\n<p data-start=\"577\" data-end=\"772\"><strong data-start=\"577\" data-end=\"598\">Skicka in en f\u00f6rfr\u00e5gan<\/strong><br data-start=\"598\" data-end=\"601\" \/>Kontakta oss via e-post eller v\u00e5rt onlineformul\u00e4r med dina produktkrav - typ av pellets eller ved, kvantitet, f\u00f6rpackningspreferens och destinationshamn eller adress.<\/p>\n<\/li>\n<li data-start=\"774\" data-end=\"948\">\n<p data-start=\"777\" data-end=\"948\"><strong data-start=\"777\" data-end=\"796\">F\u00e5 en offert<\/strong><br data-start=\"796\" data-end=\"799\" \/>V\u00e5rt s\u00e4ljteam kommer omg\u00e5ende att l\u00e4mna en detaljerad offert med produktspecifikationer, priser, betalningsvillkor och ber\u00e4knad leveranstid.<\/p>\n<\/li>\n<li data-start=\"950\" data-end=\"1161\">\n<p data-start=\"953\" data-end=\"1161\"><strong data-start=\"953\" data-end=\"975\">Bekr\u00e4fta din best\u00e4llning<\/strong><br data-start=\"975\" data-end=\"978\" \/>N\u00e4r alla detaljer \u00e4r \u00f6verenskomna kommer du att f\u00e5 ett <strong data-start=\"1032\" data-end=\"1052\">Proformafaktura<\/strong> f\u00f6r bekr\u00e4ftelse. Produktion och leverans planeras omedelbart efter betalning eller enligt avtalsvillkor.<\/p>\n<\/li>\n<li data-start=\"1163\" data-end=\"1347\">\n<p data-start=\"1166\" data-end=\"1347\"><strong data-start=\"1166\" data-end=\"1198\">Produktion &amp; kvalitetskontroll<\/strong><br data-start=\"1198\" data-end=\"1201\" \/>Alla produkter genomg\u00e5r en strikt kvalitetskontroll f\u00f6re lastning f\u00f6r att s\u00e4kerst\u00e4lla att de uppfyller <b>all qualities <\/b>or customer-specific requirements.<\/p>\n<\/li>\n<li data-start=\"1349\" data-end=\"1551\">\n<p data-start=\"1352\" data-end=\"1551\"><strong data-start=\"1352\" data-end=\"1375\">Leverans och sp\u00e5rning<\/strong><br data-start=\"1375\" data-end=\"1378\" \/>Vi hanterar logistik och dokumentation f\u00f6r att garantera en s\u00e4ker leverans i tid. Du f\u00e5r fullst\u00e4ndig leveransinformation, inklusive transportsp\u00e5rning och tulldokumentation.<\/p>\n<\/li>\n<\/ol>\n<hr data-start=\"1553\" data-end=\"1556\" \/>\n<h3 data-start=\"1558\" data-end=\"1582\"><strong data-start=\"1562\" data-end=\"1582\">Leveransalternativ<\/strong><\/h3>\n<p data-start=\"1584\" data-end=\"1676\">Vi erbjuder flexibla och p\u00e5litliga leveransalternativ beroende p\u00e5 var du befinner dig och hur stor din best\u00e4llning \u00e4r:<\/p>\n<ul data-start=\"1678\" data-end=\"2063\">\n<li data-start=\"1678\" data-end=\"1814\">\n<p data-start=\"1680\" data-end=\"1814\">\ud83d\ude9b <strong data-start=\"1683\" data-end=\"1711\">P\u00e5 v\u00e4g (lastbilsleverans)<\/strong> - Idealisk f\u00f6r kunder inom Europa. Snabbt och kostnadseffektivt f\u00f6r b\u00e5de bulk- och pallf\u00f6rs\u00e4ndelser.<\/p>\n<\/li>\n<li data-start=\"1815\" data-end=\"1969\">\n<p data-start=\"1817\" data-end=\"1969\">\ud83d\udea2 <strong data-start=\"1820\" data-end=\"1851\">Till sj\u00f6ss (containerfrakt)<\/strong> - Perfekt f\u00f6r internationella best\u00e4llningar och stora volymer. Vi skickar via st\u00f6rre hamnar i Ukraina och angr\u00e4nsande l\u00e4nder.<\/p>\n<\/li>\n<li data-start=\"1970\" data-end=\"2063\">\n<p data-start=\"1972\" data-end=\"2063\">\ud83d\ude82 <strong data-start=\"1975\" data-end=\"1986\">Med t\u00e5g<\/strong> - Effektivt f\u00f6r stora industrikunder och distribut\u00f6rer i hela Europa.<\/p>\n<\/li>\n<\/ul>\n<p data-start=\"2065\" data-end=\"2331\">Alla s\u00e4ndningar \u00e4r noggrant f\u00f6rpackade f\u00f6r att bibeh\u00e5lla produktkvaliteten under transport - pellets levereras vanligtvis i <strong data-start=\"2180\" data-end=\"2193\">15 kg s\u00e4ckar<\/strong>, <strong data-start=\"2195\" data-end=\"2216\">stors\u00e4ckar (1000 kg)<\/strong>, eller <strong data-start=\"2221\" data-end=\"2235\">bulklaster<\/strong>, medan ved levereras i <strong data-start=\"2267\" data-end=\"2295\">n\u00e4t, l\u00e5dor eller pallar<\/strong> beroende p\u00e5 kundens preferenser.<\/p>\n<hr data-start=\"2333\" data-end=\"2336\" \/>\n<h3 data-start=\"2338\" data-end=\"2356\"><strong data-start=\"2342\" data-end=\"2356\">Ledande tidningar<\/strong><\/h3>\n<ul data-start=\"2358\" data-end=\"2552\">\n<li data-start=\"2358\" data-end=\"2430\">\n<p data-start=\"2360\" data-end=\"2430\"><strong data-start=\"2360\" data-end=\"2380\">Standardbest\u00e4llningar:<\/strong> 5-10 arbetsdagar f\u00f6r f\u00f6rberedelse och lastning.<\/p>\n<\/li>\n<li data-start=\"2431\" data-end=\"2552\">\n<p data-start=\"2433\" data-end=\"2552\"><strong data-start=\"2433\" data-end=\"2478\">Kundanpassade f\u00f6rpackningar eller stora kvantiteter:<\/strong> 2-3 veckor, beroende p\u00e5 produktionsschema och transporttillg\u00e4nglighet.<\/p>\n<\/li>\n<\/ul>\n<p data-start=\"2554\" data-end=\"2688\">V\u00e5rt logistikteam \u00f6vervakar st\u00e4ndigt gr\u00e4ns- och hamnf\u00f6rh\u00e5llanden f\u00f6r att minimera f\u00f6rseningar och s\u00e4kerst\u00e4lla tillf\u00f6rlitliga leveranser under hela \u00e5ret.<\/p>\n<hr data-start=\"2690\" data-end=\"2693\" \/>\n<h3 data-start=\"2695\" data-end=\"2716\"><strong data-start=\"2699\" data-end=\"2716\">Betalningsvillkor<\/strong><\/h3>\n<p data-start=\"2718\" data-end=\"2799\">Vi erbjuder flexibla betalningsalternativ som baseras p\u00e5 ordervolym och kundpartnerskap:<\/p>\n<ul data-start=\"2801\" data-end=\"2987\">\n<li data-start=\"2801\" data-end=\"2849\">\n<p data-start=\"2803\" data-end=\"2849\"><strong data-start=\"2803\" data-end=\"2822\">F\u00f6rskottsbetalning<\/strong> f\u00f6r f\u00f6rstag\u00e5ngskunder<\/p>\n<\/li>\n<li data-start=\"2850\" data-end=\"2917\">\n<p data-start=\"2852\" data-end=\"2917\"><strong data-start=\"2852\" data-end=\"2896\">Delvis f\u00f6rskottsbetalning \/ balans vid leverans<\/strong> f\u00f6r \u00e5terkommande kunder<\/p>\n<\/li>\n<\/ul>\n<p data-start=\"2989\" data-end=\"3051\">Alla transaktioner hanteras p\u00e5 ett s\u00e4kert s\u00e4tt i <strong data-start=\"3030\" data-end=\"3037\">EUR<\/strong> eller <strong data-start=\"3041\" data-end=\"3048\">USD<\/strong>.<\/p>\n<hr data-start=\"3053\" data-end=\"3056\" \/>\n<h3 data-start=\"3058\" data-end=\"3082\"><strong data-start=\"3062\" data-end=\"3082\">Kundtj\u00e4nst<\/strong><\/h3>\n<p data-start=\"3084\" data-end=\"3309\">Fr\u00e5n din f\u00f6rsta f\u00f6rfr\u00e5gan till ankomsten av dina varor ger v\u00e5rt team fullt st\u00f6d i varje steg. Vi hj\u00e4lper till med tulldokumentation, transportarrangemang och eftermarknadsservice f\u00f6r att s\u00e4kerst\u00e4lla att du blir helt n\u00f6jd.<\/p>\n<p data-start=\"3311\" data-end=\"3416\">F\u00f6r f\u00f6rfr\u00e5gningar och best\u00e4llningar, v\u00e4nligen kontakta:<br data-start=\"3352\" data-end=\"3355\" \/>\ud83d\udce7 <strong>sales@energypelletllc.com.ua<\/strong><br data-start=\"3386\" data-end=\"3389\" \/>\ud83d\udcde <strong>+380947100558<\/strong><\/p>","protected":false},"excerpt":{"rendered":"<p>Order &amp; Delivery At LLC Energy Pellet , we make the process of ordering and receiving our wood pellets and firewood simple, transparent, and efficient. Whether you are purchasing in bulk for industrial use or for retail distribution, our logistics team ensures smooth and timely delivery from our production facilities in Ukraine to your location [&#8230;]\n","protected":false},"author":1,"featured_media":0,"parent":0,"menu_order":0,"comment_status":"closed","ping_status":"closed","template":"","meta":{"_joinchat":[],"footnotes":""},"class_list":["post-124","page","type-page","status-publish","hentry"],"_hostinger_reach_plugin_has_subscription_block":false,"_hostinger_reach_plugin_is_elementor":false,"_links":{"self":[{"href":"https:\/\/energypelletllc.com.ua\/sv\/wp-json\/wp\/v2\/pages\/124","targetHints":{"allow":["GET"]}}],"collection":[{"href":"https:\/\/energypelletllc.com.ua\/sv\/wp-json\/wp\/v2\/pages"}],"about":[{"href":"https:\/\/energypelletllc.com.ua\/sv\/wp-json\/wp\/v2\/types\/page"}],"author":[{"embeddable":true,"href":"https:\/\/energypelletllc.com.ua\/sv\/wp-json\/wp\/v2\/users\/1"}],"replies":[{"embeddable":true,"href":"https:\/\/energypelletllc.com.ua\/sv\/wp-json\/wp\/v2\/comments?post=124"}],"version-history":[{"count":8,"href":"https:\/\/energypelletllc.com.ua\/sv\/wp-json\/wp\/v2\/pages\/124\/revisions"}],"predecessor-version":[{"id":417,"href":"https:\/\/energypelletllc.com.ua\/sv\/wp-json\/wp\/v2\/pages\/124\/revisions\/417"}],"wp:attachment":[{"href":"https:\/\/energypelletllc.com.ua\/sv\/wp-json\/wp\/v2\/media?parent=124"}],"curies":[{"name":"wp","href":"https:\/\/api.w.org\/{rel}","templated":true}]}}