{"id":290,"date":"2026-02-20T17:20:43","date_gmt":"2026-02-20T17:20:43","guid":{"rendered":"https:\/\/energypelletllc.com.ua\/?post_type=product&#038;p=290"},"modified":"2026-03-11T07:58:51","modified_gmt":"2026-03-11T07:58:51","slug":"deska-strugana-sosna-suszona-piecowo-1m3","status":"publish","type":"product","link":"https:\/\/energypelletllc.com.ua\/pl\/product\/deska-strugana-sosna-suszona-piecowo-1m3\/","title":{"rendered":"Deska strugana sosna suszona piecowo 1m3"},"content":{"rendered":"<h4>Deska strugana sosna suszona piecowo 1m3<\/h4>\n<p>Wdra\u017canie tarcicy jest naszym g\u0142\u00f3wnym obszarem dzia\u0142alno\u015bci. Ju\u017c teraz, bez najmniejszych trudno\u015bci, mo\u017cesz\u00a0<strong>buy an\u00a0planed\u00a0board<\/strong>\u00a0<strong>kiln dried<\/strong>\u00a0od nas w najlepszych cenach. Sprzedajemy tylko najwy\u017cszej jako\u015bci tarcic\u0119, po cenach znacznie ni\u017cszych ni\u017c inni producenci w Ukrainie.<\/p>\n<p>Planed\u00a0board kiln dried 8-10% has a high degree of processing, and is most often used in construction. We get the edged board as a result of sawing pine logs. We carry out the cut on modern wide-band and circular sawmills of European production. At the exit, the board is flat, without a wave, has no flaws. It is worth noting that it is impossible to achieve such an ideal result at domestic sawmills.<\/p>\n<p>The product is manufactured with a thickness of 20 to 200 mm, and a width of 20 to 200 mm, a length of 4 m. During construction, choose the optimal dimensions, so that the planed kiln dried timber fits the parameters of the structure being built, the structure and at the same time gives it the necessary strength and reliability.<\/p>\n<p>In addition to the fact that the planed kiln dried board varies in size, it is also segmented by the type of wood itself. Both surface cleanliness and quality, the number of processing processes that the tree species underwent, are taken into account.<\/p>\n<h4>Kalkulator tarcicy<\/h4>\n<p>Tabela do obliczania tarcicy: ile desek i drewna w 1 metrze sze\u015bciennym, powierzchnia i obj\u0119to\u015b\u0107 deski w przekroju poprzecznym:<\/p>\n<table border=\"1\" width=\"454\" cellspacing=\"0\" cellpadding=\"0\">\n<colgroup>\n<col span=\"3\" width=\"64\" \/>\n<col width=\"88\" \/>\n<col width=\"110\" \/>\n<col width=\"64\" \/><\/colgroup>\n<tbody>\n<tr>\n<td width=\"64\" height=\"20\"><b>Grubo\u015b\u0107<\/b><\/td>\n<td width=\"64\"><b>Szeroko\u015b\u0107<\/b><\/td>\n<td width=\"64\"><b>D\u0142ugo\u015b\u0107<\/b><\/td>\n<td width=\"88\"><b>Obj\u0119to\u015b\u0107, m3<\/b><\/td>\n<td width=\"110\"><b>Powierzchnia, m2<\/b><\/td>\n<td width=\"64\"><b>sztuka w 1m3<\/b><\/td>\n<\/tr>\n<tr>\n<td align=\"right\" height=\"20\">200<\/td>\n<td align=\"right\">200<\/td>\n<td align=\"right\">4000<\/td>\n<td class=\"xl67\" align=\"right\">0,160<\/td>\n<td class=\"xl66\" align=\"right\">0,80<\/td>\n<td class=\"xl65\" align=\"right\">6,3<\/td>\n<\/tr>\n<tr>\n<td align=\"right\" height=\"20\">175<\/td>\n<td align=\"right\">175<\/td>\n<td align=\"right\">4000<\/td>\n<td class=\"xl67\" align=\"right\">0,123<\/td>\n<td class=\"xl66\" align=\"right\">0,70<\/td>\n<td class=\"xl65\" align=\"right\">8,2<\/td>\n<\/tr>\n<tr>\n<td align=\"right\" height=\"20\">150<\/td>\n<td align=\"right\">150<\/td>\n<td align=\"right\">4000<\/td>\n<td class=\"xl67\" align=\"right\">0,090<\/td>\n<td class=\"xl66\" align=\"right\">0,60<\/td>\n<td class=\"xl65\" align=\"right\">11,1<\/td>\n<\/tr>\n<tr>\n<td align=\"right\" height=\"20\">125<\/td>\n<td align=\"right\">125<\/td>\n<td align=\"right\">4000<\/td>\n<td class=\"xl67\" align=\"right\">0,063<\/td>\n<td class=\"xl66\" align=\"right\">0,50<\/td>\n<td class=\"xl65\" align=\"right\">16,0<\/td>\n<\/tr>\n<tr>\n<td align=\"right\" height=\"20\">100<\/td>\n<td align=\"right\">250<\/td>\n<td align=\"right\">4000<\/td>\n<td class=\"xl67\" align=\"right\">0,100<\/td>\n<td class=\"xl66\" align=\"right\">1,00<\/td>\n<td class=\"xl65\" align=\"right\">10,0<\/td>\n<\/tr>\n<tr>\n<td align=\"right\" height=\"20\">100<\/td>\n<td align=\"right\">200<\/td>\n<td align=\"right\">4000<\/td>\n<td class=\"xl67\" align=\"right\">0,080<\/td>\n<td class=\"xl66\" align=\"right\">0,80<\/td>\n<td class=\"xl65\" align=\"right\">12,5<\/td>\n<\/tr>\n<tr>\n<td align=\"right\" height=\"20\">100<\/td>\n<td align=\"right\">150<\/td>\n<td align=\"right\">4000<\/td>\n<td class=\"xl67\" align=\"right\">0,060<\/td>\n<td class=\"xl66\" align=\"right\">0,60<\/td>\n<td class=\"xl65\" align=\"right\">16,7<\/td>\n<\/tr>\n<tr>\n<td align=\"right\" height=\"20\">100<\/td>\n<td align=\"right\">100<\/td>\n<td align=\"right\">4000<\/td>\n<td class=\"xl67\" align=\"right\">0,040<\/td>\n<td class=\"xl66\" align=\"right\">0,40<\/td>\n<td class=\"xl65\" align=\"right\">25,0<\/td>\n<\/tr>\n<tr>\n<td align=\"right\" height=\"20\">75<\/td>\n<td align=\"right\">250<\/td>\n<td align=\"right\">4000<\/td>\n<td class=\"xl67\" align=\"right\">0,075<\/td>\n<td class=\"xl66\" align=\"right\">1,00<\/td>\n<td class=\"xl65\" align=\"right\">13,3<\/td>\n<\/tr>\n<tr>\n<td align=\"right\" height=\"20\">75<\/td>\n<td align=\"right\">225<\/td>\n<td align=\"right\">4000<\/td>\n<td class=\"xl67\" align=\"right\">0,068<\/td>\n<td class=\"xl66\" align=\"right\">0,90<\/td>\n<td class=\"xl65\" align=\"right\">14,8<\/td>\n<\/tr>\n<tr>\n<td align=\"right\" height=\"20\">75<\/td>\n<td align=\"right\">200<\/td>\n<td align=\"right\">4000<\/td>\n<td class=\"xl67\" align=\"right\">0,060<\/td>\n<td class=\"xl66\" align=\"right\">0,80<\/td>\n<td class=\"xl65\" align=\"right\">16,7<\/td>\n<\/tr>\n<tr>\n<td align=\"right\" height=\"20\">75<\/td>\n<td align=\"right\">175<\/td>\n<td align=\"right\">4000<\/td>\n<td class=\"xl67\" align=\"right\">0,053<\/td>\n<td class=\"xl66\" align=\"right\">0,70<\/td>\n<td class=\"xl65\" align=\"right\">19,0<\/td>\n<\/tr>\n<tr>\n<td align=\"right\" height=\"20\">75<\/td>\n<td align=\"right\">150<\/td>\n<td align=\"right\">4000<\/td>\n<td class=\"xl67\" align=\"right\">0,045<\/td>\n<td class=\"xl66\" align=\"right\">0,60<\/td>\n<td class=\"xl65\" align=\"right\">22,2<\/td>\n<\/tr>\n<tr>\n<td align=\"right\" height=\"20\">75<\/td>\n<td align=\"right\">125<\/td>\n<td align=\"right\">4000<\/td>\n<td class=\"xl67\" align=\"right\">0,038<\/td>\n<td class=\"xl66\" align=\"right\">0,50<\/td>\n<td class=\"xl65\" align=\"right\">26,7<\/td>\n<\/tr>\n<tr>\n<td align=\"right\" height=\"20\">75<\/td>\n<td align=\"right\">100<\/td>\n<td align=\"right\">4000<\/td>\n<td class=\"xl67\" align=\"right\">0,030<\/td>\n<td class=\"xl66\" align=\"right\">0,40<\/td>\n<td class=\"xl65\" align=\"right\">33,3<\/td>\n<\/tr>\n<tr>\n<td align=\"right\" height=\"20\">75<\/td>\n<td align=\"right\">75<\/td>\n<td align=\"right\">4000<\/td>\n<td class=\"xl67\" align=\"right\">0,023<\/td>\n<td class=\"xl66\" align=\"right\">0,30<\/td>\n<td class=\"xl65\" align=\"right\">44,4<\/td>\n<\/tr>\n<tr>\n<td align=\"right\" height=\"20\">50<\/td>\n<td align=\"right\">50<\/td>\n<td align=\"right\">4000<\/td>\n<td class=\"xl67\" align=\"right\">0,010<\/td>\n<td class=\"xl66\" align=\"right\">0,20<\/td>\n<td class=\"xl65\" align=\"right\">100,0<\/td>\n<\/tr>\n<tr>\n<td align=\"right\" height=\"20\">50<\/td>\n<td align=\"right\">75<\/td>\n<td align=\"right\">4000<\/td>\n<td class=\"xl67\" align=\"right\">0,015<\/td>\n<td class=\"xl66\" align=\"right\">0,30<\/td>\n<td class=\"xl65\" align=\"right\">66,7<\/td>\n<\/tr>\n<tr>\n<td align=\"right\" height=\"20\">50<\/td>\n<td align=\"right\">90<\/td>\n<td align=\"right\">4000<\/td>\n<td class=\"xl67\" align=\"right\">0,018<\/td>\n<td class=\"xl66\" align=\"right\">0,36<\/td>\n<td class=\"xl65\" align=\"right\">55,6<\/td>\n<\/tr>\n<tr>\n<td align=\"right\" height=\"20\">50<\/td>\n<td align=\"right\">100<\/td>\n<td align=\"right\">4000<\/td>\n<td class=\"xl67\" align=\"right\">0,020<\/td>\n<td class=\"xl66\" align=\"right\">0,40<\/td>\n<td class=\"xl65\" align=\"right\">50,0<\/td>\n<\/tr>\n<tr>\n<td align=\"right\" height=\"20\">50<\/td>\n<td align=\"right\">115<\/td>\n<td align=\"right\">4000<\/td>\n<td class=\"xl67\" align=\"right\">0,023<\/td>\n<td class=\"xl66\" align=\"right\">0,46<\/td>\n<td class=\"xl65\" align=\"right\">43,5<\/td>\n<\/tr>\n<tr>\n<td align=\"right\" height=\"20\">50<\/td>\n<td align=\"right\">125<\/td>\n<td align=\"right\">4000<\/td>\n<td class=\"xl67\" align=\"right\">0,025<\/td>\n<td class=\"xl66\" align=\"right\">0,50<\/td>\n<td class=\"xl65\" align=\"right\">40,0<\/td>\n<\/tr>\n<tr>\n<td align=\"right\" height=\"20\">50<\/td>\n<td align=\"right\">135<\/td>\n<td align=\"right\">4000<\/td>\n<td class=\"xl67\" align=\"right\">0,027<\/td>\n<td class=\"xl66\" align=\"right\">0,54<\/td>\n<td class=\"xl65\" align=\"right\">37,0<\/td>\n<\/tr>\n<tr>\n<td align=\"right\" height=\"20\">50<\/td>\n<td align=\"right\">150<\/td>\n<td align=\"right\">4000<\/td>\n<td class=\"xl67\" align=\"right\">0,030<\/td>\n<td class=\"xl66\" align=\"right\">0,60<\/td>\n<td class=\"xl65\" align=\"right\">33,3<\/td>\n<\/tr>\n<tr>\n<td align=\"right\" height=\"20\">50<\/td>\n<td align=\"right\">175<\/td>\n<td align=\"right\">4000<\/td>\n<td class=\"xl67\" align=\"right\">0,035<\/td>\n<td class=\"xl66\" align=\"right\">0,70<\/td>\n<td class=\"xl65\" align=\"right\">28,6<\/td>\n<\/tr>\n<tr>\n<td align=\"right\" height=\"20\">50<\/td>\n<td align=\"right\">200<\/td>\n<td align=\"right\">4000<\/td>\n<td class=\"xl67\" align=\"right\">0,040<\/td>\n<td class=\"xl66\" align=\"right\">0,80<\/td>\n<td class=\"xl65\" align=\"right\">25,0<\/td>\n<\/tr>\n<tr>\n<td align=\"right\" height=\"20\">50<\/td>\n<td align=\"right\">225<\/td>\n<td align=\"right\">4000<\/td>\n<td class=\"xl67\" align=\"right\">0,045<\/td>\n<td class=\"xl66\" align=\"right\">0,90<\/td>\n<td class=\"xl65\" align=\"right\">22,2<\/td>\n<\/tr>\n<tr>\n<td align=\"right\" height=\"20\">50<\/td>\n<td align=\"right\">250<\/td>\n<td align=\"right\">4000<\/td>\n<td class=\"xl67\" align=\"right\">0,050<\/td>\n<td class=\"xl66\" align=\"right\">1,00<\/td>\n<td class=\"xl65\" align=\"right\">20,0<\/td>\n<\/tr>\n<tr>\n<td align=\"right\" height=\"20\">40<\/td>\n<td align=\"right\">40<\/td>\n<td align=\"right\">4000<\/td>\n<td class=\"xl67\" align=\"right\">0,006<\/td>\n<td class=\"xl66\" align=\"right\">0,16<\/td>\n<td class=\"xl65\" align=\"right\">156,3<\/td>\n<\/tr>\n<tr>\n<td align=\"right\" height=\"20\">40<\/td>\n<td align=\"right\">50<\/td>\n<td align=\"right\">4000<\/td>\n<td class=\"xl67\" align=\"right\">0,008<\/td>\n<td class=\"xl66\" align=\"right\">0,20<\/td>\n<td class=\"xl65\" align=\"right\">125,0<\/td>\n<\/tr>\n<tr>\n<td align=\"right\" height=\"20\">40<\/td>\n<td align=\"right\">75<\/td>\n<td align=\"right\">4000<\/td>\n<td class=\"xl67\" align=\"right\">0,012<\/td>\n<td class=\"xl66\" align=\"right\">0,30<\/td>\n<td class=\"xl65\" align=\"right\">83,3<\/td>\n<\/tr>\n<tr>\n<td align=\"right\" height=\"20\">40<\/td>\n<td align=\"right\">100<\/td>\n<td align=\"right\">4000<\/td>\n<td class=\"xl67\" align=\"right\">0,016<\/td>\n<td class=\"xl66\" align=\"right\">0,40<\/td>\n<td class=\"xl65\" align=\"right\">62,5<\/td>\n<\/tr>\n<tr>\n<td align=\"right\" height=\"20\">40<\/td>\n<td align=\"right\">125<\/td>\n<td align=\"right\">4000<\/td>\n<td class=\"xl67\" align=\"right\">0,020<\/td>\n<td class=\"xl66\" align=\"right\">0,50<\/td>\n<td class=\"xl65\" align=\"right\">50,0<\/td>\n<\/tr>\n<tr>\n<td align=\"right\" height=\"20\">40<\/td>\n<td align=\"right\">150<\/td>\n<td align=\"right\">4000<\/td>\n<td class=\"xl67\" align=\"right\">0,024<\/td>\n<td class=\"xl66\" align=\"right\">0,60<\/td>\n<td class=\"xl65\" align=\"right\">41,7<\/td>\n<\/tr>\n<tr>\n<td align=\"right\" height=\"20\">40<\/td>\n<td align=\"right\">175<\/td>\n<td align=\"right\">4000<\/td>\n<td class=\"xl67\" align=\"right\">0,028<\/td>\n<td class=\"xl66\" align=\"right\">0,70<\/td>\n<td class=\"xl65\" align=\"right\">35,7<\/td>\n<\/tr>\n<tr>\n<td align=\"right\" height=\"20\">40<\/td>\n<td align=\"right\">200<\/td>\n<td align=\"right\">4000<\/td>\n<td class=\"xl67\" align=\"right\">0,032<\/td>\n<td class=\"xl66\" align=\"right\">0,80<\/td>\n<td class=\"xl65\" align=\"right\">31,3<\/td>\n<\/tr>\n<tr>\n<td align=\"right\" height=\"20\">40<\/td>\n<td align=\"right\">225<\/td>\n<td align=\"right\">4000<\/td>\n<td class=\"xl67\" align=\"right\">0,036<\/td>\n<td class=\"xl66\" align=\"right\">0,90<\/td>\n<td class=\"xl65\" align=\"right\">27,8<\/td>\n<\/tr>\n<tr>\n<td align=\"right\" height=\"20\">40<\/td>\n<td align=\"right\">250<\/td>\n<td align=\"right\">4000<\/td>\n<td class=\"xl67\" align=\"right\">0,040<\/td>\n<td class=\"xl66\" align=\"right\">1,00<\/td>\n<td class=\"xl65\" align=\"right\">25,0<\/td>\n<\/tr>\n<tr>\n<td align=\"right\" height=\"20\">30<\/td>\n<td align=\"right\">30<\/td>\n<td align=\"right\">4000<\/td>\n<td class=\"xl67\" align=\"right\">0,004<\/td>\n<td class=\"xl66\" align=\"right\">0,12<\/td>\n<td class=\"xl65\" align=\"right\">277,8<\/td>\n<\/tr>\n<tr>\n<td align=\"right\" height=\"20\">30<\/td>\n<td align=\"right\">50<\/td>\n<td align=\"right\">4000<\/td>\n<td class=\"xl67\" align=\"right\">0,006<\/td>\n<td class=\"xl66\" align=\"right\">0,20<\/td>\n<td class=\"xl65\" align=\"right\">166,7<\/td>\n<\/tr>\n<tr>\n<td align=\"right\" height=\"20\">30<\/td>\n<td align=\"right\">75<\/td>\n<td align=\"right\">4000<\/td>\n<td class=\"xl67\" align=\"right\">0,009<\/td>\n<td class=\"xl66\" align=\"right\">0,30<\/td>\n<td class=\"xl65\" align=\"right\">111,1<\/td>\n<\/tr>\n<tr>\n<td align=\"right\" height=\"20\">30<\/td>\n<td align=\"right\">100<\/td>\n<td align=\"right\">4000<\/td>\n<td class=\"xl67\" align=\"right\">0,012<\/td>\n<td class=\"xl66\" align=\"right\">0,40<\/td>\n<td class=\"xl65\" align=\"right\">83,3<\/td>\n<\/tr>\n<tr>\n<td align=\"right\" height=\"20\">30<\/td>\n<td align=\"right\">125<\/td>\n<td align=\"right\">4000<\/td>\n<td class=\"xl67\" align=\"right\">0,015<\/td>\n<td class=\"xl66\" align=\"right\">0,50<\/td>\n<td class=\"xl65\" align=\"right\">66,7<\/td>\n<\/tr>\n<tr>\n<td align=\"right\" height=\"20\">30<\/td>\n<td align=\"right\">150<\/td>\n<td align=\"right\">4000<\/td>\n<td class=\"xl67\" align=\"right\">0,018<\/td>\n<td class=\"xl66\" align=\"right\">0,60<\/td>\n<td class=\"xl65\" align=\"right\">55,6<\/td>\n<\/tr>\n<tr>\n<td align=\"right\" height=\"20\">30<\/td>\n<td align=\"right\">175<\/td>\n<td align=\"right\">4000<\/td>\n<td class=\"xl67\" align=\"right\">0,021<\/td>\n<td class=\"xl66\" align=\"right\">0,70<\/td>\n<td class=\"xl65\" align=\"right\">47,6<\/td>\n<\/tr>\n<tr>\n<td align=\"right\" height=\"20\">30<\/td>\n<td align=\"right\">200<\/td>\n<td align=\"right\">4000<\/td>\n<td class=\"xl67\" align=\"right\">0,024<\/td>\n<td class=\"xl66\" align=\"right\">0,80<\/td>\n<td class=\"xl65\" align=\"right\">41,7<\/td>\n<\/tr>\n<tr>\n<td align=\"right\" height=\"20\">30<\/td>\n<td align=\"right\">225<\/td>\n<td align=\"right\">4000<\/td>\n<td class=\"xl67\" align=\"right\">0,027<\/td>\n<td class=\"xl66\" align=\"right\">0,90<\/td>\n<td class=\"xl65\" align=\"right\">37,0<\/td>\n<\/tr>\n<tr>\n<td align=\"right\" height=\"20\">30<\/td>\n<td align=\"right\">250<\/td>\n<td align=\"right\">4000<\/td>\n<td class=\"xl67\" align=\"right\">0,030<\/td>\n<td class=\"xl66\" align=\"right\">1,00<\/td>\n<td class=\"xl65\" align=\"right\">33,3<\/td>\n<\/tr>\n<tr>\n<td align=\"right\" height=\"20\">25<\/td>\n<td align=\"right\">50<\/td>\n<td align=\"right\">4000<\/td>\n<td class=\"xl67\" align=\"right\">0,005<\/td>\n<td class=\"xl66\" align=\"right\">0,20<\/td>\n<td class=\"xl65\" align=\"right\">200,0<\/td>\n<\/tr>\n<tr>\n<td align=\"right\" height=\"20\">25<\/td>\n<td align=\"right\">75<\/td>\n<td align=\"right\">4000<\/td>\n<td class=\"xl67\" align=\"right\">0,008<\/td>\n<td class=\"xl66\" align=\"right\">0,30<\/td>\n<td class=\"xl65\" align=\"right\">133,3<\/td>\n<\/tr>\n<tr>\n<td align=\"right\" height=\"20\">25<\/td>\n<td align=\"right\">100<\/td>\n<td align=\"right\">4000<\/td>\n<td class=\"xl67\" align=\"right\">0,010<\/td>\n<td class=\"xl66\" align=\"right\">0,40<\/td>\n<td class=\"xl65\" align=\"right\">100,0<\/td>\n<\/tr>\n<tr>\n<td align=\"right\" height=\"20\">25<\/td>\n<td align=\"right\">125<\/td>\n<td align=\"right\">4000<\/td>\n<td class=\"xl67\" align=\"right\">0,013<\/td>\n<td class=\"xl66\" align=\"right\">0,50<\/td>\n<td class=\"xl65\" align=\"right\">80,0<\/td>\n<\/tr>\n<tr>\n<td align=\"right\" height=\"20\">25<\/td>\n<td align=\"right\">150<\/td>\n<td align=\"right\">4000<\/td>\n<td class=\"xl67\" align=\"right\">0,015<\/td>\n<td class=\"xl66\" align=\"right\">0,60<\/td>\n<td class=\"xl65\" align=\"right\">66,7<\/td>\n<\/tr>\n<tr>\n<td align=\"right\" height=\"20\">25<\/td>\n<td align=\"right\">175<\/td>\n<td align=\"right\">4000<\/td>\n<td class=\"xl67\" align=\"right\">0,018<\/td>\n<td class=\"xl66\" align=\"right\">0,70<\/td>\n<td class=\"xl65\" align=\"right\">57,1<\/td>\n<\/tr>\n<tr>\n<td align=\"right\" height=\"20\">25<\/td>\n<td align=\"right\">200<\/td>\n<td align=\"right\">4000<\/td>\n<td class=\"xl67\" align=\"right\">0,020<\/td>\n<td class=\"xl66\" align=\"right\">0,80<\/td>\n<td class=\"xl65\" align=\"right\">50,0<\/td>\n<\/tr>\n<tr>\n<td align=\"right\" height=\"20\">25<\/td>\n<td align=\"right\">225<\/td>\n<td align=\"right\">4000<\/td>\n<td class=\"xl67\" align=\"right\">0,023<\/td>\n<td class=\"xl66\" align=\"right\">0,90<\/td>\n<td class=\"xl65\" align=\"right\">44,4<\/td>\n<\/tr>\n<tr>\n<td align=\"right\" height=\"20\">25<\/td>\n<td align=\"right\">250<\/td>\n<td align=\"right\">4000<\/td>\n<td class=\"xl67\" align=\"right\">0,025<\/td>\n<td class=\"xl66\" align=\"right\">1,00<\/td>\n<td class=\"xl65\" align=\"right\">40,0<\/td>\n<\/tr>\n<tr>\n<td align=\"right\" height=\"20\">20<\/td>\n<td align=\"right\">75<\/td>\n<td align=\"right\">4000<\/td>\n<td class=\"xl67\" align=\"right\">0,006<\/td>\n<td class=\"xl66\" align=\"right\">0,30<\/td>\n<td class=\"xl65\" align=\"right\">166,7<\/td>\n<\/tr>\n<tr>\n<td align=\"right\" height=\"20\">20<\/td>\n<td align=\"right\">100<\/td>\n<td align=\"right\">4000<\/td>\n<td class=\"xl67\" align=\"right\">0,008<\/td>\n<td class=\"xl66\" align=\"right\">0,40<\/td>\n<td class=\"xl65\" align=\"right\">125,0<\/td>\n<\/tr>\n<tr>\n<td align=\"right\" height=\"20\">20<\/td>\n<td align=\"right\">125<\/td>\n<td align=\"right\">4000<\/td>\n<td class=\"xl67\" align=\"right\">0,010<\/td>\n<td class=\"xl66\" align=\"right\">0,50<\/td>\n<td class=\"xl65\" align=\"right\">100,0<\/td>\n<\/tr>\n<tr>\n<td align=\"right\" height=\"20\">20<\/td>\n<td align=\"right\">150<\/td>\n<td align=\"right\">4000<\/td>\n<td class=\"xl67\" align=\"right\">0,012<\/td>\n<td class=\"xl66\" align=\"right\">0,60<\/td>\n<td class=\"xl65\" align=\"right\">83,3<\/td>\n<\/tr>\n<tr>\n<td align=\"right\" height=\"20\">15<\/td>\n<td align=\"right\">75<\/td>\n<td align=\"right\">4000<\/td>\n<td class=\"xl67\" align=\"right\">0,005<\/td>\n<td class=\"xl66\" align=\"right\">0,30<\/td>\n<td class=\"xl65\" align=\"right\">222,2<\/td>\n<\/tr>\n<tr>\n<td align=\"right\" height=\"20\">15<\/td>\n<td align=\"right\">100<\/td>\n<td align=\"right\">4000<\/td>\n<td class=\"xl67\" align=\"right\">0,006<\/td>\n<td class=\"xl66\" align=\"right\">0,40<\/td>\n<td class=\"xl65\" align=\"right\">166,7<\/td>\n<\/tr>\n<tr>\n<td align=\"right\" height=\"20\">15<\/td>\n<td align=\"right\">125<\/td>\n<td align=\"right\">4000<\/td>\n<td class=\"xl67\" align=\"right\">0,008<\/td>\n<td class=\"xl66\" align=\"right\">0,50<\/td>\n<td class=\"xl65\" align=\"right\">133,3<\/td>\n<\/tr>\n<tr>\n<td align=\"right\" height=\"20\">15<\/td>\n<td align=\"right\">150<\/td>\n<td align=\"right\">4000<\/td>\n<td class=\"xl67\" align=\"right\">0,009<\/td>\n<td class=\"xl66\" align=\"right\">0,60<\/td>\n<td class=\"xl65\" align=\"right\">111,1<\/td>\n<\/tr>\n<\/tbody>\n<\/table>\n<h4><\/h4>\n<h4>Nasz internetowy supermarket z tarcic\u0105 gwarantuje okazje<\/h4>\n<p>There is no need to take risks, trusting untrusted, unreliable sellers of lumber. It\u2019s easy to pay a large sum and get a low-quality product. If you plan to purchase edged boards, trust our supermarket. It is with us on sale freshly cut edged (pine) board of high quality at a low price.<\/p>\n<h4>Nie zdecydowa\u0142e\u015b si\u0119 na zakup?<\/h4>\n<p>Sprawd\u017a zalety naszego supermarketu z tarcic\u0105, a wszelkie w\u0105tpliwo\u015bci znikn\u0105:<\/p>\n<p>1. Planed kiln dried pine board for sale directly from the Ukrainian woodworking enterprise energypelletllc.com.ua. European equipment has been installed at the plant:<\/p>\n<p>- Pilarka szerokota\u015bmowa Wood-Mizer WB2000 Pilarka przemys\u0142owa (Titan).<\/p>\n<p>- Pilarki tarczowe Wood-Mizer EG800.<\/p>\n<p>- Maszyna czterostronna Wood-Mizer MP 360.<\/p>\n<p>2. You can not decide on the size, volume of required lumber? Our experts will help you calculate, for example, how many boards in a cube and how many cubes you need. You can always count on the help of a specialist.<\/p>\n<p>3. Nasz supermarket oferuje kilka metod dostawy do wyboru. Je\u015bli chcesz, mo\u017cesz skorzysta\u0107 z us\u0142ug ukrai\u0144skiego przewo\u017anika lub zam\u00f3wi\u0107 dostaw\u0119 transportem naszej firmy. Dostawa jest realizowana tak szybko, jak to mo\u017cliwe na terytorium Ukrainy.<\/p>\n<p>4. Buy from us a planed board kiln dried pine 4 meters long. Surely you will need other edged lumber. Among the large assortment on our website, you will definitely find the right product.<\/p>","protected":false},"excerpt":{"rendered":"<p>Deska strugana sosna suszona piecowo 1m3<\/p>\n<table style=\"height: 181px;\" width=\"498\">\n<thead>\n<tr>\n<th><strong>Specyfikacja<\/strong><\/th>\n<th><strong>Szczeg\u00f3\u0142y<\/strong><\/th>\n<\/tr>\n<\/thead>\n<tbody>\n<tr>\n<td>Typ ci\u0119cia profilu<\/td>\n<td>Prostok\u0105tny<\/td>\n<\/tr>\n<tr>\n<td>Klasa<\/td>\n<td>A, B, C<\/td>\n<\/tr>\n<tr>\n<td>Quality<\/td>\n<td>Kiln-dried<\/td>\n<\/tr>\n<tr>\n<td>Typ<\/td>\n<td>Ca\u0142o\u015b\u0107<\/td>\n<\/tr>\n<tr>\n<td>Wilgotno\u015b\u0107<\/td>\n<td>10\u201312%<\/td>\n<\/tr>\n<tr>\n<td>Ilo\u015b\u0107 w opakowaniu<\/td>\n<td>Bez opakowania<\/td>\n<\/tr>\n<\/tbody>\n<\/table>","protected":false},"featured_media":291,"comment_status":"open","ping_status":"closed","template":"","meta":{"_joinchat":[]},"product_brand":[],"product_cat":[129],"product_tag":[],"class_list":{"0":"post-290","1":"product","2":"type-product","3":"status-publish","4":"has-post-thumbnail","6":"product_cat-lumber","8":"first","9":"instock","10":"shipping-taxable","11":"product-type-external"},"_links":{"self":[{"href":"https:\/\/energypelletllc.com.ua\/pl\/wp-json\/wp\/v2\/product\/290","targetHints":{"allow":["GET"]}}],"collection":[{"href":"https:\/\/energypelletllc.com.ua\/pl\/wp-json\/wp\/v2\/product"}],"about":[{"href":"https:\/\/energypelletllc.com.ua\/pl\/wp-json\/wp\/v2\/types\/product"}],"replies":[{"embeddable":true,"href":"https:\/\/energypelletllc.com.ua\/pl\/wp-json\/wp\/v2\/comments?post=290"}],"wp:featuredmedia":[{"embeddable":true,"href":"https:\/\/energypelletllc.com.ua\/pl\/wp-json\/wp\/v2\/media\/291"}],"wp:attachment":[{"href":"https:\/\/energypelletllc.com.ua\/pl\/wp-json\/wp\/v2\/media?parent=290"}],"wp:term":[{"taxonomy":"product_brand","embeddable":true,"href":"https:\/\/energypelletllc.com.ua\/pl\/wp-json\/wp\/v2\/product_brand?post=290"},{"taxonomy":"product_cat","embeddable":true,"href":"https:\/\/energypelletllc.com.ua\/pl\/wp-json\/wp\/v2\/product_cat?post=290"},{"taxonomy":"product_tag","embeddable":true,"href":"https:\/\/energypelletllc.com.ua\/pl\/wp-json\/wp\/v2\/product_tag?post=290"}],"curies":[{"name":"wp","href":"https:\/\/api.w.org\/{rel}","templated":true}]}}