{"id":258,"date":"2025-12-01T05:55:11","date_gmt":"2025-12-01T05:55:11","guid":{"rendered":"https:\/\/energypelletllc.com.ua\/?post_type=product&#038;p=258"},"modified":"2026-02-20T11:29:56","modified_gmt":"2026-02-20T11:29:56","slug":"sosnowe-drewno-opalowe","status":"publish","type":"product","link":"https:\/\/energypelletllc.com.ua\/pl\/product\/sosnowe-drewno-opalowe\/","title":{"rendered":"Sosnowe drewno opa\u0142owe"},"content":{"rendered":"<p>Nasze drewno opa\u0142owe Premium Pine jest \u015bwiadectwem naszego zaanga\u017cowania w dostarczanie najwy\u017cszej jako\u015bci produkt\u00f3w do komink\u00f3w. Wykonane z najlepszych drzew sosnowych, nasze drewno opa\u0142owe jest idealnym wyborem dla tych, kt\u00f3rzy szukaj\u0105 podnios\u0142ych i przytulnych wra\u017ce\u0144 w pomieszczeniach.<\/p>\n<p>Sosnowe drewno opa\u0142owe to rodzaj mi\u0119kkiego drewna, kt\u00f3re jest znane z tego, \u017ce jest bardzo mi\u0119kkie i pe\u0142ne \u017cywicy. Jest ono cz\u0119sto u\u017cywane do rozpalania ognia na zewn\u0105trz ze wzgl\u0119du na \u0142atwo\u015b\u0107 zap\u0142onu i przyjemny aromat. Istniej\u0105 jednak pewne obawy zwi\u0105zane z u\u017cywaniem sosnowego drewna opa\u0142owego w pomieszczeniach. Jedn\u0105 z g\u0142\u00f3wnych obaw jest wysoka zawarto\u015b\u0107 sok\u00f3w i \u017cywicy, co mo\u017ce prowadzi\u0107 do gromadzenia si\u0119 kreozotu w kominie, potencjalnie powoduj\u0105c po\u017car komina. Sosnowe drewno opa\u0142owe spala si\u0119 r\u00f3wnie\u017c szybko i ma ni\u017csz\u0105 moc ciepln\u0105 w por\u00f3wnaniu do drewna li\u015bciastego. Zaleca si\u0119 sezonowanie drewna sosnowego przez oko\u0142o sze\u015b\u0107 do dwunastu miesi\u0119cy przed jego spaleniem. Chocia\u017c mo\u017ce by\u0107 u\u017cywane do rozpalania ognisk na zewn\u0105trz, nie jest og\u00f3lnie zalecane do u\u017cytku w pomieszczeniach, zw\u0142aszcza w piecach na drewno lub kominkach<\/p>\n<h2>Dlaczego warto wybra\u0107 nasze sosnowe drewno opa\u0142owe?<\/h2>\n<p><strong>Wyj\u0105tkowa jako\u015b\u0107:<\/strong><br \/>\nNasze sosnowe drewno opa\u0142owe jest starannie selekcjonowane i przetwarzane w celu zagwarantowania wyj\u0105tkowej jako\u015bci. Ka\u017cdy kawa\u0142ek przechodzi drobiazgow\u0105 kontrol\u0119, aby upewni\u0107 si\u0119, \u017ce spe\u0142nia nasze wysokie standardy, co zapewnia sp\u00f3jne i doskona\u0142e wra\u017cenia z palenia.<\/p>\n<p><strong>Czyste i wydajne spalanie:<\/strong><br \/>\nPo\u017cegnaj si\u0119 z k\u0142opotami zwi\u0105zanymi z brudnym drewnem opa\u0142owym. Pellet Pine Firewood firmy LLC Energy jest znany z czystego spalania, pozostawiaj\u0105c minimaln\u0105 ilo\u015b\u0107 popio\u0142u i zmniejszaj\u0105c wysi\u0142ki zwi\u0105zane z konserwacj\u0105. Do\u015bwiadcz rado\u015bci rycz\u0105cego ognia bez k\u0142opot\u00f3w z czyszczeniem.<\/p>\n<p><strong>Aromatyczna rozkosz:<\/strong><br \/>\nNaturalny aromat sosny dodaje zachwycaj\u0105cego zapachu do Twojej przestrzeni, tworz\u0105c bogate w zmys\u0142y \u015brodowisko. Zanurz si\u0119 w urzekaj\u0105cym zapachu, ciesz\u0105c si\u0119 ciep\u0142em naszego starannie sezonowanego sosnowego drewna opa\u0142owego.<\/p>\n<p><strong>Wygodne opakowanie:<\/strong><br \/>\nRozumiemy znaczenie wygody. Nasze drewno opa\u0142owe jest starannie pakowane, zapewniaj\u0105c \u0142atwo\u015b\u0107 obs\u0142ugi i przechowywania. Ciesz si\u0119 wygod\u0105 starannie u\u0142o\u017conych i \u0142atwych do przenoszenia wi\u0105zek, kt\u00f3re sprawiaj\u0105, \u017ce rozpalenie kominka jest dziecinnie proste.<\/p>","protected":false},"excerpt":{"rendered":"<div class=\"product-short-description\">\n<p>Wzboga\u0107 sw\u00f3j kominek dzi\u0119ki naszemu wysokiej jako\u015bci sosnowemu drewnu opa\u0142owemu. Pozyskiwane z najlepszych drzew sosnowych, nasze drewno opa\u0142owe zapewnia czyste i wydajne spalanie, wype\u0142niaj\u0105c przestrze\u0144 zachwycaj\u0105cym aromatem. Idealne do stworzenia ciep\u0142ej i zach\u0119caj\u0105cej atmosfery, nasze sosnowe drewno opa\u0142owe jest starannie przetwarzane i pakowane, aby zapewni\u0107 wygod\u0119 i jako\u015b\u0107.<\/p>\n<\/div>","protected":false},"featured_media":259,"comment_status":"open","ping_status":"closed","template":"","meta":{"_joinchat":[]},"product_brand":[],"product_cat":[18],"product_tag":[],"class_list":{"0":"post-258","1":"product","2":"type-product","3":"status-publish","4":"has-post-thumbnail","6":"product_cat-wood-products","8":"first","9":"instock","10":"shipping-taxable","11":"product-type-external"},"_links":{"self":[{"href":"https:\/\/energypelletllc.com.ua\/pl\/wp-json\/wp\/v2\/product\/258","targetHints":{"allow":["GET"]}}],"collection":[{"href":"https:\/\/energypelletllc.com.ua\/pl\/wp-json\/wp\/v2\/product"}],"about":[{"href":"https:\/\/energypelletllc.com.ua\/pl\/wp-json\/wp\/v2\/types\/product"}],"replies":[{"embeddable":true,"href":"https:\/\/energypelletllc.com.ua\/pl\/wp-json\/wp\/v2\/comments?post=258"}],"wp:featuredmedia":[{"embeddable":true,"href":"https:\/\/energypelletllc.com.ua\/pl\/wp-json\/wp\/v2\/media\/259"}],"wp:attachment":[{"href":"https:\/\/energypelletllc.com.ua\/pl\/wp-json\/wp\/v2\/media?parent=258"}],"wp:term":[{"taxonomy":"product_brand","embeddable":true,"href":"https:\/\/energypelletllc.com.ua\/pl\/wp-json\/wp\/v2\/product_brand?post=258"},{"taxonomy":"product_cat","embeddable":true,"href":"https:\/\/energypelletllc.com.ua\/pl\/wp-json\/wp\/v2\/product_cat?post=258"},{"taxonomy":"product_tag","embeddable":true,"href":"https:\/\/energypelletllc.com.ua\/pl\/wp-json\/wp\/v2\/product_tag?post=258"}],"curies":[{"name":"wp","href":"https:\/\/api.w.org\/{rel}","templated":true}]}}