{"id":150,"date":"2025-11-04T23:00:52","date_gmt":"2025-11-04T23:00:52","guid":{"rendered":"https:\/\/energypelletllc.com.ua\/?post_type=product&#038;p=150"},"modified":"2026-03-16T10:42:39","modified_gmt":"2026-03-16T10:42:39","slug":"granulat-sosnowy","status":"publish","type":"product","link":"https:\/\/energypelletllc.com.ua\/pl\/product\/granulat-sosnowy\/","title":{"rendered":"Pellet sosnowy Premium 100%"},"content":{"rendered":"<h1>Pellet sosnowy Premium 100%<\/h1>\n<div class=\"elementor-element elementor-element-ce8ed20 elementor-widget elementor-widget-text-editor\" data-id=\"ce8ed20\" data-element_type=\"widget\" data-widget_type=\"text-editor.default\">\n<div class=\"elementor-widget-container\">\n<p>Comport 100% Pellety sosnowe Wysokiej jako\u015bci pellet drzewny wykonany w ca\u0142o\u015bci z drewna sosnowego.\u00a0<strong>100% trociny sosnowe<\/strong>. Jego doskona\u0142a wydajno\u015b\u0107 i zgodno\u015b\u0107 z\u00a0<strong>quality<\/strong>\u00a0standard sprawiaj\u0105, \u017ce jest to niezr\u00f3wnany wyb\u00f3r dla wszystkich w\u0142a\u015bcicieli komink\u00f3w, piec\u00f3w i kot\u0142\u00f3w na pellet.<\/p>\n<\/div>\n<\/div>\n<div class=\"elementor-element elementor-element-3eebd55 elementor-widget elementor-widget-heading\" data-id=\"3eebd55\" data-element_type=\"widget\" data-widget_type=\"heading.default\">\n<div class=\"elementor-widget-container\">\n<h2 class=\"elementor-heading-title elementor-size-default\">Pakowanie i wysy\u0142ka:<\/h2>\n<\/div>\n<\/div>\n<div class=\"elementor-element elementor-element-0f0aa5f elementor-widget elementor-widget-text-editor\" data-id=\"0f0aa5f\" data-element_type=\"widget\" data-widget_type=\"text-editor.default\">\n<div class=\"elementor-widget-container\">\n<p>Pellet jest pakowany w\u00a0<strong>Worki PE 15 kg<\/strong>, u\u0142o\u017cone na drewnianych paletach<br \/>\n<strong>(66 work\u00f3w = 1 paleta)<\/strong>.<\/p>\n<p>Dostarczamy nasze towary zgodnie z normami europejskimi.<br \/>\nMaksymalna ilo\u015b\u0107 na zam\u00f3wienie -\u00a0<strong>24 palety (\u0142adunek ca\u0142opojazdowy)<\/strong>.<\/p>\n<\/div>\n<\/div>","protected":false},"excerpt":{"rendered":"<p>Pellet sosnowy Premium 100% zosta\u0142 specjalnie wyprodukowany do ogrzewania. Jest bio bezpieczny i dobrze spala si\u0119 w piecach na pellet.<\/p>\n<p>- Standardy jako\u015bciowe 6 mm lub 8 mm granulatu Din+ premium<\/p>\n<p>Pelety grzewcze s\u0105 dost\u0119pne w nast\u0119puj\u0105cych opakowaniach:<br \/>\n- 65 x 15 kg work\u00f3w na palecie, \u0142\u0105cznie (975 kg)<br \/>\n- 24 palety na naczepie<br \/>\n- Ci\u0119\u017car\u00f3wka 40 FT = 27 ton<\/p>","protected":false},"featured_media":276,"comment_status":"open","ping_status":"closed","template":"","meta":{"_joinchat":[]},"product_brand":[],"product_cat":[137],"product_tag":[44,46,50,43,30,51,47,40,48,39,41,45,49],"class_list":{"0":"post-150","1":"product","2":"type-product","3":"status-publish","4":"has-post-thumbnail","6":"product_cat-wood-pellets","7":"product_tag-15kg-pellet-bags","8":"product_tag-affordable-pellets","9":"product_tag-best-wood-pellets-for-stoves","10":"product_tag-bulk-wood-pellets","11":"product_tag-clean-burning-pellets","12":"product_tag-eco-heating-fuel-for-homes","13":"product_tag-fast-delivery","14":"product_tag-high-heat-output","15":"product_tag-local-pellet-supplier","16":"product_tag-low-ash-content","17":"product_tag-moisture-free-pellets","18":"product_tag-pallet-of-pellets","19":"product_tag-premium-fuel-pellets","21":"first","22":"instock","23":"shipping-taxable","24":"product-type-external"},"_links":{"self":[{"href":"https:\/\/energypelletllc.com.ua\/pl\/wp-json\/wp\/v2\/product\/150","targetHints":{"allow":["GET"]}}],"collection":[{"href":"https:\/\/energypelletllc.com.ua\/pl\/wp-json\/wp\/v2\/product"}],"about":[{"href":"https:\/\/energypelletllc.com.ua\/pl\/wp-json\/wp\/v2\/types\/product"}],"replies":[{"embeddable":true,"href":"https:\/\/energypelletllc.com.ua\/pl\/wp-json\/wp\/v2\/comments?post=150"}],"wp:featuredmedia":[{"embeddable":true,"href":"https:\/\/energypelletllc.com.ua\/pl\/wp-json\/wp\/v2\/media\/276"}],"wp:attachment":[{"href":"https:\/\/energypelletllc.com.ua\/pl\/wp-json\/wp\/v2\/media?parent=150"}],"wp:term":[{"taxonomy":"product_brand","embeddable":true,"href":"https:\/\/energypelletllc.com.ua\/pl\/wp-json\/wp\/v2\/product_brand?post=150"},{"taxonomy":"product_cat","embeddable":true,"href":"https:\/\/energypelletllc.com.ua\/pl\/wp-json\/wp\/v2\/product_cat?post=150"},{"taxonomy":"product_tag","embeddable":true,"href":"https:\/\/energypelletllc.com.ua\/pl\/wp-json\/wp\/v2\/product_tag?post=150"}],"curies":[{"name":"wp","href":"https:\/\/api.w.org\/{rel}","templated":true}]}}