{"id":280,"date":"2026-02-20T17:06:13","date_gmt":"2026-02-20T17:06:13","guid":{"rendered":"https:\/\/energypelletllc.com.ua\/?post_type=product&#038;p=280"},"modified":"2026-03-08T08:28:27","modified_gmt":"2026-03-08T08:28:27","slug":"tavola-fresca-segata-bordata-di-pino-4-metri-1m3","status":"publish","type":"product","link":"https:\/\/energypelletllc.com.ua\/it\/product\/tavola-fresca-segata-bordata-di-pino-4-metri-1m3\/","title":{"rendered":"Tavola di pino fresca segata e bordata 4 metri, 1m3"},"content":{"rendered":"<p>Tavola di pino fresca segata e bordata 4 metri, 1m3<\/p>\n<p><strong>Tavola di pino fresca segata e bordata<\/strong>\u00a0\u00e8 prodotto con uno spessore da 15 a 200 mm, una larghezza da 30 a 200 mm e una lunghezza di 4 m. Ordine minimo 1 m3<\/p>\n<p>Dimensioni\/sezioni disponibili:<\/p>\n<ul>\n<li>15\u044575\/100\/125\/150 mm e lunghezza 4000 mm<\/li>\n<li>20\u044575\/100\/125\/150 mm e lunghezza 4000 mm<\/li>\n<li>25\u044550\/75\/100\/125\/150\/175\/200\/225\/250 mm e lunghezza 4000 mm<\/li>\n<li>30\u044530\/50\/75\/100\/125\/150\/175\/200\/225\/250 mm e lunghezza 4000 mm<\/li>\n<li>40\u044540\/50\/75\/100\/125\/150\/175\/200\/225\/250 mm e lunghezza 4000 mm<\/li>\n<li>50\u044550\/75\/100\/125\/150\/175\/200\/225\/250 mm e lunghezza 4000 mm<\/li>\n<li>75\u044575\/100\/125\/150\/175\/200\/225\/250 mm e lunghezza 4000 mm<\/li>\n<li>100\u0445100\/150\/200\/250 mm e lunghezza 4000 mm<\/li>\n<li>125\u0445125 mm e lunghezza 4000 mm<\/li>\n<li>150\u0445150 mm e lunghezza 4000 mm<\/li>\n<li>175\u0445175 mm e lunghezza 4000 mm<\/li>\n<li>200\u0445200 mm e lunghezza 4000 mm<\/li>\n<\/ul>","protected":false},"excerpt":{"rendered":"<p>Tavola di pino fresca segata e bordata 4 metri, 1m3<\/p>\n<h4>Tavola di pino fresca segata e bordata<\/h4>\n<p>La realizzazione di legname \u00e8 la nostra principale area di attivit\u00e0. In questo momento, senza la minima difficolt\u00e0, \u00e8 possibile\u00a0<strong>acquistare una tavola bordata<\/strong>\u00a0da noi ai prezzi migliori. Vendiamo solo legname di altissima qualit\u00e0, a prezzi molto pi\u00f9 bassi di altri produttori in Ucraina.<\/p>","protected":false},"featured_media":281,"comment_status":"open","ping_status":"closed","template":"","meta":{"_joinchat":[]},"product_brand":[],"product_cat":[129],"product_tag":[130,131],"class_list":{"0":"post-280","1":"product","2":"type-product","3":"status-publish","4":"has-post-thumbnail","6":"product_cat-lumber","7":"product_tag-fresh-sawn-edged-board-pine-4-meters","8":"product_tag-fresh-sawn-edged-board-pine-4-meters-1m3","10":"first","11":"instock","12":"shipping-taxable","13":"product-type-external"},"_links":{"self":[{"href":"https:\/\/energypelletllc.com.ua\/it\/wp-json\/wp\/v2\/product\/280","targetHints":{"allow":["GET"]}}],"collection":[{"href":"https:\/\/energypelletllc.com.ua\/it\/wp-json\/wp\/v2\/product"}],"about":[{"href":"https:\/\/energypelletllc.com.ua\/it\/wp-json\/wp\/v2\/types\/product"}],"replies":[{"embeddable":true,"href":"https:\/\/energypelletllc.com.ua\/it\/wp-json\/wp\/v2\/comments?post=280"}],"wp:featuredmedia":[{"embeddable":true,"href":"https:\/\/energypelletllc.com.ua\/it\/wp-json\/wp\/v2\/media\/281"}],"wp:attachment":[{"href":"https:\/\/energypelletllc.com.ua\/it\/wp-json\/wp\/v2\/media?parent=280"}],"wp:term":[{"taxonomy":"product_brand","embeddable":true,"href":"https:\/\/energypelletllc.com.ua\/it\/wp-json\/wp\/v2\/product_brand?post=280"},{"taxonomy":"product_cat","embeddable":true,"href":"https:\/\/energypelletllc.com.ua\/it\/wp-json\/wp\/v2\/product_cat?post=280"},{"taxonomy":"product_tag","embeddable":true,"href":"https:\/\/energypelletllc.com.ua\/it\/wp-json\/wp\/v2\/product_tag?post=280"}],"curies":[{"name":"wp","href":"https:\/\/api.w.org\/{rel}","templated":true}]}}