{"id":309,"date":"2026-03-02T14:47:19","date_gmt":"2026-03-02T14:47:19","guid":{"rendered":"https:\/\/energypelletllc.com.ua\/?post_type=product&#038;p=309"},"modified":"2026-03-02T14:47:20","modified_gmt":"2026-03-02T14:47:20","slug":"ruf-oak-briquettes-for-sale","status":"publish","type":"product","link":"https:\/\/energypelletllc.com.ua\/fi\/product\/ruf-oak-briquettes-for-sale\/","title":{"rendered":"Ruf Oak Briketit myyt\u00e4v\u00e4n\u00e4"},"content":{"rendered":"<div class=\"woocommerce-tabs wc-tabs-wrapper\">\n<div id=\"tab-description\" class=\"woocommerce-Tabs-panel woocommerce-Tabs-panel--description panel entry-content wc-tab\" role=\"tabpanel\" aria-labelledby=\"tab-title-description\">\n<p>Ruf Oak Briketit myyt\u00e4v\u00e4n\u00e4<\/p>\n<p>These eco-friendly briquettes are manufactured entirely of sawdust from oak and ash trees; no glues or other chemicals are used in their production. They work well in long-burning stoves and fireplaces where the air volume can be adjusted. These RUF oak briquettes\u2019 packaging makes it simple to move and store them. The briquettes look great next to any fire-burning appliance and are simple to stack because of their brick-like shape.<\/p>\n<\/div>\n<\/div>","protected":false},"excerpt":{"rendered":"<h1 class=\"product_title entry-title\">Ruf Oak Briketit myyt\u00e4v\u00e4n\u00e4<\/h1>\n<div class=\"woocommerce-product-details__short-description\">\n<p class=\"price\">Ruf Oak Briquettes<\/p>\n<div class=\"woocommerce-product-details__short-description\">\n<ul>\n<li>Palamisl\u00e4mp\u00f6tila:\u00a0<strong>4940 Kcal\/kg<\/strong><\/li>\n<li>Moisture: around 8%<\/li>\n<li>Ash content : around 0,85%<\/li>\n<li>Mekaaninen kest\u00e4vyys: 95%<\/li>\n<li>Osittain tuhoutuneet briketit:14%<\/li>\n<li>Size : 6<strong>0 \u0445 90 \u0445 150<\/strong>\u00a0mm<\/li>\n<li>Packaging: 12 pieces in\u00a0vacuum (10kg), 96 packages on pallet (960-1000kg)<\/li>\n<\/ul>\n<\/div>\n<\/div>","protected":false},"featured_media":310,"comment_status":"open","ping_status":"closed","template":"","meta":{"_joinchat":[]},"product_brand":[],"product_cat":[138],"product_tag":[162,165,161,163,164],"class_list":{"0":"post-309","1":"product","2":"type-product","3":"status-publish","4":"has-post-thumbnail","6":"product_cat-briquettes","7":"product_tag-bulk-buy-ruf-oak-briquettes","8":"product_tag-ruf-oak-briquettes-400kg-bulk-bag","9":"product_tag-ruf-oak-briquettes-for-sale","10":"product_tag-ruf-oak-briquettes-wholesale","11":"product_tag-ruf-oak-wood-fuel-briquettes","13":"first","14":"instock","15":"shipping-taxable","16":"product-type-external"},"_links":{"self":[{"href":"https:\/\/energypelletllc.com.ua\/fi\/wp-json\/wp\/v2\/product\/309","targetHints":{"allow":["GET"]}}],"collection":[{"href":"https:\/\/energypelletllc.com.ua\/fi\/wp-json\/wp\/v2\/product"}],"about":[{"href":"https:\/\/energypelletllc.com.ua\/fi\/wp-json\/wp\/v2\/types\/product"}],"replies":[{"embeddable":true,"href":"https:\/\/energypelletllc.com.ua\/fi\/wp-json\/wp\/v2\/comments?post=309"}],"wp:featuredmedia":[{"embeddable":true,"href":"https:\/\/energypelletllc.com.ua\/fi\/wp-json\/wp\/v2\/media\/310"}],"wp:attachment":[{"href":"https:\/\/energypelletllc.com.ua\/fi\/wp-json\/wp\/v2\/media?parent=309"}],"wp:term":[{"taxonomy":"product_brand","embeddable":true,"href":"https:\/\/energypelletllc.com.ua\/fi\/wp-json\/wp\/v2\/product_brand?post=309"},{"taxonomy":"product_cat","embeddable":true,"href":"https:\/\/energypelletllc.com.ua\/fi\/wp-json\/wp\/v2\/product_cat?post=309"},{"taxonomy":"product_tag","embeddable":true,"href":"https:\/\/energypelletllc.com.ua\/fi\/wp-json\/wp\/v2\/product_tag?post=309"}],"curies":[{"name":"wp","href":"https:\/\/api.w.org\/{rel}","templated":true}]}}