{"id":303,"date":"2026-03-02T14:39:33","date_gmt":"2026-03-02T14:39:33","guid":{"rendered":"https:\/\/energypelletllc.com.ua\/?post_type=product&#038;p=303"},"modified":"2026-03-02T14:39:34","modified_gmt":"2026-03-02T14:39:34","slug":"pini-kay-briquettes-for-sale","status":"publish","type":"product","link":"https:\/\/energypelletllc.com.ua\/fi\/product\/pini-kay-briquettes-for-sale\/","title":{"rendered":"Pini Kay Briketit myyt\u00e4v\u00e4n\u00e4"},"content":{"rendered":"<div class=\"woocommerce-tabs wc-tabs-wrapper\">\n<div id=\"tab-description\" class=\"woocommerce-Tabs-panel woocommerce-Tabs-panel--description panel entry-content wc-tab\" role=\"tabpanel\" aria-labelledby=\"tab-title-description\">\n<p>Pini Kay Briketit myyt\u00e4v\u00e4n\u00e4<\/p>\n<p>Briquettes from PINI KAY are composed of rectangular agglomerations that are simple to handle and stack. The hole in these briquettes helps to cut down on smoke. These Briquettes are manufactured by pressing dry chipped wood at high pressures and high heat. They provide the most useful heat and have the longest burning duration. Piny and Kay fuel briquettes store well and exhibit remarkable resistance to moisture and mechanical action.<\/p>\n<\/div>\n<\/div>","protected":false},"excerpt":{"rendered":"<h1 class=\"product_title entry-title\">Pini Kay Briketit myyt\u00e4v\u00e4n\u00e4<\/h1>\n<div class=\"woocommerce-product-details__short-description\">\n<p>Specifications of Pini Kay Briquettes<br \/>\nCombusting temperature: 4500 Kcal\/\u043ag<br \/>\nMoisture: around 7%<br \/>\nAsh content : around 0,6 %<br \/>\nMekaaninen kest\u00e4vyys: 95%<br \/>\nOsittain tuhoutuneet briketit:14%<br \/>\nSize : 65x65x230mm<br \/>\nPackaging: 12 pieces in vacuum (10kg), 96 packages on pallet (960kg)<br \/>\nCertificate of quality: available<\/p>\n<\/div>","protected":false},"featured_media":304,"comment_status":"open","ping_status":"closed","template":"","meta":{"_joinchat":[]},"product_brand":[],"product_cat":[138],"product_tag":[148,149,150,147,151,152],"class_list":{"0":"post-303","1":"product","2":"type-product","3":"status-publish","4":"has-post-thumbnail","6":"product_cat-briquettes","7":"product_tag-96-packs-of-pini-kay-oak-hardwood-heat-logs","8":"product_tag-briteburn-hazelnut-shell-pini-kay-briquettes","9":"product_tag-pini-kay-briquettes","10":"product_tag-pini-kay-briquettes-for-sale","11":"product_tag-pini-kay","12":"product_tag-ruf-wood-briquettes","14":"first","15":"instock","16":"shipping-taxable","17":"product-type-external"},"_links":{"self":[{"href":"https:\/\/energypelletllc.com.ua\/fi\/wp-json\/wp\/v2\/product\/303","targetHints":{"allow":["GET"]}}],"collection":[{"href":"https:\/\/energypelletllc.com.ua\/fi\/wp-json\/wp\/v2\/product"}],"about":[{"href":"https:\/\/energypelletllc.com.ua\/fi\/wp-json\/wp\/v2\/types\/product"}],"replies":[{"embeddable":true,"href":"https:\/\/energypelletllc.com.ua\/fi\/wp-json\/wp\/v2\/comments?post=303"}],"wp:featuredmedia":[{"embeddable":true,"href":"https:\/\/energypelletllc.com.ua\/fi\/wp-json\/wp\/v2\/media\/304"}],"wp:attachment":[{"href":"https:\/\/energypelletllc.com.ua\/fi\/wp-json\/wp\/v2\/media?parent=303"}],"wp:term":[{"taxonomy":"product_brand","embeddable":true,"href":"https:\/\/energypelletllc.com.ua\/fi\/wp-json\/wp\/v2\/product_brand?post=303"},{"taxonomy":"product_cat","embeddable":true,"href":"https:\/\/energypelletllc.com.ua\/fi\/wp-json\/wp\/v2\/product_cat?post=303"},{"taxonomy":"product_tag","embeddable":true,"href":"https:\/\/energypelletllc.com.ua\/fi\/wp-json\/wp\/v2\/product_tag?post=303"}],"curies":[{"name":"wp","href":"https:\/\/api.w.org\/{rel}","templated":true}]}}