{"id":301,"date":"2026-03-02T14:36:39","date_gmt":"2026-03-02T14:36:39","guid":{"rendered":"https:\/\/energypelletllc.com.ua\/?post_type=product&#038;p=301"},"modified":"2026-03-02T14:36:40","modified_gmt":"2026-03-02T14:36:40","slug":"myytavat-turvebriketit","status":"publish","type":"product","link":"https:\/\/energypelletllc.com.ua\/fi\/product\/myytavat-turvebriketit\/","title":{"rendered":"Turve Briketit myyt\u00e4v\u00e4n\u00e4"},"content":{"rendered":"<div class=\"woocommerce-tabs wc-tabs-wrapper\">\n<div id=\"tab-description\" class=\"woocommerce-Tabs-panel woocommerce-Tabs-panel--description panel entry-content wc-tab\" role=\"tabpanel\" aria-labelledby=\"tab-title-description\">\n<p>Myyt\u00e4v\u00e4t turvebriketit ovat syttyv\u00e4\u00e4 materiaalia, joka muodostuu, kun suokasvit h\u00e4vi\u00e4v\u00e4t luonnostaan ja hajoavat vain osittain ymp\u00e4rist\u00f6ss\u00e4, jossa on korkea kosteus ja alhainen happipitoisuus. N\u00e4it\u00e4 myrkytt\u00f6mi\u00e4 ja ymp\u00e4rist\u00f6yst\u00e4v\u00e4llisi\u00e4 polttoainebrikettej\u00e4 k\u00e4ytet\u00e4\u00e4n kattiloissa ja kiukaissa asuin- ja liikerakennusten l\u00e4mmitt\u00e4miseen. palaa v\u00e4hint\u00e4\u00e4n kuusi tuntia. Hartsin puuttuminen viittaa siihen, ett\u00e4 yhteytt\u00e4vi\u00e4 lis\u00e4aineita, liimaa ja nokea ei ole.<\/p>\n<\/div>\n<\/div>","protected":false},"excerpt":{"rendered":"<h1 class=\"product_title entry-title\">Turve Briketit myyt\u00e4v\u00e4n\u00e4<\/h1>\n<div class=\"woocommerce-product-details__short-description\">\n<ul>\n<li>Palamisl\u00e4mp\u00f6tila:\u00a0<strong>3700 - 3900<\/strong>\u00a0<strong>Kcal\/\u043ag<\/strong><\/li>\n<li>Kosteus: noin 16%<\/li>\n<li>Tuhkapitoisuus : noin11%<\/li>\n<li>Mekaaninen kest\u00e4vyys: 95%<\/li>\n<li>Osittain tuhoutuneet briketit:14%<\/li>\n<li>Koko :\u00a0<strong>170 \u0445 70 \u0445 50<\/strong>\u00a0mm<\/li>\n<li>Pakkaus: kg ja 10 kg:n paalit.<\/li>\n<\/ul>\n<\/div>","protected":false},"featured_media":302,"comment_status":"open","ping_status":"closed","template":"","meta":{"_joinchat":[]},"product_brand":[],"product_cat":[138],"product_tag":[145,146,144],"class_list":{"0":"post-301","1":"product","2":"type-product","3":"status-publish","4":"has-post-thumbnail","6":"product_cat-briquettes","7":"product_tag-buy-peat-briquettes","8":"product_tag-peat-briquettes","9":"product_tag-peat-briquettes-for-sale","11":"first","12":"instock","13":"shipping-taxable","14":"product-type-external"},"_links":{"self":[{"href":"https:\/\/energypelletllc.com.ua\/fi\/wp-json\/wp\/v2\/product\/301","targetHints":{"allow":["GET"]}}],"collection":[{"href":"https:\/\/energypelletllc.com.ua\/fi\/wp-json\/wp\/v2\/product"}],"about":[{"href":"https:\/\/energypelletllc.com.ua\/fi\/wp-json\/wp\/v2\/types\/product"}],"replies":[{"embeddable":true,"href":"https:\/\/energypelletllc.com.ua\/fi\/wp-json\/wp\/v2\/comments?post=301"}],"wp:featuredmedia":[{"embeddable":true,"href":"https:\/\/energypelletllc.com.ua\/fi\/wp-json\/wp\/v2\/media\/302"}],"wp:attachment":[{"href":"https:\/\/energypelletllc.com.ua\/fi\/wp-json\/wp\/v2\/media?parent=301"}],"wp:term":[{"taxonomy":"product_brand","embeddable":true,"href":"https:\/\/energypelletllc.com.ua\/fi\/wp-json\/wp\/v2\/product_brand?post=301"},{"taxonomy":"product_cat","embeddable":true,"href":"https:\/\/energypelletllc.com.ua\/fi\/wp-json\/wp\/v2\/product_cat?post=301"},{"taxonomy":"product_tag","embeddable":true,"href":"https:\/\/energypelletllc.com.ua\/fi\/wp-json\/wp\/v2\/product_tag?post=301"}],"curies":[{"name":"wp","href":"https:\/\/api.w.org\/{rel}","templated":true}]}}