{"id":305,"date":"2026-03-02T14:42:12","date_gmt":"2026-03-02T14:42:12","guid":{"rendered":"https:\/\/energypelletllc.com.ua\/?post_type=product&#038;p=305"},"modified":"2026-03-02T14:42:13","modified_gmt":"2026-03-02T14:42:13","slug":"venta-de-briquetas-de-corteza-de-ruf","status":"publish","type":"product","link":"https:\/\/energypelletllc.com.ua\/es\/product\/venta-de-briquetas-de-corteza-de-ruf\/","title":{"rendered":"Venta de briquetas de corteza RUF"},"content":{"rendered":"<p>Venta de briquetas de corteza RUF<\/p>\n<p>Las briquetas de corteza RUF pueden arder hasta 16 horas, un tiempo excepcionalmente largo. No es que vayan a prender fuego si las pinchas a la ma\u00f1ana siguiente, sino que significa que el hornillo a\u00fan est\u00e1 bastante caliente y las cenizas a\u00fan tienen algo de luz. La corteza produce m\u00e1s ceniza; m\u00e1s ceniza significa una mayor reserva de calor, pero tambi\u00e9n significa m\u00e1s ceniza que hay que retirar al d\u00eda siguiente.<\/p>\n<p>En las siguientes proporciones de mezcla 90:10, 80:20, 70:30, 60:40 y 50:50 para las part\u00edculas de carb\u00f3n vegetal y viceversa para el serr\u00edn de pino. Para comparar con las briquetas mezcladas, tambi\u00e9n se fabricaron por separado briquetas hechas con part\u00edculas de carb\u00f3n vegetal puro y serr\u00edn de pino.<\/p>","protected":false},"excerpt":{"rendered":"<h1 class=\"product_title entry-title\">Venta de briquetas de corteza Ruf<\/h1>\n<div class=\"woocommerce-product-details__short-description\">\n<p class=\"price\">Briquetas de corteza Ruf<\/p>\n<div class=\"woocommerce-product-details__short-description\">\n<ul>\n<li>Temperatura de combusti\u00f3n: 42<strong>00Kcal\/kg<\/strong><\/li>\n<li>Humedad: alrededor de 10%<\/li>\n<li>Contenido en cenizas : alrededor de 4%<\/li>\n<li>Durabilidad mec\u00e1nica: 95%<\/li>\n<li>Briquetas parcialmente destruidas:14%<\/li>\n<li>Tama\u00f1o :\u00a0<strong>155 x 110 x 65\u00a0<\/strong>mm<\/li>\n<li>Embalaje: 12 bloques pesan unos 12 kg, 84 paquetes en pal\u00e9<\/li>\n<\/ul>\n<\/div>\n<\/div>","protected":false},"featured_media":306,"comment_status":"open","ping_status":"closed","template":"","meta":{"_joinchat":[]},"product_brand":[],"product_cat":[138],"product_tag":[156,155,154,153],"class_list":{"0":"post-305","1":"product","2":"type-product","3":"status-publish","4":"has-post-thumbnail","6":"product_cat-briquettes","7":"product_tag-bulk-buy-ruf-bark-briquettes","8":"product_tag-buy-ruf-briquettes","9":"product_tag-ruf-bark-briquettes","10":"product_tag-ruf-bark-briquettes-for-sale","12":"first","13":"instock","14":"shipping-taxable","15":"product-type-external"},"_links":{"self":[{"href":"https:\/\/energypelletllc.com.ua\/es\/wp-json\/wp\/v2\/product\/305","targetHints":{"allow":["GET"]}}],"collection":[{"href":"https:\/\/energypelletllc.com.ua\/es\/wp-json\/wp\/v2\/product"}],"about":[{"href":"https:\/\/energypelletllc.com.ua\/es\/wp-json\/wp\/v2\/types\/product"}],"replies":[{"embeddable":true,"href":"https:\/\/energypelletllc.com.ua\/es\/wp-json\/wp\/v2\/comments?post=305"}],"wp:featuredmedia":[{"embeddable":true,"href":"https:\/\/energypelletllc.com.ua\/es\/wp-json\/wp\/v2\/media\/306"}],"wp:attachment":[{"href":"https:\/\/energypelletllc.com.ua\/es\/wp-json\/wp\/v2\/media?parent=305"}],"wp:term":[{"taxonomy":"product_brand","embeddable":true,"href":"https:\/\/energypelletllc.com.ua\/es\/wp-json\/wp\/v2\/product_brand?post=305"},{"taxonomy":"product_cat","embeddable":true,"href":"https:\/\/energypelletllc.com.ua\/es\/wp-json\/wp\/v2\/product_cat?post=305"},{"taxonomy":"product_tag","embeddable":true,"href":"https:\/\/energypelletllc.com.ua\/es\/wp-json\/wp\/v2\/product_tag?post=305"}],"curies":[{"name":"wp","href":"https:\/\/api.w.org\/{rel}","templated":true}]}}