{"id":303,"date":"2026-03-02T14:39:33","date_gmt":"2026-03-02T14:39:33","guid":{"rendered":"https:\/\/energypelletllc.com.ua\/?post_type=product&#038;p=303"},"modified":"2026-03-02T14:39:34","modified_gmt":"2026-03-02T14:39:34","slug":"venta-de-briquetas-pini-kay","status":"publish","type":"product","link":"https:\/\/energypelletllc.com.ua\/es\/product\/venta-de-briquetas-pini-kay\/","title":{"rendered":"Venta de briquetas Pini Kay"},"content":{"rendered":"<div class=\"woocommerce-tabs wc-tabs-wrapper\">\n<div id=\"tab-description\" class=\"woocommerce-Tabs-panel woocommerce-Tabs-panel--description panel entry-content wc-tab\" role=\"tabpanel\" aria-labelledby=\"tab-title-description\">\n<p>Venta de briquetas Pini Kay<\/p>\n<p>Las briquetas de PINI KAY se componen de aglomeraciones rectangulares que son f\u00e1ciles de manejar y apilar. El agujero de estas briquetas ayuda a reducir el humo. Estas Briquetas se fabrican prensando madera seca astillada a altas presiones y alto calor. Proporcionan el calor m\u00e1s \u00fatil y tienen la mayor duraci\u00f3n de combusti\u00f3n. Las briquetas de combustible Piny y Kay se almacenan bien y presentan una notable resistencia a la humedad y a la acci\u00f3n mec\u00e1nica.<\/p>\n<\/div>\n<\/div>","protected":false},"excerpt":{"rendered":"<h1 class=\"product_title entry-title\">Venta de briquetas Pini Kay<\/h1>\n<div class=\"woocommerce-product-details__short-description\">\n<p>Especificaciones de las briquetas Pini Kay<br \/>\nTemperatura de combusti\u00f3n: 4500 Kcal\/\u043ag<br \/>\nHumedad: alrededor de 7%<br \/>\nContenido en cenizas : alrededor de 0,6 %<br \/>\nDurabilidad mec\u00e1nica: 95%<br \/>\nBriquetas parcialmente destruidas:14%<br \/>\nTama\u00f1o : 65x65x230mm<br \/>\nEnvasado: 12 piezas al vac\u00edo (10 kg), 96 paquetes en pal\u00e9 (960 kg)<br \/>\nCertificado de calidad: disponible<\/p>\n<\/div>","protected":false},"featured_media":304,"comment_status":"open","ping_status":"closed","template":"","meta":{"_joinchat":[]},"product_brand":[],"product_cat":[138],"product_tag":[148,149,150,147,151,152],"class_list":{"0":"post-303","1":"product","2":"type-product","3":"status-publish","4":"has-post-thumbnail","6":"product_cat-briquettes","7":"product_tag-96-packs-of-pini-kay-oak-hardwood-heat-logs","8":"product_tag-briteburn-hazelnut-shell-pini-kay-briquettes","9":"product_tag-pini-kay-briquettes","10":"product_tag-pini-kay-briquettes-for-sale","11":"product_tag-pini-kay","12":"product_tag-ruf-wood-briquettes","14":"first","15":"instock","16":"shipping-taxable","17":"product-type-external"},"_links":{"self":[{"href":"https:\/\/energypelletllc.com.ua\/es\/wp-json\/wp\/v2\/product\/303","targetHints":{"allow":["GET"]}}],"collection":[{"href":"https:\/\/energypelletllc.com.ua\/es\/wp-json\/wp\/v2\/product"}],"about":[{"href":"https:\/\/energypelletllc.com.ua\/es\/wp-json\/wp\/v2\/types\/product"}],"replies":[{"embeddable":true,"href":"https:\/\/energypelletllc.com.ua\/es\/wp-json\/wp\/v2\/comments?post=303"}],"wp:featuredmedia":[{"embeddable":true,"href":"https:\/\/energypelletllc.com.ua\/es\/wp-json\/wp\/v2\/media\/304"}],"wp:attachment":[{"href":"https:\/\/energypelletllc.com.ua\/es\/wp-json\/wp\/v2\/media?parent=303"}],"wp:term":[{"taxonomy":"product_brand","embeddable":true,"href":"https:\/\/energypelletllc.com.ua\/es\/wp-json\/wp\/v2\/product_brand?post=303"},{"taxonomy":"product_cat","embeddable":true,"href":"https:\/\/energypelletllc.com.ua\/es\/wp-json\/wp\/v2\/product_cat?post=303"},{"taxonomy":"product_tag","embeddable":true,"href":"https:\/\/energypelletllc.com.ua\/es\/wp-json\/wp\/v2\/product_tag?post=303"}],"curies":[{"name":"wp","href":"https:\/\/api.w.org\/{rel}","templated":true}]}}