{"id":288,"date":"2026-02-20T17:18:26","date_gmt":"2026-02-20T17:18:26","guid":{"rendered":"https:\/\/energypelletllc.com.ua\/?post_type=product&#038;p=288"},"modified":"2026-03-06T06:32:46","modified_gmt":"2026-03-06T06:32:46","slug":"tablero-de-roble-canteado1m3","status":"publish","type":"product","link":"https:\/\/energypelletllc.com.ua\/es\/product\/tablero-de-roble-canteado1m3\/","title":{"rendered":"Tablero de roble canteado 1m3"},"content":{"rendered":"<div id=\"product-description-short-318\" class=\"product-description-short typo sm-bottom\">\n<h2 data-start=\"113\" data-end=\"131\">Tablero de roble canteado 1m3<\/h2>\n<p data-start=\"133\" data-end=\"437\"><strong data-start=\"133\" data-end=\"153\">Tableros de roble canteados<\/strong> son maderas de frondosas de primera calidad conocidas por su <strong data-start=\"198\" data-end=\"260\">fuerza, durabilidad y excelente resistencia a la humedad<\/strong>. Fabricados con cantos precisos para facilitar su procesamiento, estos tableros se utilizan ampliamente en <strong data-start=\"347\" data-end=\"436\">proyectos de construcci\u00f3n, fabricaci\u00f3n de muebles, suelos, interiorismo y carpinter\u00eda<\/strong>.<\/p>\n<p data-start=\"439\" data-end=\"670\">Nuestras tablas de roble se fabrican con <strong data-start=\"472\" data-end=\"516\">espesores de 15 mm a 250 mm<\/strong>, <strong data-start=\"518\" data-end=\"549\">anchuras de 30 mm a 250 mm<\/strong>, y un <strong data-start=\"557\" data-end=\"588\">longitud est\u00e1ndar de 4 metros<\/strong>, que ofrece flexibilidad para una amplia gama de aplicaciones de construcci\u00f3n y carpinter\u00eda.<\/p>\n<p data-start=\"672\" data-end=\"954\">La madera de roble se valora por su <strong data-start=\"699\" data-end=\"769\">estructura densa, gran capacidad de carga y larga vida \u00fatil<\/strong>, lo que lo convierte en un material fiable tanto para <strong data-start=\"810\" data-end=\"844\">usos estructurales y decorativos<\/strong>. La belleza natural de las vetas del roble <strong data-start=\"890\" data-end=\"918\">acabado est\u00e9tico premium<\/strong> a proyectos de mobiliario e interiores.<\/p>\n<h3 data-start=\"956\" data-end=\"972\">Caracter\u00edsticas principales<\/h3>\n<ul data-start=\"973\" data-end=\"1247\">\n<li data-start=\"973\" data-end=\"1012\">\n<p data-start=\"975\" data-end=\"1012\">Alta calidad <strong data-start=\"988\" data-end=\"1012\">madera dura de roble natural<\/strong><\/p>\n<\/li>\n<li data-start=\"1013\" data-end=\"1043\">\n<p data-start=\"1015\" data-end=\"1043\"><strong data-start=\"1015\" data-end=\"1029\">Grosor:<\/strong> 15 - 250 mm<\/p>\n<\/li>\n<li data-start=\"1044\" data-end=\"1070\">\n<p data-start=\"1046\" data-end=\"1070\"><strong data-start=\"1046\" data-end=\"1056\">Anchura:<\/strong> 30 - 250 mm<\/p>\n<\/li>\n<li data-start=\"1071\" data-end=\"1095\">\n<p data-start=\"1073\" data-end=\"1095\"><strong data-start=\"1073\" data-end=\"1084\">Longitud:<\/strong> 4 metros<\/p>\n<\/li>\n<li data-start=\"1096\" data-end=\"1132\">\n<p data-start=\"1098\" data-end=\"1132\"><strong data-start=\"1098\" data-end=\"1132\">Resistente a la humedad y duradero<\/strong><\/p>\n<\/li>\n<li data-start=\"1133\" data-end=\"1177\">\n<p data-start=\"1135\" data-end=\"1177\"><strong data-start=\"1135\" data-end=\"1177\">Gran resistencia y estabilidad estructural<\/strong><\/p>\n<\/li>\n<li data-start=\"1178\" data-end=\"1247\">\n<p data-start=\"1180\" data-end=\"1247\">Adecuado para <strong data-start=\"1193\" data-end=\"1247\">muebles, suelos, construcci\u00f3n y carpinter\u00eda<\/strong><\/p>\n<\/li>\n<\/ul>\n<h3 data-start=\"1249\" data-end=\"1265\">Aplicaciones<\/h3>\n<ul data-start=\"1266\" data-end=\"1414\">\n<li data-start=\"1266\" data-end=\"1293\">\n<p data-start=\"1268\" data-end=\"1293\">Fabricaci\u00f3n de muebles<\/p>\n<\/li>\n<li data-start=\"1294\" data-end=\"1332\">\n<p data-start=\"1296\" data-end=\"1332\">Construcci\u00f3n interior y exterior<\/p>\n<\/li>\n<li data-start=\"1333\" data-end=\"1357\">\n<p data-start=\"1335\" data-end=\"1357\">Suelos y tarimas<\/p>\n<\/li>\n<li data-start=\"1358\" data-end=\"1392\">\n<p data-start=\"1360\" data-end=\"1392\">Proyectos de carpinter\u00eda y ebanister\u00eda<\/p>\n<\/li>\n<li data-start=\"1393\" data-end=\"1414\">\n<p data-start=\"1395\" data-end=\"1414\">Carpinter\u00eda decorativa<\/p>\n<\/li>\n<\/ul>\n<p data-start=\"1416\" data-end=\"1609\">Nuestras tablas de roble canteadas combinan <strong data-start=\"1445\" data-end=\"1500\">belleza natural, resistencia y rendimiento a largo plazo<\/strong>, por lo que son una excelente opci\u00f3n para profesionales y constructores que buscan <strong data-start=\"1577\" data-end=\"1608\">materiales fiables de frondosas<\/strong>.<\/p>\n<\/div>","protected":false},"excerpt":{"rendered":"<p>Tablero de roble canteado 1m3<\/p>\n<table style=\"height: 141px;\" width=\"514\">\n<thead>\n<tr>\n<th><strong>Especificaci\u00f3n<\/strong><\/th>\n<th><strong>Detalles<\/strong><\/th>\n<\/tr>\n<\/thead>\n<tbody>\n<tr>\n<td>Tipo de corte de perfil<\/td>\n<td>Rectangular<\/td>\n<\/tr>\n<tr>\n<td>Grado<\/td>\n<td>A, B, C<\/td>\n<\/tr>\n<tr>\n<td>Tipo<\/td>\n<td>Todo<\/td>\n<\/tr>\n<tr>\n<td>Humedad<\/td>\n<td>Natural<\/td>\n<\/tr>\n<tr>\n<td>Cantidad por envase<\/td>\n<td>Sin embalaje<\/td>\n<\/tr>\n<\/tbody>\n<\/table>","protected":false},"featured_media":289,"comment_status":"open","ping_status":"closed","template":"","meta":{"_joinchat":[]},"product_brand":[],"product_cat":[129],"product_tag":[168],"class_list":{"0":"post-288","1":"product","2":"type-product","3":"status-publish","4":"has-post-thumbnail","6":"product_cat-lumber","7":"product_tag-edged-oak-board-1m3-for-sale","9":"first","10":"instock","11":"shipping-taxable","12":"product-type-external"},"_links":{"self":[{"href":"https:\/\/energypelletllc.com.ua\/es\/wp-json\/wp\/v2\/product\/288","targetHints":{"allow":["GET"]}}],"collection":[{"href":"https:\/\/energypelletllc.com.ua\/es\/wp-json\/wp\/v2\/product"}],"about":[{"href":"https:\/\/energypelletllc.com.ua\/es\/wp-json\/wp\/v2\/types\/product"}],"replies":[{"embeddable":true,"href":"https:\/\/energypelletllc.com.ua\/es\/wp-json\/wp\/v2\/comments?post=288"}],"wp:featuredmedia":[{"embeddable":true,"href":"https:\/\/energypelletllc.com.ua\/es\/wp-json\/wp\/v2\/media\/289"}],"wp:attachment":[{"href":"https:\/\/energypelletllc.com.ua\/es\/wp-json\/wp\/v2\/media?parent=288"}],"wp:term":[{"taxonomy":"product_brand","embeddable":true,"href":"https:\/\/energypelletllc.com.ua\/es\/wp-json\/wp\/v2\/product_brand?post=288"},{"taxonomy":"product_cat","embeddable":true,"href":"https:\/\/energypelletllc.com.ua\/es\/wp-json\/wp\/v2\/product_cat?post=288"},{"taxonomy":"product_tag","embeddable":true,"href":"https:\/\/energypelletllc.com.ua\/es\/wp-json\/wp\/v2\/product_tag?post=288"}],"curies":[{"name":"wp","href":"https:\/\/api.w.org\/{rel}","templated":true}]}}