{"id":147,"date":"2025-11-04T22:55:04","date_gmt":"2025-11-04T22:55:04","guid":{"rendered":"https:\/\/energypelletllc.com.ua\/?post_type=product&#038;p=147"},"modified":"2025-11-22T06:53:47","modified_gmt":"2025-11-22T06:53:47","slug":"briquetas-de-roble-ruf","status":"publish","type":"product","link":"https:\/\/energypelletllc.com.ua\/es\/product\/briquetas-de-roble-ruf\/","title":{"rendered":"Briquetas de roble RUF"},"content":{"rendered":"<h2 data-start=\"189\" data-end=\"214\">Briquetas de roble RUF<\/h2>\n<h3 data-start=\"216\" data-end=\"286\">Combustible de madera dura de primera calidad | Alto calor | Energ\u00eda limpia y sostenible<\/h3>\n<p data-start=\"288\" data-end=\"679\">Energy Pellet LLC ofrece briquetas de roble RUF de alta calidad, un combustible de biomasa de primera calidad elaborado a partir de serr\u00edn de roble puro 100%. Producido usando tecnolog\u00eda hidr\u00e1ulica avanzada de la prensa de RUF, estas briquetas rectangulares combinan salida excepcional del calor, tiempo ardiente largo, y funcionamiento respetuoso del medio ambiente - haci\u00e9ndolas la soluci\u00f3n perfecta de la calefacci\u00f3n para los hogares, los negocios, y las industrias igualmente.<\/p>\n<hr data-start=\"681\" data-end=\"684\" \/>\n<h3 data-start=\"686\" data-end=\"710\">Productos<\/h3>\n<p data-start=\"712\" data-end=\"970\">Las briquetas de roble RUF se fabrican comprimiendo a alta presi\u00f3n serr\u00edn fino de roble secado en horno, sin utilizar aglutinantes ni productos qu\u00edmicos. La lignina natural de la madera act\u00faa como agente aglutinante, dando a las briquetas su s\u00f3lida estructura y suave acabado.<\/p>\n<p data-start=\"972\" data-end=\"1177\">Conocidas por su alta densidad y durabilidad, las briquetas RUF ofrecen un calor constante y duradero y son ideales para todos los sistemas de calefacci\u00f3n de combustible s\u00f3lido, desde estufas y chimeneas hasta calderas industriales.<\/p>\n<hr data-start=\"1179\" data-end=\"1182\" \/>\n<h3 data-start=\"1184\" data-end=\"1216\">Especificaciones t\u00e9cnicas<\/h3>\n<div class=\"_tableContainer_1rjym_1\">\n<div class=\"group _tableWrapper_1rjym_13 flex w-fit flex-col-reverse\" tabindex=\"-1\">\n<table class=\"w-fit min-w-(--thread-content-width)\" data-start=\"1218\" data-end=\"1674\">\n<thead data-start=\"1218\" data-end=\"1247\">\n<tr data-start=\"1218\" data-end=\"1247\">\n<th data-start=\"1218\" data-end=\"1234\" data-col-size=\"sm\">Par\u00e1metro<\/th>\n<th data-start=\"1234\" data-end=\"1247\" data-col-size=\"md\">Valor<\/th>\n<\/tr>\n<\/thead>\n<tbody data-start=\"1279\" data-end=\"1674\">\n<tr data-start=\"1279\" data-end=\"1313\">\n<td data-start=\"1279\" data-end=\"1286\" data-col-size=\"sm\">Tipo<\/td>\n<td data-col-size=\"md\" data-start=\"1286\" data-end=\"1313\">RUF (bloque rectangular)<\/td>\n<\/tr>\n<tr data-start=\"1314\" data-end=\"1354\">\n<td data-start=\"1314\" data-end=\"1325\" data-col-size=\"sm\">Material<\/td>\n<td data-col-size=\"md\" data-start=\"1325\" data-end=\"1354\">100% Serr\u00edn de madera dura de roble<\/td>\n<\/tr>\n<tr data-start=\"1355\" data-end=\"1398\">\n<td data-start=\"1355\" data-end=\"1368\" data-col-size=\"sm\">Dimensiones<\/td>\n<td data-col-size=\"md\" data-start=\"1368\" data-end=\"1398\">150 \u00d7 90 \u00d7 65 mm (aprox.)<\/td>\n<\/tr>\n<tr data-start=\"1399\" data-end=\"1426\">\n<td data-start=\"1399\" data-end=\"1418\" data-col-size=\"sm\">Contenido de humedad<\/td>\n<td data-col-size=\"md\" data-start=\"1418\" data-end=\"1426\">\u2264 8%<\/td>\n<\/tr>\n<tr data-start=\"1427\" data-end=\"1451\">\n<td data-start=\"1427\" data-end=\"1441\" data-col-size=\"sm\">Contenido de ceniza<\/td>\n<td data-start=\"1441\" data-end=\"1451\" data-col-size=\"md\">\u2264 0,7%<\/td>\n<\/tr>\n<tr data-start=\"1452\" data-end=\"1490\">\n<td data-start=\"1452\" data-end=\"1470\" data-col-size=\"sm\">Poder calor\u00edfico<\/td>\n<td data-col-size=\"md\" data-start=\"1470\" data-end=\"1490\">4,8 - 5,2 kWh\/kg<\/td>\n<\/tr>\n<tr data-start=\"1491\" data-end=\"1518\">\n<td data-start=\"1491\" data-end=\"1501\" data-col-size=\"sm\">Densidad<\/td>\n<td data-start=\"1501\" data-end=\"1518\" data-col-size=\"md\">\u2265 1.100 kg\/m\u00b3<\/td>\n<\/tr>\n<tr data-start=\"1519\" data-end=\"1563\">\n<td data-start=\"1519\" data-end=\"1531\" data-col-size=\"sm\">Aditivos<\/td>\n<td data-start=\"1531\" data-end=\"1563\" data-col-size=\"md\">Ninguno (aglutinante natural de lignina)<\/td>\n<\/tr>\n<tr data-start=\"1564\" data-end=\"1610\">\n<td data-start=\"1564\" data-end=\"1572\" data-col-size=\"sm\">Color<\/td>\n<td data-start=\"1572\" data-end=\"1610\" data-col-size=\"md\">Marr\u00f3n claro a oscuro (madera natural)<\/td>\n<\/tr>\n<tr data-start=\"1611\" data-end=\"1674\">\n<td data-start=\"1611\" data-end=\"1623\" data-col-size=\"sm\">Embalaje<\/td>\n<td data-start=\"1623\" data-end=\"1674\" data-col-size=\"md\">Envases retractilados de 10 kg \/ big bags \/ pal\u00e9s<\/td>\n<\/tr>\n<\/tbody>\n<\/table>\n<\/div>\n<\/div>\n<hr data-start=\"1676\" data-end=\"1679\" \/>\n<h3 data-start=\"1681\" data-end=\"1714\">Principales caracter\u00edsticas y ventajas<\/h3>\n<p data-start=\"1716\" data-end=\"1901\">\ud83d\udd25 Alta eficiencia energ\u00e9tica<br data-start=\"1745\" data-end=\"1748\" \/>Las briquetas de roble tienen un poder calor\u00edfico excepcionalmente alto, por lo que proporcionan un calor intenso y constante, ideal para sistemas de calefacci\u00f3n dom\u00e9sticos e industriales.<\/p>\n<p data-start=\"1903\" data-end=\"2080\">\ud83d\udd52 Larga duraci\u00f3n de la combusti\u00f3n<br data-start=\"1931\" data-end=\"1934\" \/>Debido a su alta densidad, las briquetas de roble RUF arden lenta y uniformemente, manteniendo un calor constante con menos repostajes en comparaci\u00f3n con la le\u00f1a normal.<\/p>\n<p data-start=\"2082\" data-end=\"2223\">\ud83d\udca8 Combusti\u00f3n limpia<br data-start=\"2105\" data-end=\"2108\" \/>Su bajo contenido en humedad y cenizas garantiza un humo m\u00ednimo, una combusti\u00f3n limpia y un mantenimiento reducido de estufas y calderas.<\/p>\n<p data-start=\"2225\" data-end=\"2434\">\ud83c\udf31 100% Respetuoso con el medio ambiente<br data-start=\"2249\" data-end=\"2252\" \/>Fabricadas exclusivamente a partir de serr\u00edn de roble renovable, sin productos qu\u00edmicos ni aglutinantes. Las briquetas RUF son neutras en carbono, lo que las convierte en una alternativa sostenible al carb\u00f3n y otros combustibles f\u00f3siles.<\/p>\n<p data-start=\"2436\" data-end=\"2594\">\ud83c\udfe1 Perfecto para cualquier sistema de calefacci\u00f3n<br data-start=\"2473\" data-end=\"2476\" \/>Adecuado para estufas de le\u00f1a, chimeneas, calderas de combustible s\u00f3lido y hornos de pizza: un combustible vers\u00e1til para cada necesidad.<\/p>\n<p data-start=\"2596\" data-end=\"2733\">\ud83d\udce6 Compacto y f\u00e1cil de guardar<br data-start=\"2626\" data-end=\"2629\" \/>Su forma rectangular uniforme permite apilarlos y almacenarlos c\u00f3modamente, maximizando el espacio y minimizando el desorden.<\/p>\n<hr data-start=\"3136\" data-end=\"3139\" \/>\n<h3 data-start=\"3141\" data-end=\"3199\">\u00bfPor qu\u00e9 elegir las briquetas de roble RUF de Energy Pellet LLC?<\/h3>\n<p data-start=\"3201\" data-end=\"3421\">Fabricado con madera de roble 100%<br data-start=\"3234\" data-end=\"3237\" \/>Alto poder calor\u00edfico y larga duraci\u00f3n de combusti\u00f3n<br data-start=\"3278\" data-end=\"3281\" \/>Combustible ecol\u00f3gico y neutro en carbono<br data-start=\"3316\" data-end=\"3319\" \/>\u2705 Calefacci\u00f3n limpia, uniforme y eficiente<br data-start=\"3361\" data-end=\"3364\" \/>\u2705 Suministro internacional fiable y precios competitivos<\/p>\n<hr data-start=\"3423\" data-end=\"3426\" \/>\n<h3 data-start=\"3428\" data-end=\"3448\">Aplicaciones<\/h3>\n<ul data-start=\"3450\" data-end=\"3641\">\n<li data-start=\"3450\" data-end=\"3494\">\n<p data-start=\"3452\" data-end=\"3494\">Calefacci\u00f3n residencial (estufas, chimeneas)<\/p>\n<\/li>\n<li data-start=\"3495\" data-end=\"3532\">\n<p data-start=\"3497\" data-end=\"3532\">Calderas comerciales e industriales<\/p>\n<\/li>\n<li data-start=\"3533\" data-end=\"3573\">\n<p data-start=\"3535\" data-end=\"3573\">Restaurantes, panader\u00edas y pizzer\u00edas<\/p>\n<\/li>\n<li data-start=\"3574\" data-end=\"3607\">\n<p data-start=\"3576\" data-end=\"3607\">Sistemas de calefacci\u00f3n para saunas y spas<\/p>\n<\/li>\n<li data-start=\"3608\" data-end=\"3641\">\n<p data-start=\"3610\" data-end=\"3641\">Hogueras al aire libre y camping<\/p>\n<\/li>\n<\/ul>","protected":false},"excerpt":{"rendered":"<h3 data-start=\"2740\" data-end=\"2765\"><strong data-start=\"2744\" data-end=\"2765\">Opciones de envasado<\/strong><\/h3>\n<p data-start=\"2767\" data-end=\"2815\">Briquetas de roble RUF<\/p>\n<p data-start=\"2767\" data-end=\"2815\">Ofrecemos varios formatos de envasado muy pr\u00e1cticos:<\/p>\n<ul data-start=\"2816\" data-end=\"3028\">\n<li data-start=\"2816\" data-end=\"2887\">\n<p data-start=\"2818\" data-end=\"2887\"><strong data-start=\"2818\" data-end=\"2848\">Envases retractilados de 10 kg<\/strong> - ideal para uso dom\u00e9stico y minorista<\/p>\n<\/li>\n<li data-start=\"2888\" data-end=\"2955\">\n<p data-start=\"2890\" data-end=\"2955\"><strong data-start=\"2890\" data-end=\"2912\">Big bags (1000 kg)<\/strong> - para clientes mayoristas e industriales<\/p>\n<\/li>\n<li data-start=\"2956\" data-end=\"3028\">\n<p data-start=\"2958\" data-end=\"3028\"><strong data-start=\"2958\" data-end=\"2983\">Cargas a granel paletizadas<\/strong> - para suministros a gran escala y pedidos de exportaci\u00f3n<\/p>\n<\/li>\n<\/ul>\n<p data-start=\"3030\" data-end=\"3134\">Cada paquete se envuelve cuidadosamente para proteger las briquetas de la humedad y los da\u00f1os durante el transporte.<\/p>","protected":false},"featured_media":149,"comment_status":"open","ping_status":"closed","template":"","meta":{"_joinchat":[]},"product_brand":[],"product_cat":[18],"product_tag":[65,67,66,64,62,68,61,60,69,63],"class_list":{"0":"post-147","1":"product","2":"type-product","3":"status-publish","4":"has-post-thumbnail","6":"product_cat-wood-products","7":"product_tag-briquettes-for-sale","8":"product_tag-bulk-briquettes","9":"product_tag-buy-briquettes-online","10":"product_tag-firewood-briquettes","11":"product_tag-hardwood-briquettes","12":"product_tag-home-heating-fuel","13":"product_tag-oak-briquettes","14":"product_tag-ruf-briquettes","15":"product_tag-stove-fuel","16":"product_tag-wood-briquettes","18":"first","19":"instock","20":"shipping-taxable","21":"product-type-external"},"_links":{"self":[{"href":"https:\/\/energypelletllc.com.ua\/es\/wp-json\/wp\/v2\/product\/147","targetHints":{"allow":["GET"]}}],"collection":[{"href":"https:\/\/energypelletllc.com.ua\/es\/wp-json\/wp\/v2\/product"}],"about":[{"href":"https:\/\/energypelletllc.com.ua\/es\/wp-json\/wp\/v2\/types\/product"}],"replies":[{"embeddable":true,"href":"https:\/\/energypelletllc.com.ua\/es\/wp-json\/wp\/v2\/comments?post=147"}],"wp:featuredmedia":[{"embeddable":true,"href":"https:\/\/energypelletllc.com.ua\/es\/wp-json\/wp\/v2\/media\/149"}],"wp:attachment":[{"href":"https:\/\/energypelletllc.com.ua\/es\/wp-json\/wp\/v2\/media?parent=147"}],"wp:term":[{"taxonomy":"product_brand","embeddable":true,"href":"https:\/\/energypelletllc.com.ua\/es\/wp-json\/wp\/v2\/product_brand?post=147"},{"taxonomy":"product_cat","embeddable":true,"href":"https:\/\/energypelletllc.com.ua\/es\/wp-json\/wp\/v2\/product_cat?post=147"},{"taxonomy":"product_tag","embeddable":true,"href":"https:\/\/energypelletllc.com.ua\/es\/wp-json\/wp\/v2\/product_tag?post=147"}],"curies":[{"name":"wp","href":"https:\/\/api.w.org\/{rel}","templated":true}]}}