{"id":124,"date":"2025-11-04T22:18:36","date_gmt":"2025-11-04T22:18:36","guid":{"rendered":"https:\/\/energypelletllc.com.ua\/?page_id=124"},"modified":"2026-05-05T07:25:39","modified_gmt":"2026-05-05T07:25:39","slug":"entrega-de-pedidos","status":"publish","type":"page","link":"https:\/\/energypelletllc.com.ua\/es\/entrega-de-pedidos\/","title":{"rendered":"Pedido y entrega"},"content":{"rendered":"<h2 data-start=\"153\" data-end=\"176\"><strong data-start=\"156\" data-end=\"176\">Pedido y entrega<\/strong><\/h2>\n<p data-start=\"178\" data-end=\"550\">En <strong data-start=\"181\" data-end=\"202\">LLC <\/strong><strong data-start=\"181\" data-end=\"202\">Energ\u00eda Pellet <\/strong>, Hacemos que el proceso de pedido y recepci\u00f3n de nuestros <strong data-start=\"254\" data-end=\"270\">pellets de madera<\/strong> y <strong data-start=\"275\" data-end=\"287\">le\u00f1a<\/strong> sencilla, transparente y eficaz. Tanto si compra a granel para uso industrial como para distribuci\u00f3n minorista, nuestro equipo de log\u00edstica garantiza una entrega puntual y sin problemas desde nuestras instalaciones de producci\u00f3n en Ucrania hasta su ubicaci\u00f3n en cualquier lugar de Europa o fuera de ella.<\/p>\n<h3 data-start=\"552\" data-end=\"572\"><strong data-start=\"556\" data-end=\"572\">C\u00f3mo hacer un pedido<\/strong><\/h3>\n<ol data-start=\"574\" data-end=\"1551\">\n<li data-start=\"574\" data-end=\"772\">\n<p data-start=\"577\" data-end=\"772\"><strong data-start=\"577\" data-end=\"598\">Enviar una consulta<\/strong><br data-start=\"598\" data-end=\"601\" \/>P\u00f3ngase en contacto con nosotros por correo electr\u00f3nico o mediante nuestro formulario en l\u00ednea e ind\u00edquenos los requisitos de su producto: tipo de pellets o le\u00f1a, cantidad, embalaje preferido y puerto o direcci\u00f3n de destino.<\/p>\n<\/li>\n<li data-start=\"774\" data-end=\"948\">\n<p data-start=\"777\" data-end=\"948\"><strong data-start=\"777\" data-end=\"796\">Recibir un presupuesto<\/strong><br data-start=\"796\" data-end=\"799\" \/>Nuestro equipo de ventas le proporcionar\u00e1 r\u00e1pidamente un presupuesto detallado que incluir\u00e1 las especificaciones del producto, el precio, las condiciones de pago y el plazo de entrega estimado.<\/p>\n<\/li>\n<li data-start=\"950\" data-end=\"1161\">\n<p data-start=\"953\" data-end=\"1161\"><strong data-start=\"953\" data-end=\"975\">Confirme su pedido<\/strong><br data-start=\"975\" data-end=\"978\" \/>Una vez acordados todos los detalles, recibir\u00e1 un <strong data-start=\"1032\" data-end=\"1052\">Factura proforma<\/strong> para su confirmaci\u00f3n. La producci\u00f3n y el env\u00edo se programan inmediatamente despu\u00e9s del pago o seg\u00fan las condiciones del contrato.<\/p>\n<\/li>\n<li data-start=\"1163\" data-end=\"1347\">\n<p data-start=\"1166\" data-end=\"1347\"><strong data-start=\"1166\" data-end=\"1198\">Producci\u00f3n y control de calidad<\/strong><br data-start=\"1198\" data-end=\"1201\" \/>Todos los productos se someten a una estricta inspecci\u00f3n de calidad antes de la carga para garantizar que cumplen <b>all qualities <\/b>or customer-specific requirements.<\/p>\n<\/li>\n<li data-start=\"1349\" data-end=\"1551\">\n<p data-start=\"1352\" data-end=\"1551\"><strong data-start=\"1352\" data-end=\"1375\">Entrega y seguimiento<\/strong><br data-start=\"1375\" data-end=\"1378\" \/>Nos encargamos de la log\u00edstica y la documentaci\u00f3n para garantizar una entrega segura y puntual. Recibir\u00e1s todos los detalles del env\u00edo, incluido el seguimiento del transporte y la documentaci\u00f3n aduanera.<\/p>\n<\/li>\n<\/ol>\n<hr data-start=\"1553\" data-end=\"1556\" \/>\n<h3 data-start=\"1558\" data-end=\"1582\"><strong data-start=\"1562\" data-end=\"1582\">Opciones de entrega<\/strong><\/h3>\n<p data-start=\"1584\" data-end=\"1676\">Ofrecemos opciones de env\u00edo flexibles y fiables en funci\u00f3n de su ubicaci\u00f3n y del tama\u00f1o del pedido:<\/p>\n<ul data-start=\"1678\" data-end=\"2063\">\n<li data-start=\"1678\" data-end=\"1814\">\n<p data-start=\"1680\" data-end=\"1814\">\ud83d\ude9b <strong data-start=\"1683\" data-end=\"1711\">Por carretera (entrega en cami\u00f3n)<\/strong> - Ideal para clientes dentro de Europa. R\u00e1pido y rentable tanto para env\u00edos a granel como paletizados.<\/p>\n<\/li>\n<li data-start=\"1815\" data-end=\"1969\">\n<p data-start=\"1817\" data-end=\"1969\">\ud83d\udea2 <strong data-start=\"1820\" data-end=\"1851\">Por mar (transporte en contenedores)<\/strong> - Perfecto para pedidos internacionales y grandes vol\u00famenes. Realizamos env\u00edos a trav\u00e9s de los principales puertos de Ucrania y pa\u00edses vecinos.<\/p>\n<\/li>\n<li data-start=\"1970\" data-end=\"2063\">\n<p data-start=\"1972\" data-end=\"2063\">\ud83d\ude82 <strong data-start=\"1975\" data-end=\"1986\">En tren<\/strong> - Eficaz para grandes clientes industriales y distribuidores de toda Europa.<\/p>\n<\/li>\n<\/ul>\n<p data-start=\"2065\" data-end=\"2331\">Todos los env\u00edos se embalan cuidadosamente para mantener la calidad del producto durante el transporte: los pellets suelen entregarse en <strong data-start=\"2180\" data-end=\"2193\">Sacos de 15 kg<\/strong>, <strong data-start=\"2195\" data-end=\"2216\">big bags (1000kg)<\/strong>, o <strong data-start=\"2221\" data-end=\"2235\">cargas a granel<\/strong>, mientras que la le\u00f1a se suministra en <strong data-start=\"2267\" data-end=\"2295\">redes, cajas o pal\u00e9s<\/strong> en funci\u00f3n de las preferencias del cliente.<\/p>\n<hr data-start=\"2333\" data-end=\"2336\" \/>\n<h3 data-start=\"2338\" data-end=\"2356\"><strong data-start=\"2342\" data-end=\"2356\">Plazos de entrega<\/strong><\/h3>\n<ul data-start=\"2358\" data-end=\"2552\">\n<li data-start=\"2358\" data-end=\"2430\">\n<p data-start=\"2360\" data-end=\"2430\"><strong data-start=\"2360\" data-end=\"2380\">Pedidos est\u00e1ndar:<\/strong> De 5 a 10 d\u00edas laborables para la preparaci\u00f3n y carga.<\/p>\n<\/li>\n<li data-start=\"2431\" data-end=\"2552\">\n<p data-start=\"2433\" data-end=\"2552\"><strong data-start=\"2433\" data-end=\"2478\">Envases personalizados o grandes cantidades:<\/strong> 2-3 semanas, seg\u00fan el calendario de producci\u00f3n y la disponibilidad de transporte.<\/p>\n<\/li>\n<\/ul>\n<p data-start=\"2554\" data-end=\"2688\">Nuestro equipo de log\u00edstica vigila constantemente las condiciones fronterizas y portuarias para minimizar los retrasos y garantizar un suministro fiable durante todo el a\u00f1o.<\/p>\n<hr data-start=\"2690\" data-end=\"2693\" \/>\n<h3 data-start=\"2695\" data-end=\"2716\"><strong data-start=\"2699\" data-end=\"2716\">Condiciones de pago<\/strong><\/h3>\n<p data-start=\"2718\" data-end=\"2799\">Ofrecemos opciones de pago flexibles basadas en el volumen de pedidos y la asociaci\u00f3n con el cliente:<\/p>\n<ul data-start=\"2801\" data-end=\"2987\">\n<li data-start=\"2801\" data-end=\"2849\">\n<p data-start=\"2803\" data-end=\"2849\"><strong data-start=\"2803\" data-end=\"2822\">Anticipo<\/strong> para clientes primerizos<\/p>\n<\/li>\n<li data-start=\"2850\" data-end=\"2917\">\n<p data-start=\"2852\" data-end=\"2917\"><strong data-start=\"2852\" data-end=\"2896\">Pago anticipado parcial \/ saldo a la entrega<\/strong> para clientes habituales<\/p>\n<\/li>\n<\/ul>\n<p data-start=\"2989\" data-end=\"3051\">Todas las transacciones se gestionan de forma segura en <strong data-start=\"3030\" data-end=\"3037\">EUR<\/strong> o <strong data-start=\"3041\" data-end=\"3048\">USD<\/strong>.<\/p>\n<hr data-start=\"3053\" data-end=\"3056\" \/>\n<h3 data-start=\"3058\" data-end=\"3082\"><strong data-start=\"3062\" data-end=\"3082\">Atenci\u00f3n al cliente<\/strong><\/h3>\n<p data-start=\"3084\" data-end=\"3309\">Desde su primera consulta hasta la llegada de sus mercanc\u00edas, nuestro equipo le ofrece asistencia completa en cada paso. Le ayudamos con la documentaci\u00f3n aduanera, los tr\u00e1mites de transporte y el servicio posventa para garantizar su plena satisfacci\u00f3n.<\/p>\n<p data-start=\"3311\" data-end=\"3416\">Para consultas y pedidos, p\u00f3ngase en contacto con<br data-start=\"3352\" data-end=\"3355\" \/>\ud83d\udce7 <strong>sales@energypelletllc.com.ua<\/strong><br data-start=\"3386\" data-end=\"3389\" \/>\ud83d\udcde <strong>+380947100558<\/strong><\/p>","protected":false},"excerpt":{"rendered":"<p>Order &amp; Delivery At LLC Energy Pellet , we make the process of ordering and receiving our wood pellets and firewood simple, transparent, and efficient. Whether you are purchasing in bulk for industrial use or for retail distribution, our logistics team ensures smooth and timely delivery from our production facilities in Ukraine to your location [&#8230;]\n","protected":false},"author":1,"featured_media":0,"parent":0,"menu_order":0,"comment_status":"closed","ping_status":"closed","template":"","meta":{"_joinchat":[],"footnotes":""},"class_list":["post-124","page","type-page","status-publish","hentry"],"_hostinger_reach_plugin_has_subscription_block":false,"_hostinger_reach_plugin_is_elementor":false,"_links":{"self":[{"href":"https:\/\/energypelletllc.com.ua\/es\/wp-json\/wp\/v2\/pages\/124","targetHints":{"allow":["GET"]}}],"collection":[{"href":"https:\/\/energypelletllc.com.ua\/es\/wp-json\/wp\/v2\/pages"}],"about":[{"href":"https:\/\/energypelletllc.com.ua\/es\/wp-json\/wp\/v2\/types\/page"}],"author":[{"embeddable":true,"href":"https:\/\/energypelletllc.com.ua\/es\/wp-json\/wp\/v2\/users\/1"}],"replies":[{"embeddable":true,"href":"https:\/\/energypelletllc.com.ua\/es\/wp-json\/wp\/v2\/comments?post=124"}],"version-history":[{"count":8,"href":"https:\/\/energypelletllc.com.ua\/es\/wp-json\/wp\/v2\/pages\/124\/revisions"}],"predecessor-version":[{"id":417,"href":"https:\/\/energypelletllc.com.ua\/es\/wp-json\/wp\/v2\/pages\/124\/revisions\/417"}],"wp:attachment":[{"href":"https:\/\/energypelletllc.com.ua\/es\/wp-json\/wp\/v2\/media?parent=124"}],"curies":[{"name":"wp","href":"https:\/\/api.w.org\/{rel}","templated":true}]}}