{"id":280,"date":"2026-02-20T17:06:13","date_gmt":"2026-02-20T17:06:13","guid":{"rendered":"https:\/\/energypelletllc.com.ua\/?post_type=product&#038;p=280"},"modified":"2026-03-08T08:28:27","modified_gmt":"2026-03-08T08:28:27","slug":"frisch-gesagtes-kantenbrett-kiefer-4-meter-1m3","status":"publish","type":"product","link":"https:\/\/energypelletllc.com.ua\/de_de\/product\/frisch-gesagtes-kantenbrett-kiefer-4-meter-1m3\/","title":{"rendered":"Frisch ges\u00e4gtes bes\u00e4umtes Brett Kiefer 4 Meter, 1m3"},"content":{"rendered":"<p>Frisch ges\u00e4gtes bes\u00e4umtes Brett Kiefer 4 Meter, 1m3<\/p>\n<p><strong>Frisch ges\u00e4gtes bes\u00e4umtes Brett Kiefer<\/strong>\u00a0wird mit einer Dicke von 15 bis 200 mm, einer Breite von 30 bis 200 mm und einer L\u00e4nge von 4 m hergestellt. Mindestbestellung 1 m3<\/p>\n<p>Verf\u00fcgbare Gr\u00f6\u00dfen\/Abschnitte:<\/p>\n<ul>\n<li>15\u044575\/100\/125\/150 mm und L\u00e4nge 4000 mm<\/li>\n<li>20\u044575\/100\/125\/150 mm und L\u00e4nge 4000 mm<\/li>\n<li>25\u044550\/75\/100\/125\/150\/175\/200\/225\/250 mm und L\u00e4nge 4000 mm<\/li>\n<li>30\u044530\/50\/75\/100\/125\/150\/175\/200\/225\/250 mm und L\u00e4nge 4000 mm<\/li>\n<li>40\u044540\/50\/75\/100\/125\/150\/175\/200\/225\/250 mm und L\u00e4nge 4000 mm<\/li>\n<li>50\u044550\/75\/100\/125\/150\/175\/200\/225\/250 mm und L\u00e4nge 4000 mm<\/li>\n<li>75\u044575\/100\/125\/150\/175\/200\/225\/250 mm und L\u00e4nge 4000 mm<\/li>\n<li>100\u0445100\/150\/200\/250 mm und L\u00e4nge 4000 mm<\/li>\n<li>125\u0445125 mm und L\u00e4nge 4000 mm<\/li>\n<li>150\u0445150 mm und L\u00e4nge 4000 mm<\/li>\n<li>175\u0445175 mm und L\u00e4nge 4000 mm<\/li>\n<li>200\u0445200 mm und L\u00e4nge 4000 mm<\/li>\n<\/ul>","protected":false},"excerpt":{"rendered":"<p>Frisch ges\u00e4gtes bes\u00e4umtes Brett Kiefer 4 Meter, 1m3<\/p>\n<h4>Frisch ges\u00e4gtes bes\u00e4umtes Brett Kiefer<\/h4>\n<p>Die Umsetzung von Holz ist unser Hauptt\u00e4tigkeitsbereich. Gerade jetzt, ohne die geringsten Schwierigkeiten, k\u00f6nnen Sie\u00a0<strong>ein kantiges Brett kaufen<\/strong>\u00a0bei uns zu den besten Preisen. Wir verkaufen nur die h\u00f6chste Qualit\u00e4t Holz, zu Preisen viel niedriger als andere Hersteller in der Ukraine.<\/p>","protected":false},"featured_media":281,"comment_status":"open","ping_status":"closed","template":"","meta":{"_joinchat":[]},"product_brand":[],"product_cat":[129],"product_tag":[130,131],"class_list":{"0":"post-280","1":"product","2":"type-product","3":"status-publish","4":"has-post-thumbnail","6":"product_cat-lumber","7":"product_tag-fresh-sawn-edged-board-pine-4-meters","8":"product_tag-fresh-sawn-edged-board-pine-4-meters-1m3","10":"first","11":"instock","12":"shipping-taxable","13":"product-type-external"},"_links":{"self":[{"href":"https:\/\/energypelletllc.com.ua\/de_de\/wp-json\/wp\/v2\/product\/280","targetHints":{"allow":["GET"]}}],"collection":[{"href":"https:\/\/energypelletllc.com.ua\/de_de\/wp-json\/wp\/v2\/product"}],"about":[{"href":"https:\/\/energypelletllc.com.ua\/de_de\/wp-json\/wp\/v2\/types\/product"}],"replies":[{"embeddable":true,"href":"https:\/\/energypelletllc.com.ua\/de_de\/wp-json\/wp\/v2\/comments?post=280"}],"wp:featuredmedia":[{"embeddable":true,"href":"https:\/\/energypelletllc.com.ua\/de_de\/wp-json\/wp\/v2\/media\/281"}],"wp:attachment":[{"href":"https:\/\/energypelletllc.com.ua\/de_de\/wp-json\/wp\/v2\/media?parent=280"}],"wp:term":[{"taxonomy":"product_brand","embeddable":true,"href":"https:\/\/energypelletllc.com.ua\/de_de\/wp-json\/wp\/v2\/product_brand?post=280"},{"taxonomy":"product_cat","embeddable":true,"href":"https:\/\/energypelletllc.com.ua\/de_de\/wp-json\/wp\/v2\/product_cat?post=280"},{"taxonomy":"product_tag","embeddable":true,"href":"https:\/\/energypelletllc.com.ua\/de_de\/wp-json\/wp\/v2\/product_tag?post=280"}],"curies":[{"name":"wp","href":"https:\/\/api.w.org\/{rel}","templated":true}]}}