{"id":140,"date":"2025-11-04T22:43:21","date_gmt":"2025-11-04T22:43:21","guid":{"rendered":"https:\/\/energypelletllc.com.ua\/?post_type=product&#038;p=140"},"modified":"2026-03-16T10:43:03","modified_gmt":"2026-03-16T10:43:03","slug":"din-premium-pellets","status":"publish","type":"product","link":"https:\/\/energypelletllc.com.ua\/de_de\/product\/din-premium-pellets\/","title":{"rendered":"Din Premium Pellets"},"content":{"rendered":"<h2 data-start=\"190\" data-end=\"221\"><strong data-start=\"193\" data-end=\"221\">DIN Premium Holzpellets<\/strong><\/h2>\n<h3 data-start=\"223\" data-end=\"281\"><strong data-start=\"227\" data-end=\"281\">Hocheffizient | Umweltfreundlich | Zertifizierte Qualit\u00e4t<\/strong><\/h3>\n<p data-start=\"283\" data-end=\"648\">Unter <strong data-start=\"286\" data-end=\"307\">Energie-Pellet LLC<\/strong>, sind wir stolz auf die Herstellung und Lieferung von <strong data-start=\"350\" data-end=\"378\">DIN Premium Holzpellets<\/strong> - ein hochwertiger Biomassebrennstoff, der f\u00fcr <strong data-start=\"424\" data-end=\"469\">sauberes, effizientes und nachhaltiges Heizen<\/strong>. Hergestellt in <strong data-start=\"479\" data-end=\"490\">Ukraine<\/strong> aus 100% Naturholz liefern unsere Pellets eine au\u00dfergew\u00f6hnliche Leistung, die den strengen <strong data-start=\"581\" data-end=\"592\">DINplus<\/strong> europaweit anerkannte Zertifizierungsstandards.<\/p>\n<hr data-start=\"650\" data-end=\"653\" \/>\n<h3 data-start=\"655\" data-end=\"679\"><strong data-start=\"659\" data-end=\"679\">Produkt\u00fcbersicht<\/strong><\/h3>\n<p data-start=\"681\" data-end=\"1033\">Unser <strong data-start=\"685\" data-end=\"708\">DIN-Premium-Pellets<\/strong> werden hergestellt mit <strong data-start=\"732\" data-end=\"766\">reine S\u00e4gesp\u00e4ne und Hobelsp\u00e4ne<\/strong> die aus nachhaltig bewirtschafteten W\u00e4ldern stammen. Das Material wird sorgf\u00e4ltig getrocknet, veredelt und unter hohem Druck gepresst - ohne Zusatzstoffe oder Bindemittel - und ergibt glatte, dichte Pellets mit <strong data-start=\"959\" data-end=\"983\">hoher Heizwert<\/strong>, <strong data-start=\"985\" data-end=\"1001\">niedrige Feuchtigkeit<\/strong>, und <strong data-start=\"1007\" data-end=\"1030\">minimaler Aschegehalt<\/strong>.<\/p>\n<p data-start=\"1035\" data-end=\"1252\">Ganz gleich, ob Sie ein Haus, ein Gesch\u00e4ftsgeb\u00e4ude oder eine Industrieanlage beheizen wollen, <strong data-start=\"1111\" data-end=\"1154\">DIN-Premium-Pellets von Energy Pellet LLC<\/strong> garantieren eine gleichm\u00e4\u00dfige, starke W\u00e4rmeabgabe und sch\u00fctzen gleichzeitig Ihre Ger\u00e4te und die Umwelt.<\/p>\n<hr data-start=\"1254\" data-end=\"1257\" \/>\n<h3 data-start=\"1259\" data-end=\"1291\"><strong data-start=\"1263\" data-end=\"1291\">Technische Daten<\/strong><\/h3>\n<div class=\"_tableContainer_1rjym_1\">\n<div class=\"group _tableWrapper_1rjym_13 flex w-fit flex-col-reverse\" tabindex=\"-1\">\n<table class=\"w-fit min-w-(--thread-content-width)\" data-start=\"1293\" data-end=\"1725\">\n<thead data-start=\"1293\" data-end=\"1322\">\n<tr data-start=\"1293\" data-end=\"1322\">\n<th data-start=\"1293\" data-end=\"1309\" data-col-size=\"sm\"><strong data-start=\"1295\" data-end=\"1308\">Parameter<\/strong><\/th>\n<th data-start=\"1309\" data-end=\"1322\" data-col-size=\"sm\"><strong data-start=\"1311\" data-end=\"1320\">Wert<\/strong><\/th>\n<\/tr>\n<\/thead>\n<tbody data-start=\"1355\" data-end=\"1725\">\n<tr data-start=\"1355\" data-end=\"1382\">\n<td data-start=\"1355\" data-end=\"1371\" data-col-size=\"sm\">Zertifizierung<\/td>\n<td data-col-size=\"sm\" data-start=\"1371\" data-end=\"1382\">DINplus<\/td>\n<\/tr>\n<tr data-start=\"1383\" data-end=\"1409\">\n<td data-start=\"1383\" data-end=\"1394\" data-col-size=\"sm\">Durchmesser<\/td>\n<td data-col-size=\"sm\" data-start=\"1394\" data-end=\"1409\">6 mm \/ 8 mm<\/td>\n<\/tr>\n<tr data-start=\"1410\" data-end=\"1431\">\n<td data-start=\"1410\" data-end=\"1419\" data-col-size=\"sm\">L\u00e4nge<\/td>\n<td data-col-size=\"sm\" data-start=\"1419\" data-end=\"1431\">10-30 mm<\/td>\n<\/tr>\n<tr data-start=\"1432\" data-end=\"1460\">\n<td data-start=\"1432\" data-end=\"1451\" data-col-size=\"sm\">Feuchtigkeitsgehalt<\/td>\n<td data-col-size=\"sm\" data-start=\"1451\" data-end=\"1460\">\u2264 10%<\/td>\n<\/tr>\n<tr data-start=\"1461\" data-end=\"1485\">\n<td data-start=\"1461\" data-end=\"1475\" data-col-size=\"sm\">Aschegehalt<\/td>\n<td data-col-size=\"sm\" data-start=\"1475\" data-end=\"1485\">\u2264 0,3%<\/td>\n<\/tr>\n<tr data-start=\"1486\" data-end=\"1524\">\n<td data-start=\"1486\" data-end=\"1504\" data-col-size=\"sm\">Heizwert<\/td>\n<td data-col-size=\"sm\" data-start=\"1504\" data-end=\"1524\">4,9 - 5,1 kWh\/kg<\/td>\n<\/tr>\n<tr data-start=\"1525\" data-end=\"1557\">\n<td data-start=\"1525\" data-end=\"1540\" data-col-size=\"sm\">Sch\u00fcttdichte<\/td>\n<td data-col-size=\"sm\" data-start=\"1540\" data-end=\"1557\">650-700 kg\/m\u00b3<\/td>\n<\/tr>\n<tr data-start=\"1558\" data-end=\"1610\">\n<td data-start=\"1558\" data-end=\"1573\" data-col-size=\"sm\">Rohmaterial<\/td>\n<td data-col-size=\"sm\" data-start=\"1573\" data-end=\"1610\">100% nat\u00fcrliches Hartholz oder Weichholz<\/td>\n<\/tr>\n<tr data-start=\"1611\" data-end=\"1631\">\n<td data-start=\"1611\" data-end=\"1623\" data-col-size=\"sm\">Zusatzstoffe<\/td>\n<td data-col-size=\"sm\" data-start=\"1623\" data-end=\"1631\">Keine<\/td>\n<\/tr>\n<tr data-start=\"1632\" data-end=\"1671\">\n<td data-start=\"1632\" data-end=\"1640\" data-col-size=\"sm\">Farbe<\/td>\n<td data-col-size=\"sm\" data-start=\"1640\" data-end=\"1671\">Hellbeige bis goldbraun<\/td>\n<\/tr>\n<tr data-start=\"1672\" data-end=\"1725\">\n<td data-start=\"1672\" data-end=\"1684\" data-col-size=\"sm\">Verpackung<\/td>\n<td data-col-size=\"sm\" data-start=\"1684\" data-end=\"1725\">15 kg S\u00e4cke \/ 1.000 kg Big Bags \/ lose Ware<\/td>\n<\/tr>\n<\/tbody>\n<\/table>\n<\/div>\n<\/div>\n<hr data-start=\"1727\" data-end=\"1730\" \/>\n<h3 data-start=\"1732\" data-end=\"1763\"><strong data-start=\"1736\" data-end=\"1763\">Hauptmerkmale und Vorteile<\/strong><\/h3>\n<p data-start=\"1765\" data-end=\"1920\">\ud83d\udd25 <strong data-start=\"1768\" data-end=\"1797\">Au\u00dfergew\u00f6hnlicher Energieertrag<\/strong><br data-start=\"1797\" data-end=\"1800\" \/>Der hohe Heizwert gew\u00e4hrleistet eine maximale W\u00e4rmeerzeugung pro Kilogramm und macht es zu einer effizienten und kostensparenden Brennstoffoption.<\/p>\n<p data-start=\"1922\" data-end=\"2075\">\ud83d\udca8 <strong data-start=\"1925\" data-end=\"1954\">Aschearme, saubere Verbrennung<\/strong><br data-start=\"1954\" data-end=\"1957\" \/>Mit einem Aschegehalt von weniger als 0,3% sorgen unsere Pellets f\u00fcr eine sauberere Verbrennung, weniger Wartungsaufwand und eine l\u00e4ngere Lebensdauer der Anlagen.<\/p>\n<p data-start=\"2077\" data-end=\"2250\">\ud83c\udf31 <strong data-start=\"2080\" data-end=\"2101\">Umweltfreundlicher Kraftstoff<\/strong><br data-start=\"2101\" data-end=\"2104\" \/>Unsere Pellets werden aus erneuerbarer Biomasse und frei von Chemikalien hergestellt und sind <strong data-start=\"2177\" data-end=\"2195\">kohlenstoffneutral<\/strong> und entspricht vollst\u00e4ndig den EU-Umweltnormen.<\/p>\n<p data-start=\"2252\" data-end=\"2431\">\u2699\ufe0f <strong data-start=\"2255\" data-end=\"2289\">Zuverl\u00e4ssige Qualit\u00e4t und Konsistenz<\/strong><br data-start=\"2289\" data-end=\"2292\" \/>Jede Charge wird einer strengen Qualit\u00e4tskontrolle unterzogen, um eine einheitliche Gr\u00f6\u00dfe, Dichte und Feuchtigkeit zu gew\u00e4hrleisten - und damit eine stabile Brennleistung.<\/p>\n<p data-start=\"2433\" data-end=\"2585\">\ud83c\udfe1 <strong data-start=\"2436\" data-end=\"2469\">Ideal f\u00fcr alle Heizsysteme<\/strong><br data-start=\"2469\" data-end=\"2472\" \/>Perfekt f\u00fcr Pellet\u00f6fen, Heizkessel, Kamine und industrielle Heizsysteme, die eine erstklassige Brennstoffqualit\u00e4t erfordern.<\/p>","protected":false},"excerpt":{"rendered":"<h3 data-start=\"2592\" data-end=\"2621\"><strong data-start=\"2596\" data-end=\"2621\">Verpackung und Logistik<\/strong><\/h3>\n<p data-start=\"2623\" data-end=\"2697\">Unser <strong data-start=\"2627\" data-end=\"2650\">DIN-Premium-Pellets<\/strong> sind in verschiedenen Verpackungsformaten erh\u00e4ltlich:<\/p>\n<ul data-start=\"2698\" data-end=\"2919\">\n<li data-start=\"2698\" data-end=\"2770\">\n<p data-start=\"2700\" data-end=\"2770\"><strong data-start=\"2700\" data-end=\"2729\">15 kg versiegelte Plastiks\u00e4cke<\/strong> - perfekt f\u00fcr Einzelhandel und Haushalt<\/p>\n<\/li>\n<li data-start=\"2771\" data-end=\"2847\">\n<p data-start=\"2773\" data-end=\"2847\"><strong data-start=\"2773\" data-end=\"2795\">Gro\u00dfe S\u00e4cke (1000 kg)<\/strong> - ideal f\u00fcr H\u00e4ndler und gewerbliche Kunden<\/p>\n<\/li>\n<li data-start=\"2848\" data-end=\"2919\">\n<p data-start=\"2850\" data-end=\"2919\"><strong data-start=\"2850\" data-end=\"2867\">Lieferung in gro\u00dfen Mengen<\/strong> - geeignet f\u00fcr den industriellen Gro\u00dfverbrauch<\/p>\n<\/li>\n<\/ul>\n<p data-start=\"2921\" data-end=\"3057\">Wir bieten effiziente <strong data-start=\"2942\" data-end=\"2975\">Stra\u00dfen-, See- und Schienentransport<\/strong> \u00fcber <strong data-start=\"2983\" data-end=\"2993\">Europa<\/strong> und internationalen M\u00e4rkten, um eine sichere und rechtzeitige Lieferung zu gew\u00e4hrleisten.<\/p>","protected":false},"featured_media":141,"comment_status":"open","ping_status":"closed","template":"","meta":{"_joinchat":[]},"product_brand":[],"product_cat":[137],"product_tag":[101,96,95,30,91,100,92,97,99,102,94,58,103,104,55,98],"class_list":{"0":"post-140","1":"product","2":"type-product","3":"status-publish","4":"has-post-thumbnail","6":"product_cat-wood-pellets","7":"product_tag-best-wood-pellets-for-heating-systems","8":"product_tag-biomass-fuel-pellets","9":"product_tag-certified-wood-pellets","10":"product_tag-clean-burning-pellets","11":"product_tag-din-premium-pellets","12":"product_tag-dinplus-certified-premium-pellets-for-sale","13":"product_tag-dinplus-wood-pellets","14":"product_tag-eco-friendly-wood-pellets","15":"product_tag-hardwood-softwood-pellets","16":"product_tag-high-efficiency-premium-pellets","17":"product_tag-high-quality-heating-pellets","18":"product_tag-low-ash-pellets","19":"product_tag-low-moisture-dinplus-pellets","20":"product_tag-premium-heating-pellets-delivered","21":"product_tag-premium-wood-pellets","22":"product_tag-sustainable-heating-pellets","24":"first","25":"instock","26":"shipping-taxable","27":"product-type-external"},"_links":{"self":[{"href":"https:\/\/energypelletllc.com.ua\/de_de\/wp-json\/wp\/v2\/product\/140","targetHints":{"allow":["GET"]}}],"collection":[{"href":"https:\/\/energypelletllc.com.ua\/de_de\/wp-json\/wp\/v2\/product"}],"about":[{"href":"https:\/\/energypelletllc.com.ua\/de_de\/wp-json\/wp\/v2\/types\/product"}],"replies":[{"embeddable":true,"href":"https:\/\/energypelletllc.com.ua\/de_de\/wp-json\/wp\/v2\/comments?post=140"}],"wp:featuredmedia":[{"embeddable":true,"href":"https:\/\/energypelletllc.com.ua\/de_de\/wp-json\/wp\/v2\/media\/141"}],"wp:attachment":[{"href":"https:\/\/energypelletllc.com.ua\/de_de\/wp-json\/wp\/v2\/media?parent=140"}],"wp:term":[{"taxonomy":"product_brand","embeddable":true,"href":"https:\/\/energypelletllc.com.ua\/de_de\/wp-json\/wp\/v2\/product_brand?post=140"},{"taxonomy":"product_cat","embeddable":true,"href":"https:\/\/energypelletllc.com.ua\/de_de\/wp-json\/wp\/v2\/product_cat?post=140"},{"taxonomy":"product_tag","embeddable":true,"href":"https:\/\/energypelletllc.com.ua\/de_de\/wp-json\/wp\/v2\/product_tag?post=140"}],"curies":[{"name":"wp","href":"https:\/\/api.w.org\/{rel}","templated":true}]}}