{"id":126,"date":"2025-11-04T22:20:15","date_gmt":"2025-11-04T22:20:15","guid":{"rendered":"https:\/\/energypelletllc.com.ua\/?page_id=126"},"modified":"2025-11-21T07:02:06","modified_gmt":"2025-11-21T07:02:06","slug":"holzpellet-informationen","status":"publish","type":"page","link":"https:\/\/energypelletllc.com.ua\/de_de\/holzpellet-informationen\/","title":{"rendered":"Holzpellet-Informationen"},"content":{"rendered":"<h2 data-start=\"201\" data-end=\"231\"><strong data-start=\"204\" data-end=\"231\">Holzpellet-Informationen<\/strong><\/h2>\n<p data-start=\"233\" data-end=\"522\">Unter <strong data-start=\"236\" data-end=\"257\">LLC <\/strong><strong data-start=\"236\" data-end=\"257\">Energie-Pellet <\/strong>, produzieren und liefern wir qualitativ hochwertige <strong data-start=\"301\" data-end=\"317\">Holzpellets<\/strong> hergestellt aus 100% nat\u00fcrlichem, nachhaltig beschafftem Holz. Unsere Pellets wurden f\u00fcr sauberes und effizientes Heizen entwickelt und eignen sich f\u00fcr den Einsatz in Biomassekesseln, -\u00f6fen und -heizungsanlagen f\u00fcr Privathaushalte und Industrie.<\/p>\n<hr data-start=\"524\" data-end=\"527\" \/>\n<h3 data-start=\"529\" data-end=\"559\"><strong data-start=\"533\" data-end=\"559\">Was sind Holzpellets?<\/strong><\/h3>\n<p data-start=\"561\" data-end=\"889\">Holzpellets sind ein <strong data-start=\"580\" data-end=\"612\">erneuerbarer, umweltfreundlicher Kraftstoff<\/strong> wird durch Komprimierung von S\u00e4gemehl, Holzsp\u00e4nen und anderen nat\u00fcrlichen Holznebenprodukten unter hohem Druck hergestellt - ohne chemische Zusatzstoffe oder Bindemittel. Das Ergebnis ist ein dichtes, einheitliches Pellet, das Folgendes liefert <strong data-start=\"809\" data-end=\"831\">hohe Energieleistung<\/strong>, <strong data-start=\"833\" data-end=\"857\">niedriger Feuchtigkeitsgehalt<\/strong>, und <strong data-start=\"863\" data-end=\"886\">geringe Ascher\u00fcckst\u00e4nde<\/strong>.<\/p>\n<p data-start=\"891\" data-end=\"1083\">Als eine der nachhaltigsten Alternativen zu fossilen Brennstoffen sind Holzpellets weltweit als wichtiger Beitrag zur Reduzierung der Treibhausgasemissionen und zur F\u00f6rderung der Energieunabh\u00e4ngigkeit anerkannt.<\/p>\n<hr data-start=\"1085\" data-end=\"1088\" \/>\n<h3 data-start=\"1090\" data-end=\"1124\"><strong data-start=\"1094\" data-end=\"1124\">Unsere Produktspezifikationen<\/strong><\/h3>\n<div class=\"_tableContainer_1rjym_1\">\n<div class=\"group _tableWrapper_1rjym_13 flex w-fit flex-col-reverse\" tabindex=\"-1\">\n<table class=\"w-fit min-w-(--thread-content-width)\" data-start=\"1126\" data-end=\"1479\">\n<thead data-start=\"1126\" data-end=\"1155\">\n<tr data-start=\"1126\" data-end=\"1155\">\n<th data-start=\"1126\" data-end=\"1142\" data-col-size=\"sm\"><strong data-start=\"1128\" data-end=\"1141\">Parameter<\/strong><\/th>\n<th data-start=\"1142\" data-end=\"1155\" data-col-size=\"sm\"><strong data-start=\"1144\" data-end=\"1153\">Wert<\/strong><\/th>\n<\/tr>\n<\/thead>\n<tbody data-start=\"1188\" data-end=\"1479\">\n<tr data-start=\"1188\" data-end=\"1214\">\n<td data-start=\"1188\" data-end=\"1199\" data-col-size=\"sm\">Durchmesser<\/td>\n<td data-col-size=\"sm\" data-start=\"1199\" data-end=\"1214\">6 mm \/ 8 mm<\/td>\n<\/tr>\n<tr data-start=\"1215\" data-end=\"1236\">\n<td data-start=\"1215\" data-end=\"1224\" data-col-size=\"sm\">L\u00e4nge<\/td>\n<td data-col-size=\"sm\" data-start=\"1224\" data-end=\"1236\">10-30 mm<\/td>\n<\/tr>\n<tr data-start=\"1237\" data-end=\"1265\">\n<td data-start=\"1237\" data-end=\"1256\" data-col-size=\"sm\">Feuchtigkeitsgehalt<\/td>\n<td data-col-size=\"sm\" data-start=\"1256\" data-end=\"1265\">\u2264 10%<\/td>\n<\/tr>\n<tr data-start=\"1266\" data-end=\"1290\">\n<td data-start=\"1266\" data-end=\"1280\" data-col-size=\"sm\">Aschegehalt<\/td>\n<td data-col-size=\"sm\" data-start=\"1280\" data-end=\"1290\">\u2264 0,5%<\/td>\n<\/tr>\n<tr data-start=\"1291\" data-end=\"1327\">\n<td data-start=\"1291\" data-end=\"1309\" data-col-size=\"sm\">Heizwert<\/td>\n<td data-col-size=\"sm\" data-start=\"1309\" data-end=\"1327\">4,7-5,0 kWh\/kg<\/td>\n<\/tr>\n<tr data-start=\"1328\" data-end=\"1360\">\n<td data-start=\"1328\" data-end=\"1343\" data-col-size=\"sm\">Sch\u00fcttdichte<\/td>\n<td data-col-size=\"sm\" data-start=\"1343\" data-end=\"1360\">600-700 kg\/m\u00b3<\/td>\n<\/tr>\n<tr data-start=\"1361\" data-end=\"1408\">\n<td data-start=\"1361\" data-end=\"1372\" data-col-size=\"sm\">Material<\/td>\n<td data-col-size=\"sm\" data-start=\"1372\" data-end=\"1408\">100% naturbelassenes Hartholz\/Weichholz<\/td>\n<\/tr>\n<tr data-start=\"1409\" data-end=\"1429\">\n<td data-start=\"1409\" data-end=\"1421\" data-col-size=\"sm\">Zusatzstoffe<\/td>\n<td data-col-size=\"sm\" data-start=\"1421\" data-end=\"1429\">Keine<\/td>\n<\/tr>\n<tr data-start=\"1430\" data-end=\"1479\">\n<td data-start=\"1430\" data-end=\"1442\" data-col-size=\"sm\">Verpackung<\/td>\n<td data-col-size=\"sm\" data-start=\"1442\" data-end=\"1479\">15-kg-S\u00e4cke \/ 1-Tonnen-Gro\u00dfs\u00e4cke \/ Sch\u00fcttgut<\/td>\n<\/tr>\n<\/tbody>\n<\/table>\n<\/div>\n<\/div>\n<p data-start=\"1481\" data-end=\"1693\">Alle Pellets, die von <strong data-start=\"1505\" data-end=\"1526\"> LLC <\/strong><strong data-start=\"1505\" data-end=\"1526\">Energie-Pellet<\/strong>\u00a0nachkommen <strong data-start=\"1539\" data-end=\"1557\">ENplus A1 \/ A2<\/strong> und <strong data-start=\"1562\" data-end=\"1573\">DINplus<\/strong> Zertifizierungsstandards, die h\u00f6chste Qualit\u00e4t und Leistung f\u00fcr Heizungsanlagen in Privathaushalten und Gewerbebetrieben gew\u00e4hrleisten.<\/p>\n<hr data-start=\"1695\" data-end=\"1698\" \/>\n<h3 data-start=\"1700\" data-end=\"1720\"><strong data-start=\"1704\" data-end=\"1720\">Wichtigste Vorteile<\/strong><\/h3>\n<p data-start=\"1722\" data-end=\"1876\">\ud83d\udd25 <strong data-start=\"1725\" data-end=\"1751\">Hohe Energie-Effizienz<\/strong><br data-start=\"1751\" data-end=\"1754\" \/>Unsere Pellets bieten eine gleichm\u00e4\u00dfige Heizleistung und eine lange Brenndauer, was sie ideal f\u00fcr moderne automatische Pelletkessel macht.<\/p>\n<p data-start=\"1878\" data-end=\"2065\">\ud83c\udf31 <strong data-start=\"1881\" data-end=\"1909\">Umweltschonend<\/strong><br data-start=\"1909\" data-end=\"1912\" \/>Unsere Pellets werden aus nachwachsenden Holzabf\u00e4llen hergestellt und sind kohlenstoffneutral, d. h. das bei der Verbrennung freigesetzte CO\u2082 entspricht dem w\u00e4hrend des Baumwachstums aufgenommenen CO\u2082.<\/p>\n<p data-start=\"2067\" data-end=\"2217\">\ud83d\udca8 <strong data-start=\"2070\" data-end=\"2094\">Geringe Asche- und Feuchtigkeitsanteile<\/strong><br data-start=\"2094\" data-end=\"2097\" \/>Saubere Verbrennung mit weniger als 0,5% Asche und einem Feuchtigkeitsgehalt von unter 10%, was einen geringeren Wartungsaufwand und eine h\u00f6here Effizienz gew\u00e4hrleistet.<\/p>\n<p data-start=\"2219\" data-end=\"2386\">\ud83c\udfe1 <strong data-start=\"2222\" data-end=\"2252\">Bequeme Lagerung und Verwendung<\/strong><br data-start=\"2252\" data-end=\"2255\" \/>Pellets sind kompakt, leicht zu transportieren und einfach zu lagern. Sie sind platzsparend und sorgen das ganze Jahr \u00fcber f\u00fcr eine gleichm\u00e4\u00dfige W\u00e4rmeversorgung.<\/p>\n<p data-start=\"2388\" data-end=\"2539\">\ud83d\udcb6 <strong data-start=\"2391\" data-end=\"2423\">Kosteneffiziente Energiequelle<\/strong><br data-start=\"2423\" data-end=\"2426\" \/>Im Vergleich zu \u00d6l, Gas oder Kohle bieten Holzpellets eine stabile, erschwingliche und lokal erzeugte Energiealternative.<\/p>\n<hr data-start=\"2541\" data-end=\"2544\" \/>\n<h3 data-start=\"2546\" data-end=\"2566\"><strong data-start=\"2550\" data-end=\"2566\">Anwendungen<\/strong><\/h3>\n<ul data-start=\"2568\" data-end=\"2792\">\n<li data-start=\"2568\" data-end=\"2625\">\n<p data-start=\"2570\" data-end=\"2625\">Hausbrand (Pellet\u00f6fen, Heizkessel, Kamine)<\/p>\n<\/li>\n<li data-start=\"2626\" data-end=\"2671\">\n<p data-start=\"2628\" data-end=\"2671\">Industrielle und gewerbliche Heizungsanlagen<\/p>\n<\/li>\n<li data-start=\"2672\" data-end=\"2715\">\n<p data-start=\"2674\" data-end=\"2715\">Gew\u00e4chsh\u00e4user und landwirtschaftliche Einrichtungen<\/p>\n<\/li>\n<li data-start=\"2716\" data-end=\"2745\">\n<p data-start=\"2718\" data-end=\"2745\">Fernw\u00e4rmenetze<\/p>\n<\/li>\n<li data-start=\"2746\" data-end=\"2792\">\n<p data-start=\"2748\" data-end=\"2792\">Stromerzeugungsanlagen mit Biomasse als Brennstoff<\/p>\n<\/li>\n<\/ul>\n<hr data-start=\"2794\" data-end=\"2797\" \/>\n<h3 data-start=\"2799\" data-end=\"2832\"><strong data-start=\"2803\" data-end=\"2832\">Nachhaltigkeitsverpflichtung<\/strong><\/h3>\n<p data-start=\"2834\" data-end=\"3172\">Unter <strong data-start=\"2837\" data-end=\"2858\">LLC <\/strong><strong data-start=\"2837\" data-end=\"2858\">Energie-Pellet <\/strong>, Bei unserer Produktion steht die Nachhaltigkeit im Mittelpunkt. Wir verwenden nur <strong data-start=\"2922\" data-end=\"2962\">verantwortungsvoll bewirtschaftete Waldressourcen<\/strong> und <strong data-start=\"2967\" data-end=\"2990\">recycelte Holzabf\u00e4lle<\/strong> aus S\u00e4gewerken, um die Abholzung von W\u00e4ldern zu vermeiden und die Umwelt m\u00f6glichst wenig zu belasten. Unsere Produktionsprozesse werden kontinuierlich optimiert, um Emissionen zu reduzieren und die Energieeffizienz zu verbessern.<\/p>\n<hr data-start=\"3174\" data-end=\"3177\" \/>\n<h3 data-start=\"3179\" data-end=\"3215\"><strong data-start=\"3183\" data-end=\"3215\">Verpackungs- und Lieferoptionen<\/strong><\/h3>\n<p data-start=\"3217\" data-end=\"3280\">Wir bieten flexible Verpackungen f\u00fcr unterschiedliche Kundenbed\u00fcrfnisse:<\/p>\n<ul data-start=\"3281\" data-end=\"3444\">\n<li data-start=\"3281\" data-end=\"3330\">\n<p data-start=\"3283\" data-end=\"3330\"><strong data-start=\"3283\" data-end=\"3297\">15-kg-S\u00e4cke<\/strong> - f\u00fcr den Einzelhandel und Haushalte<\/p>\n<\/li>\n<li data-start=\"3331\" data-end=\"3392\">\n<p data-start=\"3333\" data-end=\"3392\"><strong data-start=\"3333\" data-end=\"3355\">Gro\u00dfe S\u00e4cke (1000 kg)<\/strong> - f\u00fcr Gro\u00dfhandel und Industrie<\/p>\n<\/li>\n<li data-start=\"3393\" data-end=\"3444\">\n<p data-start=\"3395\" data-end=\"3444\"><strong data-start=\"3395\" data-end=\"3412\">Lieferung in gro\u00dfen Mengen<\/strong> - f\u00fcr den Gro\u00dfverbrauch<\/p>\n<\/li>\n<\/ul>\n<p data-start=\"3446\" data-end=\"3577\">Die Produkte werden sorgf\u00e4ltig palettiert und f\u00fcr den Langstreckentransport gesch\u00fctzt, um ihre Integrit\u00e4t und Qualit\u00e4t bei der Ankunft zu erhalten.<\/p>\n<hr data-start=\"3579\" data-end=\"3582\" \/>\n<h3 data-start=\"3584\" data-end=\"3656\"><strong data-start=\"3588\" data-end=\"3656\">W\u00e4hlen Sie LLC Energy Pellets - zuverl\u00e4ssige, saubere und nachhaltige W\u00e4rme<\/strong><\/h3>\n<p data-start=\"3658\" data-end=\"3926\">Ganz gleich, ob Sie ein Vertriebsunternehmen, ein Einzelh\u00e4ndler oder ein Endverbraucher sind, <strong data-start=\"3711\" data-end=\"3732\">LLC <\/strong><strong data-start=\"3711\" data-end=\"3732\">Energie-Pellet <\/strong>\u00a0garantiert die gleichbleibende Qualit\u00e4t und zuverl\u00e4ssige Versorgung, die Sie brauchen. Unsere Holzpellets vereinen Leistung, Effizienz und Umweltverantwortung - eine kluge Entscheidung f\u00fcr die Zukunft der Energie.<\/p>\n<p data-start=\"3928\" data-end=\"3989\">\ud83d\udce7 <strong>sales@energypelletllc.com.ua<\/strong><br data-start=\"3959\" data-end=\"3962\" \/>\ud83d\udcde <strong>+380947100558<\/strong><\/p>","protected":false},"excerpt":{"rendered":"<p>Wood Pellet Information At LLC Energy Pellet , we manufacture and supply premium-quality wood pellets made from 100% natural, sustainably sourced wood. Designed for clean and efficient heating, our pellets are suitable for use in both domestic and industrial biomass boilers, stoves, and heating systems. What Are Wood Pellets? Wood pellets are a renewable, eco-friendly [&#8230;]\n","protected":false},"author":1,"featured_media":0,"parent":0,"menu_order":0,"comment_status":"closed","ping_status":"closed","template":"","meta":{"_joinchat":[],"footnotes":""},"class_list":["post-126","page","type-page","status-publish","hentry"],"_hostinger_reach_plugin_has_subscription_block":false,"_hostinger_reach_plugin_is_elementor":false,"_links":{"self":[{"href":"https:\/\/energypelletllc.com.ua\/de_de\/wp-json\/wp\/v2\/pages\/126","targetHints":{"allow":["GET"]}}],"collection":[{"href":"https:\/\/energypelletllc.com.ua\/de_de\/wp-json\/wp\/v2\/pages"}],"about":[{"href":"https:\/\/energypelletllc.com.ua\/de_de\/wp-json\/wp\/v2\/types\/page"}],"author":[{"embeddable":true,"href":"https:\/\/energypelletllc.com.ua\/de_de\/wp-json\/wp\/v2\/users\/1"}],"replies":[{"embeddable":true,"href":"https:\/\/energypelletllc.com.ua\/de_de\/wp-json\/wp\/v2\/comments?post=126"}],"version-history":[{"count":5,"href":"https:\/\/energypelletllc.com.ua\/de_de\/wp-json\/wp\/v2\/pages\/126\/revisions"}],"predecessor-version":[{"id":234,"href":"https:\/\/energypelletllc.com.ua\/de_de\/wp-json\/wp\/v2\/pages\/126\/revisions\/234"}],"wp:attachment":[{"href":"https:\/\/energypelletllc.com.ua\/de_de\/wp-json\/wp\/v2\/media?parent=126"}],"curies":[{"name":"wp","href":"https:\/\/api.w.org\/{rel}","templated":true}]}}