{"id":124,"date":"2025-11-04T22:18:36","date_gmt":"2025-11-04T22:18:36","guid":{"rendered":"https:\/\/energypelletllc.com.ua\/?page_id=124"},"modified":"2026-05-05T07:25:39","modified_gmt":"2026-05-05T07:25:39","slug":"lieferung-bestellen","status":"publish","type":"page","link":"https:\/\/energypelletllc.com.ua\/de_de\/lieferung-bestellen\/","title":{"rendered":"Bestellung &amp; Lieferung"},"content":{"rendered":"<h2 data-start=\"153\" data-end=\"176\"><strong data-start=\"156\" data-end=\"176\">Bestellung &amp; Lieferung<\/strong><\/h2>\n<p data-start=\"178\" data-end=\"550\">Unter <strong data-start=\"181\" data-end=\"202\">LLC <\/strong><strong data-start=\"181\" data-end=\"202\">Energie-Pellet <\/strong>, Wir machen den Prozess der Bestellung und des Empfangs unserer <strong data-start=\"254\" data-end=\"270\">Holzpellets<\/strong> und <strong data-start=\"275\" data-end=\"287\">Brennholz<\/strong> einfach, transparent und effizient. Ganz gleich, ob Sie Gro\u00dfmengen f\u00fcr die Industrie oder f\u00fcr den Einzelhandel kaufen, unser Logistikteam sorgt f\u00fcr eine reibungslose und p\u00fcnktliche Lieferung von unseren Produktionsst\u00e4tten in der Ukraine an Ihren Standort in Europa und dar\u00fcber hinaus.<\/p>\n<h3 data-start=\"552\" data-end=\"572\"><strong data-start=\"556\" data-end=\"572\">Wie man bestellt<\/strong><\/h3>\n<ol data-start=\"574\" data-end=\"1551\">\n<li data-start=\"574\" data-end=\"772\">\n<p data-start=\"577\" data-end=\"772\"><strong data-start=\"577\" data-end=\"598\">Anfrage einreichen<\/strong><br data-start=\"598\" data-end=\"601\" \/>Kontaktieren Sie uns per E-Mail oder \u00fcber unser Online-Formular und teilen Sie uns Ihre Produktanforderungen mit - Art der Pellets oder des Brennholzes, Menge, bevorzugte Verpackung und Bestimmungshafen oder -adresse.<\/p>\n<\/li>\n<li data-start=\"774\" data-end=\"948\">\n<p data-start=\"777\" data-end=\"948\"><strong data-start=\"777\" data-end=\"796\">Angebot einholen<\/strong><br data-start=\"796\" data-end=\"799\" \/>Unser Vertriebsteam wird Ihnen umgehend ein detailliertes Angebot mit Produktspezifikationen, Preisen, Zahlungsbedingungen und voraussichtlichen Lieferzeiten unterbreiten.<\/p>\n<\/li>\n<li data-start=\"950\" data-end=\"1161\">\n<p data-start=\"953\" data-end=\"1161\"><strong data-start=\"953\" data-end=\"975\">Best\u00e4tigen Sie Ihre Bestellung<\/strong><br data-start=\"975\" data-end=\"978\" \/>Sobald alle Details gekl\u00e4rt sind, erhalten Sie eine <strong data-start=\"1032\" data-end=\"1052\">Proforma-Rechnung<\/strong> zur Best\u00e4tigung. Die Produktion und der Versand werden sofort nach Zahlung oder gem\u00e4\u00df den Vertragsbedingungen geplant.<\/p>\n<\/li>\n<li data-start=\"1163\" data-end=\"1347\">\n<p data-start=\"1166\" data-end=\"1347\"><strong data-start=\"1166\" data-end=\"1198\">Produktion und Qualit\u00e4tskontrolle<\/strong><br data-start=\"1198\" data-end=\"1201\" \/>Alle Produkte werden vor dem Verladen einer strengen Qualit\u00e4tskontrolle unterzogen, um sicherzustellen, dass sie den <b>alle Qualit\u00e4ten <\/b>oder kundenspezifische Anforderungen.<\/p>\n<\/li>\n<li data-start=\"1349\" data-end=\"1551\">\n<p data-start=\"1352\" data-end=\"1551\"><strong data-start=\"1352\" data-end=\"1375\">Lieferung &amp; Nachverfolgung<\/strong><br data-start=\"1375\" data-end=\"1378\" \/>Wir k\u00fcmmern uns um Logistik und Dokumentation, um eine sichere und p\u00fcnktliche Lieferung zu gew\u00e4hrleisten. Sie erhalten alle Informationen zum Versand, einschlie\u00dflich Transportverfolgung und Zolldokumente.<\/p>\n<\/li>\n<\/ol>\n<hr data-start=\"1553\" data-end=\"1556\" \/>\n<h3 data-start=\"1558\" data-end=\"1582\"><strong data-start=\"1562\" data-end=\"1582\">Lieferoptionen<\/strong><\/h3>\n<p data-start=\"1584\" data-end=\"1676\">Wir bieten Ihnen flexible und zuverl\u00e4ssige Versandoptionen, die von Ihrem Standort und der Gr\u00f6\u00dfe Ihrer Bestellung abh\u00e4ngen:<\/p>\n<ul data-start=\"1678\" data-end=\"2063\">\n<li data-start=\"1678\" data-end=\"1814\">\n<p data-start=\"1680\" data-end=\"1814\">\ud83d\ude9b <strong data-start=\"1683\" data-end=\"1711\">Auf der Stra\u00dfe (Lkw-Lieferung)<\/strong> - Ideal f\u00fcr Kunden innerhalb Europas. Schnell und kosteneffizient sowohl f\u00fcr lose als auch f\u00fcr palettierte Sendungen.<\/p>\n<\/li>\n<li data-start=\"1815\" data-end=\"1969\">\n<p data-start=\"1817\" data-end=\"1969\">\ud83d\udea2 <strong data-start=\"1820\" data-end=\"1851\">Auf dem Seeweg (Containerschifffahrt)<\/strong> - Perfekt f\u00fcr internationale Auftr\u00e4ge und gro\u00dfe Mengen. Wir versenden \u00fcber die wichtigsten H\u00e4fen in der Ukraine und in den Nachbarl\u00e4ndern.<\/p>\n<\/li>\n<li data-start=\"1970\" data-end=\"2063\">\n<p data-start=\"1972\" data-end=\"2063\">\ud83d\ude82 <strong data-start=\"1975\" data-end=\"1986\">Mit der Bahn<\/strong> - Effizient f\u00fcr gro\u00dfe Industriekunden und Vertriebsunternehmen in ganz Europa.<\/p>\n<\/li>\n<\/ul>\n<p data-start=\"2065\" data-end=\"2331\">Alle Sendungen werden sorgf\u00e4ltig verpackt, um die Produktqualit\u00e4t w\u00e4hrend des Transports zu erhalten - die Pellets werden normalerweise in <strong data-start=\"2180\" data-end=\"2193\">15kg-S\u00e4cke<\/strong>, <strong data-start=\"2195\" data-end=\"2216\">gro\u00dfe S\u00e4cke (1000kg)<\/strong>, oder <strong data-start=\"2221\" data-end=\"2235\">Masseng\u00fcter<\/strong>, w\u00e4hrend das Brennholz in <strong data-start=\"2267\" data-end=\"2295\">Netze, Kisten oder Paletten<\/strong> je nach Kundenpr\u00e4ferenz.<\/p>\n<hr data-start=\"2333\" data-end=\"2336\" \/>\n<h3 data-start=\"2338\" data-end=\"2356\"><strong data-start=\"2342\" data-end=\"2356\">Vorlaufzeiten<\/strong><\/h3>\n<ul data-start=\"2358\" data-end=\"2552\">\n<li data-start=\"2358\" data-end=\"2430\">\n<p data-start=\"2360\" data-end=\"2430\"><strong data-start=\"2360\" data-end=\"2380\">Standard-Bestellungen:<\/strong> 5-10 Arbeitstage f\u00fcr Vorbereitung und Verladung.<\/p>\n<\/li>\n<li data-start=\"2431\" data-end=\"2552\">\n<p data-start=\"2433\" data-end=\"2552\"><strong data-start=\"2433\" data-end=\"2478\">Ma\u00dfgeschneiderte Verpackungen oder gro\u00dfe Mengen:<\/strong> 2-3 Wochen, je nach Produktionsplan und Verf\u00fcgbarkeit des Transports.<\/p>\n<\/li>\n<\/ul>\n<p data-start=\"2554\" data-end=\"2688\">Unser Logistikteam \u00fcberwacht st\u00e4ndig die Bedingungen an den Grenzen und in den H\u00e4fen, um Verz\u00f6gerungen zu minimieren und eine zuverl\u00e4ssige Lieferung das ganze Jahr \u00fcber zu gew\u00e4hrleisten.<\/p>\n<hr data-start=\"2690\" data-end=\"2693\" \/>\n<h3 data-start=\"2695\" data-end=\"2716\"><strong data-start=\"2699\" data-end=\"2716\">Zahlungsbedingungen<\/strong><\/h3>\n<p data-start=\"2718\" data-end=\"2799\">Wir bieten flexible Zahlungsm\u00f6glichkeiten je nach Auftragsvolumen und Kundenpartnerschaft:<\/p>\n<ul data-start=\"2801\" data-end=\"2987\">\n<li data-start=\"2801\" data-end=\"2849\">\n<p data-start=\"2803\" data-end=\"2849\"><strong data-start=\"2803\" data-end=\"2822\">Vorschusszahlung<\/strong> f\u00fcr Erstkunden<\/p>\n<\/li>\n<li data-start=\"2850\" data-end=\"2917\">\n<p data-start=\"2852\" data-end=\"2917\"><strong data-start=\"2852\" data-end=\"2896\">Teilweise Vorauszahlung \/ Restbetrag bei Versand<\/strong> f\u00fcr Stammkunden<\/p>\n<\/li>\n<\/ul>\n<p data-start=\"2989\" data-end=\"3051\">Alle Transaktionen werden sicher abgewickelt in <strong data-start=\"3030\" data-end=\"3037\">EUR<\/strong> oder <strong data-start=\"3041\" data-end=\"3048\">USD<\/strong>.<\/p>\n<hr data-start=\"3053\" data-end=\"3056\" \/>\n<h3 data-start=\"3058\" data-end=\"3082\"><strong data-start=\"3062\" data-end=\"3082\">Kundenbetreuung<\/strong><\/h3>\n<p data-start=\"3084\" data-end=\"3309\">Von Ihrer ersten Anfrage bis zur Ankunft Ihrer Waren bietet unser Team umfassende Unterst\u00fctzung bei jedem Schritt. Wir helfen bei den Zolldokumenten, den Transportvereinbarungen und dem Kundendienst, um Ihre volle Zufriedenheit zu gew\u00e4hrleisten.<\/p>\n<p data-start=\"3311\" data-end=\"3416\">F\u00fcr Anfragen und Bestellungen wenden Sie sich bitte an:<br data-start=\"3352\" data-end=\"3355\" \/>\ud83d\udce7 <strong>sales@energypelletllc.com.ua<\/strong><br data-start=\"3386\" data-end=\"3389\" \/>\ud83d\udcde <strong>+380947100558<\/strong><\/p>","protected":false},"excerpt":{"rendered":"<p>Order &amp; Delivery At LLC Energy Pellet , we make the process of ordering and receiving our wood pellets and firewood simple, transparent, and efficient. Whether you are purchasing in bulk for industrial use or for retail distribution, our logistics team ensures smooth and timely delivery from our production facilities in Ukraine to your location [&#8230;]\n","protected":false},"author":1,"featured_media":0,"parent":0,"menu_order":0,"comment_status":"closed","ping_status":"closed","template":"","meta":{"_joinchat":[],"footnotes":""},"class_list":["post-124","page","type-page","status-publish","hentry"],"_hostinger_reach_plugin_has_subscription_block":false,"_hostinger_reach_plugin_is_elementor":false,"_links":{"self":[{"href":"https:\/\/energypelletllc.com.ua\/de_de\/wp-json\/wp\/v2\/pages\/124","targetHints":{"allow":["GET"]}}],"collection":[{"href":"https:\/\/energypelletllc.com.ua\/de_de\/wp-json\/wp\/v2\/pages"}],"about":[{"href":"https:\/\/energypelletllc.com.ua\/de_de\/wp-json\/wp\/v2\/types\/page"}],"author":[{"embeddable":true,"href":"https:\/\/energypelletllc.com.ua\/de_de\/wp-json\/wp\/v2\/users\/1"}],"replies":[{"embeddable":true,"href":"https:\/\/energypelletllc.com.ua\/de_de\/wp-json\/wp\/v2\/comments?post=124"}],"version-history":[{"count":8,"href":"https:\/\/energypelletllc.com.ua\/de_de\/wp-json\/wp\/v2\/pages\/124\/revisions"}],"predecessor-version":[{"id":417,"href":"https:\/\/energypelletllc.com.ua\/de_de\/wp-json\/wp\/v2\/pages\/124\/revisions\/417"}],"wp:attachment":[{"href":"https:\/\/energypelletllc.com.ua\/de_de\/wp-json\/wp\/v2\/media?parent=124"}],"curies":[{"name":"wp","href":"https:\/\/api.w.org\/{rel}","templated":true}]}}