{"id":293,"date":"2026-02-20T17:25:27","date_gmt":"2026-02-20T17:25:27","guid":{"rendered":"https:\/\/energypelletllc.com.ua\/?post_type=product&#038;p=293"},"modified":"2026-03-04T09:52:04","modified_gmt":"2026-03-04T09:52:04","slug":"kiln-dry-16-18-edged-board-pine-1-m3","status":"publish","type":"product","link":"https:\/\/energypelletllc.com.ua\/de_ch\/product\/kiln-dry-16-18-edged-board-pine-1-m3\/","title":{"rendered":"Ofentrocken (16-18%) bes\u00e4umtes Brett Kiefer 1 m3"},"content":{"rendered":"<p>Kiln dry (16-18%) edged board pine 1 m3 is produced with a thickness of 15 to 200 mm, a width of 30 to 200 mm and a length of 4 m. Minimum order 1 m3<\/p>\n<p>Verf\u00fcgbare Gr\u00f6\u00dfen\/Abschnitte:<\/p>\n<ul>\n<li>18 \u0445 90 \u0445 1200 mm &#8211; 2000 pcs (3.9 m3)<\/li>\n<li>22 \u0445 122 \u0445 4000 mm &#8211; 2324 pcs (24.9 m3)<\/li>\n<li>22 \u0445 150 \u0445 4000 mm &#8211; 259 pcs (3.4 m3)<\/li>\n<li>26 \u0445 205 \u0445 4000 mm &#8211; 824 pcs (17.6 m3)<\/li>\n<li>25 \u0445 100 \u0445 4000 mm &#8211; 80 pcs (0.8 m3)<\/li>\n<li>30 \u0445 90 \u0445 4000 mm &#8211; 180 pcs (1.9 m3)<\/li>\n<li>30 \u0445 100 \u0445 2000 mm &#8211; 261 pcs (1.6 m3)<\/li>\n<li>30 \u0445 100 \u0445 6000 mm &#8211; 80 pcs (1.4 m3)<\/li>\n<li>35 \u0445 110 \u0445 3000 mm &#8211; 415 pcs (4.79 m3)<\/li>\n<li>50 \u0445 140 \u0445 4000 mm &#8211; 18 pcs (0.5 m3)<\/li>\n<li>50 \u0445 150 \u0445 3400 mm &#8211; 108 pcs (2.75 m3)<\/li>\n<\/ul>","protected":false},"excerpt":{"rendered":"<h3>Ofentrocken (16-18%) bes\u00e4umtes Brett Kiefer 1 m3<\/h3>\n<table style=\"height: 163px;\" width=\"670\">\n<thead>\n<tr>\n<th><strong>Specification<\/strong><\/th>\n<th><strong>Details<\/strong><\/th>\n<\/tr>\n<\/thead>\n<tbody>\n<tr>\n<td>Profile Cut Type<\/td>\n<td>Rectangular<\/td>\n<\/tr>\n<tr>\n<td>Grade<\/td>\n<td>A, B, C<\/td>\n<\/tr>\n<tr>\n<td>Quality<\/td>\n<td>Kiln-dried<\/td>\n<\/tr>\n<tr>\n<td>Type<\/td>\n<td>Whole<\/td>\n<\/tr>\n<tr>\n<td>Humidity<\/td>\n<td>16\u201318%<\/td>\n<\/tr>\n<tr>\n<td>Pack Quantity<\/td>\n<td>Without packaging<\/td>\n<\/tr>\n<\/tbody>\n<\/table>","protected":false},"featured_media":294,"comment_status":"open","ping_status":"closed","template":"","meta":{"_joinchat":[]},"product_brand":[],"product_cat":[129],"product_tag":[167,166],"class_list":{"0":"post-293","1":"product","2":"type-product","3":"status-publish","4":"has-post-thumbnail","6":"product_cat-lumber","7":"product_tag-buy-kiln-dried-edged-pine-board-301004000-mm","8":"product_tag-kiln-dry-16-18-edged-board-pine-1-m3","10":"first","11":"instock","12":"shipping-taxable","13":"product-type-external"},"_links":{"self":[{"href":"https:\/\/energypelletllc.com.ua\/de_ch\/wp-json\/wp\/v2\/product\/293","targetHints":{"allow":["GET"]}}],"collection":[{"href":"https:\/\/energypelletllc.com.ua\/de_ch\/wp-json\/wp\/v2\/product"}],"about":[{"href":"https:\/\/energypelletllc.com.ua\/de_ch\/wp-json\/wp\/v2\/types\/product"}],"replies":[{"embeddable":true,"href":"https:\/\/energypelletllc.com.ua\/de_ch\/wp-json\/wp\/v2\/comments?post=293"}],"wp:featuredmedia":[{"embeddable":true,"href":"https:\/\/energypelletllc.com.ua\/de_ch\/wp-json\/wp\/v2\/media\/294"}],"wp:attachment":[{"href":"https:\/\/energypelletllc.com.ua\/de_ch\/wp-json\/wp\/v2\/media?parent=293"}],"wp:term":[{"taxonomy":"product_brand","embeddable":true,"href":"https:\/\/energypelletllc.com.ua\/de_ch\/wp-json\/wp\/v2\/product_brand?post=293"},{"taxonomy":"product_cat","embeddable":true,"href":"https:\/\/energypelletllc.com.ua\/de_ch\/wp-json\/wp\/v2\/product_cat?post=293"},{"taxonomy":"product_tag","embeddable":true,"href":"https:\/\/energypelletllc.com.ua\/de_ch\/wp-json\/wp\/v2\/product_tag?post=293"}],"curies":[{"name":"wp","href":"https:\/\/api.w.org\/{rel}","templated":true}]}}