{"id":285,"date":"2026-02-20T17:14:23","date_gmt":"2026-02-20T17:14:23","guid":{"rendered":"https:\/\/energypelletllc.com.ua\/?post_type=product&#038;p=285"},"modified":"2026-03-06T06:47:01","modified_gmt":"2026-03-06T06:47:01","slug":"frisch-gesagter-besaumter-balken-kiefer-6-meter-1-m3","status":"publish","type":"product","link":"https:\/\/energypelletllc.com.ua\/de_ch\/product\/frisch-gesagter-besaumter-balken-kiefer-6-meter-1-m3\/","title":{"rendered":"Frisch ges\u00e4gter bes\u00e4umter Balken Kiefer 6 Meter 1 m3"},"content":{"rendered":"<p>Frisch ges\u00e4gter bes\u00e4umter Balken Kiefer 6 Meter 1 m3<\/p>\n<p><strong>Frisch ges\u00e4gte bes\u00e4umte Kiefer<\/strong> wird mit einer Dicke von 100 bis 200 mm, einer Breite von 50 bis 200 mm und einer L\u00e4nge von 6 m hergestellt. Mindestbestellung 1 m3. Lieferung aus der Ukraine. Kundenspezifischer Querschnitt m\u00f6glich.<\/p>\n<p>Verf\u00fcgbare Gr\u00f6\u00dfen\/Abschnitte:<\/p>\n<ul>\n<li>50\u0445100 mm und L\u00e4nge 6000 mm<\/li>\n<li>75\u0445100\/125\/150 mm und L\u00e4nge 6000 mm<\/li>\n<li>100\u0445100\/150\/200 mm und L\u00e4nge 6000 mm<\/li>\n<li>125\u0445125 mm und L\u00e4nge 6000 mm<\/li>\n<li>150\u0445150 mm und L\u00e4nge 6000 mm<\/li>\n<li>175\u0445175 mm und L\u00e4nge 6000 mm<\/li>\n<li>200\u0445200 mm und L\u00e4nge 6000 mm<\/li>\n<\/ul>","protected":false},"excerpt":{"rendered":"<p>Frisch ges\u00e4gter bes\u00e4umter Balken Kiefer 6 Meter 1 m3<\/p>\n<p><strong>Frisch ges\u00e4gte bes\u00e4umte Kiefer<\/strong>\u00a0wird mit einer Dicke von 100 bis 200 mm, einer Breite von 50 bis 200 mm und einer L\u00e4nge von 6 m hergestellt. Mindestbestellung 1 m3. Lieferung in der Ukraine. Kundenspezifischer Querschnitt m\u00f6glich.<\/p>\n<p>Verf\u00fcgbare Gr\u00f6\u00dfen\/Abschnitte:<\/p>\n<ul>\n<li>50\u0445100 mm und L\u00e4nge 6000 mm<\/li>\n<li>75\u0445100\/125\/150 mm und L\u00e4nge 6000 mm<\/li>\n<li>100\u0445100\/150\/200 mm und L\u00e4nge 6000 mm<\/li>\n<li>125\u0445125 mm und L\u00e4nge 6000 mm<\/li>\n<li>150\u0445150 mm und L\u00e4nge 6000 mm<\/li>\n<li>175\u0445175 mm und L\u00e4nge 6000 mm<\/li>\n<li>200\u0445200 mm und L\u00e4nge 6000 mm<\/li>\n<\/ul>","protected":false},"featured_media":286,"comment_status":"open","ping_status":"closed","template":"","meta":{"_joinchat":[]},"product_brand":[],"product_cat":[129],"product_tag":[135],"class_list":{"0":"post-285","1":"product","2":"type-product","3":"status-publish","4":"has-post-thumbnail","6":"product_cat-lumber","7":"product_tag-fresh-sawn-edged-beam-pine-6-meters-1-m3","9":"first","10":"instock","11":"shipping-taxable","12":"product-type-external"},"_links":{"self":[{"href":"https:\/\/energypelletllc.com.ua\/de_ch\/wp-json\/wp\/v2\/product\/285","targetHints":{"allow":["GET"]}}],"collection":[{"href":"https:\/\/energypelletllc.com.ua\/de_ch\/wp-json\/wp\/v2\/product"}],"about":[{"href":"https:\/\/energypelletllc.com.ua\/de_ch\/wp-json\/wp\/v2\/types\/product"}],"replies":[{"embeddable":true,"href":"https:\/\/energypelletllc.com.ua\/de_ch\/wp-json\/wp\/v2\/comments?post=285"}],"wp:featuredmedia":[{"embeddable":true,"href":"https:\/\/energypelletllc.com.ua\/de_ch\/wp-json\/wp\/v2\/media\/286"}],"wp:attachment":[{"href":"https:\/\/energypelletllc.com.ua\/de_ch\/wp-json\/wp\/v2\/media?parent=285"}],"wp:term":[{"taxonomy":"product_brand","embeddable":true,"href":"https:\/\/energypelletllc.com.ua\/de_ch\/wp-json\/wp\/v2\/product_brand?post=285"},{"taxonomy":"product_cat","embeddable":true,"href":"https:\/\/energypelletllc.com.ua\/de_ch\/wp-json\/wp\/v2\/product_cat?post=285"},{"taxonomy":"product_tag","embeddable":true,"href":"https:\/\/energypelletllc.com.ua\/de_ch\/wp-json\/wp\/v2\/product_tag?post=285"}],"curies":[{"name":"wp","href":"https:\/\/api.w.org\/{rel}","templated":true}]}}