{"id":284,"date":"2026-02-20T17:11:15","date_gmt":"2026-02-20T17:11:15","guid":{"rendered":"https:\/\/energypelletllc.com.ua\/?post_type=product&#038;p=284"},"modified":"2026-03-06T06:57:53","modified_gmt":"2026-03-06T06:57:53","slug":"frisch-gesagtes-besaumtes-brett-kiefer-6-meter-1-m3","status":"publish","type":"product","link":"https:\/\/energypelletllc.com.ua\/de_ch\/product\/frisch-gesagtes-besaumtes-brett-kiefer-6-meter-1-m3\/","title":{"rendered":"Frisch ges\u00e4gtes bes\u00e4umtes Brett Kiefer 6 Meter 1m3"},"content":{"rendered":"<h4>Frisch ges\u00e4gtes bes\u00e4umtes Brett Kiefer 6 Meter 1m3<\/h4>\n<p>Der Verkauf von Schnittholz in verschiedenen Arten und Gr\u00f6\u00dfen ist unser Hauptgesch\u00e4ftsfeld. Bei uns k\u00f6nnen Sie jetzt schnell und einfach\u00a0<strong>ein kantiges Brett kaufen<\/strong>\u00a0zu den niedrigsten Preisen in der Ukraine. Wir verkaufen nur die h\u00f6chste Qualit\u00e4t Holz. Die Kosten f\u00fcr dieses Produkt ist viel niedriger als die der anderen ukrainischen Hersteller.<\/p>\n<p>Frisch bes\u00e4umte Platten zeichnen sich durch einen hohen Grad an Verarbeitungsqualit\u00e4t aus. In den meisten F\u00e4llen wird es bei Bau-, Reparatur- und Restaurierungsarbeiten verwendet. Das bes\u00e4umte Brett erhalten wir als Ergebnis des S\u00e4gens von Kiefernst\u00e4mmen auf Breitband- und Kreiss\u00e4gewerken aus europ\u00e4ischer Produktion. Das Ergebnis ist ein Brett mit einer ebenen Oberfl\u00e4che, ohne Kante, ohne Wellen und mit einer regelm\u00e4\u00dfigen Form. Es ist erw\u00e4hnenswert, dass die Holzbearbeitungsmechanismen der einheimischen Produktion nicht das gleiche ideale Ergebnis garantieren k\u00f6nnen.<\/p>\n<p>Das Produkt wird mit einer Dicke von 15 bis 150 mm und einer Breite von 30 bis 200 mm hergestellt, bei einer L\u00e4nge von 6 m. Planen Sie zu bauen? Haben Sie vor, mit Kiefernholz zu arbeiten? In diesem Fall m\u00fcssen Sie zun\u00e4chst die optimalen Abmessungen w\u00e4hlen, um sicherzustellen, dass das Schnittholz zu den Abmessungen des k\u00fcnftigen Geb\u00e4udes oder Produkts passt. Wichtig ist auch die Garantie der Festigkeit und Zuverl\u00e4ssigkeit.<\/p>\n<p>Frisch geschnittene Kiefernholzbretter variieren in der Gr\u00f6\u00dfe, und das Schnittholz wird auch nach der Holzart selbst unterschieden. Dabei werden die Sauberkeit der Oberfl\u00e4che, die Menge und die Qualit\u00e4t der Verarbeitungsprozesse, denen die Baumart unterzogen wurde, ber\u00fccksichtigt.<\/p>\n<p>Die ges\u00e4gten Materialien entsprechen der GOST (DSTU) 8486-86.<\/p>\n<h4>Schnittholz-Rechner<\/h4>\n<p>Die Tabelle f\u00fcr die Berechnung von Schnittholz: wie viele Bretter und Holz in 1 Meter Kubik, die Fl\u00e4che und das Volumen des Brettes im Querschnitt:<\/p>\n<table border=\"1\" width=\"454\" cellspacing=\"0\" cellpadding=\"0\">\n<colgroup>\n<col span=\"3\" width=\"64\" \/>\n<col width=\"88\" \/>\n<col width=\"110\" \/>\n<col width=\"64\" \/><\/colgroup>\n<tbody>\n<tr>\n<td width=\"64\" height=\"20\"><b>Dicke<\/b><\/td>\n<td width=\"64\"><b>Breite<\/b><\/td>\n<td width=\"64\"><b>L\u00e4nge<\/b><\/td>\n<td width=\"88\"><b>Volumen, m3<\/b><\/td>\n<td width=\"110\"><b>Fl\u00e4che, m2<\/b><\/td>\n<td width=\"64\"><b>St\u00fcck in 1m3<\/b><\/td>\n<\/tr>\n<tr>\n<td align=\"right\" height=\"20\">200<\/td>\n<td align=\"right\">200<\/td>\n<td align=\"right\">6000<\/td>\n<td class=\"xl67\" align=\"right\">0,240<\/td>\n<td class=\"xl66\" align=\"right\">1,20<\/td>\n<td class=\"xl65\" align=\"right\">4,2<\/td>\n<\/tr>\n<tr>\n<td align=\"right\" height=\"20\">175<\/td>\n<td align=\"right\">175<\/td>\n<td align=\"right\">6000<\/td>\n<td class=\"xl67\" align=\"right\">0,184<\/td>\n<td class=\"xl66\" align=\"right\">1,05<\/td>\n<td class=\"xl65\" align=\"right\">5,4<\/td>\n<\/tr>\n<tr>\n<td align=\"right\" height=\"20\">150<\/td>\n<td align=\"right\">150<\/td>\n<td align=\"right\">6000<\/td>\n<td class=\"xl67\" align=\"right\">0,135<\/td>\n<td class=\"xl66\" align=\"right\">0,90<\/td>\n<td class=\"xl65\" align=\"right\">7,4<\/td>\n<\/tr>\n<tr>\n<td align=\"right\" height=\"20\">125<\/td>\n<td align=\"right\">125<\/td>\n<td align=\"right\">6000<\/td>\n<td class=\"xl67\" align=\"right\">0,094<\/td>\n<td class=\"xl66\" align=\"right\">0,75<\/td>\n<td class=\"xl65\" align=\"right\">10,7<\/td>\n<\/tr>\n<tr>\n<td align=\"right\" height=\"20\">100<\/td>\n<td align=\"right\">250<\/td>\n<td align=\"right\">6000<\/td>\n<td class=\"xl67\" align=\"right\">0,150<\/td>\n<td class=\"xl66\" align=\"right\">1,50<\/td>\n<td class=\"xl65\" align=\"right\">6,7<\/td>\n<\/tr>\n<tr>\n<td align=\"right\" height=\"20\">100<\/td>\n<td align=\"right\">200<\/td>\n<td align=\"right\">6000<\/td>\n<td class=\"xl67\" align=\"right\">0,120<\/td>\n<td class=\"xl66\" align=\"right\">1,20<\/td>\n<td class=\"xl65\" align=\"right\">8,3<\/td>\n<\/tr>\n<tr>\n<td align=\"right\" height=\"20\">100<\/td>\n<td align=\"right\">150<\/td>\n<td align=\"right\">6000<\/td>\n<td class=\"xl67\" align=\"right\">0,090<\/td>\n<td class=\"xl66\" align=\"right\">0,90<\/td>\n<td class=\"xl65\" align=\"right\">11,1<\/td>\n<\/tr>\n<tr>\n<td align=\"right\" height=\"20\">100<\/td>\n<td align=\"right\">100<\/td>\n<td align=\"right\">6000<\/td>\n<td class=\"xl67\" align=\"right\">0,060<\/td>\n<td class=\"xl66\" align=\"right\">0,60<\/td>\n<td class=\"xl65\" align=\"right\">16,7<\/td>\n<\/tr>\n<tr>\n<td align=\"right\" height=\"20\">75<\/td>\n<td align=\"right\">250<\/td>\n<td align=\"right\">6000<\/td>\n<td class=\"xl67\" align=\"right\">0,113<\/td>\n<td class=\"xl66\" align=\"right\">1,50<\/td>\n<td class=\"xl65\" align=\"right\">8,9<\/td>\n<\/tr>\n<tr>\n<td align=\"right\" height=\"20\">75<\/td>\n<td align=\"right\">225<\/td>\n<td align=\"right\">6000<\/td>\n<td class=\"xl67\" align=\"right\">0,101<\/td>\n<td class=\"xl66\" align=\"right\">1,35<\/td>\n<td class=\"xl65\" align=\"right\">9,9<\/td>\n<\/tr>\n<tr>\n<td align=\"right\" height=\"20\">75<\/td>\n<td align=\"right\">200<\/td>\n<td align=\"right\">6000<\/td>\n<td class=\"xl67\" align=\"right\">0,090<\/td>\n<td class=\"xl66\" align=\"right\">1,20<\/td>\n<td class=\"xl65\" align=\"right\">11,1<\/td>\n<\/tr>\n<tr>\n<td align=\"right\" height=\"20\">75<\/td>\n<td align=\"right\">175<\/td>\n<td align=\"right\">6000<\/td>\n<td class=\"xl67\" align=\"right\">0,079<\/td>\n<td class=\"xl66\" align=\"right\">1,05<\/td>\n<td class=\"xl65\" align=\"right\">12,7<\/td>\n<\/tr>\n<tr>\n<td align=\"right\" height=\"20\">75<\/td>\n<td align=\"right\">150<\/td>\n<td align=\"right\">6000<\/td>\n<td class=\"xl67\" align=\"right\">0,068<\/td>\n<td class=\"xl66\" align=\"right\">0,90<\/td>\n<td class=\"xl65\" align=\"right\">14,8<\/td>\n<\/tr>\n<tr>\n<td align=\"right\" height=\"20\">75<\/td>\n<td align=\"right\">125<\/td>\n<td align=\"right\">6000<\/td>\n<td class=\"xl67\" align=\"right\">0,056<\/td>\n<td class=\"xl66\" align=\"right\">0,75<\/td>\n<td class=\"xl65\" align=\"right\">17,8<\/td>\n<\/tr>\n<tr>\n<td align=\"right\" height=\"20\">75<\/td>\n<td align=\"right\">100<\/td>\n<td align=\"right\">6000<\/td>\n<td class=\"xl67\" align=\"right\">0,045<\/td>\n<td class=\"xl66\" align=\"right\">0,60<\/td>\n<td class=\"xl65\" align=\"right\">22,2<\/td>\n<\/tr>\n<tr>\n<td align=\"right\" height=\"20\">75<\/td>\n<td align=\"right\">75<\/td>\n<td align=\"right\">6000<\/td>\n<td class=\"xl67\" align=\"right\">0,034<\/td>\n<td class=\"xl66\" align=\"right\">0,45<\/td>\n<td class=\"xl65\" align=\"right\">29,6<\/td>\n<\/tr>\n<tr>\n<td align=\"right\" height=\"20\">50<\/td>\n<td align=\"right\">50<\/td>\n<td align=\"right\">6000<\/td>\n<td class=\"xl67\" align=\"right\">0,015<\/td>\n<td class=\"xl66\" align=\"right\">0,30<\/td>\n<td class=\"xl65\" align=\"right\">66,7<\/td>\n<\/tr>\n<tr>\n<td align=\"right\" height=\"20\">50<\/td>\n<td align=\"right\">75<\/td>\n<td align=\"right\">6000<\/td>\n<td class=\"xl67\" align=\"right\">0,023<\/td>\n<td class=\"xl66\" align=\"right\">0,45<\/td>\n<td class=\"xl65\" align=\"right\">44,4<\/td>\n<\/tr>\n<tr>\n<td align=\"right\" height=\"20\">50<\/td>\n<td align=\"right\">90<\/td>\n<td align=\"right\">6000<\/td>\n<td class=\"xl67\" align=\"right\">0,027<\/td>\n<td class=\"xl66\" align=\"right\">0,54<\/td>\n<td class=\"xl65\" align=\"right\">37,0<\/td>\n<\/tr>\n<tr>\n<td align=\"right\" height=\"20\">50<\/td>\n<td align=\"right\">100<\/td>\n<td align=\"right\">6000<\/td>\n<td class=\"xl67\" align=\"right\">0,030<\/td>\n<td class=\"xl66\" align=\"right\">0,60<\/td>\n<td class=\"xl65\" align=\"right\">33,3<\/td>\n<\/tr>\n<tr>\n<td align=\"right\" height=\"20\">50<\/td>\n<td align=\"right\">115<\/td>\n<td align=\"right\">6000<\/td>\n<td class=\"xl67\" align=\"right\">0,035<\/td>\n<td class=\"xl66\" align=\"right\">0,69<\/td>\n<td class=\"xl65\" align=\"right\">29,0<\/td>\n<\/tr>\n<tr>\n<td align=\"right\" height=\"20\">50<\/td>\n<td align=\"right\">125<\/td>\n<td align=\"right\">6000<\/td>\n<td class=\"xl67\" align=\"right\">0,038<\/td>\n<td class=\"xl66\" align=\"right\">0,75<\/td>\n<td class=\"xl65\" align=\"right\">26,7<\/td>\n<\/tr>\n<tr>\n<td align=\"right\" height=\"20\">50<\/td>\n<td align=\"right\">135<\/td>\n<td align=\"right\">6000<\/td>\n<td class=\"xl67\" align=\"right\">0,041<\/td>\n<td class=\"xl66\" align=\"right\">0,81<\/td>\n<td class=\"xl65\" align=\"right\">24,7<\/td>\n<\/tr>\n<tr>\n<td align=\"right\" height=\"20\">50<\/td>\n<td align=\"right\">150<\/td>\n<td align=\"right\">6000<\/td>\n<td class=\"xl67\" align=\"right\">0,045<\/td>\n<td class=\"xl66\" align=\"right\">0,90<\/td>\n<td class=\"xl65\" align=\"right\">22,2<\/td>\n<\/tr>\n<tr>\n<td align=\"right\" height=\"20\">50<\/td>\n<td align=\"right\">175<\/td>\n<td align=\"right\">6000<\/td>\n<td class=\"xl67\" align=\"right\">0,053<\/td>\n<td class=\"xl66\" align=\"right\">1,05<\/td>\n<td class=\"xl65\" align=\"right\">19,0<\/td>\n<\/tr>\n<tr>\n<td align=\"right\" height=\"20\">50<\/td>\n<td align=\"right\">200<\/td>\n<td align=\"right\">6000<\/td>\n<td class=\"xl67\" align=\"right\">0,060<\/td>\n<td class=\"xl66\" align=\"right\">1,20<\/td>\n<td class=\"xl65\" align=\"right\">16,7<\/td>\n<\/tr>\n<tr>\n<td align=\"right\" height=\"20\">50<\/td>\n<td align=\"right\">225<\/td>\n<td align=\"right\">6000<\/td>\n<td class=\"xl67\" align=\"right\">0,068<\/td>\n<td class=\"xl66\" align=\"right\">1,35<\/td>\n<td class=\"xl65\" align=\"right\">14,8<\/td>\n<\/tr>\n<tr>\n<td align=\"right\" height=\"20\">50<\/td>\n<td align=\"right\">250<\/td>\n<td align=\"right\">6000<\/td>\n<td class=\"xl67\" align=\"right\">0,075<\/td>\n<td class=\"xl66\" align=\"right\">1,50<\/td>\n<td class=\"xl65\" align=\"right\">13,3<\/td>\n<\/tr>\n<tr>\n<td align=\"right\" height=\"20\">40<\/td>\n<td align=\"right\">40<\/td>\n<td align=\"right\">6000<\/td>\n<td class=\"xl67\" align=\"right\">0,010<\/td>\n<td class=\"xl66\" align=\"right\">0,24<\/td>\n<td class=\"xl65\" align=\"right\">104,2<\/td>\n<\/tr>\n<tr>\n<td align=\"right\" height=\"20\">40<\/td>\n<td align=\"right\">50<\/td>\n<td align=\"right\">6000<\/td>\n<td class=\"xl67\" align=\"right\">0,012<\/td>\n<td class=\"xl66\" align=\"right\">0,30<\/td>\n<td class=\"xl65\" align=\"right\">83,3<\/td>\n<\/tr>\n<tr>\n<td align=\"right\" height=\"20\">40<\/td>\n<td align=\"right\">75<\/td>\n<td align=\"right\">6000<\/td>\n<td class=\"xl67\" align=\"right\">0,018<\/td>\n<td class=\"xl66\" align=\"right\">0,45<\/td>\n<td class=\"xl65\" align=\"right\">55,6<\/td>\n<\/tr>\n<tr>\n<td align=\"right\" height=\"20\">40<\/td>\n<td align=\"right\">100<\/td>\n<td align=\"right\">6000<\/td>\n<td class=\"xl67\" align=\"right\">0,024<\/td>\n<td class=\"xl66\" align=\"right\">0,60<\/td>\n<td class=\"xl65\" align=\"right\">41,7<\/td>\n<\/tr>\n<tr>\n<td align=\"right\" height=\"20\">40<\/td>\n<td align=\"right\">125<\/td>\n<td align=\"right\">6000<\/td>\n<td class=\"xl67\" align=\"right\">0,030<\/td>\n<td class=\"xl66\" align=\"right\">0,75<\/td>\n<td class=\"xl65\" align=\"right\">33,3<\/td>\n<\/tr>\n<tr>\n<td align=\"right\" height=\"20\">40<\/td>\n<td align=\"right\">150<\/td>\n<td align=\"right\">6000<\/td>\n<td class=\"xl67\" align=\"right\">0,036<\/td>\n<td class=\"xl66\" align=\"right\">0,90<\/td>\n<td class=\"xl65\" align=\"right\">27,8<\/td>\n<\/tr>\n<tr>\n<td align=\"right\" height=\"20\">40<\/td>\n<td align=\"right\">175<\/td>\n<td align=\"right\">6000<\/td>\n<td class=\"xl67\" align=\"right\">0,042<\/td>\n<td class=\"xl66\" align=\"right\">1,05<\/td>\n<td class=\"xl65\" align=\"right\">23,8<\/td>\n<\/tr>\n<tr>\n<td align=\"right\" height=\"20\">40<\/td>\n<td align=\"right\">200<\/td>\n<td align=\"right\">6000<\/td>\n<td class=\"xl67\" align=\"right\">0,048<\/td>\n<td class=\"xl66\" align=\"right\">1,20<\/td>\n<td class=\"xl65\" align=\"right\">20,8<\/td>\n<\/tr>\n<tr>\n<td align=\"right\" height=\"20\">40<\/td>\n<td align=\"right\">225<\/td>\n<td align=\"right\">6000<\/td>\n<td class=\"xl67\" align=\"right\">0,054<\/td>\n<td class=\"xl66\" align=\"right\">1,35<\/td>\n<td class=\"xl65\" align=\"right\">18,5<\/td>\n<\/tr>\n<tr>\n<td align=\"right\" height=\"20\">40<\/td>\n<td align=\"right\">250<\/td>\n<td align=\"right\">6000<\/td>\n<td class=\"xl67\" align=\"right\">0,060<\/td>\n<td class=\"xl66\" align=\"right\">1,50<\/td>\n<td class=\"xl65\" align=\"right\">16,7<\/td>\n<\/tr>\n<tr>\n<td align=\"right\" height=\"20\">30<\/td>\n<td align=\"right\">30<\/td>\n<td align=\"right\">6000<\/td>\n<td class=\"xl67\" align=\"right\">0,005<\/td>\n<td class=\"xl66\" align=\"right\">0,18<\/td>\n<td class=\"xl65\" align=\"right\">185,2<\/td>\n<\/tr>\n<tr>\n<td align=\"right\" height=\"20\">30<\/td>\n<td align=\"right\">50<\/td>\n<td align=\"right\">6000<\/td>\n<td class=\"xl67\" align=\"right\">0,009<\/td>\n<td class=\"xl66\" align=\"right\">0,30<\/td>\n<td class=\"xl65\" align=\"right\">111,1<\/td>\n<\/tr>\n<tr>\n<td align=\"right\" height=\"20\">30<\/td>\n<td align=\"right\">75<\/td>\n<td align=\"right\">6000<\/td>\n<td class=\"xl67\" align=\"right\">0,014<\/td>\n<td class=\"xl66\" align=\"right\">0,45<\/td>\n<td class=\"xl65\" align=\"right\">74,1<\/td>\n<\/tr>\n<tr>\n<td align=\"right\" height=\"20\">30<\/td>\n<td align=\"right\">100<\/td>\n<td align=\"right\">6000<\/td>\n<td class=\"xl67\" align=\"right\">0,018<\/td>\n<td class=\"xl66\" align=\"right\">0,60<\/td>\n<td class=\"xl65\" align=\"right\">55,6<\/td>\n<\/tr>\n<tr>\n<td align=\"right\" height=\"20\">30<\/td>\n<td align=\"right\">125<\/td>\n<td align=\"right\">6000<\/td>\n<td class=\"xl67\" align=\"right\">0,023<\/td>\n<td class=\"xl66\" align=\"right\">0,75<\/td>\n<td class=\"xl65\" align=\"right\">44,4<\/td>\n<\/tr>\n<tr>\n<td align=\"right\" height=\"20\">30<\/td>\n<td align=\"right\">150<\/td>\n<td align=\"right\">6000<\/td>\n<td class=\"xl67\" align=\"right\">0,027<\/td>\n<td class=\"xl66\" align=\"right\">0,90<\/td>\n<td class=\"xl65\" align=\"right\">37,0<\/td>\n<\/tr>\n<tr>\n<td align=\"right\" height=\"20\">30<\/td>\n<td align=\"right\">175<\/td>\n<td align=\"right\">6000<\/td>\n<td class=\"xl67\" align=\"right\">0,032<\/td>\n<td class=\"xl66\" align=\"right\">1,05<\/td>\n<td class=\"xl65\" align=\"right\">31,7<\/td>\n<\/tr>\n<tr>\n<td align=\"right\" height=\"20\">30<\/td>\n<td align=\"right\">200<\/td>\n<td align=\"right\">6000<\/td>\n<td class=\"xl67\" align=\"right\">0,036<\/td>\n<td class=\"xl66\" align=\"right\">1,20<\/td>\n<td class=\"xl65\" align=\"right\">27,8<\/td>\n<\/tr>\n<tr>\n<td align=\"right\" height=\"20\">30<\/td>\n<td align=\"right\">225<\/td>\n<td align=\"right\">6000<\/td>\n<td class=\"xl67\" align=\"right\">0,041<\/td>\n<td class=\"xl66\" align=\"right\">1,35<\/td>\n<td class=\"xl65\" align=\"right\">24,7<\/td>\n<\/tr>\n<tr>\n<td align=\"right\" height=\"20\">30<\/td>\n<td align=\"right\">250<\/td>\n<td align=\"right\">6000<\/td>\n<td class=\"xl67\" align=\"right\">0,045<\/td>\n<td class=\"xl66\" align=\"right\">1,50<\/td>\n<td class=\"xl65\" align=\"right\">22,2<\/td>\n<\/tr>\n<tr>\n<td align=\"right\" height=\"20\">25<\/td>\n<td align=\"right\">50<\/td>\n<td align=\"right\">6000<\/td>\n<td class=\"xl67\" align=\"right\">0,008<\/td>\n<td class=\"xl66\" align=\"right\">0,30<\/td>\n<td class=\"xl65\" align=\"right\">133,3<\/td>\n<\/tr>\n<tr>\n<td align=\"right\" height=\"20\">25<\/td>\n<td align=\"right\">75<\/td>\n<td align=\"right\">6000<\/td>\n<td class=\"xl67\" align=\"right\">0,011<\/td>\n<td class=\"xl66\" align=\"right\">0,45<\/td>\n<td class=\"xl65\" align=\"right\">88,9<\/td>\n<\/tr>\n<tr>\n<td align=\"right\" height=\"20\">25<\/td>\n<td align=\"right\">100<\/td>\n<td align=\"right\">6000<\/td>\n<td class=\"xl67\" align=\"right\">0,015<\/td>\n<td class=\"xl66\" align=\"right\">0,60<\/td>\n<td class=\"xl65\" align=\"right\">66,7<\/td>\n<\/tr>\n<tr>\n<td align=\"right\" height=\"20\">25<\/td>\n<td align=\"right\">125<\/td>\n<td align=\"right\">6000<\/td>\n<td class=\"xl67\" align=\"right\">0,019<\/td>\n<td class=\"xl66\" align=\"right\">0,75<\/td>\n<td class=\"xl65\" align=\"right\">53,3<\/td>\n<\/tr>\n<tr>\n<td align=\"right\" height=\"20\">25<\/td>\n<td align=\"right\">150<\/td>\n<td align=\"right\">6000<\/td>\n<td class=\"xl67\" align=\"right\">0,023<\/td>\n<td class=\"xl66\" align=\"right\">0,90<\/td>\n<td class=\"xl65\" align=\"right\">44,4<\/td>\n<\/tr>\n<tr>\n<td align=\"right\" height=\"20\">25<\/td>\n<td align=\"right\">175<\/td>\n<td align=\"right\">6000<\/td>\n<td class=\"xl67\" align=\"right\">0,026<\/td>\n<td class=\"xl66\" align=\"right\">1,05<\/td>\n<td class=\"xl65\" align=\"right\">38,1<\/td>\n<\/tr>\n<tr>\n<td align=\"right\" height=\"20\">25<\/td>\n<td align=\"right\">200<\/td>\n<td align=\"right\">6000<\/td>\n<td class=\"xl67\" align=\"right\">0,030<\/td>\n<td class=\"xl66\" align=\"right\">1,20<\/td>\n<td class=\"xl65\" align=\"right\">33,3<\/td>\n<\/tr>\n<tr>\n<td align=\"right\" height=\"20\">25<\/td>\n<td align=\"right\">225<\/td>\n<td align=\"right\">6000<\/td>\n<td class=\"xl67\" align=\"right\">0,034<\/td>\n<td class=\"xl66\" align=\"right\">1,35<\/td>\n<td class=\"xl65\" align=\"right\">29,6<\/td>\n<\/tr>\n<tr>\n<td align=\"right\" height=\"20\">25<\/td>\n<td align=\"right\">250<\/td>\n<td align=\"right\">6000<\/td>\n<td class=\"xl67\" align=\"right\">0,038<\/td>\n<td class=\"xl66\" align=\"right\">1,50<\/td>\n<td class=\"xl65\" align=\"right\">26,7<\/td>\n<\/tr>\n<tr>\n<td align=\"right\" height=\"20\">20<\/td>\n<td align=\"right\">75<\/td>\n<td align=\"right\">6000<\/td>\n<td class=\"xl67\" align=\"right\">0,009<\/td>\n<td class=\"xl66\" align=\"right\">0,45<\/td>\n<td class=\"xl65\" align=\"right\">111,1<\/td>\n<\/tr>\n<tr>\n<td align=\"right\" height=\"20\">20<\/td>\n<td align=\"right\">100<\/td>\n<td align=\"right\">6000<\/td>\n<td class=\"xl67\" align=\"right\">0,012<\/td>\n<td class=\"xl66\" align=\"right\">0,60<\/td>\n<td class=\"xl65\" align=\"right\">83,3<\/td>\n<\/tr>\n<tr>\n<td align=\"right\" height=\"20\">20<\/td>\n<td align=\"right\">125<\/td>\n<td align=\"right\">6000<\/td>\n<td class=\"xl67\" align=\"right\">0,015<\/td>\n<td class=\"xl66\" align=\"right\">0,75<\/td>\n<td class=\"xl65\" align=\"right\">66,7<\/td>\n<\/tr>\n<tr>\n<td align=\"right\" height=\"20\">20<\/td>\n<td align=\"right\">150<\/td>\n<td align=\"right\">6000<\/td>\n<td class=\"xl67\" align=\"right\">0,018<\/td>\n<td class=\"xl66\" align=\"right\">0,90<\/td>\n<td class=\"xl65\" align=\"right\">55,6<\/td>\n<\/tr>\n<tr>\n<td align=\"right\" height=\"20\">15<\/td>\n<td align=\"right\">75<\/td>\n<td align=\"right\">6000<\/td>\n<td class=\"xl67\" align=\"right\">0,007<\/td>\n<td class=\"xl66\" align=\"right\">0,45<\/td>\n<td class=\"xl65\" align=\"right\">148,1<\/td>\n<\/tr>\n<tr>\n<td align=\"right\" height=\"20\">15<\/td>\n<td align=\"right\">100<\/td>\n<td align=\"right\">6000<\/td>\n<td class=\"xl67\" align=\"right\">0,009<\/td>\n<td class=\"xl66\" align=\"right\">0,60<\/td>\n<td class=\"xl65\" align=\"right\">111,1<\/td>\n<\/tr>\n<tr>\n<td align=\"right\" height=\"20\">15<\/td>\n<td align=\"right\">125<\/td>\n<td align=\"right\">6000<\/td>\n<td class=\"xl67\" align=\"right\">0,011<\/td>\n<td class=\"xl66\" align=\"right\">0,75<\/td>\n<td class=\"xl65\" align=\"right\">88,9<\/td>\n<\/tr>\n<tr>\n<td align=\"right\" height=\"20\">15<\/td>\n<td align=\"right\">150<\/td>\n<td align=\"right\">6000<\/td>\n<td class=\"xl67\" align=\"right\">0,014<\/td>\n<td class=\"xl66\" align=\"right\">0,90<\/td>\n<td class=\"xl65\" align=\"right\">74,1<\/td>\n<\/tr>\n<\/tbody>\n<\/table>\n<h4>Die g\u00e4ngigste Dicke und Breite (Querschnitt) von Schnittholz<\/h4>\n<p>\u00dcberlegen Sie, wo genau, bei welchen Arbeiten, Prozessen, Kiefernschnittholz mit folgendem Querschnitt verwendet wird. Die Liste enth\u00e4lt die meistgefragten Gr\u00f6\u00dfen:<\/p>\n<p>1. Kiefernkantenbrett mit einer L\u00e4nge von 6000 mm. Querschnitt: 50 x 100 mm, 40 x 125 mm, 30 x 150 mm, 25 x 100 mm. Beim Bau und bei der Ausstattung von Geb\u00e4uden verschiedener Art sind Kantenbretter immer n\u00fctzlich. Wenn Sie vorhaben, mit Holz zu arbeiten, kaufen Sie ein Kantenbrett, aus dem Sie bestimmt die richtigen Regale, Arbeitsplatten, Z\u00e4une, Rahmen herstellen werden.<\/p>\n<p>2. Ein gekanteter Kiefernbalken mit einer L\u00e4nge von 6000 mm. Querschnitt: 125 x 125 mm, 150 x 150 mm, 175 x 175 mm, 200 x 200 mm. Ein massiver Holzbalken ist n\u00fctzlich beim Bau von Decken, W\u00e4nden, Decken, B\u00f6den, Rahmen, St\u00fctzkonstruktionen, Markisen. Bei der Einrichtung, dem Bau einer Sauna, eines Bades, einer Veranda, eines Landhauses mit Picknickpl\u00e4tzen. Frisch ges\u00e4gtes Holz wird auch in der Schiffsbauindustrie gesch\u00e4tzt.<\/p>\n<p>3. Kantenbrett aus Kiefer 6000 mm. Querschnitt: 25 x 75 mm, 25 x 125 mm, 20 x 150 mm, 15 x 125 mm, 15 x 150 mm, 30 x 225 mm. In Werkst\u00e4tten, in denen Holzbeh\u00e4lter und Holzverpackungen hergestellt werden, ben\u00f6tigen Paletten Material in Form einer Kiefernplatte. Beim Bau von Z\u00e4unen werden verschiedene Arten von Z\u00e4unen, Rahmen, Vord\u00e4chern und Kantenbrettern erfolgreich eingesetzt.<\/p>\n<p>4. Brett bes\u00e4umt Kiefer 6000 mm. Querschnitt: 15 x 75 mm, 20 x 75 mm, 15 x 100 mm, 20 x 125 mm, 20 x 100 mm. Frisch ges\u00e4gte Bretter sind weit verbreitet f\u00fcr die innere und \u00e4u\u00dfere Verkleidung von Geb\u00e4uden, f\u00fcr die Anordnung der Dienstprogramm, Utility, tempor\u00e4re R\u00e4umlichkeiten, Tierst\u00e4lle und Vogelh\u00e4user verwendet. Mit gekantetem Holz k\u00f6nnen Sie einen sch\u00f6nen Holzpavillon bauen, eine \u00fcberdachte Veranda einrichten, eine Ecke zum Entspannen im Hof, ein Holzh\u00e4uschen mit Rahmen, einen Spielplatz mit Rutschen und Sandk\u00e4sten.<\/p>\n<p>5. Schneiden Sie eine 6000 mm lange Kieferstange. Querschnitt: 50 x 50 mm, 75 x 75 mm, 100 x 100 mm, 40 x 40 mm. Schnittholz wird bei der Einrichtung von Wohn- und Nutzr\u00e4umen, Gew\u00e4chshauskomplexen, Gew\u00e4chsh\u00e4usern verwendet. Fu\u00dfboden, Decke, Fenster, Zaun - das sind alles Bereiche, in denen die Verwendung von Kanth\u00f6lzern empfohlen wird. Auch in der M\u00f6belproduktion ist es unverzichtbar. Holzhandwerker fertigen daraus M\u00f6belrahmen, Einrichtungsgegenst\u00e4nde, Artikel f\u00fcr die Einrichtung von B\u00e4dern.<\/p>\n<p>6. Kieferkantenbrett 6000 mm. Querschnitt: 100 x 250 mm, 75 x 250 mm, 50 x 250 mm, 100 x 200 mm, 75 x 225 mm. Das Holz mit dem angegebenen Querschnitt wird f\u00fcr den Bau von Lagerr\u00e4umen, f\u00fcr den Bau und die Einrichtung von Saunen und B\u00e4dern verwendet. Bes\u00e4umtes Massivholzbrett mit einer Dicke von \u00fcber 30 mm. Geeignet f\u00fcr die Verlegung von Fu\u00dfb\u00f6den, f\u00fcr die Ausstattung von Dachb\u00f6den und Kellern. Au\u00dferdem wird die gekantete Kieferplatte verwendet, um die Grundlage f\u00fcr das Dach zu schaffen, f\u00fcr die Einrichtung von Holztreppen, Stufen, Treppenbereichen.<\/p>\n<p>7. Kantenbrett aus Kiefer 6000 mm. Querschnitt: 25 x 150 mm, 25 x 175 mm, 25 x 200 mm, 25 x 225 mm, 25 x 250 mm, 25 x 50 mm. Die frisch ges\u00e4gte Platte wird als Ausgangsmaterial f\u00fcr die Herstellung von Lagerr\u00e4umen, Kellerregalen und Trennw\u00e4nden empfohlen. Sie wird f\u00fcr Verkleidungen mit Au\u00dfen- und Innendekoration bei der Errichtung von Bauwerken verwendet.<\/p>\n<p>Frisch ges\u00e4gte, bes\u00e4umte Kiefernbretter sind kein teures, universelles, f\u00fcr alle Bev\u00f6lkerungsschichten verf\u00fcgbares Bauholz. Man kann es zu jeder Jahreszeit verarbeiten, im Winter und im Sommer, bei kaltem und bei hei\u00dfem Wetter. Alle oben genannten H\u00f6lzer werden sowohl im Innen- als auch im Au\u00dfenbereich verwendet.<\/p>","protected":false},"excerpt":{"rendered":"<p>Frisch ges\u00e4gtes bes\u00e4umtes Brett Kiefer 6 Meter 1m3<\/p>\n<p><strong>Frisch ges\u00e4gtes bes\u00e4umtes Brett Kiefer<\/strong>\u00a0wird mit einer Dicke von 15 bis 250 mm, einer Breite von 30 bis 250 mm und einer L\u00e4nge von 6 m hergestellt. Mindestbestellung 1 m3. Kundenspezifischer Querschnitt m\u00f6glich.<\/p>\n<p>Verf\u00fcgbare Gr\u00f6\u00dfen\/Abschnitte:<\/p>\n<ul>\n<li>15\u044575\/100\/125\/150 mm und L\u00e4nge 6000 mm<\/li>\n<li>20\u044575\/100\/125\/150 mm und L\u00e4nge 6000 mm<\/li>\n<li>25\u044550\/75\/100\/125\/150\/175\/200\/225\/250 mm und L\u00e4nge 6000 mm<\/li>\n<li>30\u044530\/50\/75\/100\/125\/150\/175\/200\/225\/250 mm und L\u00e4nge 6000 mm<\/li>\n<li>40\u044540\/50\/75\/100\/125\/150\/175\/200\/225\/250 mm und L\u00e4nge 6000 mm<\/li>\n<li>50\u044550\/75\/100\/125\/150\/175\/200\/225\/250 mm und L\u00e4nge 6000 mm<\/li>\n<li>75\u044575\/100\/125\/150\/175\/200\/225\/250 mm und L\u00e4nge 6000 mm<\/li>\n<li>100\u0445100\/150\/200\/250 mm und L\u00e4nge 6000 mm<\/li>\n<li>125\u0445125 mm und L\u00e4nge 6000 mm<\/li>\n<li>150\u0445150 mm und L\u00e4nge 6000 mm<\/li>\n<li>175\u0445175 mm und L\u00e4nge 6000 mm<\/li>\n<li>200\u0445200 mm und L\u00e4nge 6000 mm<\/li>\n<\/ul>","protected":false},"featured_media":281,"comment_status":"open","ping_status":"closed","template":"","meta":{"_joinchat":[]},"product_brand":[],"product_cat":[129],"product_tag":[134],"class_list":{"0":"post-284","1":"product","2":"type-product","3":"status-publish","4":"has-post-thumbnail","6":"product_cat-lumber","7":"product_tag-fresh-sawn-edged-board-pine-6-meters-1-m3","9":"first","10":"instock","11":"shipping-taxable","12":"product-type-external"},"_links":{"self":[{"href":"https:\/\/energypelletllc.com.ua\/de_ch\/wp-json\/wp\/v2\/product\/284","targetHints":{"allow":["GET"]}}],"collection":[{"href":"https:\/\/energypelletllc.com.ua\/de_ch\/wp-json\/wp\/v2\/product"}],"about":[{"href":"https:\/\/energypelletllc.com.ua\/de_ch\/wp-json\/wp\/v2\/types\/product"}],"replies":[{"embeddable":true,"href":"https:\/\/energypelletllc.com.ua\/de_ch\/wp-json\/wp\/v2\/comments?post=284"}],"wp:featuredmedia":[{"embeddable":true,"href":"https:\/\/energypelletllc.com.ua\/de_ch\/wp-json\/wp\/v2\/media\/281"}],"wp:attachment":[{"href":"https:\/\/energypelletllc.com.ua\/de_ch\/wp-json\/wp\/v2\/media?parent=284"}],"wp:term":[{"taxonomy":"product_brand","embeddable":true,"href":"https:\/\/energypelletllc.com.ua\/de_ch\/wp-json\/wp\/v2\/product_brand?post=284"},{"taxonomy":"product_cat","embeddable":true,"href":"https:\/\/energypelletllc.com.ua\/de_ch\/wp-json\/wp\/v2\/product_cat?post=284"},{"taxonomy":"product_tag","embeddable":true,"href":"https:\/\/energypelletllc.com.ua\/de_ch\/wp-json\/wp\/v2\/product_tag?post=284"}],"curies":[{"name":"wp","href":"https:\/\/api.w.org\/{rel}","templated":true}]}}