{"id":124,"date":"2025-11-04T22:18:36","date_gmt":"2025-11-04T22:18:36","guid":{"rendered":"https:\/\/energypelletllc.com.ua\/?page_id=124"},"modified":"2026-05-05T07:25:39","modified_gmt":"2026-05-05T07:25:39","slug":"bestil-levering","status":"publish","type":"page","link":"https:\/\/energypelletllc.com.ua\/da\/bestil-levering\/","title":{"rendered":"Bestilling og levering"},"content":{"rendered":"<h2 data-start=\"153\" data-end=\"176\"><strong data-start=\"156\" data-end=\"176\">Bestilling og levering<\/strong><\/h2>\n<p data-start=\"178\" data-end=\"550\">P\u00e5 <strong data-start=\"181\" data-end=\"202\">LLC <\/strong><strong data-start=\"181\" data-end=\"202\">Energipille <\/strong>, g\u00f8r vi processen med at bestille og modtage vores <strong data-start=\"254\" data-end=\"270\">Tr\u00e6piller<\/strong> og <strong data-start=\"275\" data-end=\"287\">br\u00e6nde<\/strong> enkel, gennemsigtig og effektiv. Uanset om du k\u00f8ber stort ind til industriel brug eller til detaildistribution, s\u00f8rger vores logistikteam for problemfri og rettidig levering fra vores produktionsanl\u00e6g i Ukraine til din placering overalt i Europa eller andre steder.<\/p>\n<h3 data-start=\"552\" data-end=\"572\"><strong data-start=\"556\" data-end=\"572\">S\u00e5dan bestiller du<\/strong><\/h3>\n<ol data-start=\"574\" data-end=\"1551\">\n<li data-start=\"574\" data-end=\"772\">\n<p data-start=\"577\" data-end=\"772\"><strong data-start=\"577\" data-end=\"598\">Send en foresp\u00f8rgsel<\/strong><br data-start=\"598\" data-end=\"601\" \/>Kontakt os via e-mail eller vores onlineformular med dine produktkrav - type pellets eller br\u00e6nde, m\u00e6ngde, emballagepr\u00e6ference og destinationshavn eller -adresse.<\/p>\n<\/li>\n<li data-start=\"774\" data-end=\"948\">\n<p data-start=\"777\" data-end=\"948\"><strong data-start=\"777\" data-end=\"796\">Modtag et tilbud<\/strong><br data-start=\"796\" data-end=\"799\" \/>Vores salgsteam vil straks give et detaljeret tilbud med produktspecifikationer, priser, betalingsbetingelser og ansl\u00e5et leveringstid.<\/p>\n<\/li>\n<li data-start=\"950\" data-end=\"1161\">\n<p data-start=\"953\" data-end=\"1161\"><strong data-start=\"953\" data-end=\"975\">Bekr\u00e6ft din ordre<\/strong><br data-start=\"975\" data-end=\"978\" \/>N\u00e5r alle detaljer er aftalt, modtager du en <strong data-start=\"1032\" data-end=\"1052\">Proforma-faktura<\/strong> til bekr\u00e6ftelse. Produktion og forsendelse planl\u00e6gges straks efter betaling eller i henhold til kontraktvilk\u00e5r.<\/p>\n<\/li>\n<li data-start=\"1163\" data-end=\"1347\">\n<p data-start=\"1166\" data-end=\"1347\"><strong data-start=\"1166\" data-end=\"1198\">Produktion og kvalitetskontrol<\/strong><br data-start=\"1198\" data-end=\"1201\" \/>Alle produkter gennemg\u00e5r en streng kvalitetskontrol inden lastning for at sikre, at de opfylder <b>all qualities <\/b>or customer-specific requirements.<\/p>\n<\/li>\n<li data-start=\"1349\" data-end=\"1551\">\n<p data-start=\"1352\" data-end=\"1551\"><strong data-start=\"1352\" data-end=\"1375\">Levering og sporing<\/strong><br data-start=\"1375\" data-end=\"1378\" \/>Vi h\u00e5ndterer logistik og dokumentation for at garantere sikker levering til tiden. Du modtager alle forsendelsesoplysninger, herunder transportsporing og tolddokumentation.<\/p>\n<\/li>\n<\/ol>\n<hr data-start=\"1553\" data-end=\"1556\" \/>\n<h3 data-start=\"1558\" data-end=\"1582\"><strong data-start=\"1562\" data-end=\"1582\">Leveringsmuligheder<\/strong><\/h3>\n<p data-start=\"1584\" data-end=\"1676\">Vi tilbyder fleksible og p\u00e5lidelige forsendelsesmuligheder afh\u00e6ngigt af din placering og ordrest\u00f8rrelse:<\/p>\n<ul data-start=\"1678\" data-end=\"2063\">\n<li data-start=\"1678\" data-end=\"1814\">\n<p data-start=\"1680\" data-end=\"1814\">\ud83d\ude9b <strong data-start=\"1683\" data-end=\"1711\">P\u00e5 vej (levering med lastbil)<\/strong> - Ideel til kunder i Europa. Hurtig og omkostningseffektiv til b\u00e5de bulk- og palleforsendelser.<\/p>\n<\/li>\n<li data-start=\"1815\" data-end=\"1969\">\n<p data-start=\"1817\" data-end=\"1969\">\ud83d\udea2 <strong data-start=\"1820\" data-end=\"1851\">Til s\u00f8s (containerskibsfart)<\/strong> - Perfekt til internationale ordrer og store m\u00e6ngder. Vi sender via st\u00f8rre havne i Ukraine og nabolandene.<\/p>\n<\/li>\n<li data-start=\"1970\" data-end=\"2063\">\n<p data-start=\"1972\" data-end=\"2063\">\ud83d\ude82 <strong data-start=\"1975\" data-end=\"1986\">Med jernbane<\/strong> - Effektivt for store industrikunder og distribut\u00f8rer i hele Europa.<\/p>\n<\/li>\n<\/ul>\n<p data-start=\"2065\" data-end=\"2331\">Alle forsendelser pakkes omhyggeligt for at bevare produktkvaliteten under transport - piller leveres normalt i <strong data-start=\"2180\" data-end=\"2193\">S\u00e6kke p\u00e5 15 kg<\/strong>, <strong data-start=\"2195\" data-end=\"2216\">Store s\u00e6kke (1000 kg)<\/strong>, eller <strong data-start=\"2221\" data-end=\"2235\">Bulkladninger<\/strong>, mens br\u00e6nde leveres i <strong data-start=\"2267\" data-end=\"2295\">net, kasser eller paller<\/strong> afh\u00e6ngigt af kundens pr\u00e6ferencer.<\/p>\n<hr data-start=\"2333\" data-end=\"2336\" \/>\n<h3 data-start=\"2338\" data-end=\"2356\"><strong data-start=\"2342\" data-end=\"2356\">Ledetider<\/strong><\/h3>\n<ul data-start=\"2358\" data-end=\"2552\">\n<li data-start=\"2358\" data-end=\"2430\">\n<p data-start=\"2360\" data-end=\"2430\"><strong data-start=\"2360\" data-end=\"2380\">Standardbestillinger:<\/strong> 5-10 arbejdsdage til klarg\u00f8ring og l\u00e6sning.<\/p>\n<\/li>\n<li data-start=\"2431\" data-end=\"2552\">\n<p data-start=\"2433\" data-end=\"2552\"><strong data-start=\"2433\" data-end=\"2478\">Skr\u00e6ddersyet emballage eller store m\u00e6ngder:<\/strong> 2-3 uger, afh\u00e6ngigt af produktionsplan og transportmuligheder.<\/p>\n<\/li>\n<\/ul>\n<p data-start=\"2554\" data-end=\"2688\">Vores logistikteam overv\u00e5ger konstant gr\u00e6nse- og havneforhold for at minimere forsinkelser og sikre p\u00e5lidelige leverancer hele \u00e5ret.<\/p>\n<hr data-start=\"2690\" data-end=\"2693\" \/>\n<h3 data-start=\"2695\" data-end=\"2716\"><strong data-start=\"2699\" data-end=\"2716\">Betalingsbetingelser<\/strong><\/h3>\n<p data-start=\"2718\" data-end=\"2799\">Vi tilbyder fleksible betalingsmuligheder baseret p\u00e5 ordrem\u00e6ngde og kundepartnerskab:<\/p>\n<ul data-start=\"2801\" data-end=\"2987\">\n<li data-start=\"2801\" data-end=\"2849\">\n<p data-start=\"2803\" data-end=\"2849\"><strong data-start=\"2803\" data-end=\"2822\">Forudbetaling<\/strong> for f\u00f8rstegangskunder<\/p>\n<\/li>\n<li data-start=\"2850\" data-end=\"2917\">\n<p data-start=\"2852\" data-end=\"2917\"><strong data-start=\"2852\" data-end=\"2896\">Delvis forudbetaling \/ balance ved forsendelse<\/strong> for tilbagevendende kunder<\/p>\n<\/li>\n<\/ul>\n<p data-start=\"2989\" data-end=\"3051\">Alle transaktioner h\u00e5ndteres sikkert i <strong data-start=\"3030\" data-end=\"3037\">EUR<\/strong> eller <strong data-start=\"3041\" data-end=\"3048\">USD<\/strong>.<\/p>\n<hr data-start=\"3053\" data-end=\"3056\" \/>\n<h3 data-start=\"3058\" data-end=\"3082\"><strong data-start=\"3062\" data-end=\"3082\">Kundesupport<\/strong><\/h3>\n<p data-start=\"3084\" data-end=\"3309\">Fra din f\u00f8rste henvendelse til dine varer ankommer, yder vores team fuld st\u00f8tte p\u00e5 alle trin. Vi hj\u00e6lper med tolddokumentation, transportarrangementer og eftersalgsservice for at sikre din fulde tilfredshed.<\/p>\n<p data-start=\"3311\" data-end=\"3416\">For foresp\u00f8rgsler og bestillinger, kontakt venligst:<br data-start=\"3352\" data-end=\"3355\" \/>\ud83d\udce7 <strong>sales@energypelletllc.com.ua<\/strong><br data-start=\"3386\" data-end=\"3389\" \/>\ud83d\udcde <strong>+380947100558<\/strong><\/p>","protected":false},"excerpt":{"rendered":"<p>Order &amp; Delivery At LLC Energy Pellet , we make the process of ordering and receiving our wood pellets and firewood simple, transparent, and efficient. Whether you are purchasing in bulk for industrial use or for retail distribution, our logistics team ensures smooth and timely delivery from our production facilities in Ukraine to your location [&#8230;]\n","protected":false},"author":1,"featured_media":0,"parent":0,"menu_order":0,"comment_status":"closed","ping_status":"closed","template":"","meta":{"_joinchat":[],"footnotes":""},"class_list":["post-124","page","type-page","status-publish","hentry"],"_hostinger_reach_plugin_has_subscription_block":false,"_hostinger_reach_plugin_is_elementor":false,"_links":{"self":[{"href":"https:\/\/energypelletllc.com.ua\/da\/wp-json\/wp\/v2\/pages\/124","targetHints":{"allow":["GET"]}}],"collection":[{"href":"https:\/\/energypelletllc.com.ua\/da\/wp-json\/wp\/v2\/pages"}],"about":[{"href":"https:\/\/energypelletllc.com.ua\/da\/wp-json\/wp\/v2\/types\/page"}],"author":[{"embeddable":true,"href":"https:\/\/energypelletllc.com.ua\/da\/wp-json\/wp\/v2\/users\/1"}],"replies":[{"embeddable":true,"href":"https:\/\/energypelletllc.com.ua\/da\/wp-json\/wp\/v2\/comments?post=124"}],"version-history":[{"count":8,"href":"https:\/\/energypelletllc.com.ua\/da\/wp-json\/wp\/v2\/pages\/124\/revisions"}],"predecessor-version":[{"id":417,"href":"https:\/\/energypelletllc.com.ua\/da\/wp-json\/wp\/v2\/pages\/124\/revisions\/417"}],"wp:attachment":[{"href":"https:\/\/energypelletllc.com.ua\/da\/wp-json\/wp\/v2\/media?parent=124"}],"curies":[{"name":"wp","href":"https:\/\/api.w.org\/{rel}","templated":true}]}}