{"id":282,"date":"2026-02-20T17:08:09","date_gmt":"2026-02-20T17:08:09","guid":{"rendered":"https:\/\/energypelletllc.com.ua\/?post_type=product&#038;p=282"},"modified":"2026-03-06T13:42:17","modified_gmt":"2026-03-06T13:42:17","slug":"cerstve-rezane-hranene-desky-borovice-2-metry-1-m3","status":"publish","type":"product","link":"https:\/\/energypelletllc.com.ua\/cs\/produkt\/cerstve-rezane-hranene-desky-borovice-2-metry-1-m3\/","title":{"rendered":"\u010cerstv\u00e9 \u0159ezan\u00e9 hran\u011bn\u00e9 desky borovice 2 metry 1m3"},"content":{"rendered":"<h4>\u010cerstv\u00e9 \u0159ezan\u00e9 hran\u011bn\u00e9 desky borovice 2 metry 1m3<\/h4>\n<p>Realizace \u0159eziva je hlavn\u00ed oblast\u00ed na\u0161\u00ed \u010dinnosti. S n\u00e1mi m\u016f\u017eete bez sebemen\u0161\u00edch pot\u00ed\u017e\u00ed hned te\u010f\u00a0<strong>koupit desku s hranami<\/strong>\u00a0za nejlep\u0161\u00ed ceny. Nab\u00edz\u00edme k prodeji pouze \u0159ezivo nejvy\u0161\u0161\u00ed kvality. Cena tohoto v\u00fdrobku je mnohem ni\u017e\u0161\u00ed ne\u017e u jin\u00fdch ukrajinsk\u00fdch v\u00fdrobc\u016f.<\/p>\n<p>\u010cerstv\u011b na\u0159ezan\u00e9 hrany desky maj\u00ed vysok\u00fd stupe\u0148 zpracov\u00e1n\u00ed. Nej\u010dast\u011bji se pou\u017e\u00edv\u00e1 ve stavebnictv\u00ed, p\u0159i oprav\u00e1ch a restaur\u00e1torsk\u00fdch prac\u00edch. Hran\u011bn\u00e9 prkno z\u00edsk\u00e1me jako v\u00fdsledek po\u0159ezu borov\u00e9 kulatiny. Prov\u00e1d\u00edme \u0159ez na shirokolentochny a kotou\u010dov\u00e9 motorov\u00e9 pily lavice dovozov\u00e9 v\u00fdroby. Na v\u00fdstupu z\u00edsk\u00e1me desku s rovn\u00fdm povrchem, bez vlny, bez vad, spr\u00e1vn\u00e9ho tvaru. Na dom\u00e1c\u00edch d\u0159evoobr\u00e1b\u011bc\u00edch stroj\u00edch nelze dos\u00e1hnout stejn\u011b ide\u00e1ln\u00edho v\u00fdsledku.<\/p>\n<p>V\u00fdrobek se vyr\u00e1b\u00ed o tlou\u0161\u0165ce 15 a\u017e 150 mm a \u0161\u00ed\u0159ce 30 a\u017e 200 mm, d\u00e9lce 2 m. Pokud pl\u00e1nujete stav\u011bt nebo pl\u00e1nujete jin\u00e9 druhy prac\u00ed se d\u0159evem, mus\u00edte nejprve zvolit optim\u00e1ln\u00ed rozm\u011bry, aby hran\u011bn\u00e9 \u0159ezivo odpov\u00eddalo parametr\u016fm budouc\u00ed stavby nebo v\u00fdrobk\u016f a z\u00e1rove\u0148 byla zaru\u010dena pevnost, odolnost, spolehlivost.<\/p>\n<p>\u010cerstv\u011b \u0159ezan\u00e9 hran\u011bn\u00e9 desky se li\u0161\u00ed velikost\u00ed, tak\u00e9 uveden\u00e9 \u0159ezivo je \u010dlen\u011bno podle druhu d\u0159eva. Zohled\u0148uje se \u010distota povrchu a mno\u017estv\u00ed, kvalita proces\u016f zpracov\u00e1n\u00ed, kter\u00fdmi d\u0159eviny pro\u0161ly.<\/p>\n<p>\u0158ezan\u00e9 materi\u00e1ly odpov\u00eddaj\u00ed GOST (DSTU) 8486-86.<\/p>\n<h4>Kalkula\u010dka \u0159eziva<\/h4>\n<p>Tabulka pro v\u00fdpo\u010det \u0159eziva: kolik desek a d\u0159eva v 1 metru krychlov\u00e9m, plocha a objem desky v pr\u016f\u0159ezu:<\/p>\n<table border=\"1\" width=\"454\" cellspacing=\"0\" cellpadding=\"0\">\n<colgroup>\n<col span=\"3\" width=\"64\" \/>\n<col width=\"88\" \/>\n<col width=\"110\" \/>\n<col width=\"64\" \/><\/colgroup>\n<tbody>\n<tr>\n<td width=\"64\" height=\"20\"><b>Tlou\u0161\u0165ka<\/b><\/td>\n<td width=\"64\"><b>\u0160\u00ed\u0159ka<\/b><\/td>\n<td width=\"64\"><b>D\u00e9lka<\/b><\/td>\n<td width=\"88\"><b>Objem, m3<\/b><\/td>\n<td width=\"110\"><b>Plocha, m2<\/b><\/td>\n<td width=\"64\"><b>kus v 1m3<\/b><\/td>\n<\/tr>\n<tr>\n<td align=\"right\" height=\"20\">200<\/td>\n<td align=\"right\">200<\/td>\n<td align=\"right\">2000<\/td>\n<td class=\"xl67\" align=\"right\">0,080<\/td>\n<td class=\"xl66\" align=\"right\">0,40<\/td>\n<td class=\"xl65\" align=\"right\">12,5<\/td>\n<\/tr>\n<tr>\n<td align=\"right\" height=\"20\">175<\/td>\n<td align=\"right\">175<\/td>\n<td align=\"right\">2000<\/td>\n<td class=\"xl67\" align=\"right\">0,061<\/td>\n<td class=\"xl66\" align=\"right\">0,35<\/td>\n<td class=\"xl65\" align=\"right\">16,3<\/td>\n<\/tr>\n<tr>\n<td align=\"right\" height=\"20\">150<\/td>\n<td align=\"right\">150<\/td>\n<td align=\"right\">2000<\/td>\n<td class=\"xl67\" align=\"right\">0,045<\/td>\n<td class=\"xl66\" align=\"right\">0,30<\/td>\n<td class=\"xl65\" align=\"right\">22,2<\/td>\n<\/tr>\n<tr>\n<td align=\"right\" height=\"20\">125<\/td>\n<td align=\"right\">125<\/td>\n<td align=\"right\">2000<\/td>\n<td class=\"xl67\" align=\"right\">0,031<\/td>\n<td class=\"xl66\" align=\"right\">0,25<\/td>\n<td class=\"xl65\" align=\"right\">32,0<\/td>\n<\/tr>\n<tr>\n<td align=\"right\" height=\"20\">100<\/td>\n<td align=\"right\">250<\/td>\n<td align=\"right\">2000<\/td>\n<td class=\"xl67\" align=\"right\">0,050<\/td>\n<td class=\"xl66\" align=\"right\">0,50<\/td>\n<td class=\"xl65\" align=\"right\">20,0<\/td>\n<\/tr>\n<tr>\n<td align=\"right\" height=\"20\">100<\/td>\n<td align=\"right\">200<\/td>\n<td align=\"right\">2000<\/td>\n<td class=\"xl67\" align=\"right\">0,040<\/td>\n<td class=\"xl66\" align=\"right\">0,40<\/td>\n<td class=\"xl65\" align=\"right\">25,0<\/td>\n<\/tr>\n<tr>\n<td align=\"right\" height=\"20\">100<\/td>\n<td align=\"right\">150<\/td>\n<td align=\"right\">2000<\/td>\n<td class=\"xl67\" align=\"right\">0,030<\/td>\n<td class=\"xl66\" align=\"right\">0,30<\/td>\n<td class=\"xl65\" align=\"right\">33,3<\/td>\n<\/tr>\n<tr>\n<td align=\"right\" height=\"20\">100<\/td>\n<td align=\"right\">100<\/td>\n<td align=\"right\">2000<\/td>\n<td class=\"xl67\" align=\"right\">0,020<\/td>\n<td class=\"xl66\" align=\"right\">0,20<\/td>\n<td class=\"xl65\" align=\"right\">50,0<\/td>\n<\/tr>\n<tr>\n<td align=\"right\" height=\"20\">75<\/td>\n<td align=\"right\">250<\/td>\n<td align=\"right\">2000<\/td>\n<td class=\"xl67\" align=\"right\">0,038<\/td>\n<td class=\"xl66\" align=\"right\">0,50<\/td>\n<td class=\"xl65\" align=\"right\">26,7<\/td>\n<\/tr>\n<tr>\n<td align=\"right\" height=\"20\">75<\/td>\n<td align=\"right\">225<\/td>\n<td align=\"right\">2000<\/td>\n<td class=\"xl67\" align=\"right\">0,034<\/td>\n<td class=\"xl66\" align=\"right\">0,45<\/td>\n<td class=\"xl65\" align=\"right\">29,6<\/td>\n<\/tr>\n<tr>\n<td align=\"right\" height=\"20\">75<\/td>\n<td align=\"right\">200<\/td>\n<td align=\"right\">2000<\/td>\n<td class=\"xl67\" align=\"right\">0,030<\/td>\n<td class=\"xl66\" align=\"right\">0,40<\/td>\n<td class=\"xl65\" align=\"right\">33,3<\/td>\n<\/tr>\n<tr>\n<td align=\"right\" height=\"20\">75<\/td>\n<td align=\"right\">175<\/td>\n<td align=\"right\">2000<\/td>\n<td class=\"xl67\" align=\"right\">0,026<\/td>\n<td class=\"xl66\" align=\"right\">0,35<\/td>\n<td class=\"xl65\" align=\"right\">38,1<\/td>\n<\/tr>\n<tr>\n<td align=\"right\" height=\"20\">75<\/td>\n<td align=\"right\">150<\/td>\n<td align=\"right\">2000<\/td>\n<td class=\"xl67\" align=\"right\">0,023<\/td>\n<td class=\"xl66\" align=\"right\">0,30<\/td>\n<td class=\"xl65\" align=\"right\">44,4<\/td>\n<\/tr>\n<tr>\n<td align=\"right\" height=\"20\">75<\/td>\n<td align=\"right\">125<\/td>\n<td align=\"right\">2000<\/td>\n<td class=\"xl67\" align=\"right\">0,019<\/td>\n<td class=\"xl66\" align=\"right\">0,25<\/td>\n<td class=\"xl65\" align=\"right\">53,3<\/td>\n<\/tr>\n<tr>\n<td align=\"right\" height=\"20\">75<\/td>\n<td align=\"right\">100<\/td>\n<td align=\"right\">2000<\/td>\n<td class=\"xl67\" align=\"right\">0,015<\/td>\n<td class=\"xl66\" align=\"right\">0,20<\/td>\n<td class=\"xl65\" align=\"right\">66,7<\/td>\n<\/tr>\n<tr>\n<td align=\"right\" height=\"20\">75<\/td>\n<td align=\"right\">75<\/td>\n<td align=\"right\">2000<\/td>\n<td class=\"xl67\" align=\"right\">0,011<\/td>\n<td class=\"xl66\" align=\"right\">0,15<\/td>\n<td class=\"xl65\" align=\"right\">88,9<\/td>\n<\/tr>\n<tr>\n<td align=\"right\" height=\"20\">50<\/td>\n<td align=\"right\">50<\/td>\n<td align=\"right\">2000<\/td>\n<td class=\"xl67\" align=\"right\">0,005<\/td>\n<td class=\"xl66\" align=\"right\">0,10<\/td>\n<td class=\"xl65\" align=\"right\">200,0<\/td>\n<\/tr>\n<tr>\n<td align=\"right\" height=\"20\">50<\/td>\n<td align=\"right\">75<\/td>\n<td align=\"right\">2000<\/td>\n<td class=\"xl67\" align=\"right\">0,008<\/td>\n<td class=\"xl66\" align=\"right\">0,15<\/td>\n<td class=\"xl65\" align=\"right\">133,3<\/td>\n<\/tr>\n<tr>\n<td align=\"right\" height=\"20\">50<\/td>\n<td align=\"right\">90<\/td>\n<td align=\"right\">2000<\/td>\n<td class=\"xl67\" align=\"right\">0,009<\/td>\n<td class=\"xl66\" align=\"right\">0,18<\/td>\n<td class=\"xl65\" align=\"right\">111,1<\/td>\n<\/tr>\n<tr>\n<td align=\"right\" height=\"20\">50<\/td>\n<td align=\"right\">100<\/td>\n<td align=\"right\">2000<\/td>\n<td class=\"xl67\" align=\"right\">0,010<\/td>\n<td class=\"xl66\" align=\"right\">0,20<\/td>\n<td class=\"xl65\" align=\"right\">100,0<\/td>\n<\/tr>\n<tr>\n<td align=\"right\" height=\"20\">50<\/td>\n<td align=\"right\">115<\/td>\n<td align=\"right\">2000<\/td>\n<td class=\"xl67\" align=\"right\">0,012<\/td>\n<td class=\"xl66\" align=\"right\">0,23<\/td>\n<td class=\"xl65\" align=\"right\">87,0<\/td>\n<\/tr>\n<tr>\n<td align=\"right\" height=\"20\">50<\/td>\n<td align=\"right\">125<\/td>\n<td align=\"right\">2000<\/td>\n<td class=\"xl67\" align=\"right\">0,013<\/td>\n<td class=\"xl66\" align=\"right\">0,25<\/td>\n<td class=\"xl65\" align=\"right\">80,0<\/td>\n<\/tr>\n<tr>\n<td align=\"right\" height=\"20\">50<\/td>\n<td align=\"right\">135<\/td>\n<td align=\"right\">2000<\/td>\n<td class=\"xl67\" align=\"right\">0,014<\/td>\n<td class=\"xl66\" align=\"right\">0,27<\/td>\n<td class=\"xl65\" align=\"right\">74,1<\/td>\n<\/tr>\n<tr>\n<td align=\"right\" height=\"20\">50<\/td>\n<td align=\"right\">150<\/td>\n<td align=\"right\">2000<\/td>\n<td class=\"xl67\" align=\"right\">0,015<\/td>\n<td class=\"xl66\" align=\"right\">0,30<\/td>\n<td class=\"xl65\" align=\"right\">66,7<\/td>\n<\/tr>\n<tr>\n<td align=\"right\" height=\"20\">50<\/td>\n<td align=\"right\">175<\/td>\n<td align=\"right\">2000<\/td>\n<td class=\"xl67\" align=\"right\">0,018<\/td>\n<td class=\"xl66\" align=\"right\">0,35<\/td>\n<td class=\"xl65\" align=\"right\">57,1<\/td>\n<\/tr>\n<tr>\n<td align=\"right\" height=\"20\">50<\/td>\n<td align=\"right\">200<\/td>\n<td align=\"right\">2000<\/td>\n<td class=\"xl67\" align=\"right\">0,020<\/td>\n<td class=\"xl66\" align=\"right\">0,40<\/td>\n<td class=\"xl65\" align=\"right\">50,0<\/td>\n<\/tr>\n<tr>\n<td align=\"right\" height=\"20\">50<\/td>\n<td align=\"right\">225<\/td>\n<td align=\"right\">2000<\/td>\n<td class=\"xl67\" align=\"right\">0,023<\/td>\n<td class=\"xl66\" align=\"right\">0,45<\/td>\n<td class=\"xl65\" align=\"right\">44,4<\/td>\n<\/tr>\n<tr>\n<td align=\"right\" height=\"20\">50<\/td>\n<td align=\"right\">250<\/td>\n<td align=\"right\">2000<\/td>\n<td class=\"xl67\" align=\"right\">0,025<\/td>\n<td class=\"xl66\" align=\"right\">0,50<\/td>\n<td class=\"xl65\" align=\"right\">40,0<\/td>\n<\/tr>\n<tr>\n<td align=\"right\" height=\"20\">40<\/td>\n<td align=\"right\">40<\/td>\n<td align=\"right\">2000<\/td>\n<td class=\"xl67\" align=\"right\">0,003<\/td>\n<td class=\"xl66\" align=\"right\">0,08<\/td>\n<td class=\"xl65\" align=\"right\">312,5<\/td>\n<\/tr>\n<tr>\n<td align=\"right\" height=\"20\">40<\/td>\n<td align=\"right\">50<\/td>\n<td align=\"right\">2000<\/td>\n<td class=\"xl67\" align=\"right\">0,004<\/td>\n<td class=\"xl66\" align=\"right\">0,10<\/td>\n<td class=\"xl65\" align=\"right\">250,0<\/td>\n<\/tr>\n<tr>\n<td align=\"right\" height=\"20\">40<\/td>\n<td align=\"right\">75<\/td>\n<td align=\"right\">2000<\/td>\n<td class=\"xl67\" align=\"right\">0,006<\/td>\n<td class=\"xl66\" align=\"right\">0,15<\/td>\n<td class=\"xl65\" align=\"right\">166,7<\/td>\n<\/tr>\n<tr>\n<td align=\"right\" height=\"20\">40<\/td>\n<td align=\"right\">100<\/td>\n<td align=\"right\">2000<\/td>\n<td class=\"xl67\" align=\"right\">0,008<\/td>\n<td class=\"xl66\" align=\"right\">0,20<\/td>\n<td class=\"xl65\" align=\"right\">125,0<\/td>\n<\/tr>\n<tr>\n<td align=\"right\" height=\"20\">40<\/td>\n<td align=\"right\">125<\/td>\n<td align=\"right\">2000<\/td>\n<td class=\"xl67\" align=\"right\">0,010<\/td>\n<td class=\"xl66\" align=\"right\">0,25<\/td>\n<td class=\"xl65\" align=\"right\">100,0<\/td>\n<\/tr>\n<tr>\n<td align=\"right\" height=\"20\">40<\/td>\n<td align=\"right\">150<\/td>\n<td align=\"right\">2000<\/td>\n<td class=\"xl67\" align=\"right\">0,012<\/td>\n<td class=\"xl66\" align=\"right\">0,30<\/td>\n<td class=\"xl65\" align=\"right\">83,3<\/td>\n<\/tr>\n<tr>\n<td align=\"right\" height=\"20\">40<\/td>\n<td align=\"right\">175<\/td>\n<td align=\"right\">2000<\/td>\n<td class=\"xl67\" align=\"right\">0,014<\/td>\n<td class=\"xl66\" align=\"right\">0,35<\/td>\n<td class=\"xl65\" align=\"right\">71,4<\/td>\n<\/tr>\n<tr>\n<td align=\"right\" height=\"20\">40<\/td>\n<td align=\"right\">200<\/td>\n<td align=\"right\">2000<\/td>\n<td class=\"xl67\" align=\"right\">0,016<\/td>\n<td class=\"xl66\" align=\"right\">0,40<\/td>\n<td class=\"xl65\" align=\"right\">62,5<\/td>\n<\/tr>\n<tr>\n<td align=\"right\" height=\"20\">40<\/td>\n<td align=\"right\">225<\/td>\n<td align=\"right\">2000<\/td>\n<td class=\"xl67\" align=\"right\">0,018<\/td>\n<td class=\"xl66\" align=\"right\">0,45<\/td>\n<td class=\"xl65\" align=\"right\">55,6<\/td>\n<\/tr>\n<tr>\n<td align=\"right\" height=\"20\">40<\/td>\n<td align=\"right\">250<\/td>\n<td align=\"right\">2000<\/td>\n<td class=\"xl67\" align=\"right\">0,020<\/td>\n<td class=\"xl66\" align=\"right\">0,50<\/td>\n<td class=\"xl65\" align=\"right\">50,0<\/td>\n<\/tr>\n<tr>\n<td align=\"right\" height=\"20\">30<\/td>\n<td align=\"right\">30<\/td>\n<td align=\"right\">2000<\/td>\n<td class=\"xl67\" align=\"right\">0,002<\/td>\n<td class=\"xl66\" align=\"right\">0,06<\/td>\n<td class=\"xl65\" align=\"right\">555,6<\/td>\n<\/tr>\n<tr>\n<td align=\"right\" height=\"20\">30<\/td>\n<td align=\"right\">50<\/td>\n<td align=\"right\">2000<\/td>\n<td class=\"xl67\" align=\"right\">0,003<\/td>\n<td class=\"xl66\" align=\"right\">0,10<\/td>\n<td class=\"xl65\" align=\"right\">333,3<\/td>\n<\/tr>\n<tr>\n<td align=\"right\" height=\"20\">30<\/td>\n<td align=\"right\">75<\/td>\n<td align=\"right\">2000<\/td>\n<td class=\"xl67\" align=\"right\">0,005<\/td>\n<td class=\"xl66\" align=\"right\">0,15<\/td>\n<td class=\"xl65\" align=\"right\">222,2<\/td>\n<\/tr>\n<tr>\n<td align=\"right\" height=\"20\">30<\/td>\n<td align=\"right\">100<\/td>\n<td align=\"right\">2000<\/td>\n<td class=\"xl67\" align=\"right\">0,006<\/td>\n<td class=\"xl66\" align=\"right\">0,20<\/td>\n<td class=\"xl65\" align=\"right\">166,7<\/td>\n<\/tr>\n<tr>\n<td align=\"right\" height=\"20\">30<\/td>\n<td align=\"right\">125<\/td>\n<td align=\"right\">2000<\/td>\n<td class=\"xl67\" align=\"right\">0,008<\/td>\n<td class=\"xl66\" align=\"right\">0,25<\/td>\n<td class=\"xl65\" align=\"right\">133,3<\/td>\n<\/tr>\n<tr>\n<td align=\"right\" height=\"20\">30<\/td>\n<td align=\"right\">150<\/td>\n<td align=\"right\">2000<\/td>\n<td class=\"xl67\" align=\"right\">0,009<\/td>\n<td class=\"xl66\" align=\"right\">0,30<\/td>\n<td class=\"xl65\" align=\"right\">111,1<\/td>\n<\/tr>\n<tr>\n<td align=\"right\" height=\"20\">30<\/td>\n<td align=\"right\">175<\/td>\n<td align=\"right\">2000<\/td>\n<td class=\"xl67\" align=\"right\">0,011<\/td>\n<td class=\"xl66\" align=\"right\">0,35<\/td>\n<td class=\"xl65\" align=\"right\">95,2<\/td>\n<\/tr>\n<tr>\n<td align=\"right\" height=\"20\">30<\/td>\n<td align=\"right\">200<\/td>\n<td align=\"right\">2000<\/td>\n<td class=\"xl67\" align=\"right\">0,012<\/td>\n<td class=\"xl66\" align=\"right\">0,40<\/td>\n<td class=\"xl65\" align=\"right\">83,3<\/td>\n<\/tr>\n<tr>\n<td align=\"right\" height=\"20\">30<\/td>\n<td align=\"right\">225<\/td>\n<td align=\"right\">2000<\/td>\n<td class=\"xl67\" align=\"right\">0,014<\/td>\n<td class=\"xl66\" align=\"right\">0,45<\/td>\n<td class=\"xl65\" align=\"right\">74,1<\/td>\n<\/tr>\n<tr>\n<td align=\"right\" height=\"20\">30<\/td>\n<td align=\"right\">250<\/td>\n<td align=\"right\">2000<\/td>\n<td class=\"xl67\" align=\"right\">0,015<\/td>\n<td class=\"xl66\" align=\"right\">0,50<\/td>\n<td class=\"xl65\" align=\"right\">66,7<\/td>\n<\/tr>\n<tr>\n<td align=\"right\" height=\"20\">25<\/td>\n<td align=\"right\">50<\/td>\n<td align=\"right\">2000<\/td>\n<td class=\"xl67\" align=\"right\">0,003<\/td>\n<td class=\"xl66\" align=\"right\">0,10<\/td>\n<td class=\"xl65\" align=\"right\">400,0<\/td>\n<\/tr>\n<tr>\n<td align=\"right\" height=\"20\">25<\/td>\n<td align=\"right\">75<\/td>\n<td align=\"right\">2000<\/td>\n<td class=\"xl67\" align=\"right\">0,004<\/td>\n<td class=\"xl66\" align=\"right\">0,15<\/td>\n<td class=\"xl65\" align=\"right\">266,7<\/td>\n<\/tr>\n<tr>\n<td align=\"right\" height=\"20\">25<\/td>\n<td align=\"right\">100<\/td>\n<td align=\"right\">2000<\/td>\n<td class=\"xl67\" align=\"right\">0,005<\/td>\n<td class=\"xl66\" align=\"right\">0,20<\/td>\n<td class=\"xl65\" align=\"right\">200,0<\/td>\n<\/tr>\n<tr>\n<td align=\"right\" height=\"20\">25<\/td>\n<td align=\"right\">125<\/td>\n<td align=\"right\">2000<\/td>\n<td class=\"xl67\" align=\"right\">0,006<\/td>\n<td class=\"xl66\" align=\"right\">0,25<\/td>\n<td class=\"xl65\" align=\"right\">160,0<\/td>\n<\/tr>\n<tr>\n<td align=\"right\" height=\"20\">25<\/td>\n<td align=\"right\">150<\/td>\n<td align=\"right\">2000<\/td>\n<td class=\"xl67\" align=\"right\">0,008<\/td>\n<td class=\"xl66\" align=\"right\">0,30<\/td>\n<td class=\"xl65\" align=\"right\">133,3<\/td>\n<\/tr>\n<tr>\n<td align=\"right\" height=\"20\">25<\/td>\n<td align=\"right\">175<\/td>\n<td align=\"right\">2000<\/td>\n<td class=\"xl67\" align=\"right\">0,009<\/td>\n<td class=\"xl66\" align=\"right\">0,35<\/td>\n<td class=\"xl65\" align=\"right\">114,3<\/td>\n<\/tr>\n<tr>\n<td align=\"right\" height=\"20\">25<\/td>\n<td align=\"right\">200<\/td>\n<td align=\"right\">2000<\/td>\n<td class=\"xl67\" align=\"right\">0,010<\/td>\n<td class=\"xl66\" align=\"right\">0,40<\/td>\n<td class=\"xl65\" align=\"right\">100,0<\/td>\n<\/tr>\n<tr>\n<td align=\"right\" height=\"20\">25<\/td>\n<td align=\"right\">225<\/td>\n<td align=\"right\">2000<\/td>\n<td class=\"xl67\" align=\"right\">0,011<\/td>\n<td class=\"xl66\" align=\"right\">0,45<\/td>\n<td class=\"xl65\" align=\"right\">88,9<\/td>\n<\/tr>\n<tr>\n<td align=\"right\" height=\"20\">25<\/td>\n<td align=\"right\">250<\/td>\n<td align=\"right\">2000<\/td>\n<td class=\"xl67\" align=\"right\">0,013<\/td>\n<td class=\"xl66\" align=\"right\">0,50<\/td>\n<td class=\"xl65\" align=\"right\">80,0<\/td>\n<\/tr>\n<tr>\n<td align=\"right\" height=\"20\">20<\/td>\n<td align=\"right\">75<\/td>\n<td align=\"right\">2000<\/td>\n<td class=\"xl67\" align=\"right\">0,003<\/td>\n<td class=\"xl66\" align=\"right\">0,15<\/td>\n<td class=\"xl65\" align=\"right\">333,3<\/td>\n<\/tr>\n<tr>\n<td align=\"right\" height=\"20\">20<\/td>\n<td align=\"right\">100<\/td>\n<td align=\"right\">2000<\/td>\n<td class=\"xl67\" align=\"right\">0,004<\/td>\n<td class=\"xl66\" align=\"right\">0,20<\/td>\n<td class=\"xl65\" align=\"right\">250,0<\/td>\n<\/tr>\n<tr>\n<td align=\"right\" height=\"20\">20<\/td>\n<td align=\"right\">125<\/td>\n<td align=\"right\">2000<\/td>\n<td class=\"xl67\" align=\"right\">0,005<\/td>\n<td class=\"xl66\" align=\"right\">0,25<\/td>\n<td class=\"xl65\" align=\"right\">200,0<\/td>\n<\/tr>\n<tr>\n<td align=\"right\" height=\"20\">20<\/td>\n<td align=\"right\">150<\/td>\n<td align=\"right\">2000<\/td>\n<td class=\"xl67\" align=\"right\">0,006<\/td>\n<td class=\"xl66\" align=\"right\">0,30<\/td>\n<td class=\"xl65\" align=\"right\">166,7<\/td>\n<\/tr>\n<tr>\n<td align=\"right\" height=\"20\">15<\/td>\n<td align=\"right\">75<\/td>\n<td align=\"right\">2000<\/td>\n<td class=\"xl67\" align=\"right\">0,002<\/td>\n<td class=\"xl66\" align=\"right\">0,15<\/td>\n<td class=\"xl65\" align=\"right\">444,4<\/td>\n<\/tr>\n<tr>\n<td align=\"right\" height=\"20\">15<\/td>\n<td align=\"right\">100<\/td>\n<td align=\"right\">2000<\/td>\n<td class=\"xl67\" align=\"right\">0,003<\/td>\n<td class=\"xl66\" align=\"right\">0,20<\/td>\n<td class=\"xl65\" align=\"right\">333,3<\/td>\n<\/tr>\n<tr>\n<td align=\"right\" height=\"20\">15<\/td>\n<td align=\"right\">125<\/td>\n<td align=\"right\">2000<\/td>\n<td class=\"xl67\" align=\"right\">0,004<\/td>\n<td class=\"xl66\" align=\"right\">0,25<\/td>\n<td class=\"xl65\" align=\"right\">266,7<\/td>\n<\/tr>\n<tr>\n<td align=\"right\" height=\"20\">15<\/td>\n<td align=\"right\">150<\/td>\n<td align=\"right\">2000<\/td>\n<td class=\"xl67\" align=\"right\">0,005<\/td>\n<td class=\"xl66\" align=\"right\">0,30<\/td>\n<td class=\"xl65\" align=\"right\">222,2<\/td>\n<\/tr>\n<\/tbody>\n<\/table>\n<p>&nbsp;<\/p>\n<ul>\n<li><\/li>\n<\/ul>","protected":false},"excerpt":{"rendered":"<p>\u010cerstv\u00e9 \u0159ezan\u00e9 hran\u011bn\u00e9 desky borovice 2 metry 1m3<\/p>\n<p><strong>\u010cerstv\u011b \u0159ezan\u00e1 hran\u011bn\u00e1 deska borovice<\/strong>\u00a0vyr\u00e1b\u00ed se v tlou\u0161\u0165ce 15 a\u017e 250 mm, \u0161\u00ed\u0159ce 30 a\u017e 250 mm a d\u00e9lce 2 m. Minim\u00e1ln\u00ed objedn\u00e1vka 1 m3. Dod\u00e1vka na Ukrajinu. Mo\u017enost zak\u00e1zkov\u00e9ho pr\u016f\u0159ezu.<\/p>\n<p>Dostupn\u00e9 velikosti\/\u010d\u00e1sti:<\/p>\n<ul>\n<li>15\u044575\/100\/125\/150 mm a d\u00e9lka 2000 mm<\/li>\n<li>20\u044575\/100\/125\/150 mm a d\u00e9lka 2000 mm<\/li>\n<li>25\u044550\/75\/100\/125\/150\/175\/200\/225\/250 mm a d\u00e9lka 2000 mm<\/li>\n<li>30\u044530\/50\/75\/100\/125\/150\/175\/200\/225\/250 mm a d\u00e9lka 2000 mm<\/li>\n<li>40\u044540\/50\/75\/100\/125\/150\/175\/200\/225\/250 mm a d\u00e9lka 2000 mm<\/li>\n<li>50\u044550\/75\/100\/125\/150\/175\/200\/225\/250 mm a d\u00e9lka 2000 mm<\/li>\n<li>75\u044575\/100\/125\/150\/175\/200\/225\/250 mm a d\u00e9lka 2000 mm<\/li>\n<li>100\u0445100\/150\/200\/250 mm a d\u00e9lka 2000 mm<\/li>\n<li>125\u0445125 mm a d\u00e9lka 2000 mm<\/li>\n<li>150\u0445150 mm a d\u00e9lka 2000 mm<\/li>\n<li>175\u0445175 mm a d\u00e9lka 2000 mm<\/li>\n<li>200\u0445200 mm a d\u00e9lka 2000 mm<\/li>\n<\/ul>","protected":false},"featured_media":281,"comment_status":"open","ping_status":"closed","template":"","meta":{"_joinchat":[]},"product_brand":[],"product_cat":[129],"product_tag":[132],"class_list":{"0":"post-282","1":"product","2":"type-product","3":"status-publish","4":"has-post-thumbnail","6":"product_cat-lumber","7":"product_tag-fresh-sawn-edged-board-pine-2-meters-1-m3","9":"first","10":"instock","11":"shipping-taxable","12":"product-type-external"},"_links":{"self":[{"href":"https:\/\/energypelletllc.com.ua\/cs\/wp-json\/wp\/v2\/product\/282","targetHints":{"allow":["GET"]}}],"collection":[{"href":"https:\/\/energypelletllc.com.ua\/cs\/wp-json\/wp\/v2\/product"}],"about":[{"href":"https:\/\/energypelletllc.com.ua\/cs\/wp-json\/wp\/v2\/types\/product"}],"replies":[{"embeddable":true,"href":"https:\/\/energypelletllc.com.ua\/cs\/wp-json\/wp\/v2\/comments?post=282"}],"wp:featuredmedia":[{"embeddable":true,"href":"https:\/\/energypelletllc.com.ua\/cs\/wp-json\/wp\/v2\/media\/281"}],"wp:attachment":[{"href":"https:\/\/energypelletllc.com.ua\/cs\/wp-json\/wp\/v2\/media?parent=282"}],"wp:term":[{"taxonomy":"product_brand","embeddable":true,"href":"https:\/\/energypelletllc.com.ua\/cs\/wp-json\/wp\/v2\/product_brand?post=282"},{"taxonomy":"product_cat","embeddable":true,"href":"https:\/\/energypelletllc.com.ua\/cs\/wp-json\/wp\/v2\/product_cat?post=282"},{"taxonomy":"product_tag","embeddable":true,"href":"https:\/\/energypelletllc.com.ua\/cs\/wp-json\/wp\/v2\/product_tag?post=282"}],"curies":[{"name":"wp","href":"https:\/\/api.w.org\/{rel}","templated":true}]}}