{"id":124,"date":"2025-11-04T22:18:36","date_gmt":"2025-11-04T22:18:36","guid":{"rendered":"https:\/\/energypelletllc.com.ua\/?page_id=124"},"modified":"2026-05-05T07:25:39","modified_gmt":"2026-05-05T07:25:39","slug":"doruceni-objednavky","status":"publish","type":"page","link":"https:\/\/energypelletllc.com.ua\/cs\/doruceni-objednavky\/","title":{"rendered":"Objedn\u00e1vka a dod\u00e1n\u00ed"},"content":{"rendered":"<h2 data-start=\"153\" data-end=\"176\"><strong data-start=\"156\" data-end=\"176\">Objedn\u00e1vka a dod\u00e1n\u00ed<\/strong><\/h2>\n<p data-start=\"178\" data-end=\"550\">Na adrese <strong data-start=\"181\" data-end=\"202\">LLC <\/strong><strong data-start=\"181\" data-end=\"202\">Energetick\u00e9 pelety <\/strong>, zaji\u0161\u0165ujeme, aby proces objedn\u00e1v\u00e1n\u00ed a p\u0159ij\u00edm\u00e1n\u00ed na\u0161ich <strong data-start=\"254\" data-end=\"270\">d\u0159ev\u011bn\u00e9 pelety<\/strong> a <strong data-start=\"275\" data-end=\"287\">palivov\u00e9 d\u0159evo<\/strong> jednoduch\u00e9, transparentn\u00ed a efektivn\u00ed. A\u0165 u\u017e nakupujete ve velk\u00e9m pro pr\u016fmyslov\u00e9 pou\u017eit\u00ed, nebo pro maloobchodn\u00ed distribuci, n\u00e1\u0161 logistick\u00fd t\u00fdm zajist\u00ed hladk\u00e9 a v\u010dasn\u00e9 dod\u00e1n\u00ed z na\u0161ich v\u00fdrobn\u00edch z\u00e1vod\u016f na Ukrajin\u011b do va\u0161\u00ed lokality kdekoli v Evrop\u011b i mimo ni.<\/p>\n<h3 data-start=\"552\" data-end=\"572\"><strong data-start=\"556\" data-end=\"572\">Jak objednat<\/strong><\/h3>\n<ol data-start=\"574\" data-end=\"1551\">\n<li data-start=\"574\" data-end=\"772\">\n<p data-start=\"577\" data-end=\"772\"><strong data-start=\"577\" data-end=\"598\">Odeslat popt\u00e1vku<\/strong><br data-start=\"598\" data-end=\"601\" \/>Kontaktujte n\u00e1s prost\u0159ednictv\u00edm e-mailu nebo na\u0161eho online formul\u00e1\u0159e a uve\u010fte sv\u00e9 po\u017eadavky na produkt - typ pelet nebo palivov\u00e9ho d\u0159eva, mno\u017estv\u00ed, preferovan\u00e9 balen\u00ed a c\u00edlov\u00fd p\u0159\u00edstav nebo adresu.<\/p>\n<\/li>\n<li data-start=\"774\" data-end=\"948\">\n<p data-start=\"777\" data-end=\"948\"><strong data-start=\"777\" data-end=\"796\">Obdr\u017eet nab\u00eddku<\/strong><br data-start=\"796\" data-end=\"799\" \/>N\u00e1\u0161 prodejn\u00ed t\u00fdm v\u00e1m neprodlen\u011b poskytne podrobnou nab\u00eddku v\u010detn\u011b specifikac\u00ed produktu, ceny, platebn\u00edch podm\u00ednek a odhadovan\u00e9 doby dod\u00e1n\u00ed.<\/p>\n<\/li>\n<li data-start=\"950\" data-end=\"1161\">\n<p data-start=\"953\" data-end=\"1161\"><strong data-start=\"953\" data-end=\"975\">Potvrzen\u00ed objedn\u00e1vky<\/strong><br data-start=\"975\" data-end=\"978\" \/>Po odsouhlasen\u00ed v\u0161ech podrobnost\u00ed obdr\u017e\u00edte zpr\u00e1vu o tom. <strong data-start=\"1032\" data-end=\"1052\">Proforma faktura<\/strong> pro potvrzen\u00ed. V\u00fdroba a expedice jsou napl\u00e1nov\u00e1ny ihned po zaplacen\u00ed nebo podle smluvn\u00edch podm\u00ednek.<\/p>\n<\/li>\n<li data-start=\"1163\" data-end=\"1347\">\n<p data-start=\"1166\" data-end=\"1347\"><strong data-start=\"1166\" data-end=\"1198\">V\u00fdroba a kontrola kvality<\/strong><br data-start=\"1198\" data-end=\"1201\" \/>V\u0161echny v\u00fdrobky proch\u00e1zej\u00ed p\u0159ed nakl\u00e1dkou p\u0159\u00edsnou kontrolou kvality, aby se zajistilo, \u017ee spl\u0148uj\u00ed <b>all qualities <\/b>or customer-specific requirements.<\/p>\n<\/li>\n<li data-start=\"1349\" data-end=\"1551\">\n<p data-start=\"1352\" data-end=\"1551\"><strong data-start=\"1352\" data-end=\"1375\">Dod\u00e1n\u00ed a sledov\u00e1n\u00ed<\/strong><br data-start=\"1375\" data-end=\"1378\" \/>Zaji\u0161\u0165ujeme logistiku a dokumentaci, abychom zaru\u010dili bezpe\u010dn\u00e9 a v\u010dasn\u00e9 dod\u00e1n\u00ed. Obdr\u017e\u00edte ve\u0161ker\u00e9 informace o p\u0159eprav\u011b, v\u010detn\u011b sledov\u00e1n\u00ed dopravy a celn\u00ed dokumentace.<\/p>\n<\/li>\n<\/ol>\n<hr data-start=\"1553\" data-end=\"1556\" \/>\n<h3 data-start=\"1558\" data-end=\"1582\"><strong data-start=\"1562\" data-end=\"1582\">Mo\u017enosti doru\u010den\u00ed<\/strong><\/h3>\n<p data-start=\"1584\" data-end=\"1676\">Nab\u00edz\u00edme flexibiln\u00ed a spolehliv\u00e9 mo\u017enosti p\u0159epravy v z\u00e1vislosti na va\u0161\u00ed poloze a velikosti objedn\u00e1vky:<\/p>\n<ul data-start=\"1678\" data-end=\"2063\">\n<li data-start=\"1678\" data-end=\"1814\">\n<p data-start=\"1680\" data-end=\"1814\">\ud83d\ude9b <strong data-start=\"1683\" data-end=\"1711\">Po silnici (dod\u00e1vka n\u00e1kladn\u00edm automobilem)<\/strong> - Ide\u00e1ln\u00ed pro z\u00e1kazn\u00edky v Evrop\u011b. Rychl\u00e1 a cenov\u011b v\u00fdhodn\u00e1 p\u0159eprava voln\u011b lo\u017een\u00fdch i paletovan\u00fdch z\u00e1silek.<\/p>\n<\/li>\n<li data-start=\"1815\" data-end=\"1969\">\n<p data-start=\"1817\" data-end=\"1969\">\ud83d\udea2 <strong data-start=\"1820\" data-end=\"1851\">Po mo\u0159i (kontejnerov\u00e1 doprava)<\/strong> - Ide\u00e1ln\u00ed pro mezin\u00e1rodn\u00ed objedn\u00e1vky a velk\u00e9 objemy. Dod\u00e1v\u00e1me p\u0159es hlavn\u00ed p\u0159\u00edstavy na Ukrajin\u011b a v sousedn\u00edch zem\u00edch.<\/p>\n<\/li>\n<li data-start=\"1970\" data-end=\"2063\">\n<p data-start=\"1972\" data-end=\"2063\">\ud83d\ude82 <strong data-start=\"1975\" data-end=\"1986\">Po \u017eeleznici<\/strong> - Efektivn\u00ed pro velk\u00e9 pr\u016fmyslov\u00e9 z\u00e1kazn\u00edky a distributory v cel\u00e9 Evrop\u011b.<\/p>\n<\/li>\n<\/ul>\n<p data-start=\"2065\" data-end=\"2331\">V\u0161echny z\u00e1silky jsou pe\u010dliv\u011b zabaleny, aby byla zachov\u00e1na kvalita produktu b\u011bhem p\u0159epravy - pelety jsou obvykle dod\u00e1v\u00e1ny v <strong data-start=\"2180\" data-end=\"2193\">15kg pytle<\/strong>, <strong data-start=\"2195\" data-end=\"2216\">velk\u00e9 pytle (1000 kg)<\/strong>, nebo <strong data-start=\"2221\" data-end=\"2235\">hromadn\u00e9 n\u00e1klady<\/strong>, zat\u00edmco palivov\u00e9 d\u0159evo se dod\u00e1v\u00e1 v <strong data-start=\"2267\" data-end=\"2295\">s\u00edt\u011b, bedny nebo palety<\/strong> v z\u00e1vislosti na preferenc\u00edch z\u00e1kazn\u00edka.<\/p>\n<hr data-start=\"2333\" data-end=\"2336\" \/>\n<h3 data-start=\"2338\" data-end=\"2356\"><strong data-start=\"2342\" data-end=\"2356\">P\u0159edb\u011b\u017en\u00e9 \u010dasy<\/strong><\/h3>\n<ul data-start=\"2358\" data-end=\"2552\">\n<li data-start=\"2358\" data-end=\"2430\">\n<p data-start=\"2360\" data-end=\"2430\"><strong data-start=\"2360\" data-end=\"2380\">Standardn\u00ed objedn\u00e1vky:<\/strong> 5-10 pracovn\u00edch dn\u016f na p\u0159\u00edpravu a nakl\u00e1dku.<\/p>\n<\/li>\n<li data-start=\"2431\" data-end=\"2552\">\n<p data-start=\"2433\" data-end=\"2552\"><strong data-start=\"2433\" data-end=\"2478\">Balen\u00ed na m\u00edru nebo velk\u00e9 mno\u017estv\u00ed:<\/strong> 2-3 t\u00fddny, v z\u00e1vislosti na v\u00fdrobn\u00edm pl\u00e1nu a dostupnosti dopravy.<\/p>\n<\/li>\n<\/ul>\n<p data-start=\"2554\" data-end=\"2688\">N\u00e1\u0161 logistick\u00fd t\u00fdm neust\u00e1le sleduje podm\u00ednky na hranic\u00edch a v p\u0159\u00edstavech, aby minimalizoval zpo\u017ed\u011bn\u00ed a zajistil spolehliv\u00e9 dod\u00e1vky po cel\u00fd rok.<\/p>\n<hr data-start=\"2690\" data-end=\"2693\" \/>\n<h3 data-start=\"2695\" data-end=\"2716\"><strong data-start=\"2699\" data-end=\"2716\">Platebn\u00ed podm\u00ednky<\/strong><\/h3>\n<p data-start=\"2718\" data-end=\"2799\">Nab\u00edz\u00edme flexibiln\u00ed mo\u017enosti platby v z\u00e1vislosti na objemu objedn\u00e1vky a partnerstv\u00ed s klientem:<\/p>\n<ul data-start=\"2801\" data-end=\"2987\">\n<li data-start=\"2801\" data-end=\"2849\">\n<p data-start=\"2803\" data-end=\"2849\"><strong data-start=\"2803\" data-end=\"2822\">Z\u00e1lohov\u00e1 platba<\/strong> pro prvn\u00ed z\u00e1kazn\u00edky<\/p>\n<\/li>\n<li data-start=\"2850\" data-end=\"2917\">\n<p data-start=\"2852\" data-end=\"2917\"><strong data-start=\"2852\" data-end=\"2896\">\u010c\u00e1ste\u010dn\u00e1 platba p\u0159edem \/ z\u016fstatek p\u0159i expedici<\/strong> pro opakovan\u00e9 klienty<\/p>\n<\/li>\n<\/ul>\n<p data-start=\"2989\" data-end=\"3051\">V\u0161echny transakce jsou zpracov\u00e1v\u00e1ny bezpe\u010dn\u011b v <strong data-start=\"3030\" data-end=\"3037\">EUR<\/strong> nebo <strong data-start=\"3041\" data-end=\"3048\">USD<\/strong>.<\/p>\n<hr data-start=\"3053\" data-end=\"3056\" \/>\n<h3 data-start=\"3058\" data-end=\"3082\"><strong data-start=\"3062\" data-end=\"3082\">Z\u00e1kaznick\u00e1 podpora<\/strong><\/h3>\n<p data-start=\"3084\" data-end=\"3309\">N\u00e1\u0161 t\u00fdm v\u00e1m poskytne plnou podporu v ka\u017ed\u00e9m kroku, od prvn\u00edho dotazu a\u017e po p\u0159\u00edjezd zbo\u017e\u00ed. Pom\u00e1h\u00e1me s celn\u00ed dokumentac\u00ed, zaji\u0161t\u011bn\u00edm p\u0159epravy a poprodejn\u00edm servisem, abychom zajistili va\u0161i naprostou spokojenost.<\/p>\n<p data-start=\"3311\" data-end=\"3416\">V p\u0159\u00edpad\u011b dotaz\u016f a objedn\u00e1vek se obra\u0165te na:<br data-start=\"3352\" data-end=\"3355\" \/>\ud83d\udce7 <strong>sales@energypelletllc.com.ua<\/strong><br data-start=\"3386\" data-end=\"3389\" \/>\ud83d\udcde <strong>+380947100558<\/strong><\/p>","protected":false},"excerpt":{"rendered":"<p>Order &amp; Delivery At LLC Energy Pellet , we make the process of ordering and receiving our wood pellets and firewood simple, transparent, and efficient. Whether you are purchasing in bulk for industrial use or for retail distribution, our logistics team ensures smooth and timely delivery from our production facilities in Ukraine to your location [&#8230;]\n","protected":false},"author":1,"featured_media":0,"parent":0,"menu_order":0,"comment_status":"closed","ping_status":"closed","template":"","meta":{"_joinchat":[],"footnotes":""},"class_list":["post-124","page","type-page","status-publish","hentry"],"_hostinger_reach_plugin_has_subscription_block":false,"_hostinger_reach_plugin_is_elementor":false,"_links":{"self":[{"href":"https:\/\/energypelletllc.com.ua\/cs\/wp-json\/wp\/v2\/pages\/124","targetHints":{"allow":["GET"]}}],"collection":[{"href":"https:\/\/energypelletllc.com.ua\/cs\/wp-json\/wp\/v2\/pages"}],"about":[{"href":"https:\/\/energypelletllc.com.ua\/cs\/wp-json\/wp\/v2\/types\/page"}],"author":[{"embeddable":true,"href":"https:\/\/energypelletllc.com.ua\/cs\/wp-json\/wp\/v2\/users\/1"}],"replies":[{"embeddable":true,"href":"https:\/\/energypelletllc.com.ua\/cs\/wp-json\/wp\/v2\/comments?post=124"}],"version-history":[{"count":8,"href":"https:\/\/energypelletllc.com.ua\/cs\/wp-json\/wp\/v2\/pages\/124\/revisions"}],"predecessor-version":[{"id":417,"href":"https:\/\/energypelletllc.com.ua\/cs\/wp-json\/wp\/v2\/pages\/124\/revisions\/417"}],"wp:attachment":[{"href":"https:\/\/energypelletllc.com.ua\/cs\/wp-json\/wp\/v2\/media?parent=124"}],"curies":[{"name":"wp","href":"https:\/\/api.w.org\/{rel}","templated":true}]}}